{"id":5130,"date":"2026-04-06T14:06:23","date_gmt":"2026-04-06T13:06:23","guid":{"rendered":"https:\/\/wemadewardrobe.com\/shipping__delivery\/"},"modified":"2026-04-06T15:58:51","modified_gmt":"2026-04-06T14:58:51","slug":"shipping__delivery","status":"publish","type":"page","link":"https:\/\/wemadewardrobe.com\/de\/shipping__delivery\/","title":{"rendered":"Shipping &#038; Delivery"},"content":{"rendered":"<style>.kadence-column5130_b41d33-b4 > .kt-inside-inner-col{padding-top:var(--global-kb-spacing-5xl, 10rem);}.kadence-column5130_b41d33-b4 > .kt-inside-inner-col,.kadence-column5130_b41d33-b4 > .kt-inside-inner-col:before{border-top-left-radius:0px;border-top-right-radius:0px;border-bottom-right-radius:0px;border-bottom-left-radius:0px;}.kadence-column5130_b41d33-b4 > .kt-inside-inner-col{column-gap:var(--global-kb-gap-sm, 1rem);}.kadence-column5130_b41d33-b4 > .kt-inside-inner-col{flex-direction:column;}.kadence-column5130_b41d33-b4 > .kt-inside-inner-col > .aligncenter{width:100%;}.kadence-column5130_b41d33-b4 > .kt-inside-inner-col:before{opacity:0.3;}.kadence-column5130_b41d33-b4{position:relative;}@media all and (max-width: 1024px){.kadence-column5130_b41d33-b4 > .kt-inside-inner-col{flex-direction:column;justify-content:center;}}@media all and (max-width: 767px){.kadence-column5130_b41d33-b4 > .kt-inside-inner-col{flex-direction:column;justify-content:center;}}<\/style>\n<div class=\"wp-block-kadence-column kadence-column5130_b41d33-b4\"><div class=\"kt-inside-inner-col\"><style>.wp-block-kadence-advancedheading.kt-adv-heading5130_6ab7da-4d, .wp-block-kadence-advancedheading.kt-adv-heading5130_6ab7da-4d[data-kb-block=\"kb-adv-heading5130_6ab7da-4d\"]{font-style:normal;}.wp-block-kadence-advancedheading.kt-adv-heading5130_6ab7da-4d mark.kt-highlight, .wp-block-kadence-advancedheading.kt-adv-heading5130_6ab7da-4d[data-kb-block=\"kb-adv-heading5130_6ab7da-4d\"] mark.kt-highlight{font-style:normal;color:#f76a0c;-webkit-box-decoration-break:clone;box-decoration-break:clone;padding-top:0px;padding-right:0px;padding-bottom:0px;padding-left:0px;}.wp-block-kadence-advancedheading.kt-adv-heading5130_6ab7da-4d img.kb-inline-image, .wp-block-kadence-advancedheading.kt-adv-heading5130_6ab7da-4d[data-kb-block=\"kb-adv-heading5130_6ab7da-4d\"] img.kb-inline-image{width:150px;vertical-align:baseline;}<\/style>\n<h1 class=\"kt-adv-heading5130_6ab7da-4d wp-block-kadence-advancedheading\" data-kb-block=\"kb-adv-heading5130_6ab7da-4d\">Versandinformationen<\/h1>\n\n\n\n<p><strong>Wir versenden ausschlie\u00dflich an Adressen in Deutschland. <\/strong><\/p>\n<p><strong>Preise, Versandkosten und Lieferinformationen<\/strong><\/p>\n<p>Die auf den Produktseiten genannten Preise enthalten die gesetzliche Mehrwertsteuer und sonstige Preisbestandteile.<\/p>\n<p>Zus\u00e4tzlich zu den angegebenen Preisen berechnen wir f\u00fcr die Lieferung innerhalb Deutschlands pauschal 5,90 Euro pro Bestellung. Die Versandkosten werden Ihnen im Warenkorbsystem und auf der Bestellseite nochmals deutlich mitgeteilt.<\/p>\n<p>F\u00fcr digitale Inhalte (E-Books, Software, etc.) fallen keine Versandkosten an.<\/p>\n<p>Die Versandkostenpauschale betr\u00e4gt 5,90\u20ac Euro. Die Versandkostenpauschale enth\u00e4lt die gesetzliche Mehrwertsteuer. Da die Mehrwertsteuer auf die Versandkostenpauschale abh\u00e4ngig von den erworbenen Waren berechnet wird, kann sie sich mindern, wenn Waren zu niedrigeren Umsatzsteuers\u00e4tzen erworben werden (z.B. bei Erwerb von B\u00fcchern). Das bedeutet, dass die Versandkostenpauschale erst im Rahmen des Bestellprozesses endg\u00fcltig berechnet werden kann. Sie kann dabei jedoch nicht h\u00f6her, sondern nur zu Ihren Gunsten niedriger werden.<\/p>\n<p><style>.wp-block-kadence-advancedheading.kt-adv-heading13_6166a2-8c_0, .wp-block-kadence-advancedheading.kt-adv-heading13_6166a2-8c_0[data-kb-block=\"kb-adv-heading13_6166a2-8c_0\"]{font-style:normal;}.wp-block-kadence-advancedheading.kt-adv-heading13_6166a2-8c_0 mark.kt-highlight, .wp-block-kadence-advancedheading.kt-adv-heading13_6166a2-8c_0[data-kb-block=\"kb-adv-heading13_6166a2-8c_0\"] mark.kt-highlight{font-style:normal;color:#f76a0c;-webkit-box-decoration-break:clone;box-decoration-break:clone;padding-top:0px;padding-right:0px;padding-bottom:0px;padding-left:0px;}.wp-block-kadence-advancedheading.kt-adv-heading13_6166a2-8c_0 img.kb-inline-image, .wp-block-kadence-advancedheading.kt-adv-heading13_6166a2-8c_0[data-kb-block=\"kb-adv-heading13_6166a2-8c_0\"] img.kb-inline-image{width:150px;vertical-align:baseline;}<\/style><\/p>\n<p class=\"kt-adv-heading13_6166a2-8c_0 wp-block-kadence-advancedheading\" data-kb-block=\"kb-adv-heading13_6166a2-8c_0\">Wir \u00fcbernehmen keine Haftung f\u00fcr falsche Versandangaben, die beim Bezahlvorgang gemacht werden. Bei Angabe einer falschen Adresse erfolgt keine R\u00fcckerstattung. Bitte vergewissern Sie sich vor dem Absenden Ihrer Bestellung, dass alle Ihre Versanddaten korrekt sind. Bei Angabe einer falschen Adresse gehen die Versandkosten f\u00fcr eine erneute Zustellung zu 100 % zu Lasten des Kunden. Wir \u00fcbernehmen keine Haftung f\u00fcr verlorene oder gestohlene Pakete; eine Sendungsverfolgung wird stets bereitgestellt.<\/p>\n<p> <style>.wp-block-kadence-advancedheading.kt-adv-heading13_6166a2-8c_2_0, .wp-block-kadence-advancedheading.kt-adv-heading13_6166a2-8c_2_0[data-kb-block=\"kb-adv-heading13_6166a2-8c_2_0\"]{font-style:normal;}.wp-block-kadence-advancedheading.kt-adv-heading13_6166a2-8c_2_0 mark.kt-highlight, .wp-block-kadence-advancedheading.kt-adv-heading13_6166a2-8c_2_0[data-kb-block=\"kb-adv-heading13_6166a2-8c_2_0\"] mark.kt-highlight{font-style:normal;color:#f76a0c;-webkit-box-decoration-break:clone;box-decoration-break:clone;padding-top:0px;padding-right:0px;padding-bottom:0px;padding-left:0px;}.wp-block-kadence-advancedheading.kt-adv-heading13_6166a2-8c_2_0 img.kb-inline-image, .wp-block-kadence-advancedheading.kt-adv-heading13_6166a2-8c_2_0[data-kb-block=\"kb-adv-heading13_6166a2-8c_2_0\"] img.kb-inline-image{width:150px;vertical-align:baseline;}<\/style><\/p>\n<p class=\"kt-adv-heading13_6166a2-8c_2_0 wp-block-kadence-advancedheading\" data-kb-block=\"kb-adv-heading13_6166a2-8c_2_0\">Sofern im Angebot nicht anders angegeben, erfolgt die Lieferung von Waren im Inland (Deutschland) innerhalb von 3\u20135 Werktagen, bei Lieferungen ins Ausland innerhalb von 5\u201310 Werktagen ab Vertragsabschluss (bei vereinbarter Vorauszahlung ab dem Datum der Zahlungsanweisung).<\/p>\n<p> <style>.wp-block-kadence-advancedheading.kt-adv-heading13_6166a2-8c_2_1, .wp-block-kadence-advancedheading.kt-adv-heading13_6166a2-8c_2_1[data-kb-block=\"kb-adv-heading13_6166a2-8c_2_1\"]{font-style:normal;}.wp-block-kadence-advancedheading.kt-adv-heading13_6166a2-8c_2_1 mark.kt-highlight, .wp-block-kadence-advancedheading.kt-adv-heading13_6166a2-8c_2_1[data-kb-block=\"kb-adv-heading13_6166a2-8c_2_1\"] mark.kt-highlight{font-style:normal;color:#f76a0c;-webkit-box-decoration-break:clone;box-decoration-break:clone;padding-top:0px;padding-right:0px;padding-bottom:0px;padding-left:0px;}.wp-block-kadence-advancedheading.kt-adv-heading13_6166a2-8c_2_1 img.kb-inline-image, .wp-block-kadence-advancedheading.kt-adv-heading13_6166a2-8c_2_1[data-kb-block=\"kb-adv-heading13_6166a2-8c_2_1\"] img.kb-inline-image{width:150px;vertical-align:baseline;}<\/style><\/p>\n<p class=\"kt-adv-heading13_6166a2-8c_2_1 wp-block-kadence-advancedheading\" data-kb-block=\"kb-adv-heading13_6166a2-8c_2_1\">Bitte beachten Sie, dass sonntags und an Feiertagen keine Lieferungen erfolgen.<\/p>\n<p> <style>.wp-block-kadence-advancedheading.kt-adv-heading13_6166a2-8c_2_2, .wp-block-kadence-advancedheading.kt-adv-heading13_6166a2-8c_2_2[data-kb-block=\"kb-adv-heading13_6166a2-8c_2_2\"]{font-style:normal;}.wp-block-kadence-advancedheading.kt-adv-heading13_6166a2-8c_2_2 mark.kt-highlight, .wp-block-kadence-advancedheading.kt-adv-heading13_6166a2-8c_2_2[data-kb-block=\"kb-adv-heading13_6166a2-8c_2_2\"] mark.kt-highlight{font-style:normal;color:#f76a0c;-webkit-box-decoration-break:clone;box-decoration-break:clone;padding-top:0px;padding-right:0px;padding-bottom:0px;padding-left:0px;}.wp-block-kadence-advancedheading.kt-adv-heading13_6166a2-8c_2_2 img.kb-inline-image, .wp-block-kadence-advancedheading.kt-adv-heading13_6166a2-8c_2_2[data-kb-block=\"kb-adv-heading13_6166a2-8c_2_2\"] img.kb-inline-image{width:150px;vertical-align:baseline;}<\/style><\/p>\n<p class=\"kt-adv-heading13_6166a2-8c_2_2 wp-block-kadence-advancedheading\" data-kb-block=\"kb-adv-heading13_6166a2-8c_2_2\">Wenn Sie Artikel mit unterschiedlichen Lieferterminen bestellt haben, versenden wir die Artikel zusammen in einer Lieferung, sofern keine andere Vereinbarung getroffen wurde. Der Liefertermin f\u00fcr die gesamte Bestellung entspricht dem des Artikels mit der l\u00e4ngsten Lieferzeit.<\/p>\n<p> <style>.wp-block-kadence-advancedheading.kt-adv-heading13_6166a2-8c_2_4, .wp-block-kadence-advancedheading.kt-adv-heading13_6166a2-8c_2_4[data-kb-block=\"kb-adv-heading13_6166a2-8c_2_4\"]{font-style:normal;}.wp-block-kadence-advancedheading.kt-adv-heading13_6166a2-8c_2_4 mark.kt-highlight, .wp-block-kadence-advancedheading.kt-adv-heading13_6166a2-8c_2_4[data-kb-block=\"kb-adv-heading13_6166a2-8c_2_4\"] mark.kt-highlight{font-style:normal;color:#f76a0c;-webkit-box-decoration-break:clone;box-decoration-break:clone;padding-top:0px;padding-right:0px;padding-bottom:0px;padding-left:0px;}.wp-block-kadence-advancedheading.kt-adv-heading13_6166a2-8c_2_4 img.kb-inline-image, .wp-block-kadence-advancedheading.kt-adv-heading13_6166a2-8c_2_4[data-kb-block=\"kb-adv-heading13_6166a2-8c_2_4\"] img.kb-inline-image{width:150px;vertical-align:baseline;}<\/style><\/p>\n<p class=\"kt-adv-heading13_6166a2-8c_2_4 wp-block-kadence-advancedheading\" data-kb-block=\"kb-adv-heading13_6166a2-8c_2_4\">\u00a0<\/p>\n<p> <style>.wp-block-kadence-advancedheading.kt-adv-heading13_e8585e-0b, .wp-block-kadence-advancedheading.kt-adv-heading13_e8585e-0b[data-kb-block=\"kb-adv-heading13_e8585e-0b\"]{font-style:normal;}.wp-block-kadence-advancedheading.kt-adv-heading13_e8585e-0b mark.kt-highlight, .wp-block-kadence-advancedheading.kt-adv-heading13_e8585e-0b[data-kb-block=\"kb-adv-heading13_e8585e-0b\"] mark.kt-highlight{font-style:normal;color:#f76a0c;-webkit-box-decoration-break:clone;box-decoration-break:clone;padding-top:0px;padding-right:0px;padding-bottom:0px;padding-left:0px;}.wp-block-kadence-advancedheading.kt-adv-heading13_e8585e-0b img.kb-inline-image, .wp-block-kadence-advancedheading.kt-adv-heading13_e8585e-0b[data-kb-block=\"kb-adv-heading13_e8585e-0b\"] img.kb-inline-image{width:150px;vertical-align:baseline;}<\/style><\/p>\n<p class=\"kt-adv-heading13_e8585e-0b wp-block-kadence-advancedheading\" data-kb-block=\"kb-adv-heading13_e8585e-0b\">\u00a0<\/p>\n<p><\/p>\n<\/div><\/div>\n","protected":false},"excerpt":{"rendered":"<p>Versandinformationen Wir \u00fcbernehmen keine Haftung f\u00fcr falsche Versandangaben, die beim Bezahlvorgang gemacht werden. Bei Angabe einer falschen Adresse erfolgt keine R\u00fcckerstattung. Bitte vergewissern Sie sich vor dem Absenden Ihrer Bestellung, dass alle Ihre Versanddaten korrekt sind. Bei Angabe einer falschen Adresse gehen die Versandkosten f\u00fcr eine erneute Zustellung zu 100 % zu Lasten des Kunden&#8230;.<\/p>","protected":false},"author":3,"featured_media":0,"parent":0,"menu_order":0,"comment_status":"closed","ping_status":"closed","template":"","meta":{"inline_featured_image":false,"_kadence_starter_templates_imported_post":false,"_kad_post_transparent":"","_kad_post_title":"","_kad_post_layout":"normal","_kad_post_sidebar_id":"","_kad_post_content_style":"","_kad_post_vertical_padding":"","_kad_post_feature":"","_kad_post_feature_position":"","_kad_post_header":false,"_kad_post_footer":false,"_kad_post_classname":"","footnotes":""},"class_list":["post-5130","page","type-page","status-publish","hentry"],"yoast_head":"<!-- This site is optimized with the Yoast SEO plugin v27.3 - https:\/\/yoast.com\/product\/yoast-seo-wordpress\/ -->\n<title>Shipping &amp; Delivery - wemadewardrobe<\/title>\n<meta name=\"robots\" content=\"noindex, follow\" \/>\n<meta property=\"og:locale\" content=\"de_DE\" \/>\n<meta property=\"og:type\" content=\"article\" \/>\n<meta property=\"og:title\" content=\"Shipping &amp; Delivery - wemadewardrobe\" \/>\n<meta property=\"og:description\" content=\"Versandinformationen Wir \u00fcbernehmen keine Haftung f\u00fcr falsche Versandangaben, die beim Bezahlvorgang gemacht werden. Bei Angabe einer falschen Adresse erfolgt keine R\u00fcckerstattung. Bitte vergewissern Sie sich vor dem Absenden Ihrer Bestellung, dass alle Ihre Versanddaten korrekt sind. Bei Angabe einer falschen Adresse gehen die Versandkosten f\u00fcr eine erneute Zustellung zu 100 % zu Lasten des Kunden....\" \/>\n<meta property=\"og:url\" content=\"https:\/\/wemadewardrobe.com\/de\/shipping__delivery\/\" \/>\n<meta property=\"og:site_name\" content=\"wemadewardrobe\" \/>\n<meta property=\"article:modified_time\" content=\"2026-04-06T14:58:51+00:00\" \/>\n<meta property=\"og:image\" content=\"https:\/\/wemadewardrobe.com\/wp-content\/uploads\/2023\/10\/DSC01929-scaled.jpg\" \/>\n\t<meta property=\"og:image:width\" content=\"2560\" \/>\n\t<meta property=\"og:image:height\" content=\"1707\" \/>\n\t<meta property=\"og:image:type\" content=\"image\/jpeg\" \/>\n<meta name=\"twitter:card\" content=\"summary_large_image\" \/>\n<meta name=\"twitter:label1\" content=\"Gesch\u00e4tzte Lesezeit\" \/>\n\t<meta name=\"twitter:data1\" content=\"2\u00a0Minuten\" \/>\n<script type=\"application\/ld+json\" class=\"yoast-schema-graph\">{\"@context\":\"https:\\\/\\\/schema.org\",\"@graph\":[{\"@type\":\"WebPage\",\"@id\":\"https:\\\/\\\/wemadewardrobe.com\\\/shipping__delivery\\\/\",\"url\":\"https:\\\/\\\/wemadewardrobe.com\\\/shipping__delivery\\\/\",\"name\":\"Shipping & Delivery - wemadewardrobe\",\"isPartOf\":{\"@id\":\"https:\\\/\\\/wemadewardrobe.com\\\/#website\"},\"datePublished\":\"2026-04-06T13:06:23+00:00\",\"dateModified\":\"2026-04-06T14:58:51+00:00\",\"breadcrumb\":{\"@id\":\"https:\\\/\\\/wemadewardrobe.com\\\/shipping__delivery\\\/#breadcrumb\"},\"inLanguage\":\"de\",\"potentialAction\":[{\"@type\":\"ReadAction\",\"target\":[\"https:\\\/\\\/wemadewardrobe.com\\\/shipping__delivery\\\/\"]}]},{\"@type\":\"BreadcrumbList\",\"@id\":\"https:\\\/\\\/wemadewardrobe.com\\\/shipping__delivery\\\/#breadcrumb\",\"itemListElement\":[{\"@type\":\"ListItem\",\"position\":1,\"name\":\"Home\",\"item\":\"https:\\\/\\\/wemadewardrobe.com\\\/\"},{\"@type\":\"ListItem\",\"position\":2,\"name\":\"Shipping &#038; Delivery\"}]},{\"@type\":\"WebSite\",\"@id\":\"https:\\\/\\\/wemadewardrobe.com\\\/#website\",\"url\":\"https:\\\/\\\/wemadewardrobe.com\\\/\",\"name\":\"wemadewardrobe\",\"description\":\"modern knitting patterns from Lisa &amp; Bella\",\"publisher\":{\"@id\":\"https:\\\/\\\/wemadewardrobe.com\\\/#organization\"},\"alternateName\":\"modern knitting patterns\",\"potentialAction\":[{\"@type\":\"SearchAction\",\"target\":{\"@type\":\"EntryPoint\",\"urlTemplate\":\"https:\\\/\\\/wemadewardrobe.com\\\/?s={search_term_string}\"},\"query-input\":{\"@type\":\"PropertyValueSpecification\",\"valueRequired\":true,\"valueName\":\"search_term_string\"}}],\"inLanguage\":\"de\"},{\"@type\":\"Organization\",\"@id\":\"https:\\\/\\\/wemadewardrobe.com\\\/#organization\",\"name\":\"wemadewardrobe\",\"url\":\"https:\\\/\\\/wemadewardrobe.com\\\/\",\"logo\":{\"@type\":\"ImageObject\",\"inLanguage\":\"de\",\"@id\":\"https:\\\/\\\/wemadewardrobe.com\\\/#\\\/schema\\\/logo\\\/image\\\/\",\"url\":\"https:\\\/\\\/wemadewardrobe.com\\\/wp-content\\\/uploads\\\/2023\\\/10\\\/cropped-wemadewardrobe_Png-150x150-1.png\",\"contentUrl\":\"https:\\\/\\\/wemadewardrobe.com\\\/wp-content\\\/uploads\\\/2023\\\/10\\\/cropped-wemadewardrobe_Png-150x150-1.png\",\"width\":118,\"height\":84,\"caption\":\"wemadewardrobe\"},\"image\":{\"@id\":\"https:\\\/\\\/wemadewardrobe.com\\\/#\\\/schema\\\/logo\\\/image\\\/\"},\"sameAs\":[\"https:\\\/\\\/www.instagram.com\\\/wemadewardrobe\\\/\"]}]}<\/script>\n<!-- \/ Yoast SEO plugin. -->","yoast_head_json":{"title":"Shipping & Delivery - wemadewardrobe","robots":{"index":"noindex","follow":"follow"},"og_locale":"de_DE","og_type":"article","og_title":"Shipping & Delivery - wemadewardrobe","og_description":"Versandinformationen Wir \u00fcbernehmen keine Haftung f\u00fcr falsche Versandangaben, die beim Bezahlvorgang gemacht werden. Bei Angabe einer falschen Adresse erfolgt keine R\u00fcckerstattung. Bitte vergewissern Sie sich vor dem Absenden Ihrer Bestellung, dass alle Ihre Versanddaten korrekt sind. Bei Angabe einer falschen Adresse gehen die Versandkosten f\u00fcr eine erneute Zustellung zu 100 % zu Lasten des Kunden....","og_url":"https:\/\/wemadewardrobe.com\/de\/shipping__delivery\/","og_site_name":"wemadewardrobe","article_modified_time":"2026-04-06T14:58:51+00:00","og_image":[{"width":2560,"height":1707,"url":"https:\/\/wemadewardrobe.com\/wp-content\/uploads\/2023\/10\/DSC01929-scaled.jpg","type":"image\/jpeg"}],"twitter_card":"summary_large_image","twitter_misc":{"Gesch\u00e4tzte Lesezeit":"2\u00a0Minuten"},"schema":{"@context":"https:\/\/schema.org","@graph":[{"@type":"WebPage","@id":"https:\/\/wemadewardrobe.com\/shipping__delivery\/","url":"https:\/\/wemadewardrobe.com\/shipping__delivery\/","name":"Shipping & Delivery - wemadewardrobe","isPartOf":{"@id":"https:\/\/wemadewardrobe.com\/#website"},"datePublished":"2026-04-06T13:06:23+00:00","dateModified":"2026-04-06T14:58:51+00:00","breadcrumb":{"@id":"https:\/\/wemadewardrobe.com\/shipping__delivery\/#breadcrumb"},"inLanguage":"de","potentialAction":[{"@type":"ReadAction","target":["https:\/\/wemadewardrobe.com\/shipping__delivery\/"]}]},{"@type":"BreadcrumbList","@id":"https:\/\/wemadewardrobe.com\/shipping__delivery\/#breadcrumb","itemListElement":[{"@type":"ListItem","position":1,"name":"Home","item":"https:\/\/wemadewardrobe.com\/"},{"@type":"ListItem","position":2,"name":"Shipping &#038; Delivery"}]},{"@type":"WebSite","@id":"https:\/\/wemadewardrobe.com\/#website","url":"https:\/\/wemadewardrobe.com\/","name":"wemadewardrobe","description":"modern knitting patterns from Lisa &amp; Bella","publisher":{"@id":"https:\/\/wemadewardrobe.com\/#organization"},"alternateName":"modern knitting patterns","potentialAction":[{"@type":"SearchAction","target":{"@type":"EntryPoint","urlTemplate":"https:\/\/wemadewardrobe.com\/?s={search_term_string}"},"query-input":{"@type":"PropertyValueSpecification","valueRequired":true,"valueName":"search_term_string"}}],"inLanguage":"de"},{"@type":"Organization","@id":"https:\/\/wemadewardrobe.com\/#organization","name":"wemadewardrobe","url":"https:\/\/wemadewardrobe.com\/","logo":{"@type":"ImageObject","inLanguage":"de","@id":"https:\/\/wemadewardrobe.com\/#\/schema\/logo\/image\/","url":"https:\/\/wemadewardrobe.com\/wp-content\/uploads\/2023\/10\/cropped-wemadewardrobe_Png-150x150-1.png","contentUrl":"https:\/\/wemadewardrobe.com\/wp-content\/uploads\/2023\/10\/cropped-wemadewardrobe_Png-150x150-1.png","width":118,"height":84,"caption":"wemadewardrobe"},"image":{"@id":"https:\/\/wemadewardrobe.com\/#\/schema\/logo\/image\/"},"sameAs":["https:\/\/www.instagram.com\/wemadewardrobe\/"]}]}},"_links":{"self":[{"href":"https:\/\/wemadewardrobe.com\/de\/wp-json\/wp\/v2\/pages\/5130","targetHints":{"allow":["GET"]}}],"collection":[{"href":"https:\/\/wemadewardrobe.com\/de\/wp-json\/wp\/v2\/pages"}],"about":[{"href":"https:\/\/wemadewardrobe.com\/de\/wp-json\/wp\/v2\/types\/page"}],"author":[{"embeddable":true,"href":"https:\/\/wemadewardrobe.com\/de\/wp-json\/wp\/v2\/users\/3"}],"replies":[{"embeddable":true,"href":"https:\/\/wemadewardrobe.com\/de\/wp-json\/wp\/v2\/comments?post=5130"}],"version-history":[{"count":4,"href":"https:\/\/wemadewardrobe.com\/de\/wp-json\/wp\/v2\/pages\/5130\/revisions"}],"predecessor-version":[{"id":5146,"href":"https:\/\/wemadewardrobe.com\/de\/wp-json\/wp\/v2\/pages\/5130\/revisions\/5146"}],"wp:attachment":[{"href":"https:\/\/wemadewardrobe.com\/de\/wp-json\/wp\/v2\/media?parent=5130"}],"curies":[{"name":"wp","href":"https:\/\/api.w.org\/{rel}","templated":true}]}}