{"id":1403,"date":"2023-11-23T12:41:47","date_gmt":"2023-11-23T11:41:47","guid":{"rendered":"https:\/\/wemadewardrobe.com\/?post_type=product&#038;p=1403"},"modified":"2024-02-16T10:50:36","modified_gmt":"2024-02-16T09:50:36","slug":"livi-set-knitting-pattern","status":"publish","type":"product","link":"https:\/\/wemadewardrobe.com\/de\/produkt\/livi-set-knitting-pattern\/","title":{"rendered":"LIVI SET"},"content":{"rendered":"<p>Here it is: the perfect knitted gift for your loved ones: the Livi Set Knitting Pattern! The Livi Hat Knitting Pattern is super quick to knit and requires very little yarn &#8211; making it the perfect gift knit. The entire hat is knitted in 1&#215;1 rib from the bottom up. The brim of the hat is designed to be extra long and the decreases are worked in the center of the hat for a decorative finish. The Livi scarf is quickly and easily added to complete the set. It is also knitted in 1&#215;1 rib and is shaped using increases and decreases.<\/p>\n<p>Begin by making a gauge swatch to check that you have the correct gauge.<\/p>\n<p>&nbsp;<\/p>\n<h4>Sizes<\/h4>\n<p>One Size<\/p>\n<p>Head Circumference: 53 &#8211; 60 cm<\/p>\n<p>&nbsp;<\/p>\n<h4>NeedleS<\/h4>\n<p>Circular knitting needle 7.0 mm [US10] (40 cm) [16 inches] <strong>and <\/strong>DPNs 7.0 mm [US10] <strong>or <\/strong>Circular knitting needles 7.0 mm [US10] (80 or 100 cm) [40 inches] for Magic Loop<\/p>\n<p>&nbsp;<\/p>\n<h4>Gauge<\/h4>\n<p>In rib pattern (*k1, p1*) on needle 7.0 mm [US10]:<\/p>\n<p>15 sts x 22 rows = 10 x 10 cm<\/p>\n<p>&nbsp;<\/p>\n<h4>Materials<\/h4>\n<p>150 g &#8220;Line 359 Fano 100&#8221; from OnLine<\/p>\n<p><em>together with<\/em><\/p>\n<p>25 g &#8220;Soft Silk Mohair&#8221; from Knitting for Olive<\/p>\n<p>The hat and scarf are knitted with two strands of yarn held together.<\/p>\n<p>Please note that you may need more yarn if you want to knit the hat or scarf longer than indicated.<\/p>\n<p>&nbsp;<\/p>\n<h4>Yarn alternatives<\/h4>\n<p>100 g &#8220;Lanalpaco-Circus&#8221; from Schulana<\/p>\n<p><i>together with<\/i><\/p>\n<p>25 g &#8220;Kid Seta&#8221; from Schulana<\/p>\n<p>&nbsp;<\/p>\n<p>Also possible are:<\/p>\n<p>100 g &#8220;Nepal&#8221; from Drops<\/p>\n<p><i>held together with<\/i><\/p>\n<p>25 g &#8220;Kid Silk&#8221; from Drops<\/p>\n<p>&nbsp;<\/p>\n<p>the amount stated is only for the hat, if you want to knit the scarf you will need an extra:<\/p>\n<p>50g &#8220;Nepal&#8221; from Drops<\/p>\n<p><i>Note that all three of these options give very different results &#8211; feel free to follow the #livihat hashtag on Instagram to get an idea of the different versions.<\/i><\/p>\n<p>&nbsp;<\/p>\n<p>Our colorful Livi Set is knit in \u201cLinie 359 Fano\u201d from ON line in col. 009 &amp; \u201cSoft Silk Mohair\u201d from Knitting for Olive in col. Poppy Rose.<\/p>\n<p>Our grey Livi Hat is knit in \u201cLanalpaco-Circus\u201d from Schulana in col.101 &amp; \u201cKid Seta\u201d from Schulana in col. 001.<\/p>\n<p>Our black Livi Hat is knit in \u201cNepal\u201d from Drops in col. 0506 &amp; \u201cKid Silk\u201d from Drops inmcol. 02.<\/p>\n<p>Our blue Livi Hat is knit in \u201cFriends Wool\u201d &amp; two strands \u201cFriends Kid Silk\u201d from Hobbii, both in col. 85 Sapphire.<\/p>\n<p>&nbsp;<\/p>\n<h4><a href=\"https:\/\/wemadewardrobe.com\/en\/difficulties\/\">DIFFICULTY<\/a><\/h4>\n<p>\u25cf\u25cf\u25cb\u25cb\u25cb (2 out of 5)<\/p>\n<p>&nbsp;<\/p>\n","protected":false},"excerpt":{"rendered":"<p><span style=\"font-weight: 400;\">Das Livi Set beinhaltet das Livi M\u00fctzen Strickmuster und das Livi Schal Strickmuster. Das Strickmuster f\u00fcr eine M\u00fctze ist das beste einfache Strickmuster um es f\u00fcr deine Liebsten zu Weihnachten zu stricken. MIt dem Strickmuster f\u00fcr einen Schal vervollst\u00e4ndigst du das Set und stattest alle gut f\u00fcr die Jahreszeit aus!<br \/>\n<\/span><\/p>\n<p>Das Strickmuster f\u00fcr eine M\u00fctze und einen Schal ist f\u00fcr Anf\u00e4nger geeignet aber auch f\u00fcr erfahrenere Strickfreunde. Das Strickmuster ist<strong> One Size<\/strong> (mehr zu den Gr\u00f6\u00dfen findest du weiter unten).<\/p>\n<p>Mehr Informationen zu <strong>Nadelst\u00e4rken<\/strong>, <strong>Maschenprobe<\/strong> und <strong>Material<\/strong> findest du weiter unten.<\/p>\n<p>Die Strickanleitung wird dir per E-Mail zugesendet als <strong>PDF Dokument<\/strong>.<\/p>","protected":false},"featured_media":1427,"template":"","meta":{"inline_featured_image":false,"_kadence_starter_templates_imported_post":false,"_kad_post_transparent":"default","_kad_post_title":"","_kad_post_layout":"default","_kad_post_sidebar_id":"","_kad_post_content_style":"default","_kad_post_vertical_padding":"default","_kad_post_feature":"","_kad_post_feature_position":"","_kad_post_header":false,"_kad_post_footer":false,"_kad_post_classname":""},"product_brand":[],"product_cat":[52],"product_tag":[61,77,75,63,65,80,64,67,79,54,66,72,76,62,74,73,78],"class_list":{"0":"post-1403","1":"product","2":"type-product","3":"status-publish","4":"has-post-thumbnail","6":"product_cat-accessory-knitting-patterns","7":"product_tag-1x1-ribbing","8":"product_tag-accessoire","9":"product_tag-beanie","10":"product_tag-beanie-knitting-pattern","11":"product_tag-hat","12":"product_tag-hat-and-scarf-set","13":"product_tag-hat-knitting-pattern","14":"product_tag-headwear","15":"product_tag-knitted-set","16":"product_tag-knitting-pattern","17":"product_tag-knitting-pattern-hat","18":"product_tag-knitting-pattern-scarf","19":"product_tag-neck-scarf","20":"product_tag-ribbed-beanie","21":"product_tag-scarf","22":"product_tag-scarf-knitting-pattern","23":"product_tag-set","25":"first","26":"instock","27":"sold-individually","28":"purchasable","29":"product-type-variable","30":"entry","31":"content-bg","32":"loop-entry"},"yoast_head":"<!-- This site is optimized with the Yoast SEO plugin v27.4 - https:\/\/yoast.com\/product\/yoast-seo-wordpress\/ -->\n<title>LIVI SET - wemadewardrobe<\/title>\n<meta name=\"description\" content=\"Easy knitting pattern for a hat and scarf, the perfect quick and easy gift knit. Knit a hat in 6 hours with the Livi Set.\" \/>\n<meta name=\"robots\" content=\"index, follow, max-snippet:-1, max-image-preview:large, max-video-preview:-1\" \/>\n<link rel=\"canonical\" href=\"https:\/\/wemadewardrobe.com\/de\/produkt\/livi-set-knitting-pattern\/\" \/>\n<meta property=\"og:locale\" content=\"de_DE\" \/>\n<meta property=\"og:type\" content=\"article\" \/>\n<meta property=\"og:title\" content=\"LIVI SET - wemadewardrobe\" \/>\n<meta property=\"og:description\" content=\"Easy knitting pattern for a hat and scarf, the perfect quick and easy gift knit. Knit a hat in 6 hours with the Livi Set.\" \/>\n<meta property=\"og:url\" content=\"https:\/\/wemadewardrobe.com\/de\/produkt\/livi-set-knitting-pattern\/\" \/>\n<meta property=\"og:site_name\" content=\"wemadewardrobe\" \/>\n<meta property=\"article:modified_time\" content=\"2024-02-16T09:50:36+00:00\" \/>\n<meta property=\"og:image\" content=\"https:\/\/wemadewardrobe.com\/wp-content\/uploads\/2023\/11\/Zusammen-Livi-Set_web.jpg\" \/>\n\t<meta property=\"og:image:width\" content=\"450\" \/>\n\t<meta property=\"og:image:height\" content=\"630\" \/>\n\t<meta property=\"og:image:type\" content=\"image\/jpeg\" \/>\n<meta name=\"twitter:card\" content=\"summary_large_image\" \/>\n<meta name=\"twitter:label1\" content=\"Gesch\u00e4tzte Lesezeit\" \/>\n\t<meta name=\"twitter:data1\" content=\"2\u00a0Minuten\" \/>\n<script type=\"application\/ld+json\" class=\"yoast-schema-graph\">{\"@context\":\"https:\\\/\\\/schema.org\",\"@graph\":[{\"@type\":[\"WebPage\",\"ItemPage\"],\"@id\":\"https:\\\/\\\/wemadewardrobe.com\\\/product\\\/livi-set-knitting-pattern\\\/\",\"url\":\"https:\\\/\\\/wemadewardrobe.com\\\/product\\\/livi-set-knitting-pattern\\\/\",\"name\":\"LIVI SET - wemadewardrobe\",\"isPartOf\":{\"@id\":\"https:\\\/\\\/wemadewardrobe.com\\\/#website\"},\"primaryImageOfPage\":{\"@id\":\"https:\\\/\\\/wemadewardrobe.com\\\/product\\\/livi-set-knitting-pattern\\\/#primaryimage\"},\"image\":{\"@id\":\"https:\\\/\\\/wemadewardrobe.com\\\/product\\\/livi-set-knitting-pattern\\\/#primaryimage\"},\"thumbnailUrl\":\"https:\\\/\\\/wemadewardrobe.com\\\/wp-content\\\/uploads\\\/2023\\\/11\\\/Zusammen-Livi-Set_web.jpg\",\"datePublished\":\"2023-11-23T11:41:47+00:00\",\"dateModified\":\"2024-02-16T09:50:36+00:00\",\"description\":\"Easy knitting pattern for a hat and scarf, the perfect quick and easy gift knit. Knit a hat in 6 hours with the Livi Set.\",\"breadcrumb\":{\"@id\":\"https:\\\/\\\/wemadewardrobe.com\\\/product\\\/livi-set-knitting-pattern\\\/#breadcrumb\"},\"inLanguage\":\"de\",\"potentialAction\":[{\"@type\":\"ReadAction\",\"target\":[\"https:\\\/\\\/wemadewardrobe.com\\\/product\\\/livi-set-knitting-pattern\\\/\"]}]},{\"@type\":\"ImageObject\",\"inLanguage\":\"de\",\"@id\":\"https:\\\/\\\/wemadewardrobe.com\\\/product\\\/livi-set-knitting-pattern\\\/#primaryimage\",\"url\":\"https:\\\/\\\/wemadewardrobe.com\\\/wp-content\\\/uploads\\\/2023\\\/11\\\/Zusammen-Livi-Set_web.jpg\",\"contentUrl\":\"https:\\\/\\\/wemadewardrobe.com\\\/wp-content\\\/uploads\\\/2023\\\/11\\\/Zusammen-Livi-Set_web.jpg\",\"width\":450,\"height\":630,\"caption\":\"1x1 ribbed beanie\"},{\"@type\":\"BreadcrumbList\",\"@id\":\"https:\\\/\\\/wemadewardrobe.com\\\/product\\\/livi-set-knitting-pattern\\\/#breadcrumb\",\"itemListElement\":[{\"@type\":\"ListItem\",\"position\":1,\"name\":\"Home\",\"item\":\"https:\\\/\\\/wemadewardrobe.com\\\/\"},{\"@type\":\"ListItem\",\"position\":2,\"name\":\"Knitting Patterns\",\"item\":\"https:\\\/\\\/wemadewardrobe.com\\\/de\\\/shop\\\/\"},{\"@type\":\"ListItem\",\"position\":3,\"name\":\"LIVI SET\"}]},{\"@type\":\"WebSite\",\"@id\":\"https:\\\/\\\/wemadewardrobe.com\\\/#website\",\"url\":\"https:\\\/\\\/wemadewardrobe.com\\\/\",\"name\":\"wemadewardrobe\",\"description\":\"modern knitting patterns from Lisa &amp; Bella\",\"publisher\":{\"@id\":\"https:\\\/\\\/wemadewardrobe.com\\\/#organization\"},\"alternateName\":\"modern knitting patterns\",\"potentialAction\":[{\"@type\":\"SearchAction\",\"target\":{\"@type\":\"EntryPoint\",\"urlTemplate\":\"https:\\\/\\\/wemadewardrobe.com\\\/?s={search_term_string}\"},\"query-input\":{\"@type\":\"PropertyValueSpecification\",\"valueRequired\":true,\"valueName\":\"search_term_string\"}}],\"inLanguage\":\"de\"},{\"@type\":\"Organization\",\"@id\":\"https:\\\/\\\/wemadewardrobe.com\\\/#organization\",\"name\":\"wemadewardrobe\",\"url\":\"https:\\\/\\\/wemadewardrobe.com\\\/\",\"logo\":{\"@type\":\"ImageObject\",\"inLanguage\":\"de\",\"@id\":\"https:\\\/\\\/wemadewardrobe.com\\\/#\\\/schema\\\/logo\\\/image\\\/\",\"url\":\"https:\\\/\\\/wemadewardrobe.com\\\/wp-content\\\/uploads\\\/2023\\\/10\\\/cropped-wemadewardrobe_Png-150x150-1.png\",\"contentUrl\":\"https:\\\/\\\/wemadewardrobe.com\\\/wp-content\\\/uploads\\\/2023\\\/10\\\/cropped-wemadewardrobe_Png-150x150-1.png\",\"width\":118,\"height\":84,\"caption\":\"wemadewardrobe\"},\"image\":{\"@id\":\"https:\\\/\\\/wemadewardrobe.com\\\/#\\\/schema\\\/logo\\\/image\\\/\"},\"sameAs\":[\"https:\\\/\\\/www.instagram.com\\\/wemadewardrobe\\\/\"]}]}<\/script>\n<!-- \/ Yoast SEO plugin. -->","yoast_head_json":{"title":"LIVI SET - wemadewardrobe","description":"Easy knitting pattern for a hat and scarf, the perfect quick and easy gift knit. Knit a hat in 6 hours with the Livi Set.","robots":{"index":"index","follow":"follow","max-snippet":"max-snippet:-1","max-image-preview":"max-image-preview:large","max-video-preview":"max-video-preview:-1"},"canonical":"https:\/\/wemadewardrobe.com\/de\/produkt\/livi-set-knitting-pattern\/","og_locale":"de_DE","og_type":"article","og_title":"LIVI SET - wemadewardrobe","og_description":"Easy knitting pattern for a hat and scarf, the perfect quick and easy gift knit. Knit a hat in 6 hours with the Livi Set.","og_url":"https:\/\/wemadewardrobe.com\/de\/produkt\/livi-set-knitting-pattern\/","og_site_name":"wemadewardrobe","article_modified_time":"2024-02-16T09:50:36+00:00","og_image":[{"width":450,"height":630,"url":"https:\/\/wemadewardrobe.com\/wp-content\/uploads\/2023\/11\/Zusammen-Livi-Set_web.jpg","type":"image\/jpeg"}],"twitter_card":"summary_large_image","twitter_misc":{"Gesch\u00e4tzte Lesezeit":"2\u00a0Minuten"},"schema":{"@context":"https:\/\/schema.org","@graph":[{"@type":["WebPage","ItemPage"],"@id":"https:\/\/wemadewardrobe.com\/product\/livi-set-knitting-pattern\/","url":"https:\/\/wemadewardrobe.com\/product\/livi-set-knitting-pattern\/","name":"LIVI SET - wemadewardrobe","isPartOf":{"@id":"https:\/\/wemadewardrobe.com\/#website"},"primaryImageOfPage":{"@id":"https:\/\/wemadewardrobe.com\/product\/livi-set-knitting-pattern\/#primaryimage"},"image":{"@id":"https:\/\/wemadewardrobe.com\/product\/livi-set-knitting-pattern\/#primaryimage"},"thumbnailUrl":"https:\/\/wemadewardrobe.com\/wp-content\/uploads\/2023\/11\/Zusammen-Livi-Set_web.jpg","datePublished":"2023-11-23T11:41:47+00:00","dateModified":"2024-02-16T09:50:36+00:00","description":"Easy knitting pattern for a hat and scarf, the perfect quick and easy gift knit. Knit a hat in 6 hours with the Livi Set.","breadcrumb":{"@id":"https:\/\/wemadewardrobe.com\/product\/livi-set-knitting-pattern\/#breadcrumb"},"inLanguage":"de","potentialAction":[{"@type":"ReadAction","target":["https:\/\/wemadewardrobe.com\/product\/livi-set-knitting-pattern\/"]}]},{"@type":"ImageObject","inLanguage":"de","@id":"https:\/\/wemadewardrobe.com\/product\/livi-set-knitting-pattern\/#primaryimage","url":"https:\/\/wemadewardrobe.com\/wp-content\/uploads\/2023\/11\/Zusammen-Livi-Set_web.jpg","contentUrl":"https:\/\/wemadewardrobe.com\/wp-content\/uploads\/2023\/11\/Zusammen-Livi-Set_web.jpg","width":450,"height":630,"caption":"1x1 ribbed beanie"},{"@type":"BreadcrumbList","@id":"https:\/\/wemadewardrobe.com\/product\/livi-set-knitting-pattern\/#breadcrumb","itemListElement":[{"@type":"ListItem","position":1,"name":"Home","item":"https:\/\/wemadewardrobe.com\/"},{"@type":"ListItem","position":2,"name":"Knitting Patterns","item":"https:\/\/wemadewardrobe.com\/de\/shop\/"},{"@type":"ListItem","position":3,"name":"LIVI SET"}]},{"@type":"WebSite","@id":"https:\/\/wemadewardrobe.com\/#website","url":"https:\/\/wemadewardrobe.com\/","name":"wemadewardrobe","description":"modern knitting patterns from Lisa &amp; Bella","publisher":{"@id":"https:\/\/wemadewardrobe.com\/#organization"},"alternateName":"modern knitting patterns","potentialAction":[{"@type":"SearchAction","target":{"@type":"EntryPoint","urlTemplate":"https:\/\/wemadewardrobe.com\/?s={search_term_string}"},"query-input":{"@type":"PropertyValueSpecification","valueRequired":true,"valueName":"search_term_string"}}],"inLanguage":"de"},{"@type":"Organization","@id":"https:\/\/wemadewardrobe.com\/#organization","name":"wemadewardrobe","url":"https:\/\/wemadewardrobe.com\/","logo":{"@type":"ImageObject","inLanguage":"de","@id":"https:\/\/wemadewardrobe.com\/#\/schema\/logo\/image\/","url":"https:\/\/wemadewardrobe.com\/wp-content\/uploads\/2023\/10\/cropped-wemadewardrobe_Png-150x150-1.png","contentUrl":"https:\/\/wemadewardrobe.com\/wp-content\/uploads\/2023\/10\/cropped-wemadewardrobe_Png-150x150-1.png","width":118,"height":84,"caption":"wemadewardrobe"},"image":{"@id":"https:\/\/wemadewardrobe.com\/#\/schema\/logo\/image\/"},"sameAs":["https:\/\/www.instagram.com\/wemadewardrobe\/"]}]}},"_links":{"self":[{"href":"https:\/\/wemadewardrobe.com\/de\/wp-json\/wp\/v2\/product\/1403","targetHints":{"allow":["GET"]}}],"collection":[{"href":"https:\/\/wemadewardrobe.com\/de\/wp-json\/wp\/v2\/product"}],"about":[{"href":"https:\/\/wemadewardrobe.com\/de\/wp-json\/wp\/v2\/types\/product"}],"wp:featuredmedia":[{"embeddable":true,"href":"https:\/\/wemadewardrobe.com\/de\/wp-json\/wp\/v2\/media\/1427"}],"wp:attachment":[{"href":"https:\/\/wemadewardrobe.com\/de\/wp-json\/wp\/v2\/media?parent=1403"}],"wp:term":[{"taxonomy":"product_brand","embeddable":true,"href":"https:\/\/wemadewardrobe.com\/de\/wp-json\/wp\/v2\/product_brand?post=1403"},{"taxonomy":"product_cat","embeddable":true,"href":"https:\/\/wemadewardrobe.com\/de\/wp-json\/wp\/v2\/product_cat?post=1403"},{"taxonomy":"product_tag","embeddable":true,"href":"https:\/\/wemadewardrobe.com\/de\/wp-json\/wp\/v2\/product_tag?post=1403"}],"curies":[{"name":"wp","href":"https:\/\/api.w.org\/{rel}","templated":true}]}}