{"id":1506,"date":"2023-12-22T22:21:21","date_gmt":"2023-12-22T21:21:21","guid":{"rendered":"https:\/\/wemadewardrobe.com\/?post_type=product&#038;p=1506"},"modified":"2025-04-15T14:28:08","modified_gmt":"2025-04-15T13:28:08","slug":"solvej-scarf-knitting-pattern","status":"publish","type":"product","link":"https:\/\/wemadewardrobe.com\/de\/produkt\/solvej-scarf-knitting-pattern\/","title":{"rendered":"Solvej Scarf"},"content":{"rendered":"<p>The free knitting pattern for a scarf is a beautiful, elegant shawl with stripes that will complete any winter outfit. The stripes make it bold and modern and will look good with any coat. With this free scarf knitting pattern you can knit a scarf that\u2018s easy to make but a showstopper when worn. The scarf is knitted in stockinette stitch and is the perfect project to learn how to knit or for the mindless knit in front of the TV .This free scarf knitting pattern is a perfect scrap yarn project. The scarf is a free knitting pattern. Just pay what you want!<\/p>\n<p>Begin by making a gauge swatch to check that you have the correct gauge.<\/p>\n<p>&nbsp;<\/p>\n<h4>Sizes<\/h4>\n<p>One Size<\/p>\n<p>Length is adjustable.<\/p>\n<p>&nbsp;<\/p>\n<h4>NeedleS<\/h4>\n<p>Circular knitting needles 8.0 mm [US11] (80 or 100 cm) [40 inches] for Magic Loop<\/p>\n<p>&nbsp;<\/p>\n<h4>Gauge<\/h4>\n<p>In stockinette stitch on needle 8.0 mm:<\/p>\n<p>13 sts x 20 rows = 10 x 10 cm<\/p>\n<p>&nbsp;<\/p>\n<h4>Materials<\/h4>\n<p>300 g &#8220;Alpine Cloud\u201d from Wovenbeyond<\/p>\n<p>for the exact Shawl that is shown in the photos, you will need: 150 g of \u201cAlpine Cloud\u201d in col. Navy and 150 g of \u201cAlpine Cloud\u201d in col. Sand.<\/p>\n<p>Please note that you may need more yarn if you want to knit the scarf longer than indicated.<\/p>\n<p>You can get a 15% Discount on this yarn with the Code WEMADEWOVEN15 !<\/p>\n<p>&nbsp;<\/p>\n<h4>Yarn alternatives<\/h4>\n<p>200-300 g &#8220;Cloud&#8221; from Lang Yarns<\/p>\n<p><i>held together with<\/i><\/p>\n<p>50-75 g &#8220;Lace&#8221; from Lang Yarns<\/p>\n<p><i>Note that you can use any yarns you like &amp; you do not need to match the gauge perfectly &#8211; this makes the Solvej Shawl the perfect project to use up scrap yarns.<\/i><\/p>\n<p>The striped Shawl in the photos is knit in \u201cAlpine Cloud\u201d in col. Navy and \u201cAlpine Cloud\u201d in col. Sand, both from wovenbeyond.<\/p>\n<p>&nbsp;<\/p>\n<h4><a href=\"https:\/\/wemadewardrobe.com\/en\/difficulties\/\">DIFFICULTY<\/a><\/h4>\n<p>\u25cf\u25cb\u25cb\u25cb\u25cb (1 out of 5)<\/p>\n<p>&nbsp;<\/p>\n","protected":false},"excerpt":{"rendered":"<p><span style=\"font-weight: 400;\">Das Solvej-Schal-Strickmuster ist ein kostenloses Strickmuster f\u00fcr einen Schal, der auch ein perfektes Anf\u00e4ngerprojekt oder ein Projekt f\u00fcr Garnreste ist! Es ist auch f\u00fcr fortgeschrittene Strickerinnen geeignet, die nach einem gem\u00fctlichen Strickprojekt vor dem Fernseher suchen.<br \/>\n<\/span><\/p>\n<p>Das Strickmuster f\u00fcr einen Schal ist sowohl f\u00fcr Anf\u00e4nger als auch f\u00fcr erfahrene Strickerinnen geeignet und kommt in<strong> One Size<\/strong> (mehr zu den Gr\u00f6\u00dfen findest du weiter unten).<\/p>\n<p>Mehr Informationen zu <strong>Nadelst\u00e4rken<\/strong>, <strong>Maschenprobe<\/strong> und <strong>Material<\/strong> findest du weiter unten.<\/p>\n<p>Die Strickanleitung wird dir per E-Mail zugesendet als <strong>PDF Dokument<\/strong>.<\/p>","protected":false},"featured_media":1517,"template":"","meta":{"inline_featured_image":false,"_kadence_starter_templates_imported_post":false,"_kad_post_transparent":"default","_kad_post_title":"","_kad_post_layout":"default","_kad_post_sidebar_id":"","_kad_post_content_style":"default","_kad_post_vertical_padding":"default","_kad_post_feature":"","_kad_post_feature_position":"","_kad_post_header":false,"_kad_post_footer":false,"_kad_post_classname":""},"product_brand":[],"product_cat":[52,282],"product_tag":[77,86,87,54,72,76,74,73,89,88],"class_list":{"0":"post-1506","1":"product","2":"type-product","3":"status-publish","4":"has-post-thumbnail","6":"product_cat-accessory-knitting-patterns","7":"product_cat-free-knitting-patterns","8":"product_tag-accessoire","9":"product_tag-free","10":"product_tag-free-knitting-pattern","11":"product_tag-knitting-pattern","12":"product_tag-knitting-pattern-scarf","13":"product_tag-neck-scarf","14":"product_tag-scarf","15":"product_tag-scarf-knitting-pattern","16":"product_tag-stripe-scarf","17":"product_tag-stripes","19":"first","20":"instock","21":"sold-individually","22":"purchasable","23":"product-type-variable","24":"entry","25":"content-bg","26":"loop-entry"},"yoast_head":"<!-- This site is optimized with the Yoast SEO plugin v27.3 - https:\/\/yoast.com\/product\/yoast-seo-wordpress\/ -->\n<title>Solvej Scarf - wemadewardrobe<\/title>\n<meta name=\"description\" content=\"The Solvej knitting pattern is a free knitting pattern for a scarf with stripes. The scarf is knitted in stockinette stitch and is perfect for scrap yarn!\" \/>\n<meta name=\"robots\" content=\"index, follow, max-snippet:-1, max-image-preview:large, max-video-preview:-1\" \/>\n<link rel=\"canonical\" href=\"https:\/\/wemadewardrobe.com\/de\/produkt\/solvej-scarf-knitting-pattern\/\" \/>\n<meta property=\"og:locale\" content=\"de_DE\" \/>\n<meta property=\"og:type\" content=\"article\" \/>\n<meta property=\"og:title\" content=\"Solvej Scarf - wemadewardrobe\" \/>\n<meta property=\"og:description\" content=\"The Solvej knitting pattern is a free knitting pattern for a scarf with stripes. The scarf is knitted in stockinette stitch and is perfect for scrap yarn!\" \/>\n<meta property=\"og:url\" content=\"https:\/\/wemadewardrobe.com\/de\/produkt\/solvej-scarf-knitting-pattern\/\" \/>\n<meta property=\"og:site_name\" content=\"wemadewardrobe\" \/>\n<meta property=\"article:modified_time\" content=\"2025-04-15T13:28:08+00:00\" \/>\n<meta property=\"og:image\" content=\"https:\/\/wemadewardrobe.com\/wp-content\/uploads\/2023\/12\/Solvej1.jpg\" \/>\n\t<meta property=\"og:image:width\" content=\"450\" \/>\n\t<meta property=\"og:image:height\" content=\"632\" \/>\n\t<meta property=\"og:image:type\" content=\"image\/jpeg\" \/>\n<meta name=\"twitter:card\" content=\"summary_large_image\" \/>\n<meta name=\"twitter:label1\" content=\"Gesch\u00e4tzte Lesezeit\" \/>\n\t<meta name=\"twitter:data1\" content=\"2\u00a0Minuten\" \/>\n<script type=\"application\/ld+json\" class=\"yoast-schema-graph\">{\"@context\":\"https:\\\/\\\/schema.org\",\"@graph\":[{\"@type\":[\"WebPage\",\"ItemPage\"],\"@id\":\"https:\\\/\\\/wemadewardrobe.com\\\/product\\\/solvej-scarf-knitting-pattern\\\/\",\"url\":\"https:\\\/\\\/wemadewardrobe.com\\\/product\\\/solvej-scarf-knitting-pattern\\\/\",\"name\":\"Solvej Scarf - wemadewardrobe\",\"isPartOf\":{\"@id\":\"https:\\\/\\\/wemadewardrobe.com\\\/#website\"},\"primaryImageOfPage\":{\"@id\":\"https:\\\/\\\/wemadewardrobe.com\\\/product\\\/solvej-scarf-knitting-pattern\\\/#primaryimage\"},\"image\":{\"@id\":\"https:\\\/\\\/wemadewardrobe.com\\\/product\\\/solvej-scarf-knitting-pattern\\\/#primaryimage\"},\"thumbnailUrl\":\"https:\\\/\\\/wemadewardrobe.com\\\/wp-content\\\/uploads\\\/2023\\\/12\\\/Solvej1.jpg\",\"datePublished\":\"2023-12-22T21:21:21+00:00\",\"dateModified\":\"2025-04-15T13:28:08+00:00\",\"description\":\"The Solvej knitting pattern is a free knitting pattern for a scarf with stripes. The scarf is knitted in stockinette stitch and is perfect for scrap yarn!\",\"breadcrumb\":{\"@id\":\"https:\\\/\\\/wemadewardrobe.com\\\/product\\\/solvej-scarf-knitting-pattern\\\/#breadcrumb\"},\"inLanguage\":\"de\",\"potentialAction\":[{\"@type\":\"ReadAction\",\"target\":[\"https:\\\/\\\/wemadewardrobe.com\\\/product\\\/solvej-scarf-knitting-pattern\\\/\"]}]},{\"@type\":\"ImageObject\",\"inLanguage\":\"de\",\"@id\":\"https:\\\/\\\/wemadewardrobe.com\\\/product\\\/solvej-scarf-knitting-pattern\\\/#primaryimage\",\"url\":\"https:\\\/\\\/wemadewardrobe.com\\\/wp-content\\\/uploads\\\/2023\\\/12\\\/Solvej1.jpg\",\"contentUrl\":\"https:\\\/\\\/wemadewardrobe.com\\\/wp-content\\\/uploads\\\/2023\\\/12\\\/Solvej1.jpg\",\"width\":450,\"height\":632,\"caption\":\"Solvej Scarf Knitting Pattern\"},{\"@type\":\"BreadcrumbList\",\"@id\":\"https:\\\/\\\/wemadewardrobe.com\\\/product\\\/solvej-scarf-knitting-pattern\\\/#breadcrumb\",\"itemListElement\":[{\"@type\":\"ListItem\",\"position\":1,\"name\":\"Home\",\"item\":\"https:\\\/\\\/wemadewardrobe.com\\\/\"},{\"@type\":\"ListItem\",\"position\":2,\"name\":\"Knitting Patterns\",\"item\":\"https:\\\/\\\/wemadewardrobe.com\\\/de\\\/shop\\\/\"},{\"@type\":\"ListItem\",\"position\":3,\"name\":\"Solvej Scarf\"}]},{\"@type\":\"WebSite\",\"@id\":\"https:\\\/\\\/wemadewardrobe.com\\\/#website\",\"url\":\"https:\\\/\\\/wemadewardrobe.com\\\/\",\"name\":\"wemadewardrobe\",\"description\":\"modern knitting patterns from Lisa &amp; Bella\",\"publisher\":{\"@id\":\"https:\\\/\\\/wemadewardrobe.com\\\/#organization\"},\"alternateName\":\"modern knitting patterns\",\"potentialAction\":[{\"@type\":\"SearchAction\",\"target\":{\"@type\":\"EntryPoint\",\"urlTemplate\":\"https:\\\/\\\/wemadewardrobe.com\\\/?s={search_term_string}\"},\"query-input\":{\"@type\":\"PropertyValueSpecification\",\"valueRequired\":true,\"valueName\":\"search_term_string\"}}],\"inLanguage\":\"de\"},{\"@type\":\"Organization\",\"@id\":\"https:\\\/\\\/wemadewardrobe.com\\\/#organization\",\"name\":\"wemadewardrobe\",\"url\":\"https:\\\/\\\/wemadewardrobe.com\\\/\",\"logo\":{\"@type\":\"ImageObject\",\"inLanguage\":\"de\",\"@id\":\"https:\\\/\\\/wemadewardrobe.com\\\/#\\\/schema\\\/logo\\\/image\\\/\",\"url\":\"https:\\\/\\\/wemadewardrobe.com\\\/wp-content\\\/uploads\\\/2023\\\/10\\\/cropped-wemadewardrobe_Png-150x150-1.png\",\"contentUrl\":\"https:\\\/\\\/wemadewardrobe.com\\\/wp-content\\\/uploads\\\/2023\\\/10\\\/cropped-wemadewardrobe_Png-150x150-1.png\",\"width\":118,\"height\":84,\"caption\":\"wemadewardrobe\"},\"image\":{\"@id\":\"https:\\\/\\\/wemadewardrobe.com\\\/#\\\/schema\\\/logo\\\/image\\\/\"},\"sameAs\":[\"https:\\\/\\\/www.instagram.com\\\/wemadewardrobe\\\/\"]}]}<\/script>\n<!-- \/ Yoast SEO plugin. -->","yoast_head_json":{"title":"Solvej Scarf - wemadewardrobe","description":"The Solvej knitting pattern is a free knitting pattern for a scarf with stripes. The scarf is knitted in stockinette stitch and is perfect for scrap yarn!","robots":{"index":"index","follow":"follow","max-snippet":"max-snippet:-1","max-image-preview":"max-image-preview:large","max-video-preview":"max-video-preview:-1"},"canonical":"https:\/\/wemadewardrobe.com\/de\/produkt\/solvej-scarf-knitting-pattern\/","og_locale":"de_DE","og_type":"article","og_title":"Solvej Scarf - wemadewardrobe","og_description":"The Solvej knitting pattern is a free knitting pattern for a scarf with stripes. The scarf is knitted in stockinette stitch and is perfect for scrap yarn!","og_url":"https:\/\/wemadewardrobe.com\/de\/produkt\/solvej-scarf-knitting-pattern\/","og_site_name":"wemadewardrobe","article_modified_time":"2025-04-15T13:28:08+00:00","og_image":[{"width":450,"height":632,"url":"https:\/\/wemadewardrobe.com\/wp-content\/uploads\/2023\/12\/Solvej1.jpg","type":"image\/jpeg"}],"twitter_card":"summary_large_image","twitter_misc":{"Gesch\u00e4tzte Lesezeit":"2\u00a0Minuten"},"schema":{"@context":"https:\/\/schema.org","@graph":[{"@type":["WebPage","ItemPage"],"@id":"https:\/\/wemadewardrobe.com\/product\/solvej-scarf-knitting-pattern\/","url":"https:\/\/wemadewardrobe.com\/product\/solvej-scarf-knitting-pattern\/","name":"Solvej Scarf - wemadewardrobe","isPartOf":{"@id":"https:\/\/wemadewardrobe.com\/#website"},"primaryImageOfPage":{"@id":"https:\/\/wemadewardrobe.com\/product\/solvej-scarf-knitting-pattern\/#primaryimage"},"image":{"@id":"https:\/\/wemadewardrobe.com\/product\/solvej-scarf-knitting-pattern\/#primaryimage"},"thumbnailUrl":"https:\/\/wemadewardrobe.com\/wp-content\/uploads\/2023\/12\/Solvej1.jpg","datePublished":"2023-12-22T21:21:21+00:00","dateModified":"2025-04-15T13:28:08+00:00","description":"The Solvej knitting pattern is a free knitting pattern for a scarf with stripes. The scarf is knitted in stockinette stitch and is perfect for scrap yarn!","breadcrumb":{"@id":"https:\/\/wemadewardrobe.com\/product\/solvej-scarf-knitting-pattern\/#breadcrumb"},"inLanguage":"de","potentialAction":[{"@type":"ReadAction","target":["https:\/\/wemadewardrobe.com\/product\/solvej-scarf-knitting-pattern\/"]}]},{"@type":"ImageObject","inLanguage":"de","@id":"https:\/\/wemadewardrobe.com\/product\/solvej-scarf-knitting-pattern\/#primaryimage","url":"https:\/\/wemadewardrobe.com\/wp-content\/uploads\/2023\/12\/Solvej1.jpg","contentUrl":"https:\/\/wemadewardrobe.com\/wp-content\/uploads\/2023\/12\/Solvej1.jpg","width":450,"height":632,"caption":"Solvej Scarf Knitting Pattern"},{"@type":"BreadcrumbList","@id":"https:\/\/wemadewardrobe.com\/product\/solvej-scarf-knitting-pattern\/#breadcrumb","itemListElement":[{"@type":"ListItem","position":1,"name":"Home","item":"https:\/\/wemadewardrobe.com\/"},{"@type":"ListItem","position":2,"name":"Knitting Patterns","item":"https:\/\/wemadewardrobe.com\/de\/shop\/"},{"@type":"ListItem","position":3,"name":"Solvej Scarf"}]},{"@type":"WebSite","@id":"https:\/\/wemadewardrobe.com\/#website","url":"https:\/\/wemadewardrobe.com\/","name":"wemadewardrobe","description":"modern knitting patterns from Lisa &amp; Bella","publisher":{"@id":"https:\/\/wemadewardrobe.com\/#organization"},"alternateName":"modern knitting patterns","potentialAction":[{"@type":"SearchAction","target":{"@type":"EntryPoint","urlTemplate":"https:\/\/wemadewardrobe.com\/?s={search_term_string}"},"query-input":{"@type":"PropertyValueSpecification","valueRequired":true,"valueName":"search_term_string"}}],"inLanguage":"de"},{"@type":"Organization","@id":"https:\/\/wemadewardrobe.com\/#organization","name":"wemadewardrobe","url":"https:\/\/wemadewardrobe.com\/","logo":{"@type":"ImageObject","inLanguage":"de","@id":"https:\/\/wemadewardrobe.com\/#\/schema\/logo\/image\/","url":"https:\/\/wemadewardrobe.com\/wp-content\/uploads\/2023\/10\/cropped-wemadewardrobe_Png-150x150-1.png","contentUrl":"https:\/\/wemadewardrobe.com\/wp-content\/uploads\/2023\/10\/cropped-wemadewardrobe_Png-150x150-1.png","width":118,"height":84,"caption":"wemadewardrobe"},"image":{"@id":"https:\/\/wemadewardrobe.com\/#\/schema\/logo\/image\/"},"sameAs":["https:\/\/www.instagram.com\/wemadewardrobe\/"]}]}},"_links":{"self":[{"href":"https:\/\/wemadewardrobe.com\/de\/wp-json\/wp\/v2\/product\/1506","targetHints":{"allow":["GET"]}}],"collection":[{"href":"https:\/\/wemadewardrobe.com\/de\/wp-json\/wp\/v2\/product"}],"about":[{"href":"https:\/\/wemadewardrobe.com\/de\/wp-json\/wp\/v2\/types\/product"}],"wp:featuredmedia":[{"embeddable":true,"href":"https:\/\/wemadewardrobe.com\/de\/wp-json\/wp\/v2\/media\/1517"}],"wp:attachment":[{"href":"https:\/\/wemadewardrobe.com\/de\/wp-json\/wp\/v2\/media?parent=1506"}],"wp:term":[{"taxonomy":"product_brand","embeddable":true,"href":"https:\/\/wemadewardrobe.com\/de\/wp-json\/wp\/v2\/product_brand?post=1506"},{"taxonomy":"product_cat","embeddable":true,"href":"https:\/\/wemadewardrobe.com\/de\/wp-json\/wp\/v2\/product_cat?post=1506"},{"taxonomy":"product_tag","embeddable":true,"href":"https:\/\/wemadewardrobe.com\/de\/wp-json\/wp\/v2\/product_tag?post=1506"}],"curies":[{"name":"wp","href":"https:\/\/api.w.org\/{rel}","templated":true}]}}