{"id":1534,"date":"2024-01-25T09:35:51","date_gmt":"2024-01-25T08:35:51","guid":{"rendered":"https:\/\/wemadewardrobe.com\/?post_type=product&#038;p=1534"},"modified":"2024-02-16T10:49:20","modified_gmt":"2024-02-16T09:49:20","slug":"selma-slipover-knitting-pattern","status":"publish","type":"product","link":"https:\/\/wemadewardrobe.com\/de\/produkt\/selma-slipover-knitting-pattern\/","title":{"rendered":"SELMA SLIPOVER"},"content":{"rendered":"<p>Die Selma Slipover Strickanleitung ist ein perfektes Anf\u00e4nger-Strickprojekt f\u00fcr alle, die neu in der Strickwelt sind, aber trotzdem ein spa\u00dfiges, einfaches und schnelles Strickprojekt f\u00fcr jeden, der bereits Erfahrung hat! Bei diesem Strickst\u00fcck dreht sich alles um l\u00e4ssigen Komfort und die flauschige Wolle macht es zum perfekten kuscheligen Layering Teil! Der V-Ausschnitt und der hohe Schlitz auf jeder Seite verleihen dem ansonsten schlichten und zeitlosen Pullunder einige interessante Details. Die Pullunder Strickanleitung wird von oben nach unten mit gro\u00dfen Stricknadeln gestrickt, was sie zur perfekten Pullunder Strickanleitung und damit zum perfekten Geschenk macht!<\/p>\n<p>Stricke zuerst eine Maschenprobe, bevor du mit dem Stricken beginnst.<\/p>\n<p>&nbsp;<\/p>\n<h4>Gr\u00f6\u00dfen<\/h4>\n<p><b>XS (S) M (L) XL (2XL) 3XL<\/b><\/p>\n<p>Der Selma Slipover sollte einen Bewegungsspielraum (positive ease) von ca. 20 cm im Verha\u0308ltnis zu Deinem Brustumfang haben. Die Gro\u0308\u00dfen XS (S) M (L) XL (2XL) passen zu einem Brustumfang von 78-84 (85-90) 91-98 (99-109) 110-120 (121-130) 131-140 cm. Nimm von Dir selbst Ma\u00df, bevor Du mit dem Stricken beginnst, um sicherzugehen, dass Du die fu\u0308r Dich korrekte Gro\u0308\u00dfe gewa\u0308hlt hast.<\/p>\n<p>Die Gr\u00f6\u00dfe 3XL wurde noch nicht getestet, wenn du daran interessiert bist, diese Gr\u00f6\u00dfe zu stricken kontaktier uns doch bitte!<\/p>\n<p>&nbsp;<\/p>\n<h4>EMPFOHLENE NADELst\u00e4rke<\/h4>\n<p>Rundstricknadel 7 mm (60, 80 oder 100 cm)<\/p>\n<p>Rundstricknadel 6 mm (40, 80 oder 100 cm f\u00fcr Magic Loop) f\u00fcr die B\u00fcndchen am K\u00f6rper<\/p>\n<p>Rundstricknadel 5 mm (40 cm) f\u00fcr die B\u00fcndchen am Arm und Ausschnitt<\/p>\n<p>&nbsp;<\/p>\n<h4>Maschenprobe<\/h4>\n<p>Glatt rechts auf Nadel 7 mm:<\/p>\n<p>10 M x 19 R = 10 x 10 cm<\/p>\n<p>Beachte, dass sowohl die Maschenanzahl, als auch die Reihenanzahl stimmen m\u00fcssen.<\/p>\n<p>&nbsp;<\/p>\n<h4>Material<\/h4>\n<p>250 (250) 250 (250) 300 (350) 350 g<\/p>\n<p>\u201cAvio\u201d von Lana Grossa<\/p>\n<p><i>zusammen mit<\/i><\/p>\n<p>50 (50) 50 (50) 75 (75) 75 g<\/p>\n<p>\u201cSilkhair\u201d von Lana Grossa<\/p>\n<p>Es wird dreif\u00e4dig gestrickt, mit zwei F\u00e4den \u201cAvio\u201d und einem Faden \u201cSilkhair\u201d.<\/p>\n<p>Beachte, dass du mehr Wolle brauchst, falls du den Slipover l\u00e4nger stricken m\u00f6chtest.<\/p>\n<p>&nbsp;<\/p>\n<h4>Garnalternativen<\/h4>\n<p>250 (250) 250 (300) 300 (350) 350 g<\/p>\n<p>\u201cMelody\u201d von Drops (50 g = 140 m)<\/p>\n<p><i>zusammen mit<\/i><\/p>\n<p>50 (50) 50 (50) 75 (75) 75 g<\/p>\n<p>\u201cKid Silk\u201d von Drops<\/p>\n<p>\u2014<\/p>\n<p>Der pinke Slipover auf den Fotos ist aus \u201cAvio\u201d (Fb. 12-Himbeer\/Apricot) und \u201cSilkhair\u201d (Fb. 070-Himbeer) - beides von Lana Grossa - gestrickt.<\/p>\n<p>Der graue Slipover auf den Fotos ist aus \u201cAvio\u201d (Fb. 09-Silbergrau\/Hellgrau) und \u201cSilkhair\u201d (Fb. 058-Perlwei\u00df) - beides von Lana Grossa - gestrickt.<\/p>\n<p>&nbsp;<\/p>\n<h4><a href=\"https:\/\/wemadewardrobe.com\/de\/difficulties\/\">Schwierigkeitsgrad<\/a><\/h4>\n<p>\u25cf\u25cf\u25cb\u25cb\u25cb (2 von 5)<\/p>\n<p>&nbsp;<\/p>","protected":false},"excerpt":{"rendered":"<p><span style=\"font-weight: 400;\">Das Pullunder Strickmuster \"Selma Slipover\", ist ein oversized geschnittenes, locker sitzendes Strickmuster mit einem V-Ausschnitt und seitlichen Schlitzen.<br \/>\n<\/span><\/p>\n<p>Das Strickmuster f\u00fcr einen Pullunder ist Anf\u00e4nger geeignet, sowie f\u00fcr erfahrenere StrickerInnen, die nach einem einfachen Strickprojekt suchen. Das Pullunder Strickmuster kommt iin den<strong> Gr\u00f6\u00dfen XS-3XL<\/strong> (mehr zu den Gr\u00f6\u00dfen findest du weiter unten).<\/p>\n<p>Mehr Informationen zu <strong>Nadelst\u00e4rken<\/strong>, <strong>Maschenprobe<\/strong> und <strong>Material<\/strong> findest du weiter unten.<\/p>\n<p>Die Strickanleitung wird dir per E-Mail zugesendet als <strong>PDF Dokument<\/strong>.<\/p>","protected":false},"featured_media":1556,"template":"","meta":{"inline_featured_image":false,"_kadence_starter_templates_imported_post":false,"_kad_post_transparent":"default","_kad_post_title":"","_kad_post_layout":"default","_kad_post_sidebar_id":"","_kad_post_content_style":"default","_kad_post_vertical_padding":"default","_kad_post_feature":"","_kad_post_feature_position":"","_kad_post_header":false,"_kad_post_footer":false,"_kad_post_classname":""},"product_brand":[],"product_cat":[95],"product_tag":[61,92,91,54,90,93,94],"class_list":{"0":"post-1534","1":"product","2":"type-product","3":"status-publish","4":"has-post-thumbnail","6":"product_cat-slipover-knitting-patterns","7":"product_tag-1x1-ribbing","8":"product_tag-beginner","9":"product_tag-beginner-knitting-pattern","10":"product_tag-knitting-pattern","11":"product_tag-selma-slipover","12":"product_tag-slipover","13":"product_tag-v-neck","15":"first","16":"instock","17":"sold-individually","18":"purchasable","19":"product-type-variable","20":"entry","21":"content-bg","22":"loop-entry"},"yoast_head":"<!-- This site is optimized with the Yoast SEO plugin v27.4 - https:\/\/yoast.com\/product\/yoast-seo-wordpress\/ -->\n<title>SELMA SLIPOVER - wemadewardrobe<\/title>\n<meta name=\"description\" content=\"The Selma slipover knitting pattern is the beginner knitting project for those new to the knitting community. It&#039;s an easy knitting pattern for everyone.\" \/>\n<meta name=\"robots\" content=\"index, follow, max-snippet:-1, max-image-preview:large, max-video-preview:-1\" \/>\n<link rel=\"canonical\" href=\"https:\/\/wemadewardrobe.com\/de\/produkt\/selma-slipover-knitting-pattern\/\" \/>\n<meta property=\"og:locale\" content=\"de_DE\" \/>\n<meta property=\"og:type\" content=\"article\" \/>\n<meta property=\"og:title\" content=\"SELMA SLIPOVER - wemadewardrobe\" \/>\n<meta property=\"og:description\" content=\"The Selma slipover knitting pattern is the beginner knitting project for those new to the knitting community. It&#039;s an easy knitting pattern for everyone.\" \/>\n<meta property=\"og:url\" content=\"https:\/\/wemadewardrobe.com\/de\/produkt\/selma-slipover-knitting-pattern\/\" \/>\n<meta property=\"og:site_name\" content=\"wemadewardrobe\" \/>\n<meta property=\"article:modified_time\" content=\"2024-02-16T09:49:20+00:00\" \/>\n<meta property=\"og:image\" content=\"https:\/\/wemadewardrobe.com\/wp-content\/uploads\/2024\/01\/SelmaSlipover6-6.jpg\" \/>\n\t<meta property=\"og:image:width\" content=\"450\" \/>\n\t<meta property=\"og:image:height\" content=\"630\" \/>\n\t<meta property=\"og:image:type\" content=\"image\/jpeg\" \/>\n<meta name=\"twitter:card\" content=\"summary_large_image\" \/>\n<meta name=\"twitter:label1\" content=\"Gesch\u00e4tzte Lesezeit\" \/>\n\t<meta name=\"twitter:data1\" content=\"3\u00a0Minuten\" \/>\n<script type=\"application\/ld+json\" class=\"yoast-schema-graph\">{\"@context\":\"https:\\\/\\\/schema.org\",\"@graph\":[{\"@type\":[\"WebPage\",\"ItemPage\"],\"@id\":\"https:\\\/\\\/wemadewardrobe.com\\\/en\\\/product\\\/selma-slipover-knitting-pattern\\\/\",\"url\":\"https:\\\/\\\/wemadewardrobe.com\\\/en\\\/product\\\/selma-slipover-knitting-pattern\\\/\",\"name\":\"SELMA SLIPOVER - wemadewardrobe\",\"isPartOf\":{\"@id\":\"https:\\\/\\\/wemadewardrobe.com\\\/#website\"},\"primaryImageOfPage\":{\"@id\":\"https:\\\/\\\/wemadewardrobe.com\\\/en\\\/product\\\/selma-slipover-knitting-pattern\\\/#primaryimage\"},\"image\":{\"@id\":\"https:\\\/\\\/wemadewardrobe.com\\\/en\\\/product\\\/selma-slipover-knitting-pattern\\\/#primaryimage\"},\"thumbnailUrl\":\"https:\\\/\\\/wemadewardrobe.com\\\/wp-content\\\/uploads\\\/2024\\\/01\\\/SelmaSlipover6-6.jpg\",\"datePublished\":\"2024-01-25T08:35:51+00:00\",\"dateModified\":\"2024-02-16T09:49:20+00:00\",\"description\":\"The Selma slipover knitting pattern is the beginner knitting project for those new to the knitting community. It's an easy knitting pattern for everyone.\",\"breadcrumb\":{\"@id\":\"https:\\\/\\\/wemadewardrobe.com\\\/en\\\/product\\\/selma-slipover-knitting-pattern\\\/#breadcrumb\"},\"inLanguage\":\"de\",\"potentialAction\":[{\"@type\":\"ReadAction\",\"target\":[\"https:\\\/\\\/wemadewardrobe.com\\\/en\\\/product\\\/selma-slipover-knitting-pattern\\\/\"]}]},{\"@type\":\"ImageObject\",\"inLanguage\":\"de\",\"@id\":\"https:\\\/\\\/wemadewardrobe.com\\\/en\\\/product\\\/selma-slipover-knitting-pattern\\\/#primaryimage\",\"url\":\"https:\\\/\\\/wemadewardrobe.com\\\/wp-content\\\/uploads\\\/2024\\\/01\\\/SelmaSlipover6-6.jpg\",\"contentUrl\":\"https:\\\/\\\/wemadewardrobe.com\\\/wp-content\\\/uploads\\\/2024\\\/01\\\/SelmaSlipover6-6.jpg\",\"width\":450,\"height\":630,\"caption\":\"slipover knitting pattern\"},{\"@type\":\"BreadcrumbList\",\"@id\":\"https:\\\/\\\/wemadewardrobe.com\\\/en\\\/product\\\/selma-slipover-knitting-pattern\\\/#breadcrumb\",\"itemListElement\":[{\"@type\":\"ListItem\",\"position\":1,\"name\":\"Home\",\"item\":\"https:\\\/\\\/wemadewardrobe.com\\\/\"},{\"@type\":\"ListItem\",\"position\":2,\"name\":\"Knitting Patterns\",\"item\":\"https:\\\/\\\/wemadewardrobe.com\\\/de\\\/shop\\\/\"},{\"@type\":\"ListItem\",\"position\":3,\"name\":\"SELMA SLIPOVER\"}]},{\"@type\":\"WebSite\",\"@id\":\"https:\\\/\\\/wemadewardrobe.com\\\/#website\",\"url\":\"https:\\\/\\\/wemadewardrobe.com\\\/\",\"name\":\"wemadewardrobe\",\"description\":\"modern knitting patterns from Lisa &amp; Bella\",\"publisher\":{\"@id\":\"https:\\\/\\\/wemadewardrobe.com\\\/#organization\"},\"alternateName\":\"modern knitting patterns\",\"potentialAction\":[{\"@type\":\"SearchAction\",\"target\":{\"@type\":\"EntryPoint\",\"urlTemplate\":\"https:\\\/\\\/wemadewardrobe.com\\\/?s={search_term_string}\"},\"query-input\":{\"@type\":\"PropertyValueSpecification\",\"valueRequired\":true,\"valueName\":\"search_term_string\"}}],\"inLanguage\":\"de\"},{\"@type\":\"Organization\",\"@id\":\"https:\\\/\\\/wemadewardrobe.com\\\/#organization\",\"name\":\"wemadewardrobe\",\"url\":\"https:\\\/\\\/wemadewardrobe.com\\\/\",\"logo\":{\"@type\":\"ImageObject\",\"inLanguage\":\"de\",\"@id\":\"https:\\\/\\\/wemadewardrobe.com\\\/#\\\/schema\\\/logo\\\/image\\\/\",\"url\":\"https:\\\/\\\/wemadewardrobe.com\\\/wp-content\\\/uploads\\\/2023\\\/10\\\/cropped-wemadewardrobe_Png-150x150-1.png\",\"contentUrl\":\"https:\\\/\\\/wemadewardrobe.com\\\/wp-content\\\/uploads\\\/2023\\\/10\\\/cropped-wemadewardrobe_Png-150x150-1.png\",\"width\":118,\"height\":84,\"caption\":\"wemadewardrobe\"},\"image\":{\"@id\":\"https:\\\/\\\/wemadewardrobe.com\\\/#\\\/schema\\\/logo\\\/image\\\/\"},\"sameAs\":[\"https:\\\/\\\/www.instagram.com\\\/wemadewardrobe\\\/\"]}]}<\/script>\n<!-- \/ Yoast SEO plugin. -->","yoast_head_json":{"title":"SELMA SLIPOVER - wemadewardrobe","description":"The Selma slipover knitting pattern is the beginner knitting project for those new to the knitting community. It's an easy knitting pattern for everyone.","robots":{"index":"index","follow":"follow","max-snippet":"max-snippet:-1","max-image-preview":"max-image-preview:large","max-video-preview":"max-video-preview:-1"},"canonical":"https:\/\/wemadewardrobe.com\/de\/produkt\/selma-slipover-knitting-pattern\/","og_locale":"de_DE","og_type":"article","og_title":"SELMA SLIPOVER - wemadewardrobe","og_description":"The Selma slipover knitting pattern is the beginner knitting project for those new to the knitting community. It's an easy knitting pattern for everyone.","og_url":"https:\/\/wemadewardrobe.com\/de\/produkt\/selma-slipover-knitting-pattern\/","og_site_name":"wemadewardrobe","article_modified_time":"2024-02-16T09:49:20+00:00","og_image":[{"width":450,"height":630,"url":"https:\/\/wemadewardrobe.com\/wp-content\/uploads\/2024\/01\/SelmaSlipover6-6.jpg","type":"image\/jpeg"}],"twitter_card":"summary_large_image","twitter_misc":{"Gesch\u00e4tzte Lesezeit":"3\u00a0Minuten"},"schema":{"@context":"https:\/\/schema.org","@graph":[{"@type":["WebPage","ItemPage"],"@id":"https:\/\/wemadewardrobe.com\/en\/product\/selma-slipover-knitting-pattern\/","url":"https:\/\/wemadewardrobe.com\/en\/product\/selma-slipover-knitting-pattern\/","name":"SELMA SLIPOVER - wemadewardrobe","isPartOf":{"@id":"https:\/\/wemadewardrobe.com\/#website"},"primaryImageOfPage":{"@id":"https:\/\/wemadewardrobe.com\/en\/product\/selma-slipover-knitting-pattern\/#primaryimage"},"image":{"@id":"https:\/\/wemadewardrobe.com\/en\/product\/selma-slipover-knitting-pattern\/#primaryimage"},"thumbnailUrl":"https:\/\/wemadewardrobe.com\/wp-content\/uploads\/2024\/01\/SelmaSlipover6-6.jpg","datePublished":"2024-01-25T08:35:51+00:00","dateModified":"2024-02-16T09:49:20+00:00","description":"The Selma slipover knitting pattern is the beginner knitting project for those new to the knitting community. It's an easy knitting pattern for everyone.","breadcrumb":{"@id":"https:\/\/wemadewardrobe.com\/en\/product\/selma-slipover-knitting-pattern\/#breadcrumb"},"inLanguage":"de","potentialAction":[{"@type":"ReadAction","target":["https:\/\/wemadewardrobe.com\/en\/product\/selma-slipover-knitting-pattern\/"]}]},{"@type":"ImageObject","inLanguage":"de","@id":"https:\/\/wemadewardrobe.com\/en\/product\/selma-slipover-knitting-pattern\/#primaryimage","url":"https:\/\/wemadewardrobe.com\/wp-content\/uploads\/2024\/01\/SelmaSlipover6-6.jpg","contentUrl":"https:\/\/wemadewardrobe.com\/wp-content\/uploads\/2024\/01\/SelmaSlipover6-6.jpg","width":450,"height":630,"caption":"slipover knitting pattern"},{"@type":"BreadcrumbList","@id":"https:\/\/wemadewardrobe.com\/en\/product\/selma-slipover-knitting-pattern\/#breadcrumb","itemListElement":[{"@type":"ListItem","position":1,"name":"Home","item":"https:\/\/wemadewardrobe.com\/"},{"@type":"ListItem","position":2,"name":"Knitting Patterns","item":"https:\/\/wemadewardrobe.com\/de\/shop\/"},{"@type":"ListItem","position":3,"name":"SELMA SLIPOVER"}]},{"@type":"WebSite","@id":"https:\/\/wemadewardrobe.com\/#website","url":"https:\/\/wemadewardrobe.com\/","name":"wemadewardrobe","description":"modern knitting patterns from Lisa &amp; Bella","publisher":{"@id":"https:\/\/wemadewardrobe.com\/#organization"},"alternateName":"modern knitting patterns","potentialAction":[{"@type":"SearchAction","target":{"@type":"EntryPoint","urlTemplate":"https:\/\/wemadewardrobe.com\/?s={search_term_string}"},"query-input":{"@type":"PropertyValueSpecification","valueRequired":true,"valueName":"search_term_string"}}],"inLanguage":"de"},{"@type":"Organization","@id":"https:\/\/wemadewardrobe.com\/#organization","name":"wemadewardrobe","url":"https:\/\/wemadewardrobe.com\/","logo":{"@type":"ImageObject","inLanguage":"de","@id":"https:\/\/wemadewardrobe.com\/#\/schema\/logo\/image\/","url":"https:\/\/wemadewardrobe.com\/wp-content\/uploads\/2023\/10\/cropped-wemadewardrobe_Png-150x150-1.png","contentUrl":"https:\/\/wemadewardrobe.com\/wp-content\/uploads\/2023\/10\/cropped-wemadewardrobe_Png-150x150-1.png","width":118,"height":84,"caption":"wemadewardrobe"},"image":{"@id":"https:\/\/wemadewardrobe.com\/#\/schema\/logo\/image\/"},"sameAs":["https:\/\/www.instagram.com\/wemadewardrobe\/"]}]}},"_links":{"self":[{"href":"https:\/\/wemadewardrobe.com\/de\/wp-json\/wp\/v2\/product\/1534","targetHints":{"allow":["GET"]}}],"collection":[{"href":"https:\/\/wemadewardrobe.com\/de\/wp-json\/wp\/v2\/product"}],"about":[{"href":"https:\/\/wemadewardrobe.com\/de\/wp-json\/wp\/v2\/types\/product"}],"wp:featuredmedia":[{"embeddable":true,"href":"https:\/\/wemadewardrobe.com\/de\/wp-json\/wp\/v2\/media\/1556"}],"wp:attachment":[{"href":"https:\/\/wemadewardrobe.com\/de\/wp-json\/wp\/v2\/media?parent=1534"}],"wp:term":[{"taxonomy":"product_brand","embeddable":true,"href":"https:\/\/wemadewardrobe.com\/de\/wp-json\/wp\/v2\/product_brand?post=1534"},{"taxonomy":"product_cat","embeddable":true,"href":"https:\/\/wemadewardrobe.com\/de\/wp-json\/wp\/v2\/product_cat?post=1534"},{"taxonomy":"product_tag","embeddable":true,"href":"https:\/\/wemadewardrobe.com\/de\/wp-json\/wp\/v2\/product_tag?post=1534"}],"curies":[{"name":"wp","href":"https:\/\/api.w.org\/{rel}","templated":true}]}}