{"id":1684,"date":"2024-05-20T13:28:28","date_gmt":"2024-05-20T12:28:28","guid":{"rendered":"https:\/\/wemadewardrobe.com\/?post_type=product&#038;p=1684"},"modified":"2025-03-10T10:25:02","modified_gmt":"2025-03-10T09:25:02","slug":"lotta-scarf-light-knitting-pattern","status":"publish","type":"product","link":"https:\/\/wemadewardrobe.com\/de\/produkt\/lotta-scarf-light-knitting-pattern\/","title":{"rendered":"LOTTA SCARF LIGHT"},"content":{"rendered":"<p>Looking for a small accessory that enriches any outfit with a cozy scarf knitting pattern? Then the Lotta Scarf Light is just the perfect bandana knitting pattern! This knitting pattern for a small scarf makes the cutest little few hour knitting project, for when you need that extra little something-something to make an outfit cozy and cuddly!<\/p>\n<p>This bandana knitting pattern can be worn a multiple of ways making the possibilities endless. Knit this little scarf knitting pattern for you or as a gift &#8211; since it is so quick you will be knitting multiple! The scarf is knit in a 2&#215;2 rib knit pattern and worked with increases and decreases to give it some shape. It uses just a bit of yarn so it is the perfect leftover yarn knitting pattern for yarn you might already have in your stash! Different yarns will give different results but the Lotta Scarf Light knitting pattern will look gorgeous regardless of what yarn you choose!<\/p>\n<p>Begin by making a gauge swatch to check that you have the correct gauge.<\/p>\n<p>&nbsp;<\/p>\n<h4>Sizes<\/h4>\n<p>One Size<\/p>\n<p>&nbsp;<\/p>\n<h4>NeedleS<\/h4>\n<p>Circular needles 3.5 mm [US4] (80 or 100 cm) [40 inches]<\/p>\n<p><i>or<\/i><\/p>\n<p>2 DPNs 3.5 mm [US10]<\/p>\n<p>&nbsp;<\/p>\n<h4>Gauge<\/h4>\n<p>In 2&#215;2 rib (*k2, p2i*) on 3.5 mm [US4] needles:<\/p>\n<p>25 sts x 35 rows = 10 x 10 cm<\/p>\n<p>&nbsp;<\/p>\n<h4>Materials<\/h4>\n<p>approx. 25 g \u201cArwetta\u201d from Filcolana<\/p>\n<p><i>together with<\/i><\/p>\n<p>approx. 15 g \u201cTilia\u201d from Filcolana<\/p>\n<p>&nbsp;<\/p>\n<h4>Yarn alternatives<\/h4>\n<p>approx. 35 g \u201cZauberball Edition 3\u201d from Schoppel<\/p>\n<p><i>or<\/i><\/p>\n<p>approx. 25 g \u201cFlora\u201d from Drops<\/p>\n<p><i>together with<\/i><\/p>\n<p>approx. 15 g \u201cKid Silk\u201d from Drops<\/p>\n<p><i>Note that all three of these options give very different results &#8211; feel free to follow the #lottascarflight hashtag on Instagram to get a feel for the different versions.<\/i><\/p>\n<p>&nbsp;<\/p>\n<p>&#8212;<\/p>\n<p>The pink Lotta Scarf Light is knit in \u201cArwetta\u201d (Fb. 313) and \u201cTilia\u201d (Fb. 313) from Filcolana.<\/p>\n<p>The dark pink Lotta Scarf Light is knit in \u201cArwetta\u201d (Fb. 317) and \u201cTilia\u201d (Fb. 360) from Filcolana.<\/p>\n<p>The blue\/orange Lotta Scarf Light is knit in \u201cZauberball Edition 3\u201d (Fb. 2329 Strandcafe) from Schoppel.<\/p>\n<p><i>\u2014<\/i><\/p>\n<p>&nbsp;<\/p>\n<h4><a href=\"https:\/\/wemadewardrobe.com\/en\/difficulties\/\">DIFFICULTY<\/a><\/h4>\n<p>\u25cf\u25cf\u25cb\u25cb\u25cb (2 out of 5)<\/p>\n<p>&nbsp;<\/p>\n","protected":false},"excerpt":{"rendered":"<p><span style=\"font-weight: 400;\">Die Lotta Scarf Light Strickanleitung f\u00fcr das s\u00fc\u00dfe Halstuch ist das perfekte Accessoire, um jedes Outfit zu vervollst\u00e4ndigen. Das Strickmuster f\u00fcr ein Halstuch ist ein perfektes Projekt, um es aus Garnresten herzustellen.<br \/>\n<\/span><\/p>\n<p>Das Strickmuster f\u00fcr ein Halstuch ist sowohl f\u00fcr Anf\u00e4nger als auch f\u00fcr erfahrene StrickerInnen geeignet und kommt in<strong> Einheitsgr\u00f6\u00dfe<\/strong> (mehr zu den Gr\u00f6\u00dfen findest du weiter unten).<\/p>\n<p>Mehr Informationen zu <strong>Nadelst\u00e4rken<\/strong>, <strong>Maschenprobe<\/strong> und <strong>Material<\/strong> findest du weiter unten.<\/p>\n<p>Die Strickanleitung wird dir per E-Mail zugesendet als <strong>PDF Dokument<\/strong>.<\/p>","protected":false},"featured_media":1689,"template":"","meta":{"inline_featured_image":false,"_kadence_starter_templates_imported_post":false,"_kad_post_transparent":"default","_kad_post_title":"","_kad_post_layout":"default","_kad_post_sidebar_id":"","_kad_post_content_style":"default","_kad_post_vertical_padding":"default","_kad_post_feature":"","_kad_post_feature_position":"","_kad_post_header":false,"_kad_post_footer":false,"_kad_post_classname":""},"product_brand":[],"product_cat":[52],"product_tag":[59,77,120,119,92,91,54,117,118,116,122,74,73,112,113,121],"class_list":{"0":"post-1684","1":"product","2":"type-product","3":"status-publish","4":"has-post-thumbnail","6":"product_cat-accessory-knitting-patterns","7":"product_tag-2x2-ribbing","8":"product_tag-accessoire","9":"product_tag-bandana","10":"product_tag-bandana-knitting-pattern","11":"product_tag-beginner","12":"product_tag-beginner-knitting-pattern","13":"product_tag-knitting-pattern","14":"product_tag-light","15":"product_tag-lotta","16":"product_tag-lotta-scarf-light","17":"product_tag-ribbing","18":"product_tag-scarf","19":"product_tag-scarf-knitting-pattern","20":"product_tag-scrap-yarn-project","21":"product_tag-single-skein-project","22":"product_tag-small-scarf","24":"first","25":"instock","26":"sold-individually","27":"purchasable","28":"product-type-variable","29":"entry","30":"content-bg","31":"loop-entry"},"yoast_head":"<!-- This site is optimized with the Yoast SEO plugin v27.4 - https:\/\/yoast.com\/product\/yoast-seo-wordpress\/ -->\n<title>LOTTA SCARF LIGHT - wemadewardrobe<\/title>\n<meta name=\"description\" content=\"Easy knitting pattern for a bandana, a fast knit perfect for your scap yarn. With the knitting pattern you can knit the lotta scarf light.\" \/>\n<meta name=\"robots\" content=\"index, follow, max-snippet:-1, max-image-preview:large, max-video-preview:-1\" \/>\n<link rel=\"canonical\" href=\"https:\/\/wemadewardrobe.com\/de\/produkt\/lotta-scarf-light-knitting-pattern\/\" \/>\n<meta property=\"og:locale\" content=\"de_DE\" \/>\n<meta property=\"og:type\" content=\"article\" \/>\n<meta property=\"og:title\" content=\"LOTTA SCARF LIGHT - wemadewardrobe\" \/>\n<meta property=\"og:description\" content=\"Easy knitting pattern for a bandana, a fast knit perfect for your scap yarn. With the knitting pattern you can knit the lotta scarf light.\" \/>\n<meta property=\"og:url\" content=\"https:\/\/wemadewardrobe.com\/de\/produkt\/lotta-scarf-light-knitting-pattern\/\" \/>\n<meta property=\"og:site_name\" content=\"wemadewardrobe\" \/>\n<meta property=\"article:modified_time\" content=\"2025-03-10T09:25:02+00:00\" \/>\n<meta property=\"og:image\" content=\"https:\/\/wemadewardrobe.com\/wp-content\/uploads\/2024\/05\/DSC01900_komprimiert.jpg\" \/>\n\t<meta property=\"og:image:width\" content=\"450\" \/>\n\t<meta property=\"og:image:height\" content=\"630\" \/>\n\t<meta property=\"og:image:type\" content=\"image\/jpeg\" \/>\n<meta name=\"twitter:card\" content=\"summary_large_image\" \/>\n<meta name=\"twitter:label1\" content=\"Gesch\u00e4tzte Lesezeit\" \/>\n\t<meta name=\"twitter:data1\" content=\"2\u00a0Minuten\" \/>\n<script type=\"application\/ld+json\" class=\"yoast-schema-graph\">{\"@context\":\"https:\\\/\\\/schema.org\",\"@graph\":[{\"@type\":[\"WebPage\",\"ItemPage\"],\"@id\":\"https:\\\/\\\/wemadewardrobe.com\\\/en\\\/product\\\/lotta-scarf-light-knitting-pattern\\\/\",\"url\":\"https:\\\/\\\/wemadewardrobe.com\\\/en\\\/product\\\/lotta-scarf-light-knitting-pattern\\\/\",\"name\":\"LOTTA SCARF LIGHT - wemadewardrobe\",\"isPartOf\":{\"@id\":\"https:\\\/\\\/wemadewardrobe.com\\\/#website\"},\"primaryImageOfPage\":{\"@id\":\"https:\\\/\\\/wemadewardrobe.com\\\/en\\\/product\\\/lotta-scarf-light-knitting-pattern\\\/#primaryimage\"},\"image\":{\"@id\":\"https:\\\/\\\/wemadewardrobe.com\\\/en\\\/product\\\/lotta-scarf-light-knitting-pattern\\\/#primaryimage\"},\"thumbnailUrl\":\"https:\\\/\\\/wemadewardrobe.com\\\/wp-content\\\/uploads\\\/2024\\\/05\\\/DSC01900_komprimiert.jpg\",\"datePublished\":\"2024-05-20T12:28:28+00:00\",\"dateModified\":\"2025-03-10T09:25:02+00:00\",\"description\":\"Easy knitting pattern for a bandana, a fast knit perfect for your scap yarn. With the knitting pattern you can knit the lotta scarf light.\",\"breadcrumb\":{\"@id\":\"https:\\\/\\\/wemadewardrobe.com\\\/en\\\/product\\\/lotta-scarf-light-knitting-pattern\\\/#breadcrumb\"},\"inLanguage\":\"de\",\"potentialAction\":[{\"@type\":\"ReadAction\",\"target\":[\"https:\\\/\\\/wemadewardrobe.com\\\/en\\\/product\\\/lotta-scarf-light-knitting-pattern\\\/\"]}]},{\"@type\":\"ImageObject\",\"inLanguage\":\"de\",\"@id\":\"https:\\\/\\\/wemadewardrobe.com\\\/en\\\/product\\\/lotta-scarf-light-knitting-pattern\\\/#primaryimage\",\"url\":\"https:\\\/\\\/wemadewardrobe.com\\\/wp-content\\\/uploads\\\/2024\\\/05\\\/DSC01900_komprimiert.jpg\",\"contentUrl\":\"https:\\\/\\\/wemadewardrobe.com\\\/wp-content\\\/uploads\\\/2024\\\/05\\\/DSC01900_komprimiert.jpg\",\"width\":450,\"height\":630,\"caption\":\"Lotta Scarf Light Knitting pattern\"},{\"@type\":\"BreadcrumbList\",\"@id\":\"https:\\\/\\\/wemadewardrobe.com\\\/en\\\/product\\\/lotta-scarf-light-knitting-pattern\\\/#breadcrumb\",\"itemListElement\":[{\"@type\":\"ListItem\",\"position\":1,\"name\":\"Home\",\"item\":\"https:\\\/\\\/wemadewardrobe.com\\\/\"},{\"@type\":\"ListItem\",\"position\":2,\"name\":\"Knitting Patterns\",\"item\":\"https:\\\/\\\/wemadewardrobe.com\\\/de\\\/shop\\\/\"},{\"@type\":\"ListItem\",\"position\":3,\"name\":\"LOTTA SCARF LIGHT\"}]},{\"@type\":\"WebSite\",\"@id\":\"https:\\\/\\\/wemadewardrobe.com\\\/#website\",\"url\":\"https:\\\/\\\/wemadewardrobe.com\\\/\",\"name\":\"wemadewardrobe\",\"description\":\"modern knitting patterns from Lisa &amp; Bella\",\"publisher\":{\"@id\":\"https:\\\/\\\/wemadewardrobe.com\\\/#organization\"},\"alternateName\":\"modern knitting patterns\",\"potentialAction\":[{\"@type\":\"SearchAction\",\"target\":{\"@type\":\"EntryPoint\",\"urlTemplate\":\"https:\\\/\\\/wemadewardrobe.com\\\/?s={search_term_string}\"},\"query-input\":{\"@type\":\"PropertyValueSpecification\",\"valueRequired\":true,\"valueName\":\"search_term_string\"}}],\"inLanguage\":\"de\"},{\"@type\":\"Organization\",\"@id\":\"https:\\\/\\\/wemadewardrobe.com\\\/#organization\",\"name\":\"wemadewardrobe\",\"url\":\"https:\\\/\\\/wemadewardrobe.com\\\/\",\"logo\":{\"@type\":\"ImageObject\",\"inLanguage\":\"de\",\"@id\":\"https:\\\/\\\/wemadewardrobe.com\\\/#\\\/schema\\\/logo\\\/image\\\/\",\"url\":\"https:\\\/\\\/wemadewardrobe.com\\\/wp-content\\\/uploads\\\/2023\\\/10\\\/cropped-wemadewardrobe_Png-150x150-1.png\",\"contentUrl\":\"https:\\\/\\\/wemadewardrobe.com\\\/wp-content\\\/uploads\\\/2023\\\/10\\\/cropped-wemadewardrobe_Png-150x150-1.png\",\"width\":118,\"height\":84,\"caption\":\"wemadewardrobe\"},\"image\":{\"@id\":\"https:\\\/\\\/wemadewardrobe.com\\\/#\\\/schema\\\/logo\\\/image\\\/\"},\"sameAs\":[\"https:\\\/\\\/www.instagram.com\\\/wemadewardrobe\\\/\"]}]}<\/script>\n<!-- \/ Yoast SEO plugin. -->","yoast_head_json":{"title":"LOTTA SCARF LIGHT - wemadewardrobe","description":"Easy knitting pattern for a bandana, a fast knit perfect for your scap yarn. With the knitting pattern you can knit the lotta scarf light.","robots":{"index":"index","follow":"follow","max-snippet":"max-snippet:-1","max-image-preview":"max-image-preview:large","max-video-preview":"max-video-preview:-1"},"canonical":"https:\/\/wemadewardrobe.com\/de\/produkt\/lotta-scarf-light-knitting-pattern\/","og_locale":"de_DE","og_type":"article","og_title":"LOTTA SCARF LIGHT - wemadewardrobe","og_description":"Easy knitting pattern for a bandana, a fast knit perfect for your scap yarn. With the knitting pattern you can knit the lotta scarf light.","og_url":"https:\/\/wemadewardrobe.com\/de\/produkt\/lotta-scarf-light-knitting-pattern\/","og_site_name":"wemadewardrobe","article_modified_time":"2025-03-10T09:25:02+00:00","og_image":[{"width":450,"height":630,"url":"https:\/\/wemadewardrobe.com\/wp-content\/uploads\/2024\/05\/DSC01900_komprimiert.jpg","type":"image\/jpeg"}],"twitter_card":"summary_large_image","twitter_misc":{"Gesch\u00e4tzte Lesezeit":"2\u00a0Minuten"},"schema":{"@context":"https:\/\/schema.org","@graph":[{"@type":["WebPage","ItemPage"],"@id":"https:\/\/wemadewardrobe.com\/en\/product\/lotta-scarf-light-knitting-pattern\/","url":"https:\/\/wemadewardrobe.com\/en\/product\/lotta-scarf-light-knitting-pattern\/","name":"LOTTA SCARF LIGHT - wemadewardrobe","isPartOf":{"@id":"https:\/\/wemadewardrobe.com\/#website"},"primaryImageOfPage":{"@id":"https:\/\/wemadewardrobe.com\/en\/product\/lotta-scarf-light-knitting-pattern\/#primaryimage"},"image":{"@id":"https:\/\/wemadewardrobe.com\/en\/product\/lotta-scarf-light-knitting-pattern\/#primaryimage"},"thumbnailUrl":"https:\/\/wemadewardrobe.com\/wp-content\/uploads\/2024\/05\/DSC01900_komprimiert.jpg","datePublished":"2024-05-20T12:28:28+00:00","dateModified":"2025-03-10T09:25:02+00:00","description":"Easy knitting pattern for a bandana, a fast knit perfect for your scap yarn. With the knitting pattern you can knit the lotta scarf light.","breadcrumb":{"@id":"https:\/\/wemadewardrobe.com\/en\/product\/lotta-scarf-light-knitting-pattern\/#breadcrumb"},"inLanguage":"de","potentialAction":[{"@type":"ReadAction","target":["https:\/\/wemadewardrobe.com\/en\/product\/lotta-scarf-light-knitting-pattern\/"]}]},{"@type":"ImageObject","inLanguage":"de","@id":"https:\/\/wemadewardrobe.com\/en\/product\/lotta-scarf-light-knitting-pattern\/#primaryimage","url":"https:\/\/wemadewardrobe.com\/wp-content\/uploads\/2024\/05\/DSC01900_komprimiert.jpg","contentUrl":"https:\/\/wemadewardrobe.com\/wp-content\/uploads\/2024\/05\/DSC01900_komprimiert.jpg","width":450,"height":630,"caption":"Lotta Scarf Light Knitting pattern"},{"@type":"BreadcrumbList","@id":"https:\/\/wemadewardrobe.com\/en\/product\/lotta-scarf-light-knitting-pattern\/#breadcrumb","itemListElement":[{"@type":"ListItem","position":1,"name":"Home","item":"https:\/\/wemadewardrobe.com\/"},{"@type":"ListItem","position":2,"name":"Knitting Patterns","item":"https:\/\/wemadewardrobe.com\/de\/shop\/"},{"@type":"ListItem","position":3,"name":"LOTTA SCARF LIGHT"}]},{"@type":"WebSite","@id":"https:\/\/wemadewardrobe.com\/#website","url":"https:\/\/wemadewardrobe.com\/","name":"wemadewardrobe","description":"modern knitting patterns from Lisa &amp; Bella","publisher":{"@id":"https:\/\/wemadewardrobe.com\/#organization"},"alternateName":"modern knitting patterns","potentialAction":[{"@type":"SearchAction","target":{"@type":"EntryPoint","urlTemplate":"https:\/\/wemadewardrobe.com\/?s={search_term_string}"},"query-input":{"@type":"PropertyValueSpecification","valueRequired":true,"valueName":"search_term_string"}}],"inLanguage":"de"},{"@type":"Organization","@id":"https:\/\/wemadewardrobe.com\/#organization","name":"wemadewardrobe","url":"https:\/\/wemadewardrobe.com\/","logo":{"@type":"ImageObject","inLanguage":"de","@id":"https:\/\/wemadewardrobe.com\/#\/schema\/logo\/image\/","url":"https:\/\/wemadewardrobe.com\/wp-content\/uploads\/2023\/10\/cropped-wemadewardrobe_Png-150x150-1.png","contentUrl":"https:\/\/wemadewardrobe.com\/wp-content\/uploads\/2023\/10\/cropped-wemadewardrobe_Png-150x150-1.png","width":118,"height":84,"caption":"wemadewardrobe"},"image":{"@id":"https:\/\/wemadewardrobe.com\/#\/schema\/logo\/image\/"},"sameAs":["https:\/\/www.instagram.com\/wemadewardrobe\/"]}]}},"_links":{"self":[{"href":"https:\/\/wemadewardrobe.com\/de\/wp-json\/wp\/v2\/product\/1684","targetHints":{"allow":["GET"]}}],"collection":[{"href":"https:\/\/wemadewardrobe.com\/de\/wp-json\/wp\/v2\/product"}],"about":[{"href":"https:\/\/wemadewardrobe.com\/de\/wp-json\/wp\/v2\/types\/product"}],"wp:featuredmedia":[{"embeddable":true,"href":"https:\/\/wemadewardrobe.com\/de\/wp-json\/wp\/v2\/media\/1689"}],"wp:attachment":[{"href":"https:\/\/wemadewardrobe.com\/de\/wp-json\/wp\/v2\/media?parent=1684"}],"wp:term":[{"taxonomy":"product_brand","embeddable":true,"href":"https:\/\/wemadewardrobe.com\/de\/wp-json\/wp\/v2\/product_brand?post=1684"},{"taxonomy":"product_cat","embeddable":true,"href":"https:\/\/wemadewardrobe.com\/de\/wp-json\/wp\/v2\/product_cat?post=1684"},{"taxonomy":"product_tag","embeddable":true,"href":"https:\/\/wemadewardrobe.com\/de\/wp-json\/wp\/v2\/product_tag?post=1684"}],"curies":[{"name":"wp","href":"https:\/\/api.w.org\/{rel}","templated":true}]}}