{"id":1788,"date":"2024-08-25T10:05:57","date_gmt":"2024-08-25T09:05:57","guid":{"rendered":"https:\/\/wemadewardrobe.com\/?post_type=product&#038;p=1788"},"modified":"2024-08-25T11:13:42","modified_gmt":"2024-08-25T10:13:42","slug":"raglan-sweater-knitting-pattern-niva","status":"publish","type":"product","link":"https:\/\/wemadewardrobe.com\/de\/produkt\/raglan-sweater-knitting-pattern-niva\/","title":{"rendered":"NIVA SWEATER"},"content":{"rendered":"<p>The Niva Sweater knitting pattern features a raglan construction. This style is characterized by diagonal seams that extend from the underarm to the neckline, creating a seamless and flattering fit that was popularized in the mid-19th century as a practical and comfortable alternative to traditional set-in sleeves. The Niva Sweater knitting pattern combines this classic construction with a modern wide rib design, creating a versatile and modern knitting pattern perfect for your wardrobe. With the 2&#215;2 ribbing accents at the mock-neck collar and the sleeve cuffs you\u2019ll knit a raglan sweater with a high-end looking finish made complete by side slits in the body for an effortless and comfortable fit. With this sweater knitting pattern you\u2019ll knit a staple in your wardrobe that will last you a lifetime.<\/p>\n<p>Begin by making a gauge swatch to check that you have the correct gauge.<\/p>\n<p>&nbsp;<\/p>\n<h4>SizeS<\/h4>\n<p><b>XS (S) M (L) XL (2XL) 3XL<\/b><\/p>\n<p>The Niva Sweater should have a range of movement (positive ease) of approx. 20-30 cm in relation to your chest circumference. Sizes XS (S) M (L) XL (2XL) 3XL fit a chest measurement of 78-84 (85-90) 91-98 (99-109) 110-120 (121-130) 131-140 cm. Measure yourself before you start knitting to make sure you have chosen the correct size for you.<\/p>\n<p>&nbsp;<\/p>\n<h4>Needles<\/h4>\n<p>Circular knitting needle 4.5 mm [US7] (40 &amp; 80 or 100 cm) [16 and 40 inches]<\/p>\n<p>Circular knitting needle 4.0 mm [US6] (40 or 100 cm for Magic Loop) [16 or 40 inches]<\/p>\n<p>Circular knitting needle 3.5 mm [US4] (40 or 100 cm for Magic Loop) [16 or 40 inches] or DPNs 3.5 mm [US4]<\/p>\n<p>&nbsp;<\/p>\n<h4>Gauge<\/h4>\n<p>In a wide rib pattern (k5, p2) on 4.5 mm needles:<\/p>\n<p>21 sts x 30 r = 10 x 10 cm<\/p>\n<p>&nbsp;<\/p>\n<p>In ribbing (k2, p2) on 4.0 mm needles:<\/p>\n<p>21 sts x 30 r = 10 x 10 cm<\/p>\n<p>&nbsp;<\/p>\n<h4>Materials<\/h4>\n<p>550 (600) 600 (650) 650 (700) 750 g<\/p>\n<p>\u201c120 Filana Merino\u201d by Schulana (50g = 120m)<\/p>\n<p><i>together with<\/i><\/p>\n<p>125 (150) 175 (175) 200 (200) 225 g<\/p>\n<p>\u201cKid Seta\u201d by Schulana (25 g = 210m)<\/p>\n<p>&nbsp;<\/p>\n<p>The sweater is knitted using one strand of the thicker yarn and one strand of the silk mohair together.<\/p>\n<p>Note that you will need more yarn if you want to knit a longer sweater.<\/p>\n<p>&nbsp;<\/p>\n<h4>Yarn alternatives<\/h4>\n<p>550 (600) 600 (650) 650 (700) 750 g<\/p>\n<p>\u201cMerino 120\u201d by Lang Yarns (50g = 120m)<\/p>\n<p><i>together with<\/i><\/p>\n<p>100 (100) 125 (125) 150 (150) 175 g<\/p>\n<p>\u201cLace\u201d by Lang Yarns (25 g = 310m)<\/p>\n<p>&nbsp;<\/p>\n<p>\u2014<\/p>\n<p>600 (650) 650 (700) 700 (750) 800 g<\/p>\n<p>\u201cDaisy\u201d by Drops Design (50g = 110m)<\/p>\n<p><i>together with<\/i><\/p>\n<p>125 (150) 175 (175) 200 (200) 225 g<\/p>\n<p>\u201cKid Silk\u201d by Drops Design (25 g = 210m)<\/p>\n<p>\u2014<\/p>\n<p>Our white Niva Sweater is knitted in: &#8220;120 Filana-Merino&#8221; in color 000 &amp; &#8220;Kid Seta&#8221; in color 000 by Schulana.<\/p>\n<p>Our red Niva Sweater is knitted in: &#8220;120 Filana-Merino&#8221; in color 016 &amp; &#8220;Kid Seta&#8221; in color 030 by Schulana.<\/p>\n<p>&nbsp;<\/p>\n<h4><a href=\"https:\/\/wemadewardrobe.com\/en\/difficulties\/\">DIFFICULTY<\/a><\/h4>\n<p>\u25cf\u25cf\u25cf\u25cb\u25cb (3 out of 5)<\/p>\n<h4>YOUTUBE TUTORIALS<\/h4>\n<p><iframe loading=\"lazy\" title=\"YouTube video player\" src=\"https:\/\/www.youtube.com\/embed\/ocI9Y_ejHQE?si=uqmlulXlP9LS_kEt\" width=\"560\" height=\"315\" frameborder=\"0\" allowfullscreen=\"allowfullscreen\"><\/iframe><\/p>\n","protected":false},"excerpt":{"rendered":"<p><span style=\"font-weight: 400;\">Das Strickmuster f\u00fcr den Niva Sweater ist eine Raglan Pullover Strickanleitung mit seitlichen Schlitzen und einem doppelt gefalteten Kragen.<br \/>\n<\/span><\/p>\n<p>Das Strickanleitung f\u00fcr einen Raglan Pullover ist f\u00fcr fortgeschrittene und erfahrene Strickerinnen geeignet und kommt in<strong> Gr\u00f6\u00dfen XS-3XL<\/strong> (mehr zu den Gr\u00f6\u00dfen findest du weiter unten).<\/p>\n<p>Mehr Informationen zu <strong>Nadelst\u00e4rken<\/strong>, <strong>Maschenprobe<\/strong> und <strong>Material<\/strong> findest du weiter unten.<\/p>\n<p>Die Strickanleitung wird dir per E-Mail zugesendet als <strong>PDF Dokument<\/strong>.<\/p>","protected":false},"featured_media":1791,"template":"","meta":{"inline_featured_image":false,"_kadence_starter_templates_imported_post":false,"_kad_post_transparent":"default","_kad_post_title":"","_kad_post_layout":"default","_kad_post_sidebar_id":"","_kad_post_content_style":"default","_kad_post_vertical_padding":"default","_kad_post_feature":"","_kad_post_feature_position":"","_kad_post_header":false,"_kad_post_footer":false,"_kad_post_classname":""},"product_brand":[],"product_cat":[53],"product_tag":[59,54,148,60,151,152,147,149,122,153,150,55],"class_list":{"0":"post-1788","1":"product","2":"type-product","3":"status-publish","4":"has-post-thumbnail","6":"product_cat-sweater-knitting-patterns","7":"product_tag-2x2-ribbing","8":"product_tag-knitting-pattern","9":"product_tag-niva-sweater","10":"product_tag-oversized-sweater","11":"product_tag-pullover","12":"product_tag-pullover-strickanleitung","13":"product_tag-raglan","14":"product_tag-raglan-sweater","15":"product_tag-ribbing","16":"product_tag-strickanleitung","17":"product_tag-sweater","18":"product_tag-sweater-knitting-pattern","20":"first","21":"instock","22":"sold-individually","23":"purchasable","24":"product-type-variable","25":"entry","26":"content-bg","27":"loop-entry"},"yoast_head":"<!-- This site is optimized with the Yoast SEO plugin v27.4 - https:\/\/yoast.com\/product\/yoast-seo-wordpress\/ -->\n<title>NIVA SWEATER - wemadewardrobe<\/title>\n<meta name=\"description\" content=\"The Niva Sweater knitting pattern is a raglan sweater knitting pattern with an oversized fit, slits on the sides and a double folded collar.\" \/>\n<meta name=\"robots\" content=\"index, follow, max-snippet:-1, max-image-preview:large, max-video-preview:-1\" \/>\n<link rel=\"canonical\" href=\"https:\/\/wemadewardrobe.com\/de\/produkt\/raglan-sweater-knitting-pattern-niva\/\" \/>\n<meta property=\"og:locale\" content=\"de_DE\" \/>\n<meta property=\"og:type\" content=\"article\" \/>\n<meta property=\"og:title\" content=\"NIVA SWEATER - wemadewardrobe\" \/>\n<meta property=\"og:description\" content=\"The Niva Sweater knitting pattern is a raglan sweater knitting pattern with an oversized fit, slits on the sides and a double folded collar.\" \/>\n<meta property=\"og:url\" content=\"https:\/\/wemadewardrobe.com\/de\/produkt\/raglan-sweater-knitting-pattern-niva\/\" \/>\n<meta property=\"og:site_name\" content=\"wemadewardrobe\" \/>\n<meta property=\"article:modified_time\" content=\"2024-08-25T10:13:42+00:00\" \/>\n<meta property=\"og:image\" content=\"https:\/\/wemadewardrobe.com\/wp-content\/uploads\/2024\/08\/Niva-Sweater-Titelbild.jpg\" \/>\n\t<meta property=\"og:image:width\" content=\"450\" \/>\n\t<meta property=\"og:image:height\" content=\"630\" \/>\n\t<meta property=\"og:image:type\" content=\"image\/jpeg\" \/>\n<meta name=\"twitter:card\" content=\"summary_large_image\" \/>\n<meta name=\"twitter:label1\" content=\"Gesch\u00e4tzte Lesezeit\" \/>\n\t<meta name=\"twitter:data1\" content=\"3\u00a0Minuten\" \/>\n<script type=\"application\/ld+json\" class=\"yoast-schema-graph\">{\"@context\":\"https:\\\/\\\/schema.org\",\"@graph\":[{\"@type\":[\"WebPage\",\"ItemPage\"],\"@id\":\"https:\\\/\\\/wemadewardrobe.com\\\/product\\\/raglan-sweater-knitting-pattern-niva\\\/\",\"url\":\"https:\\\/\\\/wemadewardrobe.com\\\/product\\\/raglan-sweater-knitting-pattern-niva\\\/\",\"name\":\"NIVA SWEATER - wemadewardrobe\",\"isPartOf\":{\"@id\":\"https:\\\/\\\/wemadewardrobe.com\\\/#website\"},\"primaryImageOfPage\":{\"@id\":\"https:\\\/\\\/wemadewardrobe.com\\\/product\\\/raglan-sweater-knitting-pattern-niva\\\/#primaryimage\"},\"image\":{\"@id\":\"https:\\\/\\\/wemadewardrobe.com\\\/product\\\/raglan-sweater-knitting-pattern-niva\\\/#primaryimage\"},\"thumbnailUrl\":\"https:\\\/\\\/wemadewardrobe.com\\\/wp-content\\\/uploads\\\/2024\\\/08\\\/Niva-Sweater-Titelbild.jpg\",\"datePublished\":\"2024-08-25T09:05:57+00:00\",\"dateModified\":\"2024-08-25T10:13:42+00:00\",\"description\":\"The Niva Sweater knitting pattern is a raglan sweater knitting pattern with an oversized fit, slits on the sides and a double folded collar.\",\"breadcrumb\":{\"@id\":\"https:\\\/\\\/wemadewardrobe.com\\\/product\\\/raglan-sweater-knitting-pattern-niva\\\/#breadcrumb\"},\"inLanguage\":\"de\",\"potentialAction\":[{\"@type\":\"ReadAction\",\"target\":[\"https:\\\/\\\/wemadewardrobe.com\\\/product\\\/raglan-sweater-knitting-pattern-niva\\\/\"]}]},{\"@type\":\"ImageObject\",\"inLanguage\":\"de\",\"@id\":\"https:\\\/\\\/wemadewardrobe.com\\\/product\\\/raglan-sweater-knitting-pattern-niva\\\/#primaryimage\",\"url\":\"https:\\\/\\\/wemadewardrobe.com\\\/wp-content\\\/uploads\\\/2024\\\/08\\\/Niva-Sweater-Titelbild.jpg\",\"contentUrl\":\"https:\\\/\\\/wemadewardrobe.com\\\/wp-content\\\/uploads\\\/2024\\\/08\\\/Niva-Sweater-Titelbild.jpg\",\"width\":450,\"height\":630,\"caption\":\"Raglan Sweater knitting pattern\"},{\"@type\":\"BreadcrumbList\",\"@id\":\"https:\\\/\\\/wemadewardrobe.com\\\/product\\\/raglan-sweater-knitting-pattern-niva\\\/#breadcrumb\",\"itemListElement\":[{\"@type\":\"ListItem\",\"position\":1,\"name\":\"Home\",\"item\":\"https:\\\/\\\/wemadewardrobe.com\\\/\"},{\"@type\":\"ListItem\",\"position\":2,\"name\":\"Knitting Patterns\",\"item\":\"https:\\\/\\\/wemadewardrobe.com\\\/de\\\/shop\\\/\"},{\"@type\":\"ListItem\",\"position\":3,\"name\":\"NIVA SWEATER\"}]},{\"@type\":\"WebSite\",\"@id\":\"https:\\\/\\\/wemadewardrobe.com\\\/#website\",\"url\":\"https:\\\/\\\/wemadewardrobe.com\\\/\",\"name\":\"wemadewardrobe\",\"description\":\"modern knitting patterns from Lisa &amp; Bella\",\"publisher\":{\"@id\":\"https:\\\/\\\/wemadewardrobe.com\\\/#organization\"},\"alternateName\":\"modern knitting patterns\",\"potentialAction\":[{\"@type\":\"SearchAction\",\"target\":{\"@type\":\"EntryPoint\",\"urlTemplate\":\"https:\\\/\\\/wemadewardrobe.com\\\/?s={search_term_string}\"},\"query-input\":{\"@type\":\"PropertyValueSpecification\",\"valueRequired\":true,\"valueName\":\"search_term_string\"}}],\"inLanguage\":\"de\"},{\"@type\":\"Organization\",\"@id\":\"https:\\\/\\\/wemadewardrobe.com\\\/#organization\",\"name\":\"wemadewardrobe\",\"url\":\"https:\\\/\\\/wemadewardrobe.com\\\/\",\"logo\":{\"@type\":\"ImageObject\",\"inLanguage\":\"de\",\"@id\":\"https:\\\/\\\/wemadewardrobe.com\\\/#\\\/schema\\\/logo\\\/image\\\/\",\"url\":\"https:\\\/\\\/wemadewardrobe.com\\\/wp-content\\\/uploads\\\/2023\\\/10\\\/cropped-wemadewardrobe_Png-150x150-1.png\",\"contentUrl\":\"https:\\\/\\\/wemadewardrobe.com\\\/wp-content\\\/uploads\\\/2023\\\/10\\\/cropped-wemadewardrobe_Png-150x150-1.png\",\"width\":118,\"height\":84,\"caption\":\"wemadewardrobe\"},\"image\":{\"@id\":\"https:\\\/\\\/wemadewardrobe.com\\\/#\\\/schema\\\/logo\\\/image\\\/\"},\"sameAs\":[\"https:\\\/\\\/www.instagram.com\\\/wemadewardrobe\\\/\"]}]}<\/script>\n<!-- \/ Yoast SEO plugin. -->","yoast_head_json":{"title":"NIVA SWEATER - wemadewardrobe","description":"The Niva Sweater knitting pattern is a raglan sweater knitting pattern with an oversized fit, slits on the sides and a double folded collar.","robots":{"index":"index","follow":"follow","max-snippet":"max-snippet:-1","max-image-preview":"max-image-preview:large","max-video-preview":"max-video-preview:-1"},"canonical":"https:\/\/wemadewardrobe.com\/de\/produkt\/raglan-sweater-knitting-pattern-niva\/","og_locale":"de_DE","og_type":"article","og_title":"NIVA SWEATER - wemadewardrobe","og_description":"The Niva Sweater knitting pattern is a raglan sweater knitting pattern with an oversized fit, slits on the sides and a double folded collar.","og_url":"https:\/\/wemadewardrobe.com\/de\/produkt\/raglan-sweater-knitting-pattern-niva\/","og_site_name":"wemadewardrobe","article_modified_time":"2024-08-25T10:13:42+00:00","og_image":[{"width":450,"height":630,"url":"https:\/\/wemadewardrobe.com\/wp-content\/uploads\/2024\/08\/Niva-Sweater-Titelbild.jpg","type":"image\/jpeg"}],"twitter_card":"summary_large_image","twitter_misc":{"Gesch\u00e4tzte Lesezeit":"3\u00a0Minuten"},"schema":{"@context":"https:\/\/schema.org","@graph":[{"@type":["WebPage","ItemPage"],"@id":"https:\/\/wemadewardrobe.com\/product\/raglan-sweater-knitting-pattern-niva\/","url":"https:\/\/wemadewardrobe.com\/product\/raglan-sweater-knitting-pattern-niva\/","name":"NIVA SWEATER - wemadewardrobe","isPartOf":{"@id":"https:\/\/wemadewardrobe.com\/#website"},"primaryImageOfPage":{"@id":"https:\/\/wemadewardrobe.com\/product\/raglan-sweater-knitting-pattern-niva\/#primaryimage"},"image":{"@id":"https:\/\/wemadewardrobe.com\/product\/raglan-sweater-knitting-pattern-niva\/#primaryimage"},"thumbnailUrl":"https:\/\/wemadewardrobe.com\/wp-content\/uploads\/2024\/08\/Niva-Sweater-Titelbild.jpg","datePublished":"2024-08-25T09:05:57+00:00","dateModified":"2024-08-25T10:13:42+00:00","description":"The Niva Sweater knitting pattern is a raglan sweater knitting pattern with an oversized fit, slits on the sides and a double folded collar.","breadcrumb":{"@id":"https:\/\/wemadewardrobe.com\/product\/raglan-sweater-knitting-pattern-niva\/#breadcrumb"},"inLanguage":"de","potentialAction":[{"@type":"ReadAction","target":["https:\/\/wemadewardrobe.com\/product\/raglan-sweater-knitting-pattern-niva\/"]}]},{"@type":"ImageObject","inLanguage":"de","@id":"https:\/\/wemadewardrobe.com\/product\/raglan-sweater-knitting-pattern-niva\/#primaryimage","url":"https:\/\/wemadewardrobe.com\/wp-content\/uploads\/2024\/08\/Niva-Sweater-Titelbild.jpg","contentUrl":"https:\/\/wemadewardrobe.com\/wp-content\/uploads\/2024\/08\/Niva-Sweater-Titelbild.jpg","width":450,"height":630,"caption":"Raglan Sweater knitting pattern"},{"@type":"BreadcrumbList","@id":"https:\/\/wemadewardrobe.com\/product\/raglan-sweater-knitting-pattern-niva\/#breadcrumb","itemListElement":[{"@type":"ListItem","position":1,"name":"Home","item":"https:\/\/wemadewardrobe.com\/"},{"@type":"ListItem","position":2,"name":"Knitting Patterns","item":"https:\/\/wemadewardrobe.com\/de\/shop\/"},{"@type":"ListItem","position":3,"name":"NIVA SWEATER"}]},{"@type":"WebSite","@id":"https:\/\/wemadewardrobe.com\/#website","url":"https:\/\/wemadewardrobe.com\/","name":"wemadewardrobe","description":"modern knitting patterns from Lisa &amp; Bella","publisher":{"@id":"https:\/\/wemadewardrobe.com\/#organization"},"alternateName":"modern knitting patterns","potentialAction":[{"@type":"SearchAction","target":{"@type":"EntryPoint","urlTemplate":"https:\/\/wemadewardrobe.com\/?s={search_term_string}"},"query-input":{"@type":"PropertyValueSpecification","valueRequired":true,"valueName":"search_term_string"}}],"inLanguage":"de"},{"@type":"Organization","@id":"https:\/\/wemadewardrobe.com\/#organization","name":"wemadewardrobe","url":"https:\/\/wemadewardrobe.com\/","logo":{"@type":"ImageObject","inLanguage":"de","@id":"https:\/\/wemadewardrobe.com\/#\/schema\/logo\/image\/","url":"https:\/\/wemadewardrobe.com\/wp-content\/uploads\/2023\/10\/cropped-wemadewardrobe_Png-150x150-1.png","contentUrl":"https:\/\/wemadewardrobe.com\/wp-content\/uploads\/2023\/10\/cropped-wemadewardrobe_Png-150x150-1.png","width":118,"height":84,"caption":"wemadewardrobe"},"image":{"@id":"https:\/\/wemadewardrobe.com\/#\/schema\/logo\/image\/"},"sameAs":["https:\/\/www.instagram.com\/wemadewardrobe\/"]}]}},"_links":{"self":[{"href":"https:\/\/wemadewardrobe.com\/de\/wp-json\/wp\/v2\/product\/1788","targetHints":{"allow":["GET"]}}],"collection":[{"href":"https:\/\/wemadewardrobe.com\/de\/wp-json\/wp\/v2\/product"}],"about":[{"href":"https:\/\/wemadewardrobe.com\/de\/wp-json\/wp\/v2\/types\/product"}],"wp:featuredmedia":[{"embeddable":true,"href":"https:\/\/wemadewardrobe.com\/de\/wp-json\/wp\/v2\/media\/1791"}],"wp:attachment":[{"href":"https:\/\/wemadewardrobe.com\/de\/wp-json\/wp\/v2\/media?parent=1788"}],"wp:term":[{"taxonomy":"product_brand","embeddable":true,"href":"https:\/\/wemadewardrobe.com\/de\/wp-json\/wp\/v2\/product_brand?post=1788"},{"taxonomy":"product_cat","embeddable":true,"href":"https:\/\/wemadewardrobe.com\/de\/wp-json\/wp\/v2\/product_cat?post=1788"},{"taxonomy":"product_tag","embeddable":true,"href":"https:\/\/wemadewardrobe.com\/de\/wp-json\/wp\/v2\/product_tag?post=1788"}],"curies":[{"name":"wp","href":"https:\/\/api.w.org\/{rel}","templated":true}]}}