{"id":1821,"date":"2024-09-05T10:26:38","date_gmt":"2024-09-05T09:26:38","guid":{"rendered":"https:\/\/wemadewardrobe.com\/?post_type=product&#038;p=1821"},"modified":"2024-10-31T12:15:06","modified_gmt":"2024-10-31T11:15:06","slug":"neck-knitting-pattern-nora","status":"publish","type":"product","link":"https:\/\/wemadewardrobe.com\/de\/produkt\/neck-knitting-pattern-nora\/","title":{"rendered":"NORA NECK"},"content":{"rendered":"<p>The Nora Neck knitting pattern is a modern knit pattern with a large turtleneck that will keep you warm on cold days. The ribbed shoulders that drape downwards make the neck warmer knitting pattern a cool yet sophisticated piece to wear under your coat. The oversized turtleneck, knitted from top to bottom in a 1&#215;1 rib pattern, creates a balanced combination of elegance and coziness. The knit pattern with hand-dyed yarn and boucl\u00e9 texture is fluffy and warm, creating an accessory that is both classic, modern and fun. The body of the neck warmer is shaped with raglan increases, while the accentuated shoulders are knitted in a 1&#215;1 rib before the decreases for the front and back define the shape.<\/p>\n<p>Begin by making a gauge swatch to check that you have the correct gauge.<\/p>\n<p>&nbsp;<\/p>\n<h4>SizeS<\/h4>\n<p><b>1 (2) 3<\/b><\/p>\n<p>There are a total of 3 sizes for the Nora Neck to accommodate different shoulder widths and bust circumferences. Please note that your chest measurement is not the most important measurement for this project, as the sides are open. Therefore, pay particular attention to your shoulder measurement. Sizes 1 (2) 3 correspond to a shoulder measurement of 42 (46) 50 cm and are based on a chest measurement of approx. 80 (100) 125 cm. These measurements serve as a rough guide and do not have to be kept perfectly for the neck to fit.<\/p>\n<p>&nbsp;<\/p>\n<h4>Needles<\/h4>\n<p>Circular knitting needle 4.0 mm [US6] (40 <i>and<\/i> 80 or 100 cm for Magic Loop) [16 or 40 inches]<\/p>\n<p>&nbsp;<\/p>\n<h4>Gauge<\/h4>\n<p>Stockinette stitch on 4.0 mm needles:<\/p>\n<p>16 sts x 28 rows = 10 x 10 cm<\/p>\n<p>Note that both the number of stitches and the number of rows must be correct.<\/p>\n<p>&nbsp;<\/p>\n<h4>Materials<\/h4>\n<p>300 (300) 300 g \u201cMerino Boucl\u00e9\u201d from Kiezgarn<\/p>\n<p>The Nora Neck is knitted with one strand of yarn.<\/p>\n<p>Note that you will need more yarn if you want to knit the Neck longer or make other changes to the pattern.<\/p>\n<p>&nbsp;<\/p>\n<h4>Yarn alternatives<\/h4>\n<p>300 (300) 300 g \u201cLimba\u201d by ggh<\/p>\n<p>\u2014<\/p>\n<p>The light pink Nora Neck was knit using \u201cMerino Boucl\u00e9\u201d from Kiezgarn in col. \u201cRosi\u201d.<\/p>\n<p>The brown Nora Neck was knit using \u201cMerino Boucl\u00e9\u201d from Kiezgarn in col. \u201cKastanienallee\u201d.<\/p>\n<p>&nbsp;<\/p>\n<h4><a href=\"https:\/\/wemadewardrobe.com\/en\/difficulties\/\">DIFFICULTY<\/a><\/h4>\n<p>\u25cf\u25cf\u25cb\u25cb\u25cb (2 out of 5)<\/p>\n","protected":false},"excerpt":{"rendered":"<p><span style=\"font-weight: 400;\">Die Nora Neck Strickanleitung ist ein Strickmuster f\u00fcr einen Poncho mit einem gro\u00dfen Schalkragen und gerippten Details.<br \/>\n<\/span><\/p>\n<p>Die Strickanleitung f\u00fcr einen Schalkragen ist f\u00fcr ANf\u00e4nger geeignet und kommt in<strong> drei Gr\u00f6\u00dfen<\/strong> (mehr zu den Gr\u00f6\u00dfen findest du weiter unten).<\/p>\n<p>Mehr Informationen zu <strong>Nadelst\u00e4rken<\/strong>, <strong>Maschenprobe<\/strong> und <strong>Material<\/strong> findest du weiter unten.<\/p>\n<p>Die Strickanleitung wird dir per E-Mail zugesendet als <strong>PDF Dokument<\/strong>.<\/p>","protected":false},"featured_media":1826,"template":"","meta":{"inline_featured_image":false,"_kadence_starter_templates_imported_post":false,"_kad_post_transparent":"default","_kad_post_title":"","_kad_post_layout":"default","_kad_post_sidebar_id":"","_kad_post_content_style":"default","_kad_post_vertical_padding":"default","_kad_post_feature":"","_kad_post_feature_position":"","_kad_post_header":false,"_kad_post_footer":false,"_kad_post_classname":""},"product_brand":[],"product_cat":[52],"product_tag":[155,162,159,156,157,54,154,158,160,122,153,161],"class_list":{"0":"post-1821","1":"product","2":"type-product","3":"status-publish","4":"has-post-thumbnail","6":"product_cat-accessory-knitting-patterns","7":"product_tag-accessory-knitting-pattern","8":"product_tag-boucle","9":"product_tag-cowl-knitting-pattern","10":"product_tag-handdyed-yarn","11":"product_tag-kiezgarn","12":"product_tag-knitting-pattern","13":"product_tag-neck-knitting-pattern","14":"product_tag-neck-strickanleitung","15":"product_tag-poncho-knitting-pattern","16":"product_tag-ribbing","17":"product_tag-strickanleitung","18":"product_tag-strickanleitung-kragen","20":"first","21":"instock","22":"sold-individually","23":"purchasable","24":"product-type-variable","25":"entry","26":"content-bg","27":"loop-entry"},"yoast_head":"<!-- This site is optimized with the Yoast SEO plugin v27.4 - https:\/\/yoast.com\/product\/yoast-seo-wordpress\/ -->\n<title>NORA NECK - wemadewardrobe<\/title>\n<meta name=\"description\" content=\"The Nora Neck knitting pattern is a neck knitting pattern with a shawl collar that is knitted in boucl\u00e9 yarn and has cute ribbed shoulder details.\" \/>\n<meta name=\"robots\" content=\"index, follow, max-snippet:-1, max-image-preview:large, max-video-preview:-1\" \/>\n<link rel=\"canonical\" href=\"https:\/\/wemadewardrobe.com\/de\/produkt\/neck-knitting-pattern-nora\/\" \/>\n<meta property=\"og:locale\" content=\"de_DE\" \/>\n<meta property=\"og:type\" content=\"article\" \/>\n<meta property=\"og:title\" content=\"NORA NECK - wemadewardrobe\" \/>\n<meta property=\"og:description\" content=\"The Nora Neck knitting pattern is a neck knitting pattern with a shawl collar that is knitted in boucl\u00e9 yarn and has cute ribbed shoulder details.\" \/>\n<meta property=\"og:url\" content=\"https:\/\/wemadewardrobe.com\/de\/produkt\/neck-knitting-pattern-nora\/\" \/>\n<meta property=\"og:site_name\" content=\"wemadewardrobe\" \/>\n<meta property=\"article:modified_time\" content=\"2024-10-31T11:15:06+00:00\" \/>\n<meta property=\"og:image\" content=\"https:\/\/wemadewardrobe.com\/wp-content\/uploads\/2024\/09\/Groesse-Bilder-1.jpg\" \/>\n\t<meta property=\"og:image:width\" content=\"450\" \/>\n\t<meta property=\"og:image:height\" content=\"630\" \/>\n\t<meta property=\"og:image:type\" content=\"image\/jpeg\" \/>\n<meta name=\"twitter:card\" content=\"summary_large_image\" \/>\n<meta name=\"twitter:label1\" content=\"Gesch\u00e4tzte Lesezeit\" \/>\n\t<meta name=\"twitter:data1\" content=\"2\u00a0Minuten\" \/>\n<script type=\"application\/ld+json\" class=\"yoast-schema-graph\">{\"@context\":\"https:\\\/\\\/schema.org\",\"@graph\":[{\"@type\":[\"WebPage\",\"ItemPage\"],\"@id\":\"https:\\\/\\\/wemadewardrobe.com\\\/product\\\/neck-knitting-pattern-nora\\\/\",\"url\":\"https:\\\/\\\/wemadewardrobe.com\\\/product\\\/neck-knitting-pattern-nora\\\/\",\"name\":\"NORA NECK - wemadewardrobe\",\"isPartOf\":{\"@id\":\"https:\\\/\\\/wemadewardrobe.com\\\/#website\"},\"primaryImageOfPage\":{\"@id\":\"https:\\\/\\\/wemadewardrobe.com\\\/product\\\/neck-knitting-pattern-nora\\\/#primaryimage\"},\"image\":{\"@id\":\"https:\\\/\\\/wemadewardrobe.com\\\/product\\\/neck-knitting-pattern-nora\\\/#primaryimage\"},\"thumbnailUrl\":\"https:\\\/\\\/wemadewardrobe.com\\\/wp-content\\\/uploads\\\/2024\\\/09\\\/Groesse-Bilder-1.jpg\",\"datePublished\":\"2024-09-05T09:26:38+00:00\",\"dateModified\":\"2024-10-31T11:15:06+00:00\",\"description\":\"The Nora Neck knitting pattern is a neck knitting pattern with a shawl collar that is knitted in boucl\u00e9 yarn and has cute ribbed shoulder details.\",\"breadcrumb\":{\"@id\":\"https:\\\/\\\/wemadewardrobe.com\\\/product\\\/neck-knitting-pattern-nora\\\/#breadcrumb\"},\"inLanguage\":\"de\",\"potentialAction\":[{\"@type\":\"ReadAction\",\"target\":[\"https:\\\/\\\/wemadewardrobe.com\\\/product\\\/neck-knitting-pattern-nora\\\/\"]}]},{\"@type\":\"ImageObject\",\"inLanguage\":\"de\",\"@id\":\"https:\\\/\\\/wemadewardrobe.com\\\/product\\\/neck-knitting-pattern-nora\\\/#primaryimage\",\"url\":\"https:\\\/\\\/wemadewardrobe.com\\\/wp-content\\\/uploads\\\/2024\\\/09\\\/Groesse-Bilder-1.jpg\",\"contentUrl\":\"https:\\\/\\\/wemadewardrobe.com\\\/wp-content\\\/uploads\\\/2024\\\/09\\\/Groesse-Bilder-1.jpg\",\"width\":450,\"height\":630,\"caption\":\"Nora Neck knitting pattern\"},{\"@type\":\"BreadcrumbList\",\"@id\":\"https:\\\/\\\/wemadewardrobe.com\\\/product\\\/neck-knitting-pattern-nora\\\/#breadcrumb\",\"itemListElement\":[{\"@type\":\"ListItem\",\"position\":1,\"name\":\"Home\",\"item\":\"https:\\\/\\\/wemadewardrobe.com\\\/\"},{\"@type\":\"ListItem\",\"position\":2,\"name\":\"Knitting Patterns\",\"item\":\"https:\\\/\\\/wemadewardrobe.com\\\/de\\\/shop\\\/\"},{\"@type\":\"ListItem\",\"position\":3,\"name\":\"NORA NECK\"}]},{\"@type\":\"WebSite\",\"@id\":\"https:\\\/\\\/wemadewardrobe.com\\\/#website\",\"url\":\"https:\\\/\\\/wemadewardrobe.com\\\/\",\"name\":\"wemadewardrobe\",\"description\":\"modern knitting patterns from Lisa &amp; Bella\",\"publisher\":{\"@id\":\"https:\\\/\\\/wemadewardrobe.com\\\/#organization\"},\"alternateName\":\"modern knitting patterns\",\"potentialAction\":[{\"@type\":\"SearchAction\",\"target\":{\"@type\":\"EntryPoint\",\"urlTemplate\":\"https:\\\/\\\/wemadewardrobe.com\\\/?s={search_term_string}\"},\"query-input\":{\"@type\":\"PropertyValueSpecification\",\"valueRequired\":true,\"valueName\":\"search_term_string\"}}],\"inLanguage\":\"de\"},{\"@type\":\"Organization\",\"@id\":\"https:\\\/\\\/wemadewardrobe.com\\\/#organization\",\"name\":\"wemadewardrobe\",\"url\":\"https:\\\/\\\/wemadewardrobe.com\\\/\",\"logo\":{\"@type\":\"ImageObject\",\"inLanguage\":\"de\",\"@id\":\"https:\\\/\\\/wemadewardrobe.com\\\/#\\\/schema\\\/logo\\\/image\\\/\",\"url\":\"https:\\\/\\\/wemadewardrobe.com\\\/wp-content\\\/uploads\\\/2023\\\/10\\\/cropped-wemadewardrobe_Png-150x150-1.png\",\"contentUrl\":\"https:\\\/\\\/wemadewardrobe.com\\\/wp-content\\\/uploads\\\/2023\\\/10\\\/cropped-wemadewardrobe_Png-150x150-1.png\",\"width\":118,\"height\":84,\"caption\":\"wemadewardrobe\"},\"image\":{\"@id\":\"https:\\\/\\\/wemadewardrobe.com\\\/#\\\/schema\\\/logo\\\/image\\\/\"},\"sameAs\":[\"https:\\\/\\\/www.instagram.com\\\/wemadewardrobe\\\/\"]}]}<\/script>\n<!-- \/ Yoast SEO plugin. -->","yoast_head_json":{"title":"NORA NECK - wemadewardrobe","description":"The Nora Neck knitting pattern is a neck knitting pattern with a shawl collar that is knitted in boucl\u00e9 yarn and has cute ribbed shoulder details.","robots":{"index":"index","follow":"follow","max-snippet":"max-snippet:-1","max-image-preview":"max-image-preview:large","max-video-preview":"max-video-preview:-1"},"canonical":"https:\/\/wemadewardrobe.com\/de\/produkt\/neck-knitting-pattern-nora\/","og_locale":"de_DE","og_type":"article","og_title":"NORA NECK - wemadewardrobe","og_description":"The Nora Neck knitting pattern is a neck knitting pattern with a shawl collar that is knitted in boucl\u00e9 yarn and has cute ribbed shoulder details.","og_url":"https:\/\/wemadewardrobe.com\/de\/produkt\/neck-knitting-pattern-nora\/","og_site_name":"wemadewardrobe","article_modified_time":"2024-10-31T11:15:06+00:00","og_image":[{"width":450,"height":630,"url":"https:\/\/wemadewardrobe.com\/wp-content\/uploads\/2024\/09\/Groesse-Bilder-1.jpg","type":"image\/jpeg"}],"twitter_card":"summary_large_image","twitter_misc":{"Gesch\u00e4tzte Lesezeit":"2\u00a0Minuten"},"schema":{"@context":"https:\/\/schema.org","@graph":[{"@type":["WebPage","ItemPage"],"@id":"https:\/\/wemadewardrobe.com\/product\/neck-knitting-pattern-nora\/","url":"https:\/\/wemadewardrobe.com\/product\/neck-knitting-pattern-nora\/","name":"NORA NECK - wemadewardrobe","isPartOf":{"@id":"https:\/\/wemadewardrobe.com\/#website"},"primaryImageOfPage":{"@id":"https:\/\/wemadewardrobe.com\/product\/neck-knitting-pattern-nora\/#primaryimage"},"image":{"@id":"https:\/\/wemadewardrobe.com\/product\/neck-knitting-pattern-nora\/#primaryimage"},"thumbnailUrl":"https:\/\/wemadewardrobe.com\/wp-content\/uploads\/2024\/09\/Groesse-Bilder-1.jpg","datePublished":"2024-09-05T09:26:38+00:00","dateModified":"2024-10-31T11:15:06+00:00","description":"The Nora Neck knitting pattern is a neck knitting pattern with a shawl collar that is knitted in boucl\u00e9 yarn and has cute ribbed shoulder details.","breadcrumb":{"@id":"https:\/\/wemadewardrobe.com\/product\/neck-knitting-pattern-nora\/#breadcrumb"},"inLanguage":"de","potentialAction":[{"@type":"ReadAction","target":["https:\/\/wemadewardrobe.com\/product\/neck-knitting-pattern-nora\/"]}]},{"@type":"ImageObject","inLanguage":"de","@id":"https:\/\/wemadewardrobe.com\/product\/neck-knitting-pattern-nora\/#primaryimage","url":"https:\/\/wemadewardrobe.com\/wp-content\/uploads\/2024\/09\/Groesse-Bilder-1.jpg","contentUrl":"https:\/\/wemadewardrobe.com\/wp-content\/uploads\/2024\/09\/Groesse-Bilder-1.jpg","width":450,"height":630,"caption":"Nora Neck knitting pattern"},{"@type":"BreadcrumbList","@id":"https:\/\/wemadewardrobe.com\/product\/neck-knitting-pattern-nora\/#breadcrumb","itemListElement":[{"@type":"ListItem","position":1,"name":"Home","item":"https:\/\/wemadewardrobe.com\/"},{"@type":"ListItem","position":2,"name":"Knitting Patterns","item":"https:\/\/wemadewardrobe.com\/de\/shop\/"},{"@type":"ListItem","position":3,"name":"NORA NECK"}]},{"@type":"WebSite","@id":"https:\/\/wemadewardrobe.com\/#website","url":"https:\/\/wemadewardrobe.com\/","name":"wemadewardrobe","description":"modern knitting patterns from Lisa &amp; Bella","publisher":{"@id":"https:\/\/wemadewardrobe.com\/#organization"},"alternateName":"modern knitting patterns","potentialAction":[{"@type":"SearchAction","target":{"@type":"EntryPoint","urlTemplate":"https:\/\/wemadewardrobe.com\/?s={search_term_string}"},"query-input":{"@type":"PropertyValueSpecification","valueRequired":true,"valueName":"search_term_string"}}],"inLanguage":"de"},{"@type":"Organization","@id":"https:\/\/wemadewardrobe.com\/#organization","name":"wemadewardrobe","url":"https:\/\/wemadewardrobe.com\/","logo":{"@type":"ImageObject","inLanguage":"de","@id":"https:\/\/wemadewardrobe.com\/#\/schema\/logo\/image\/","url":"https:\/\/wemadewardrobe.com\/wp-content\/uploads\/2023\/10\/cropped-wemadewardrobe_Png-150x150-1.png","contentUrl":"https:\/\/wemadewardrobe.com\/wp-content\/uploads\/2023\/10\/cropped-wemadewardrobe_Png-150x150-1.png","width":118,"height":84,"caption":"wemadewardrobe"},"image":{"@id":"https:\/\/wemadewardrobe.com\/#\/schema\/logo\/image\/"},"sameAs":["https:\/\/www.instagram.com\/wemadewardrobe\/"]}]}},"_links":{"self":[{"href":"https:\/\/wemadewardrobe.com\/de\/wp-json\/wp\/v2\/product\/1821","targetHints":{"allow":["GET"]}}],"collection":[{"href":"https:\/\/wemadewardrobe.com\/de\/wp-json\/wp\/v2\/product"}],"about":[{"href":"https:\/\/wemadewardrobe.com\/de\/wp-json\/wp\/v2\/types\/product"}],"wp:featuredmedia":[{"embeddable":true,"href":"https:\/\/wemadewardrobe.com\/de\/wp-json\/wp\/v2\/media\/1826"}],"wp:attachment":[{"href":"https:\/\/wemadewardrobe.com\/de\/wp-json\/wp\/v2\/media?parent=1821"}],"wp:term":[{"taxonomy":"product_brand","embeddable":true,"href":"https:\/\/wemadewardrobe.com\/de\/wp-json\/wp\/v2\/product_brand?post=1821"},{"taxonomy":"product_cat","embeddable":true,"href":"https:\/\/wemadewardrobe.com\/de\/wp-json\/wp\/v2\/product_cat?post=1821"},{"taxonomy":"product_tag","embeddable":true,"href":"https:\/\/wemadewardrobe.com\/de\/wp-json\/wp\/v2\/product_tag?post=1821"}],"curies":[{"name":"wp","href":"https:\/\/api.w.org\/{rel}","templated":true}]}}