{"id":1849,"date":"2024-09-27T09:46:35","date_gmt":"2024-09-27T08:46:35","guid":{"rendered":"https:\/\/wemadewardrobe.com\/?post_type=product&#038;p=1849"},"modified":"2024-09-27T10:29:09","modified_gmt":"2024-09-27T09:29:09","slug":"basic-sweater-knitting-pattern-maja-sweater","status":"publish","type":"product","link":"https:\/\/wemadewardrobe.com\/de\/produkt\/basic-sweater-knitting-pattern-maja-sweater\/","title":{"rendered":"MAJA SWEATER"},"content":{"rendered":"<p>The basic sweater knitting pattern, the Maja Sweater, is the perfect project for anyone who wants to knit a timeless, oversized sweater that will be the perfect cozy basic in your closet. With the knitting pattern for the Maja Sweater, you can create a sweater with a round neckline and dropped shoulders that will casually enhance any outfit. The 1&#215;1 ribbed cuffs add a classic touch, while the accentuated decreases at the sides of the sleeve give the sweater structure and shape. The details of the horizontal rows of stitches give the sweater that certain something. The Maja Sweater is knitted with 6 mm needles, which makes the knitting project entertaining and fun. The knitting instructions for a sweater are ideal for showing off special yarns, be it a luxurious yarn with a touch of sheen or a rustic, hand-dyed wool. The Maja Sweater is the perfect canvas for your wool treasures and lets them shine in all their glory.<\/p>\n<p>Begin by making a gauge swatch to check that you have the correct gauge.<\/p>\n<p>&nbsp;<\/p>\n<h4>SizeS<\/h4>\n<p><b>XS (S) M (L) XL (2XL) 3XL<\/b><\/p>\n<p>The Maja Sweater should have a range of movement (positive ease) of approx. 25-30 cm in relation to your chest circumference. The sizes XS (S) M (L) XL (2XL) 3XL fit a chest measurement of 78-84 (85-90) 91-98 (99-109) 110-120 (121-130) 131-140 cm. Measure yourself before you start knitting to make sure you have chosen the correct size for you.<\/p>\n<p>&nbsp;<\/p>\n<h4>Needles<\/h4>\n<p>Circular knitting needle 4.0 mm [US6] (40, 80 or 100 cm for Magic Loop) [16 or 40 inches]<\/p>\n<p>Circular knitting needle 4.5 mm [US7] (40 &amp; 80 or 100 cm for Magic Loop) [16 and 40 inches]<\/p>\n<p>Circular knitting needle 6.0 mm [US10] (40 &amp; 80 or 100 cm) [16 and 40 inches]<\/p>\n<p>&nbsp;<\/p>\n<h4>Gauge<\/h4>\n<p>Stockinette stitch on 6.0 mm needles:<\/p>\n<p>16 sts \/ 24 rows = 10 x 10 cm<\/p>\n<p>&nbsp;<\/p>\n<h4>Materials<\/h4>\n<p>250 (250) 250 (300) 350 (350) 400 g<\/p>\n<p>\u201cSo Kosho\u201d by Ito Yarn (50 g = ca. 175 m)<\/p>\n<p><i>together with<\/i><\/p>\n<p>200 (200) 200 (220) 220 (240) 260 g<\/p>\n<p>\u201cSensai\u201d by Ito Yarn (20 g = ca. 240 m)<\/p>\n<p>&nbsp;<\/p>\n<p>The Maja Sweater is knitted with three strands of yarn. One thread of the thicker yarn, together with two threads of the Silk Mohair.<\/p>\n<p>Note that you will need more yarn if you want to knit the sweater longer.<\/p>\n<p>&nbsp;<\/p>\n<h4>Yarn alternatives<\/h4>\n<p>200 (250) 250 (250) 300 (300) 350 g<\/p>\n<p>\u201cMerino\u201d by Knitting for Olive (50 g = ca. 250 m)<\/p>\n<p><i>together with<\/i><\/p>\n<p>200 (225) 225 (225) 250 (250) 275 g<\/p>\n<p>\u201cSoft Silk Mohair\u201d by Knitting for Olive (25 g = ca. 225 m)<\/p>\n<p>The Maja Sweater is knitted with three strands of yarn. One thread of the thicker yarn, together with two threads of the Silk Mohair.<\/p>\n<p>&nbsp;<\/p>\n<p>\u2014<\/p>\n<p>300 (350) 400 (400) 450 (500) 550 g<\/p>\n<p>\u201cSilk Garden Sock Solo\u201d by Noro (100 g = ca. 300 m)<\/p>\n<p><i>together with<\/i><\/p>\n<p>100 (100) 125 (125) 125 (125) 150 g<\/p>\n<p>\u201cSoft Silk Mohair\u201d by Knitting for Olive (25 g = ca. 225 m)<\/p>\n<p>Note that in this variation you knit with two strands of yarn held together. One thread of the thicker yarn, together with one thread of the thinner yarn.<\/p>\n<p>&nbsp;<\/p>\n<p>\u2014<\/p>\n<p>250 (250) 250 (300) 350 (350) 400 g<\/p>\n<p>\u201cNord\u201d by Drops (50 g = ca. 170 m)<\/p>\n<p><i>or<\/i><\/p>\n<p>250 (250) 250 (300) 350 (350) 400 g<\/p>\n<p>\u201cAlpaca\u201d by Drops (50 g = ca. 167 m)<\/p>\n<p><i>(Note, that this option will give you a different drape\/look)<\/i><\/p>\n<p><i>together with<\/i><\/p>\n<p>100 (100) 125 (125) 125 (150) 150 g<\/p>\n<p>\u201cKid Silk\u201d by Drops (25 g = 210 m)<\/p>\n<p>Note that in this variation you knit with two strands of yarn held together. One thread of the thicker yarn, together with one thread of the thinner yarn.<\/p>\n<p>\u2014<\/p>\n<p>Our grey Maja Sweater is knitted in: &#8220;So Kosho&#8221; (col. 968 \u201cTop Goat\u201d) &amp; two strands of &#8220;Sensai&#8221; (col. 321 \u201cSmoke Gray\u201d &amp; 344 \u201cSilver\u201d) from Ito Yarn.<\/p>\n<p>Our pink Maja Sweater is knitted in: &#8220;Silk Garden Sock Solo&#8221; (col. T82) by Noro &amp; &#8220;Soft Silk Mohair&#8221; (col. \u201cBallerina\u201d) from Knitting for Olive.<\/p>\n<p>&nbsp;<\/p>\n<h4><a href=\"https:\/\/wemadewardrobe.com\/en\/difficulties\/\">DIFFICULTY<\/a><\/h4>\n<p>\u25cf\u25cf\u25cb\u25cb\u25cb (2 out of 5)<\/p>\n<h4>YOUTUBE TUTORIALS<\/h4>\n<p><iframe loading=\"lazy\" title=\"YouTube video player\" src=\"https:\/\/www.youtube.com\/embed\/ocI9Y_ejHQE?si=uqmlulXlP9LS_kEt\" width=\"560\" height=\"315\" frameborder=\"0\" allowfullscreen=\"allowfullscreen\"><\/iframe><\/p>\n<p><iframe loading=\"lazy\" title=\"YouTube video player\" src=\"https:\/\/www.youtube.com\/embed\/_Qqg1yhO3F8?si=nzw_8sKwL3haoTjd\" width=\"560\" height=\"315\" frameborder=\"0\" allowfullscreen=\"allowfullscreen\"><\/iframe><\/p>\n","protected":false},"excerpt":{"rendered":"<p><span style=\"font-weight: 400;\">Mit der Strickanleitung f\u00fcr den Maja Pullover strickst du einen \u00fcbergro\u00dfen Pullover mit \u00fcberschnittenen Schultern, interessanten Details und einem doppelt gefalteten Kragen.<br \/>\n<\/span><\/p>\n<p>Das Strickmuster f\u00fcr einen basic Pullover ist f\u00fcr erfahrene Anf\u00e4nger und Fortgeschrittene geeignet und kommt in<strong> Gr\u00f6\u00dfen XS-3XL<\/strong> (mehr zu den Gr\u00f6\u00dfen findest du weiter unten).<\/p>\n<p>Mehr Informationen zu <strong>Nadelst\u00e4rken<\/strong>, <strong>Maschenprobe<\/strong> und <strong>Material<\/strong> findest du weiter unten.<\/p>\n<p>Die Strickanleitung wird dir per E-Mail zugesendet als <strong>PDF Dokument<\/strong>.<\/p>","protected":false},"featured_media":1854,"template":"","meta":{"inline_featured_image":false,"_kadence_starter_templates_imported_post":false,"_kad_post_transparent":"default","_kad_post_title":"","_kad_post_layout":"default","_kad_post_sidebar_id":"","_kad_post_content_style":"default","_kad_post_vertical_padding":"default","_kad_post_feature":"","_kad_post_feature_position":"","_kad_post_header":false,"_kad_post_footer":false,"_kad_post_classname":""},"product_brand":[],"product_cat":[53],"product_tag":[169,170,167,164,166,165,168,54,171,163,60,151,152,122,153,150,55],"class_list":{"0":"post-1849","1":"product","2":"type-product","3":"status-publish","4":"has-post-thumbnail","6":"product_cat-sweater-knitting-patterns","7":"product_tag-basic-pulli","8":"product_tag-basic-pullover-strickanleitung","9":"product_tag-basic-sweater-knitting-pattern","10":"product_tag-dropped-shoulder","11":"product_tag-easy","12":"product_tag-easy-sweater","13":"product_tag-einfacher-pullover","14":"product_tag-knitting-pattern","15":"product_tag-maja","16":"product_tag-maja-sweater","17":"product_tag-oversized-sweater","18":"product_tag-pullover","19":"product_tag-pullover-strickanleitung","20":"product_tag-ribbing","21":"product_tag-strickanleitung","22":"product_tag-sweater","23":"product_tag-sweater-knitting-pattern","25":"first","26":"instock","27":"featured","28":"sold-individually","29":"purchasable","30":"product-type-variable","31":"entry","32":"content-bg","33":"loop-entry"},"yoast_head":"<!-- This site is optimized with the Yoast SEO plugin v27.3 - https:\/\/yoast.com\/product\/yoast-seo-wordpress\/ -->\n<title>MAJA SWEATER - wemadewardrobe<\/title>\n<meta name=\"description\" content=\"The Maja Sweater is a basic sweater knitting pattern with an oversized fit, a round neck and interesting details at the cuffs.\" \/>\n<meta name=\"robots\" content=\"index, follow, max-snippet:-1, max-image-preview:large, max-video-preview:-1\" \/>\n<link rel=\"canonical\" href=\"https:\/\/wemadewardrobe.com\/de\/produkt\/basic-sweater-knitting-pattern-maja-sweater\/\" \/>\n<meta property=\"og:locale\" content=\"de_DE\" \/>\n<meta property=\"og:type\" content=\"article\" \/>\n<meta property=\"og:title\" content=\"MAJA SWEATER - wemadewardrobe\" \/>\n<meta property=\"og:description\" content=\"The Maja Sweater is a basic sweater knitting pattern with an oversized fit, a round neck and interesting details at the cuffs.\" \/>\n<meta property=\"og:url\" content=\"https:\/\/wemadewardrobe.com\/de\/produkt\/basic-sweater-knitting-pattern-maja-sweater\/\" \/>\n<meta property=\"og:site_name\" content=\"wemadewardrobe\" \/>\n<meta property=\"article:modified_time\" content=\"2024-09-27T09:29:09+00:00\" \/>\n<meta property=\"og:image\" content=\"https:\/\/wemadewardrobe.com\/wp-content\/uploads\/2024\/09\/Maja4.jpg\" \/>\n\t<meta property=\"og:image:width\" content=\"450\" \/>\n\t<meta property=\"og:image:height\" content=\"630\" \/>\n\t<meta property=\"og:image:type\" content=\"image\/jpeg\" \/>\n<meta name=\"twitter:card\" content=\"summary_large_image\" \/>\n<meta name=\"twitter:label1\" content=\"Gesch\u00e4tzte Lesezeit\" \/>\n\t<meta name=\"twitter:data1\" content=\"4\u00a0Minuten\" \/>\n<script type=\"application\/ld+json\" class=\"yoast-schema-graph\">{\"@context\":\"https:\\\/\\\/schema.org\",\"@graph\":[{\"@type\":[\"WebPage\",\"ItemPage\"],\"@id\":\"https:\\\/\\\/wemadewardrobe.com\\\/product\\\/basic-sweater-knitting-pattern-maja-sweater\\\/\",\"url\":\"https:\\\/\\\/wemadewardrobe.com\\\/product\\\/basic-sweater-knitting-pattern-maja-sweater\\\/\",\"name\":\"MAJA SWEATER - wemadewardrobe\",\"isPartOf\":{\"@id\":\"https:\\\/\\\/wemadewardrobe.com\\\/#website\"},\"primaryImageOfPage\":{\"@id\":\"https:\\\/\\\/wemadewardrobe.com\\\/product\\\/basic-sweater-knitting-pattern-maja-sweater\\\/#primaryimage\"},\"image\":{\"@id\":\"https:\\\/\\\/wemadewardrobe.com\\\/product\\\/basic-sweater-knitting-pattern-maja-sweater\\\/#primaryimage\"},\"thumbnailUrl\":\"https:\\\/\\\/wemadewardrobe.com\\\/wp-content\\\/uploads\\\/2024\\\/09\\\/Maja4.jpg\",\"datePublished\":\"2024-09-27T08:46:35+00:00\",\"dateModified\":\"2024-09-27T09:29:09+00:00\",\"description\":\"The Maja Sweater is a basic sweater knitting pattern with an oversized fit, a round neck and interesting details at the cuffs.\",\"breadcrumb\":{\"@id\":\"https:\\\/\\\/wemadewardrobe.com\\\/product\\\/basic-sweater-knitting-pattern-maja-sweater\\\/#breadcrumb\"},\"inLanguage\":\"de\",\"potentialAction\":[{\"@type\":\"ReadAction\",\"target\":[\"https:\\\/\\\/wemadewardrobe.com\\\/product\\\/basic-sweater-knitting-pattern-maja-sweater\\\/\"]}]},{\"@type\":\"ImageObject\",\"inLanguage\":\"de\",\"@id\":\"https:\\\/\\\/wemadewardrobe.com\\\/product\\\/basic-sweater-knitting-pattern-maja-sweater\\\/#primaryimage\",\"url\":\"https:\\\/\\\/wemadewardrobe.com\\\/wp-content\\\/uploads\\\/2024\\\/09\\\/Maja4.jpg\",\"contentUrl\":\"https:\\\/\\\/wemadewardrobe.com\\\/wp-content\\\/uploads\\\/2024\\\/09\\\/Maja4.jpg\",\"width\":450,\"height\":630,\"caption\":\"Basic sweater knitting pattern\"},{\"@type\":\"BreadcrumbList\",\"@id\":\"https:\\\/\\\/wemadewardrobe.com\\\/product\\\/basic-sweater-knitting-pattern-maja-sweater\\\/#breadcrumb\",\"itemListElement\":[{\"@type\":\"ListItem\",\"position\":1,\"name\":\"Home\",\"item\":\"https:\\\/\\\/wemadewardrobe.com\\\/\"},{\"@type\":\"ListItem\",\"position\":2,\"name\":\"Knitting Patterns\",\"item\":\"https:\\\/\\\/wemadewardrobe.com\\\/de\\\/shop\\\/\"},{\"@type\":\"ListItem\",\"position\":3,\"name\":\"MAJA SWEATER\"}]},{\"@type\":\"WebSite\",\"@id\":\"https:\\\/\\\/wemadewardrobe.com\\\/#website\",\"url\":\"https:\\\/\\\/wemadewardrobe.com\\\/\",\"name\":\"wemadewardrobe\",\"description\":\"modern knitting patterns from Lisa &amp; Bella\",\"publisher\":{\"@id\":\"https:\\\/\\\/wemadewardrobe.com\\\/#organization\"},\"alternateName\":\"modern knitting patterns\",\"potentialAction\":[{\"@type\":\"SearchAction\",\"target\":{\"@type\":\"EntryPoint\",\"urlTemplate\":\"https:\\\/\\\/wemadewardrobe.com\\\/?s={search_term_string}\"},\"query-input\":{\"@type\":\"PropertyValueSpecification\",\"valueRequired\":true,\"valueName\":\"search_term_string\"}}],\"inLanguage\":\"de\"},{\"@type\":\"Organization\",\"@id\":\"https:\\\/\\\/wemadewardrobe.com\\\/#organization\",\"name\":\"wemadewardrobe\",\"url\":\"https:\\\/\\\/wemadewardrobe.com\\\/\",\"logo\":{\"@type\":\"ImageObject\",\"inLanguage\":\"de\",\"@id\":\"https:\\\/\\\/wemadewardrobe.com\\\/#\\\/schema\\\/logo\\\/image\\\/\",\"url\":\"https:\\\/\\\/wemadewardrobe.com\\\/wp-content\\\/uploads\\\/2023\\\/10\\\/cropped-wemadewardrobe_Png-150x150-1.png\",\"contentUrl\":\"https:\\\/\\\/wemadewardrobe.com\\\/wp-content\\\/uploads\\\/2023\\\/10\\\/cropped-wemadewardrobe_Png-150x150-1.png\",\"width\":118,\"height\":84,\"caption\":\"wemadewardrobe\"},\"image\":{\"@id\":\"https:\\\/\\\/wemadewardrobe.com\\\/#\\\/schema\\\/logo\\\/image\\\/\"},\"sameAs\":[\"https:\\\/\\\/www.instagram.com\\\/wemadewardrobe\\\/\"]}]}<\/script>\n<!-- \/ Yoast SEO plugin. -->","yoast_head_json":{"title":"MAJA SWEATER - wemadewardrobe","description":"The Maja Sweater is a basic sweater knitting pattern with an oversized fit, a round neck and interesting details at the cuffs.","robots":{"index":"index","follow":"follow","max-snippet":"max-snippet:-1","max-image-preview":"max-image-preview:large","max-video-preview":"max-video-preview:-1"},"canonical":"https:\/\/wemadewardrobe.com\/de\/produkt\/basic-sweater-knitting-pattern-maja-sweater\/","og_locale":"de_DE","og_type":"article","og_title":"MAJA SWEATER - wemadewardrobe","og_description":"The Maja Sweater is a basic sweater knitting pattern with an oversized fit, a round neck and interesting details at the cuffs.","og_url":"https:\/\/wemadewardrobe.com\/de\/produkt\/basic-sweater-knitting-pattern-maja-sweater\/","og_site_name":"wemadewardrobe","article_modified_time":"2024-09-27T09:29:09+00:00","og_image":[{"width":450,"height":630,"url":"https:\/\/wemadewardrobe.com\/wp-content\/uploads\/2024\/09\/Maja4.jpg","type":"image\/jpeg"}],"twitter_card":"summary_large_image","twitter_misc":{"Gesch\u00e4tzte Lesezeit":"4\u00a0Minuten"},"schema":{"@context":"https:\/\/schema.org","@graph":[{"@type":["WebPage","ItemPage"],"@id":"https:\/\/wemadewardrobe.com\/product\/basic-sweater-knitting-pattern-maja-sweater\/","url":"https:\/\/wemadewardrobe.com\/product\/basic-sweater-knitting-pattern-maja-sweater\/","name":"MAJA SWEATER - wemadewardrobe","isPartOf":{"@id":"https:\/\/wemadewardrobe.com\/#website"},"primaryImageOfPage":{"@id":"https:\/\/wemadewardrobe.com\/product\/basic-sweater-knitting-pattern-maja-sweater\/#primaryimage"},"image":{"@id":"https:\/\/wemadewardrobe.com\/product\/basic-sweater-knitting-pattern-maja-sweater\/#primaryimage"},"thumbnailUrl":"https:\/\/wemadewardrobe.com\/wp-content\/uploads\/2024\/09\/Maja4.jpg","datePublished":"2024-09-27T08:46:35+00:00","dateModified":"2024-09-27T09:29:09+00:00","description":"The Maja Sweater is a basic sweater knitting pattern with an oversized fit, a round neck and interesting details at the cuffs.","breadcrumb":{"@id":"https:\/\/wemadewardrobe.com\/product\/basic-sweater-knitting-pattern-maja-sweater\/#breadcrumb"},"inLanguage":"de","potentialAction":[{"@type":"ReadAction","target":["https:\/\/wemadewardrobe.com\/product\/basic-sweater-knitting-pattern-maja-sweater\/"]}]},{"@type":"ImageObject","inLanguage":"de","@id":"https:\/\/wemadewardrobe.com\/product\/basic-sweater-knitting-pattern-maja-sweater\/#primaryimage","url":"https:\/\/wemadewardrobe.com\/wp-content\/uploads\/2024\/09\/Maja4.jpg","contentUrl":"https:\/\/wemadewardrobe.com\/wp-content\/uploads\/2024\/09\/Maja4.jpg","width":450,"height":630,"caption":"Basic sweater knitting pattern"},{"@type":"BreadcrumbList","@id":"https:\/\/wemadewardrobe.com\/product\/basic-sweater-knitting-pattern-maja-sweater\/#breadcrumb","itemListElement":[{"@type":"ListItem","position":1,"name":"Home","item":"https:\/\/wemadewardrobe.com\/"},{"@type":"ListItem","position":2,"name":"Knitting Patterns","item":"https:\/\/wemadewardrobe.com\/de\/shop\/"},{"@type":"ListItem","position":3,"name":"MAJA SWEATER"}]},{"@type":"WebSite","@id":"https:\/\/wemadewardrobe.com\/#website","url":"https:\/\/wemadewardrobe.com\/","name":"wemadewardrobe","description":"modern knitting patterns from Lisa &amp; Bella","publisher":{"@id":"https:\/\/wemadewardrobe.com\/#organization"},"alternateName":"modern knitting patterns","potentialAction":[{"@type":"SearchAction","target":{"@type":"EntryPoint","urlTemplate":"https:\/\/wemadewardrobe.com\/?s={search_term_string}"},"query-input":{"@type":"PropertyValueSpecification","valueRequired":true,"valueName":"search_term_string"}}],"inLanguage":"de"},{"@type":"Organization","@id":"https:\/\/wemadewardrobe.com\/#organization","name":"wemadewardrobe","url":"https:\/\/wemadewardrobe.com\/","logo":{"@type":"ImageObject","inLanguage":"de","@id":"https:\/\/wemadewardrobe.com\/#\/schema\/logo\/image\/","url":"https:\/\/wemadewardrobe.com\/wp-content\/uploads\/2023\/10\/cropped-wemadewardrobe_Png-150x150-1.png","contentUrl":"https:\/\/wemadewardrobe.com\/wp-content\/uploads\/2023\/10\/cropped-wemadewardrobe_Png-150x150-1.png","width":118,"height":84,"caption":"wemadewardrobe"},"image":{"@id":"https:\/\/wemadewardrobe.com\/#\/schema\/logo\/image\/"},"sameAs":["https:\/\/www.instagram.com\/wemadewardrobe\/"]}]}},"_links":{"self":[{"href":"https:\/\/wemadewardrobe.com\/de\/wp-json\/wp\/v2\/product\/1849","targetHints":{"allow":["GET"]}}],"collection":[{"href":"https:\/\/wemadewardrobe.com\/de\/wp-json\/wp\/v2\/product"}],"about":[{"href":"https:\/\/wemadewardrobe.com\/de\/wp-json\/wp\/v2\/types\/product"}],"wp:featuredmedia":[{"embeddable":true,"href":"https:\/\/wemadewardrobe.com\/de\/wp-json\/wp\/v2\/media\/1854"}],"wp:attachment":[{"href":"https:\/\/wemadewardrobe.com\/de\/wp-json\/wp\/v2\/media?parent=1849"}],"wp:term":[{"taxonomy":"product_brand","embeddable":true,"href":"https:\/\/wemadewardrobe.com\/de\/wp-json\/wp\/v2\/product_brand?post=1849"},{"taxonomy":"product_cat","embeddable":true,"href":"https:\/\/wemadewardrobe.com\/de\/wp-json\/wp\/v2\/product_cat?post=1849"},{"taxonomy":"product_tag","embeddable":true,"href":"https:\/\/wemadewardrobe.com\/de\/wp-json\/wp\/v2\/product_tag?post=1849"}],"curies":[{"name":"wp","href":"https:\/\/api.w.org\/{rel}","templated":true}]}}