{"id":1878,"date":"2024-10-01T07:48:50","date_gmt":"2024-10-01T06:48:50","guid":{"rendered":"https:\/\/wemadewardrobe.com\/?post_type=product&#038;p=1878"},"modified":"2024-10-03T07:55:15","modified_gmt":"2024-10-03T06:55:15","slug":"basic-v-neck-sweater-knitting-pattern-maja-sweater","status":"publish","type":"product","link":"https:\/\/wemadewardrobe.com\/de\/produkt\/basic-v-neck-sweater-knitting-pattern-maja-sweater\/","title":{"rendered":"MAJA SWEATER V-NECK"},"content":{"rendered":"<p>The basic V-neck sweater knitting pattern for the Maja Sweater V-Neck is a boxy sweater with an oversized fit. It features drop shoulders, a V-neckline and a double folded collar in 1&#215;1 ribbing. The basic V-neck sweater knitting pattern is worked top down in stockinette stitch and starts with shaping the shoulders of the back piece. After that the V-Neck is formed using increases. The ribbing parts of the sweater feature a horizontal stitch, which is a special detail. The fit of the basic sweater V-neck knitting pattern is quite oversized, which is emphasized by the drop shoulders and the wide body. The highlight of the simple sweater is the deep v neck, which is emphasized by the double folded collar in ribbed pattern and the horizontal knit stitch. With this basic V-neck sweater knitting pattern you can knit your own wardrobe staple that you will wear all year round!<\/p>\n<p>Begin by making a gauge swatch to check that you have the correct gauge.<\/p>\n<p>&nbsp;<\/p>\n<h4>SizeS<\/h4>\n<p><b>XS (S) M (L) XL (2XL) 3XL<\/b><\/p>\n<p>The Maja Sweater V-Neck should have a range of movement (positive ease) of approx. 25-30 cm in relation to your chest circumference. The sizes XS (S) M (L) XL (2XL) 3XL fit a chest measurement of 78-84 (85-90) 91-98 (99-109) 110-120 (121-130) 131-140 cm. Measure yourself before you start knitting to make sure you have chosen the correct size for you.<\/p>\n<p>&nbsp;<\/p>\n<h4>Needles<\/h4>\n<p>Circular knitting needle 4.0 mm [US6] (40, 80 or 100 cm for Magic Loop) [16 or 40 inches]<\/p>\n<p>Circular knitting needle 4.5 mm [US7] (40 &amp; 80 or 100 cm for Magic Loop) [16 and 40 inches]<\/p>\n<p>Circular knitting needle 6.0 mm [US10] (40 &amp; 80 or 100 cm) [16 and 40 inches]<\/p>\n<p>&nbsp;<\/p>\n<h4>Gauge<\/h4>\n<p>Stockinette stitch on 6.0 mm needles:<\/p>\n<p>16 sts \/ 24 rows = 10 x 10 cm<\/p>\n<p>&nbsp;<\/p>\n<h4>Materials<\/h4>\n<p>200 (250) 250 (250) 300 (300) 350 g<\/p>\n<p>\u201cMerino\u201d by Knitting for Olive (50 g = ca. 250 m)<\/p>\n<p><i>together with<\/i><\/p>\n<p>200 (225) 225 (225) 250 (250) 275 g<\/p>\n<p>\u201cSoft Silk Mohair\u201d by Knitting for Olive (25 g = ca. 225 m)<\/p>\n<p>The Maja Sweater V-Neck is knitted with three strands of yarn held together. One thread of the thicker yarn, together with two threads of the Silk Mohair.<\/p>\n<p>Note that you will need more yarn if you want to knit the sweater longer.<\/p>\n<p>&nbsp;<\/p>\n<h4>Yarn alternatives<\/h4>\n<p>200 (250) 250 (250) 300 (300) 350 g<\/p>\n<p>\u201cArwetta\u201d by Filcolana (50 g = ca. 210 m)<\/p>\n<p><i>together with<\/i><\/p>\n<p>100 (125) 125 (125) 125 (125) 150 g<\/p>\n<p>\u201cTilia\u201d by Filcolana (Colour 1) (25 g = ca. 210 m)<\/p>\n<p><i>together with<\/i><\/p>\n<p>100 (125) 125 (125) 125 (125) 150 g<\/p>\n<p>\u201cMohair 50\u201d by Stefis Wolle (Colour 2) (50 g = ca. 420 m)<\/p>\n<p>Note that you also knit this variation with three threads held together. This variation uses two different colors of mohair.<\/p>\n<p>&nbsp;<\/p>\n<p>\u2014<\/p>\n<p>250 (250) 250 (300) 350 (400) 450 g<\/p>\n<p>\u201cNord\u201d by Drops (50 g = ca. 170 m)<\/p>\n<p><i>or<\/i><\/p>\n<p>250 (250) 250 (300) 350 (400) 450 g<\/p>\n<p>\u201cAlpaca\u201d by Drops (50 g = ca. 167 m) <i>Note, that this option will give the sweater a different drape\/look.<\/i><\/p>\n<p><i>together with<\/i><\/p>\n<p>200 (225) 225 (225) 250 (250) 275 g<\/p>\n<p>\u201cKid Silk\u201d by Drops (25 g = ca. 210m)<\/p>\n<p>Note that you also knit this variation with three threads held together.<\/p>\n<p>&nbsp;<\/p>\n<p>\u2014<\/p>\n<p>Our gray Maja Sweater V-Neck was knitted in: &#8220;Merino&#8221; (col. Rainy Day) &amp; two strands of &#8220;Soft Silk Mohair&#8221; (col. Morning Haze &amp; Rainy Day) by Knitting for Olive.<\/p>\n<p>Our orange Maja Sweater V-Neck was knitted in: &#8220;Arwetta&#8221; (col. Coral) &amp; &#8220;Tilia&#8221; (col. Winter Peach) from Filcolana &amp; &#8220;Mohair 50&#8221; (col. 29) from Stefis Wolle<\/p>\n<p>&nbsp;<\/p>\n<h4><a href=\"https:\/\/wemadewardrobe.com\/en\/difficulties\/\">DIFFICULTY<\/a><\/h4>\n<p>\u25cf\u25cf\u25cb\u25cb\u25cb (2 out of 5)<\/p>\n<h4>YOUTUBE TUTORIALS<\/h4>\n<p><iframe loading=\"lazy\" title=\"YouTube video player\" src=\"https:\/\/www.youtube.com\/embed\/ocI9Y_ejHQE?si=uqmlulXlP9LS_kEt\" width=\"560\" height=\"315\" frameborder=\"0\" allowfullscreen=\"allowfullscreen\"><\/iframe><\/p>\n<p><iframe loading=\"lazy\" title=\"YouTube video player\" src=\"https:\/\/www.youtube.com\/embed\/_Qqg1yhO3F8?si=nzw_8sKwL3haoTjd\" width=\"560\" height=\"315\" frameborder=\"0\" allowfullscreen=\"allowfullscreen\"><\/iframe><\/p>\n","protected":false},"excerpt":{"rendered":"<p><span style=\"font-weight: 400;\">Mit der Strickanleitung f\u00fcr den Maja V-Ausschnitt Pullover strickst du einen \u00fcbergro\u00dfen Pullover mit \u00fcberschnittenen Schultern, interessanten Details und einem doppelt gefalteten Kragen.<br \/>\n<\/span><\/p>\n<p>Das Strickmuster f\u00fcr einen basic Pullover ist f\u00fcr erfahrene Anf\u00e4nger und Fortgeschrittene geeignet und kommt in<strong> Gr\u00f6\u00dfen XS-3XL<\/strong> (mehr zu den Gr\u00f6\u00dfen findest du weiter unten).<\/p>\n<p>Mehr Informationen zu <strong>Nadelst\u00e4rken<\/strong>, <strong>Maschenprobe<\/strong> und <strong>Material<\/strong> findest du weiter unten.<\/p>\n<p>Die Strickanleitung wird dir per E-Mail zugesendet als <strong>PDF Dokument<\/strong>.<\/p>","protected":false},"featured_media":1885,"template":"","meta":{"inline_featured_image":false,"_kadence_starter_templates_imported_post":false,"_kad_post_transparent":"default","_kad_post_title":"","_kad_post_layout":"default","_kad_post_sidebar_id":"","_kad_post_content_style":"default","_kad_post_vertical_padding":"default","_kad_post_feature":"","_kad_post_feature_position":"","_kad_post_header":false,"_kad_post_footer":false,"_kad_post_classname":""},"product_brand":[],"product_cat":[53],"product_tag":[169,170,167,164,166,165,168,54,171,163,60,151,152,122,153,150,55,173,94,176,174,175],"class_list":{"0":"post-1878","1":"product","2":"type-product","3":"status-publish","4":"has-post-thumbnail","6":"product_cat-sweater-knitting-patterns","7":"product_tag-basic-pulli","8":"product_tag-basic-pullover-strickanleitung","9":"product_tag-basic-sweater-knitting-pattern","10":"product_tag-dropped-shoulder","11":"product_tag-easy","12":"product_tag-easy-sweater","13":"product_tag-einfacher-pullover","14":"product_tag-knitting-pattern","15":"product_tag-maja","16":"product_tag-maja-sweater","17":"product_tag-oversized-sweater","18":"product_tag-pullover","19":"product_tag-pullover-strickanleitung","20":"product_tag-ribbing","21":"product_tag-strickanleitung","22":"product_tag-sweater","23":"product_tag-sweater-knitting-pattern","24":"product_tag-v-ausschnitt","25":"product_tag-v-neck","26":"product_tag-v-neck-knitting-pattern","27":"product_tag-v-neck-pattern","28":"product_tag-v-neck-sweater","30":"first","31":"instock","32":"featured","33":"sold-individually","34":"purchasable","35":"product-type-variable","36":"entry","37":"content-bg","38":"loop-entry"},"yoast_head":"<!-- This site is optimized with the Yoast SEO plugin v27.4 - https:\/\/yoast.com\/product\/yoast-seo-wordpress\/ -->\n<title>MAJA SWEATER V-NECK - wemadewardrobe<\/title>\n<meta name=\"description\" content=\"The Maja Sweater V-Neck is a basic V-neck sweater knitting pattern with an oversized fit, a dropped shoulder construction and interesting details.\" \/>\n<meta name=\"robots\" content=\"index, follow, max-snippet:-1, max-image-preview:large, max-video-preview:-1\" \/>\n<link rel=\"canonical\" href=\"https:\/\/wemadewardrobe.com\/de\/produkt\/basic-v-neck-sweater-knitting-pattern-maja-sweater\/\" \/>\n<meta property=\"og:locale\" content=\"de_DE\" \/>\n<meta property=\"og:type\" content=\"article\" \/>\n<meta property=\"og:title\" content=\"MAJA SWEATER V-NECK - wemadewardrobe\" \/>\n<meta property=\"og:description\" content=\"The Maja Sweater V-Neck is a basic V-neck sweater knitting pattern with an oversized fit, a dropped shoulder construction and interesting details.\" \/>\n<meta property=\"og:url\" content=\"https:\/\/wemadewardrobe.com\/de\/produkt\/basic-v-neck-sweater-knitting-pattern-maja-sweater\/\" \/>\n<meta property=\"og:site_name\" content=\"wemadewardrobe\" \/>\n<meta property=\"article:modified_time\" content=\"2024-10-03T06:55:15+00:00\" \/>\n<meta property=\"og:image\" content=\"https:\/\/wemadewardrobe.com\/wp-content\/uploads\/2024\/10\/Titelbild-Maja-V.jpg\" \/>\n\t<meta property=\"og:image:width\" content=\"450\" \/>\n\t<meta property=\"og:image:height\" content=\"630\" \/>\n\t<meta property=\"og:image:type\" content=\"image\/jpeg\" \/>\n<meta name=\"twitter:card\" content=\"summary_large_image\" \/>\n<meta name=\"twitter:label1\" content=\"Gesch\u00e4tzte Lesezeit\" \/>\n\t<meta name=\"twitter:data1\" content=\"3\u00a0Minuten\" \/>\n<script type=\"application\/ld+json\" class=\"yoast-schema-graph\">{\"@context\":\"https:\\\/\\\/schema.org\",\"@graph\":[{\"@type\":[\"WebPage\",\"ItemPage\"],\"@id\":\"https:\\\/\\\/wemadewardrobe.com\\\/product\\\/basic-v-neck-sweater-knitting-pattern-maja-sweater\\\/\",\"url\":\"https:\\\/\\\/wemadewardrobe.com\\\/product\\\/basic-v-neck-sweater-knitting-pattern-maja-sweater\\\/\",\"name\":\"MAJA SWEATER V-NECK - wemadewardrobe\",\"isPartOf\":{\"@id\":\"https:\\\/\\\/wemadewardrobe.com\\\/#website\"},\"primaryImageOfPage\":{\"@id\":\"https:\\\/\\\/wemadewardrobe.com\\\/product\\\/basic-v-neck-sweater-knitting-pattern-maja-sweater\\\/#primaryimage\"},\"image\":{\"@id\":\"https:\\\/\\\/wemadewardrobe.com\\\/product\\\/basic-v-neck-sweater-knitting-pattern-maja-sweater\\\/#primaryimage\"},\"thumbnailUrl\":\"https:\\\/\\\/wemadewardrobe.com\\\/wp-content\\\/uploads\\\/2024\\\/10\\\/Titelbild-Maja-V.jpg\",\"datePublished\":\"2024-10-01T06:48:50+00:00\",\"dateModified\":\"2024-10-03T06:55:15+00:00\",\"description\":\"The Maja Sweater V-Neck is a basic V-neck sweater knitting pattern with an oversized fit, a dropped shoulder construction and interesting details.\",\"breadcrumb\":{\"@id\":\"https:\\\/\\\/wemadewardrobe.com\\\/product\\\/basic-v-neck-sweater-knitting-pattern-maja-sweater\\\/#breadcrumb\"},\"inLanguage\":\"de\",\"potentialAction\":[{\"@type\":\"ReadAction\",\"target\":[\"https:\\\/\\\/wemadewardrobe.com\\\/product\\\/basic-v-neck-sweater-knitting-pattern-maja-sweater\\\/\"]}]},{\"@type\":\"ImageObject\",\"inLanguage\":\"de\",\"@id\":\"https:\\\/\\\/wemadewardrobe.com\\\/product\\\/basic-v-neck-sweater-knitting-pattern-maja-sweater\\\/#primaryimage\",\"url\":\"https:\\\/\\\/wemadewardrobe.com\\\/wp-content\\\/uploads\\\/2024\\\/10\\\/Titelbild-Maja-V.jpg\",\"contentUrl\":\"https:\\\/\\\/wemadewardrobe.com\\\/wp-content\\\/uploads\\\/2024\\\/10\\\/Titelbild-Maja-V.jpg\",\"width\":450,\"height\":630,\"caption\":\"V-Neck Sweater knitting pattern\"},{\"@type\":\"BreadcrumbList\",\"@id\":\"https:\\\/\\\/wemadewardrobe.com\\\/product\\\/basic-v-neck-sweater-knitting-pattern-maja-sweater\\\/#breadcrumb\",\"itemListElement\":[{\"@type\":\"ListItem\",\"position\":1,\"name\":\"Home\",\"item\":\"https:\\\/\\\/wemadewardrobe.com\\\/\"},{\"@type\":\"ListItem\",\"position\":2,\"name\":\"Knitting Patterns\",\"item\":\"https:\\\/\\\/wemadewardrobe.com\\\/de\\\/shop\\\/\"},{\"@type\":\"ListItem\",\"position\":3,\"name\":\"MAJA SWEATER V-NECK\"}]},{\"@type\":\"WebSite\",\"@id\":\"https:\\\/\\\/wemadewardrobe.com\\\/#website\",\"url\":\"https:\\\/\\\/wemadewardrobe.com\\\/\",\"name\":\"wemadewardrobe\",\"description\":\"modern knitting patterns from Lisa &amp; Bella\",\"publisher\":{\"@id\":\"https:\\\/\\\/wemadewardrobe.com\\\/#organization\"},\"alternateName\":\"modern knitting patterns\",\"potentialAction\":[{\"@type\":\"SearchAction\",\"target\":{\"@type\":\"EntryPoint\",\"urlTemplate\":\"https:\\\/\\\/wemadewardrobe.com\\\/?s={search_term_string}\"},\"query-input\":{\"@type\":\"PropertyValueSpecification\",\"valueRequired\":true,\"valueName\":\"search_term_string\"}}],\"inLanguage\":\"de\"},{\"@type\":\"Organization\",\"@id\":\"https:\\\/\\\/wemadewardrobe.com\\\/#organization\",\"name\":\"wemadewardrobe\",\"url\":\"https:\\\/\\\/wemadewardrobe.com\\\/\",\"logo\":{\"@type\":\"ImageObject\",\"inLanguage\":\"de\",\"@id\":\"https:\\\/\\\/wemadewardrobe.com\\\/#\\\/schema\\\/logo\\\/image\\\/\",\"url\":\"https:\\\/\\\/wemadewardrobe.com\\\/wp-content\\\/uploads\\\/2023\\\/10\\\/cropped-wemadewardrobe_Png-150x150-1.png\",\"contentUrl\":\"https:\\\/\\\/wemadewardrobe.com\\\/wp-content\\\/uploads\\\/2023\\\/10\\\/cropped-wemadewardrobe_Png-150x150-1.png\",\"width\":118,\"height\":84,\"caption\":\"wemadewardrobe\"},\"image\":{\"@id\":\"https:\\\/\\\/wemadewardrobe.com\\\/#\\\/schema\\\/logo\\\/image\\\/\"},\"sameAs\":[\"https:\\\/\\\/www.instagram.com\\\/wemadewardrobe\\\/\"]}]}<\/script>\n<!-- \/ Yoast SEO plugin. -->","yoast_head_json":{"title":"MAJA SWEATER V-NECK - wemadewardrobe","description":"The Maja Sweater V-Neck is a basic V-neck sweater knitting pattern with an oversized fit, a dropped shoulder construction and interesting details.","robots":{"index":"index","follow":"follow","max-snippet":"max-snippet:-1","max-image-preview":"max-image-preview:large","max-video-preview":"max-video-preview:-1"},"canonical":"https:\/\/wemadewardrobe.com\/de\/produkt\/basic-v-neck-sweater-knitting-pattern-maja-sweater\/","og_locale":"de_DE","og_type":"article","og_title":"MAJA SWEATER V-NECK - wemadewardrobe","og_description":"The Maja Sweater V-Neck is a basic V-neck sweater knitting pattern with an oversized fit, a dropped shoulder construction and interesting details.","og_url":"https:\/\/wemadewardrobe.com\/de\/produkt\/basic-v-neck-sweater-knitting-pattern-maja-sweater\/","og_site_name":"wemadewardrobe","article_modified_time":"2024-10-03T06:55:15+00:00","og_image":[{"width":450,"height":630,"url":"https:\/\/wemadewardrobe.com\/wp-content\/uploads\/2024\/10\/Titelbild-Maja-V.jpg","type":"image\/jpeg"}],"twitter_card":"summary_large_image","twitter_misc":{"Gesch\u00e4tzte Lesezeit":"3\u00a0Minuten"},"schema":{"@context":"https:\/\/schema.org","@graph":[{"@type":["WebPage","ItemPage"],"@id":"https:\/\/wemadewardrobe.com\/product\/basic-v-neck-sweater-knitting-pattern-maja-sweater\/","url":"https:\/\/wemadewardrobe.com\/product\/basic-v-neck-sweater-knitting-pattern-maja-sweater\/","name":"MAJA SWEATER V-NECK - wemadewardrobe","isPartOf":{"@id":"https:\/\/wemadewardrobe.com\/#website"},"primaryImageOfPage":{"@id":"https:\/\/wemadewardrobe.com\/product\/basic-v-neck-sweater-knitting-pattern-maja-sweater\/#primaryimage"},"image":{"@id":"https:\/\/wemadewardrobe.com\/product\/basic-v-neck-sweater-knitting-pattern-maja-sweater\/#primaryimage"},"thumbnailUrl":"https:\/\/wemadewardrobe.com\/wp-content\/uploads\/2024\/10\/Titelbild-Maja-V.jpg","datePublished":"2024-10-01T06:48:50+00:00","dateModified":"2024-10-03T06:55:15+00:00","description":"The Maja Sweater V-Neck is a basic V-neck sweater knitting pattern with an oversized fit, a dropped shoulder construction and interesting details.","breadcrumb":{"@id":"https:\/\/wemadewardrobe.com\/product\/basic-v-neck-sweater-knitting-pattern-maja-sweater\/#breadcrumb"},"inLanguage":"de","potentialAction":[{"@type":"ReadAction","target":["https:\/\/wemadewardrobe.com\/product\/basic-v-neck-sweater-knitting-pattern-maja-sweater\/"]}]},{"@type":"ImageObject","inLanguage":"de","@id":"https:\/\/wemadewardrobe.com\/product\/basic-v-neck-sweater-knitting-pattern-maja-sweater\/#primaryimage","url":"https:\/\/wemadewardrobe.com\/wp-content\/uploads\/2024\/10\/Titelbild-Maja-V.jpg","contentUrl":"https:\/\/wemadewardrobe.com\/wp-content\/uploads\/2024\/10\/Titelbild-Maja-V.jpg","width":450,"height":630,"caption":"V-Neck Sweater knitting pattern"},{"@type":"BreadcrumbList","@id":"https:\/\/wemadewardrobe.com\/product\/basic-v-neck-sweater-knitting-pattern-maja-sweater\/#breadcrumb","itemListElement":[{"@type":"ListItem","position":1,"name":"Home","item":"https:\/\/wemadewardrobe.com\/"},{"@type":"ListItem","position":2,"name":"Knitting Patterns","item":"https:\/\/wemadewardrobe.com\/de\/shop\/"},{"@type":"ListItem","position":3,"name":"MAJA SWEATER V-NECK"}]},{"@type":"WebSite","@id":"https:\/\/wemadewardrobe.com\/#website","url":"https:\/\/wemadewardrobe.com\/","name":"wemadewardrobe","description":"modern knitting patterns from Lisa &amp; Bella","publisher":{"@id":"https:\/\/wemadewardrobe.com\/#organization"},"alternateName":"modern knitting patterns","potentialAction":[{"@type":"SearchAction","target":{"@type":"EntryPoint","urlTemplate":"https:\/\/wemadewardrobe.com\/?s={search_term_string}"},"query-input":{"@type":"PropertyValueSpecification","valueRequired":true,"valueName":"search_term_string"}}],"inLanguage":"de"},{"@type":"Organization","@id":"https:\/\/wemadewardrobe.com\/#organization","name":"wemadewardrobe","url":"https:\/\/wemadewardrobe.com\/","logo":{"@type":"ImageObject","inLanguage":"de","@id":"https:\/\/wemadewardrobe.com\/#\/schema\/logo\/image\/","url":"https:\/\/wemadewardrobe.com\/wp-content\/uploads\/2023\/10\/cropped-wemadewardrobe_Png-150x150-1.png","contentUrl":"https:\/\/wemadewardrobe.com\/wp-content\/uploads\/2023\/10\/cropped-wemadewardrobe_Png-150x150-1.png","width":118,"height":84,"caption":"wemadewardrobe"},"image":{"@id":"https:\/\/wemadewardrobe.com\/#\/schema\/logo\/image\/"},"sameAs":["https:\/\/www.instagram.com\/wemadewardrobe\/"]}]}},"_links":{"self":[{"href":"https:\/\/wemadewardrobe.com\/de\/wp-json\/wp\/v2\/product\/1878","targetHints":{"allow":["GET"]}}],"collection":[{"href":"https:\/\/wemadewardrobe.com\/de\/wp-json\/wp\/v2\/product"}],"about":[{"href":"https:\/\/wemadewardrobe.com\/de\/wp-json\/wp\/v2\/types\/product"}],"wp:featuredmedia":[{"embeddable":true,"href":"https:\/\/wemadewardrobe.com\/de\/wp-json\/wp\/v2\/media\/1885"}],"wp:attachment":[{"href":"https:\/\/wemadewardrobe.com\/de\/wp-json\/wp\/v2\/media?parent=1878"}],"wp:term":[{"taxonomy":"product_brand","embeddable":true,"href":"https:\/\/wemadewardrobe.com\/de\/wp-json\/wp\/v2\/product_brand?post=1878"},{"taxonomy":"product_cat","embeddable":true,"href":"https:\/\/wemadewardrobe.com\/de\/wp-json\/wp\/v2\/product_cat?post=1878"},{"taxonomy":"product_tag","embeddable":true,"href":"https:\/\/wemadewardrobe.com\/de\/wp-json\/wp\/v2\/product_tag?post=1878"}],"curies":[{"name":"wp","href":"https:\/\/api.w.org\/{rel}","templated":true}]}}