{"id":1947,"date":"2024-10-31T12:56:44","date_gmt":"2024-10-31T11:56:44","guid":{"rendered":"https:\/\/wemadewardrobe.com\/?post_type=product&#038;p=1947"},"modified":"2025-03-18T13:36:30","modified_gmt":"2025-03-18T12:36:30","slug":"chunky-sweater-knitting-pattern-yva-sweater","status":"publish","type":"product","link":"https:\/\/wemadewardrobe.com\/de\/produkt\/chunky-sweater-knitting-pattern-yva-sweater\/","title":{"rendered":"YVA SWEATER"},"content":{"rendered":"<p>This chunky sweater knitting pattern is perfect for staying warm all winter long. Knit with three strands of yarn, the oversized silhouette and soft, drapey stockinette stitch create an effortlessly chic look.<\/p>\n<p>The chunky sweater knitting pattern is knit from the top down and features a relaxed dropped shoulder design with 1&#215;1 ribbing at the crew neck, cuffs, and hem. The versatile pattern works beautifully with a variety of hand-dyed yarns, making it a great project for using up special skeins from your stash.<\/p>\n<p>Whether you&#8217;re a beginner knitter looking to tackle your first sweater or an experienced knitter in search of a new winter wardrobe staple, this easy-to-follow pattern is sure to become a cold weather favorite. Knit a cozy, oversized sweater this season with this must-have winter sweater knitting pattern.<\/p>\n<p>With this winter sweater knitting pattern, you can knit yourself a sweater that is the perfect canvas for any special yarn. Thanks to the large needle size, you can knit the sweater knitting pattern very fast and you&#8217;ll have your new favorite sweater on in no time!<\/p>\n<p>Begin by making a gauge swatch to check that you have the correct gauge.<\/p>\n<p>&nbsp;<\/p>\n<h4>SizeS<\/h4>\n<p><b>XS (S) M (L) XL (2XL) 3XL<\/b><\/p>\n<p>The Yva Sweater should have a range of movement (positive ease) of approx. 20 cm in relation to your chest circumference. The sizes XS (S) M (L) XL (2XL) 3XL fit a chest measurement of 78-84 (85-90) 91-98 (99-109) 110-120 (121-130) 131-140 cm. Measure yourself before you start knitting to make sure you have chosen the correct size for you.<\/p>\n<p>The Yva Sweater has a final bust circumference after blocking of 102 (106) 116 (124) 136 (146) 156 cm.<\/p>\n<p>&nbsp;<\/p>\n<h4>Needles<\/h4>\n<p>Circular knitting needle 9.0 mm [US13] (40, 80 or 100 cm for Magic Loop) [16 and 40 inches]<\/p>\n<p>Circular knitting needle 8.0 mm [US11] (40 or 100 cm for Magic Loop) [16 or 40 inches]<\/p>\n<p>Circular knitting needle 7.0 mm (40 or 100 cm for Magic Loop) [16 or 40 inches]<\/p>\n<p>Circular knitting needle 6.0 mm [US10] (40 or 100 cm for Magic Loop) [16 or 40 inches]<\/p>\n<p>&nbsp;<\/p>\n<h4>Gauge<\/h4>\n<p>Stockinette stitch on 9.0 mm needles:<\/p>\n<p>10 sts \/ 15 rows = 10 x 10 cm<\/p>\n<p>&nbsp;<\/p>\n<h4>Materials<\/h4>\n<p>250 (250) 300 (300) 350 (400) 450 g<\/p>\n<p>\u201cPuno\u201d from Gepard Garn (50g = 110m)<\/p>\n<p>&nbsp;<\/p>\n<p><i>together with<\/i><\/p>\n<p>&nbsp;<\/p>\n<p>200 (200) 250 (250) 300 (350) 350 g<\/p>\n<p>\u201cAll Day Organic\u201d from Gepard Garn (50g = 175m)<\/p>\n<p>&nbsp;<\/p>\n<p><i>together with<\/i><\/p>\n<p>&nbsp;<\/p>\n<p>300 (300) 300 (300) 400 (400) 500 g<\/p>\n<p>\u201cFat Mohair\u201d from Sysleriget (100g = 200m)<\/p>\n<p>The Yva Sweater is knitted with three strands of yarn. One thread of each yarn.<\/p>\n<p>Note that you will need more yarn if you want to knit the sweater longer.<\/p>\n<p>&nbsp;<\/p>\n<h4>Yarn alternatives<\/h4>\n<p>200 (200) 250 (250) 300 (300) 350 g<\/p>\n<p>\u201cAir\u201d from Drops (50g = 150m)<\/p>\n<p>&nbsp;<\/p>\n<p><i>together with<\/i><\/p>\n<p>&nbsp;<\/p>\n<p>200 (200) 250 (250) 300 (350) 350 g<\/p>\n<p>\u201cAlpaca\u201d from Drops (50g = 167m)<\/p>\n<p>&nbsp;<\/p>\n<p><i>together with<\/i><\/p>\n<p>&nbsp;<\/p>\n<p>250 (250) 250 (250) 300 (300) 400 g<\/p>\n<p>\u201cMelody\u201d from Drops (50g = 140m)<\/p>\n<p>&nbsp;<\/p>\n<p>\u2014<\/p>\n<p>250 (250) 300 (300) 350 (400) 450 g<\/p>\n<p>\u201cLanalpaco\u201d from Schulana (50g = 110m)<\/p>\n<p>&nbsp;<\/p>\n<p><i>together with<\/i><\/p>\n<p>&nbsp;<\/p>\n<p>200 (200) 250 (250) 300 (350) 350 g<\/p>\n<p>\u201cBabyull Lanett\u201d from Sandnes Garn (50g = 175m)<\/p>\n<p>&nbsp;<\/p>\n<p><i>together with<\/i><\/p>\n<p>&nbsp;<\/p>\n<p>250 (250) 250 (250) 300 (300) 400 g<\/p>\n<p>\u201cBallerina Chunky Mohair\u201d from Sandnes Garn (50g = 135m)<\/p>\n<p>&nbsp;<\/p>\n<p>\u2014<\/p>\n<p>Our blue Yva Sweater was knitted in: \u201cFat Mohair\u201d (col. Sea of Gold) from Sysleriget, \u201cPuno\u201d (col. 101 Off-White) and \u201cAll Day Organic\u201d (col. 101 Off-White) from Gepard Garn.<\/p>\n<p>Our beige Yva Sweater was knitted in: \u201cFat Mohair\u201d (col. Muddy Puddles) from Sysleriget, \u201cPuno\u201d (col. 101 Off-White) and \u201cAll Day Organic\u201d (col. 101 Off-White) from Gepard Garn.<\/p>\n<p>&nbsp;<\/p>\n<h4><a href=\"https:\/\/wemadewardrobe.com\/en\/difficulties\/\">DIFFICULTY<\/a><\/h4>\n<p>\u25cf\u25cf\u25cb\u25cb\u25cb (2 out of 5)<\/p>\n<h4>YOUTUBE TUTORIALS<\/h4>\n<p><iframe loading=\"lazy\" title=\"YouTube video player\" src=\"https:\/\/www.youtube.com\/embed\/ocI9Y_ejHQE?si=uqmlulXlP9LS_kEt\" width=\"560\" height=\"315\" frameborder=\"0\" allowfullscreen=\"allowfullscreen\"><\/iframe><\/p>\n","protected":false},"excerpt":{"rendered":"<p><span style=\"font-weight: 400;\">Die Pullover Strickanleitung f\u00fcr den Yva Sweater ist eine dicker Winterpullover mit Rundhalsausschnitt und gerippten \u00c4rmelb\u00fcndchen Anleitung.<br \/>\n<\/span><\/p>\n<p>Die Anleitung f\u00fcr einen dicken Pullover ist f\u00fcr selbstbewusste Anf\u00e4nger und Fortgeschrittene geeignet und kommt in<strong> Gr\u00f6\u00dfen XS-3XL<\/strong> (mehr zu den Gr\u00f6\u00dfen findest du weiter unten).<\/p>\n<p>Mehr Informationen zu <strong>Nadelst\u00e4rken<\/strong>, <strong>Maschenprobe<\/strong> und <strong>Material<\/strong> findest du weiter unten.<\/p>\n<p>Die Strickanleitung wird dir per E-Mail zugesendet als <strong>PDF Dokument<\/strong>.<\/p>","protected":false},"featured_media":1964,"template":"","meta":{"inline_featured_image":false,"_kadence_starter_templates_imported_post":false,"_kad_post_transparent":"default","_kad_post_title":"","_kad_post_layout":"default","_kad_post_sidebar_id":"","_kad_post_content_style":"default","_kad_post_vertical_padding":"default","_kad_post_feature":"","_kad_post_feature_position":"","_kad_post_header":false,"_kad_post_footer":false,"_kad_post_classname":""},"product_brand":[],"product_cat":[53],"product_tag":[169,170,167,179,181,164,166,165,168,54,60,151,152,122,182,153,150,55,180,177,178],"class_list":{"0":"post-1947","1":"product","2":"type-product","3":"status-publish","4":"has-post-thumbnail","6":"product_cat-sweater-knitting-patterns","7":"product_tag-basic-pulli","8":"product_tag-basic-pullover-strickanleitung","9":"product_tag-basic-sweater-knitting-pattern","10":"product_tag-chunky-knit","11":"product_tag-chunky-sweater","12":"product_tag-dropped-shoulder","13":"product_tag-easy","14":"product_tag-easy-sweater","15":"product_tag-einfacher-pullover","16":"product_tag-knitting-pattern","17":"product_tag-oversized-sweater","18":"product_tag-pullover","19":"product_tag-pullover-strickanleitung","20":"product_tag-ribbing","21":"product_tag-round-neck","22":"product_tag-strickanleitung","23":"product_tag-sweater","24":"product_tag-sweater-knitting-pattern","25":"product_tag-winterpulli","26":"product_tag-yva","27":"product_tag-yva-sweater","29":"first","30":"instock","31":"featured","32":"sold-individually","33":"purchasable","34":"product-type-variable","35":"entry","36":"content-bg","37":"loop-entry"},"yoast_head":"<!-- This site is optimized with the Yoast SEO plugin v27.3 - https:\/\/yoast.com\/product\/yoast-seo-wordpress\/ -->\n<title>YVA SWEATER - wemadewardrobe<\/title>\n<meta name=\"description\" content=\"The chunky sweater knitting pattern YVA is a very quick knit that features a round neck, dropped shoulders and is a perfect canvas for special yarn.\" \/>\n<meta name=\"robots\" content=\"index, follow, max-snippet:-1, max-image-preview:large, max-video-preview:-1\" \/>\n<link rel=\"canonical\" href=\"https:\/\/wemadewardrobe.com\/de\/produkt\/chunky-sweater-knitting-pattern-yva-sweater\/\" \/>\n<meta property=\"og:locale\" content=\"de_DE\" \/>\n<meta property=\"og:type\" content=\"article\" \/>\n<meta property=\"og:title\" content=\"YVA SWEATER - wemadewardrobe\" \/>\n<meta property=\"og:description\" content=\"The chunky sweater knitting pattern YVA is a very quick knit that features a round neck, dropped shoulders and is a perfect canvas for special yarn.\" \/>\n<meta property=\"og:url\" content=\"https:\/\/wemadewardrobe.com\/de\/produkt\/chunky-sweater-knitting-pattern-yva-sweater\/\" \/>\n<meta property=\"og:site_name\" content=\"wemadewardrobe\" \/>\n<meta property=\"article:modified_time\" content=\"2025-03-18T12:36:30+00:00\" \/>\n<meta property=\"og:image\" content=\"https:\/\/wemadewardrobe.com\/wp-content\/uploads\/2024\/10\/Yva-Zusammen-2_wmw.jpg\" \/>\n\t<meta property=\"og:image:width\" content=\"450\" \/>\n\t<meta property=\"og:image:height\" content=\"630\" \/>\n\t<meta property=\"og:image:type\" content=\"image\/jpeg\" \/>\n<meta name=\"twitter:card\" content=\"summary_large_image\" \/>\n<meta name=\"twitter:label1\" content=\"Gesch\u00e4tzte Lesezeit\" \/>\n\t<meta name=\"twitter:data1\" content=\"3\u00a0Minuten\" \/>\n<script type=\"application\/ld+json\" class=\"yoast-schema-graph\">{\"@context\":\"https:\\\/\\\/schema.org\",\"@graph\":[{\"@type\":[\"WebPage\",\"ItemPage\"],\"@id\":\"https:\\\/\\\/wemadewardrobe.com\\\/product\\\/chunky-sweater-knitting-pattern-yva-sweater\\\/\",\"url\":\"https:\\\/\\\/wemadewardrobe.com\\\/product\\\/chunky-sweater-knitting-pattern-yva-sweater\\\/\",\"name\":\"YVA SWEATER - wemadewardrobe\",\"isPartOf\":{\"@id\":\"https:\\\/\\\/wemadewardrobe.com\\\/#website\"},\"primaryImageOfPage\":{\"@id\":\"https:\\\/\\\/wemadewardrobe.com\\\/product\\\/chunky-sweater-knitting-pattern-yva-sweater\\\/#primaryimage\"},\"image\":{\"@id\":\"https:\\\/\\\/wemadewardrobe.com\\\/product\\\/chunky-sweater-knitting-pattern-yva-sweater\\\/#primaryimage\"},\"thumbnailUrl\":\"https:\\\/\\\/wemadewardrobe.com\\\/wp-content\\\/uploads\\\/2024\\\/10\\\/Yva-Zusammen-2_wmw.jpg\",\"datePublished\":\"2024-10-31T11:56:44+00:00\",\"dateModified\":\"2025-03-18T12:36:30+00:00\",\"description\":\"The chunky sweater knitting pattern YVA is a very quick knit that features a round neck, dropped shoulders and is a perfect canvas for special yarn.\",\"breadcrumb\":{\"@id\":\"https:\\\/\\\/wemadewardrobe.com\\\/product\\\/chunky-sweater-knitting-pattern-yva-sweater\\\/#breadcrumb\"},\"inLanguage\":\"de\",\"potentialAction\":[{\"@type\":\"ReadAction\",\"target\":[\"https:\\\/\\\/wemadewardrobe.com\\\/product\\\/chunky-sweater-knitting-pattern-yva-sweater\\\/\"]}]},{\"@type\":\"ImageObject\",\"inLanguage\":\"de\",\"@id\":\"https:\\\/\\\/wemadewardrobe.com\\\/product\\\/chunky-sweater-knitting-pattern-yva-sweater\\\/#primaryimage\",\"url\":\"https:\\\/\\\/wemadewardrobe.com\\\/wp-content\\\/uploads\\\/2024\\\/10\\\/Yva-Zusammen-2_wmw.jpg\",\"contentUrl\":\"https:\\\/\\\/wemadewardrobe.com\\\/wp-content\\\/uploads\\\/2024\\\/10\\\/Yva-Zusammen-2_wmw.jpg\",\"width\":450,\"height\":630,\"caption\":\"Chunky sweater knitting pattern\"},{\"@type\":\"BreadcrumbList\",\"@id\":\"https:\\\/\\\/wemadewardrobe.com\\\/product\\\/chunky-sweater-knitting-pattern-yva-sweater\\\/#breadcrumb\",\"itemListElement\":[{\"@type\":\"ListItem\",\"position\":1,\"name\":\"Home\",\"item\":\"https:\\\/\\\/wemadewardrobe.com\\\/\"},{\"@type\":\"ListItem\",\"position\":2,\"name\":\"Knitting Patterns\",\"item\":\"https:\\\/\\\/wemadewardrobe.com\\\/de\\\/shop\\\/\"},{\"@type\":\"ListItem\",\"position\":3,\"name\":\"YVA SWEATER\"}]},{\"@type\":\"WebSite\",\"@id\":\"https:\\\/\\\/wemadewardrobe.com\\\/#website\",\"url\":\"https:\\\/\\\/wemadewardrobe.com\\\/\",\"name\":\"wemadewardrobe\",\"description\":\"modern knitting patterns from Lisa &amp; Bella\",\"publisher\":{\"@id\":\"https:\\\/\\\/wemadewardrobe.com\\\/#organization\"},\"alternateName\":\"modern knitting patterns\",\"potentialAction\":[{\"@type\":\"SearchAction\",\"target\":{\"@type\":\"EntryPoint\",\"urlTemplate\":\"https:\\\/\\\/wemadewardrobe.com\\\/?s={search_term_string}\"},\"query-input\":{\"@type\":\"PropertyValueSpecification\",\"valueRequired\":true,\"valueName\":\"search_term_string\"}}],\"inLanguage\":\"de\"},{\"@type\":\"Organization\",\"@id\":\"https:\\\/\\\/wemadewardrobe.com\\\/#organization\",\"name\":\"wemadewardrobe\",\"url\":\"https:\\\/\\\/wemadewardrobe.com\\\/\",\"logo\":{\"@type\":\"ImageObject\",\"inLanguage\":\"de\",\"@id\":\"https:\\\/\\\/wemadewardrobe.com\\\/#\\\/schema\\\/logo\\\/image\\\/\",\"url\":\"https:\\\/\\\/wemadewardrobe.com\\\/wp-content\\\/uploads\\\/2023\\\/10\\\/cropped-wemadewardrobe_Png-150x150-1.png\",\"contentUrl\":\"https:\\\/\\\/wemadewardrobe.com\\\/wp-content\\\/uploads\\\/2023\\\/10\\\/cropped-wemadewardrobe_Png-150x150-1.png\",\"width\":118,\"height\":84,\"caption\":\"wemadewardrobe\"},\"image\":{\"@id\":\"https:\\\/\\\/wemadewardrobe.com\\\/#\\\/schema\\\/logo\\\/image\\\/\"},\"sameAs\":[\"https:\\\/\\\/www.instagram.com\\\/wemadewardrobe\\\/\"]}]}<\/script>\n<!-- \/ Yoast SEO plugin. -->","yoast_head_json":{"title":"YVA SWEATER - wemadewardrobe","description":"The chunky sweater knitting pattern YVA is a very quick knit that features a round neck, dropped shoulders and is a perfect canvas for special yarn.","robots":{"index":"index","follow":"follow","max-snippet":"max-snippet:-1","max-image-preview":"max-image-preview:large","max-video-preview":"max-video-preview:-1"},"canonical":"https:\/\/wemadewardrobe.com\/de\/produkt\/chunky-sweater-knitting-pattern-yva-sweater\/","og_locale":"de_DE","og_type":"article","og_title":"YVA SWEATER - wemadewardrobe","og_description":"The chunky sweater knitting pattern YVA is a very quick knit that features a round neck, dropped shoulders and is a perfect canvas for special yarn.","og_url":"https:\/\/wemadewardrobe.com\/de\/produkt\/chunky-sweater-knitting-pattern-yva-sweater\/","og_site_name":"wemadewardrobe","article_modified_time":"2025-03-18T12:36:30+00:00","og_image":[{"width":450,"height":630,"url":"https:\/\/wemadewardrobe.com\/wp-content\/uploads\/2024\/10\/Yva-Zusammen-2_wmw.jpg","type":"image\/jpeg"}],"twitter_card":"summary_large_image","twitter_misc":{"Gesch\u00e4tzte Lesezeit":"3\u00a0Minuten"},"schema":{"@context":"https:\/\/schema.org","@graph":[{"@type":["WebPage","ItemPage"],"@id":"https:\/\/wemadewardrobe.com\/product\/chunky-sweater-knitting-pattern-yva-sweater\/","url":"https:\/\/wemadewardrobe.com\/product\/chunky-sweater-knitting-pattern-yva-sweater\/","name":"YVA SWEATER - wemadewardrobe","isPartOf":{"@id":"https:\/\/wemadewardrobe.com\/#website"},"primaryImageOfPage":{"@id":"https:\/\/wemadewardrobe.com\/product\/chunky-sweater-knitting-pattern-yva-sweater\/#primaryimage"},"image":{"@id":"https:\/\/wemadewardrobe.com\/product\/chunky-sweater-knitting-pattern-yva-sweater\/#primaryimage"},"thumbnailUrl":"https:\/\/wemadewardrobe.com\/wp-content\/uploads\/2024\/10\/Yva-Zusammen-2_wmw.jpg","datePublished":"2024-10-31T11:56:44+00:00","dateModified":"2025-03-18T12:36:30+00:00","description":"The chunky sweater knitting pattern YVA is a very quick knit that features a round neck, dropped shoulders and is a perfect canvas for special yarn.","breadcrumb":{"@id":"https:\/\/wemadewardrobe.com\/product\/chunky-sweater-knitting-pattern-yva-sweater\/#breadcrumb"},"inLanguage":"de","potentialAction":[{"@type":"ReadAction","target":["https:\/\/wemadewardrobe.com\/product\/chunky-sweater-knitting-pattern-yva-sweater\/"]}]},{"@type":"ImageObject","inLanguage":"de","@id":"https:\/\/wemadewardrobe.com\/product\/chunky-sweater-knitting-pattern-yva-sweater\/#primaryimage","url":"https:\/\/wemadewardrobe.com\/wp-content\/uploads\/2024\/10\/Yva-Zusammen-2_wmw.jpg","contentUrl":"https:\/\/wemadewardrobe.com\/wp-content\/uploads\/2024\/10\/Yva-Zusammen-2_wmw.jpg","width":450,"height":630,"caption":"Chunky sweater knitting pattern"},{"@type":"BreadcrumbList","@id":"https:\/\/wemadewardrobe.com\/product\/chunky-sweater-knitting-pattern-yva-sweater\/#breadcrumb","itemListElement":[{"@type":"ListItem","position":1,"name":"Home","item":"https:\/\/wemadewardrobe.com\/"},{"@type":"ListItem","position":2,"name":"Knitting Patterns","item":"https:\/\/wemadewardrobe.com\/de\/shop\/"},{"@type":"ListItem","position":3,"name":"YVA SWEATER"}]},{"@type":"WebSite","@id":"https:\/\/wemadewardrobe.com\/#website","url":"https:\/\/wemadewardrobe.com\/","name":"wemadewardrobe","description":"modern knitting patterns from Lisa &amp; Bella","publisher":{"@id":"https:\/\/wemadewardrobe.com\/#organization"},"alternateName":"modern knitting patterns","potentialAction":[{"@type":"SearchAction","target":{"@type":"EntryPoint","urlTemplate":"https:\/\/wemadewardrobe.com\/?s={search_term_string}"},"query-input":{"@type":"PropertyValueSpecification","valueRequired":true,"valueName":"search_term_string"}}],"inLanguage":"de"},{"@type":"Organization","@id":"https:\/\/wemadewardrobe.com\/#organization","name":"wemadewardrobe","url":"https:\/\/wemadewardrobe.com\/","logo":{"@type":"ImageObject","inLanguage":"de","@id":"https:\/\/wemadewardrobe.com\/#\/schema\/logo\/image\/","url":"https:\/\/wemadewardrobe.com\/wp-content\/uploads\/2023\/10\/cropped-wemadewardrobe_Png-150x150-1.png","contentUrl":"https:\/\/wemadewardrobe.com\/wp-content\/uploads\/2023\/10\/cropped-wemadewardrobe_Png-150x150-1.png","width":118,"height":84,"caption":"wemadewardrobe"},"image":{"@id":"https:\/\/wemadewardrobe.com\/#\/schema\/logo\/image\/"},"sameAs":["https:\/\/www.instagram.com\/wemadewardrobe\/"]}]}},"_links":{"self":[{"href":"https:\/\/wemadewardrobe.com\/de\/wp-json\/wp\/v2\/product\/1947","targetHints":{"allow":["GET"]}}],"collection":[{"href":"https:\/\/wemadewardrobe.com\/de\/wp-json\/wp\/v2\/product"}],"about":[{"href":"https:\/\/wemadewardrobe.com\/de\/wp-json\/wp\/v2\/types\/product"}],"wp:featuredmedia":[{"embeddable":true,"href":"https:\/\/wemadewardrobe.com\/de\/wp-json\/wp\/v2\/media\/1964"}],"wp:attachment":[{"href":"https:\/\/wemadewardrobe.com\/de\/wp-json\/wp\/v2\/media?parent=1947"}],"wp:term":[{"taxonomy":"product_brand","embeddable":true,"href":"https:\/\/wemadewardrobe.com\/de\/wp-json\/wp\/v2\/product_brand?post=1947"},{"taxonomy":"product_cat","embeddable":true,"href":"https:\/\/wemadewardrobe.com\/de\/wp-json\/wp\/v2\/product_cat?post=1947"},{"taxonomy":"product_tag","embeddable":true,"href":"https:\/\/wemadewardrobe.com\/de\/wp-json\/wp\/v2\/product_tag?post=1947"}],"curies":[{"name":"wp","href":"https:\/\/api.w.org\/{rel}","templated":true}]}}