{"id":1987,"date":"2024-11-15T10:33:16","date_gmt":"2024-11-15T09:33:16","guid":{"rendered":"https:\/\/wemadewardrobe.com\/?post_type=product&#038;p=1987"},"modified":"2024-11-15T10:59:50","modified_gmt":"2024-11-15T09:59:50","slug":"ida-neck-cowl-knitting-pattern","status":"publish","type":"product","link":"https:\/\/wemadewardrobe.com\/de\/produkt\/ida-neck-cowl-knitting-pattern\/","title":{"rendered":"IDA NECK"},"content":{"rendered":"<p>Colorwork projects look difficult and take a long time to knit? Not with the Cowl knitting pattern Ida! The Ida Neck easy colourwork knitting pattern is a modern knitting pattern and the perfect colorwork beginner knitting project. The Ida Neck is mostly knitted in the round and requires two other pattern colors in addition to the main color. This easy colorwork knitting pattern is suitable for absolute colourwork beginners, as the entire colorwork part is knitted in the round. The rib pattern at the cuffs and hem gives the cowl knitting pattern the perfect finish. The Ida Neck can be worn with coats and jackets and will keep your neck cozy and warm in fall and winter! It is also a perfect way to make use of any single skeins or scrap yarn you have in your stash.<\/p>\n<p>Begin by making a gauge swatch to check that you have the correct gauge.<\/p>\n<p>&nbsp;<\/p>\n<h4>Sizes<\/h4>\n<p>One Size<\/p>\n<p>&nbsp;<\/p>\n<h4>SIZE GUIDE<\/h4>\n<p>&nbsp;<\/p>\n<p>The finished dimensions of the neck are:<\/p>\n<p>Circumference: 60 cm<\/p>\n<p>Length: 30 cm<\/p>\n<p>&nbsp;<\/p>\n<h4>NeedleS<\/h4>\n<p>Circular knitting needle 6.0 mm [US4] (40 cm <i>and<\/i> 80 or 100 cm) [16 and 40 inches]<\/p>\n<p>&nbsp;<\/p>\n<h4>Gauge<\/h4>\n<p>Stockinette stitch on 6.0 mm needle:<\/p>\n<p>18 sts x 22 rows = 10 x 10 cm<\/p>\n<p>&nbsp;<\/p>\n<p><i>Tip: Knit your swatch with the colorwork pattern in the round, as your yarn tension may change when working in colourwork.<\/i><\/p>\n<p>&nbsp;<\/p>\n<h4>Materials<\/h4>\n<p>100 g \u201cPuno\u201d from Gepard Garn in col. 1<\/p>\n<p>50 g \u201cPuno\u201d from Gepard Garn in col. 2<\/p>\n<p>50 g \u201cPuno\u201d from Gepard Garn in col. 3<\/p>\n<p>&nbsp;<\/p>\n<p>The Ida Neck is knitted holding one single thread at a time.<\/p>\n<p>&nbsp;<\/p>\n<h4>Yarn alternatives<\/h4>\n<p>&nbsp;<\/p>\n<p>100 g \u201cLanalpaco\u201d from Schulana in col. 1<\/p>\n<p>50 g \u201cLanalpaco\u201d from Schulana in col. 2<\/p>\n<p>50 g \u201cLanalpaco\u201d from Schulana in col. 3<\/p>\n<p>&#8212;<\/p>\n<p>The white\/blue Ida Neck is knitted in Puno from Gepard Garn in the colors 101, 774 and 710.<\/p>\n<p>The red Ida Neck is knitted in Puno from Gepard Garn in the colors 334, 420 and 412.<\/p>\n<p><i>\u2014<\/i><\/p>\n<h4><a href=\"https:\/\/wemadewardrobe.com\/en\/difficulties\/\">DIFFICULTY<\/a><\/h4>\n<p>\u25cf\u25cf\u25cb\u25cb\u25cb (2 out of 5)<\/p>\n<p>&nbsp;<\/p>\n","protected":false},"excerpt":{"rendered":"<p><span style=\"font-weight: 400;\">Das Ida Neck Strickmuster f\u00fcr einen cowl ist das perfekte Accessoire, um deine Reise in die Welt der Farben zu beginnen. Das Strickmuster f\u00fcr einen cowl ist ein einfaches und spa\u00dfiges Projekt f\u00fcr den Winter.<br \/>\n<\/span><\/p>\n<p>Das Strickmuster f\u00fcr einen Cowl ist sowohl f\u00fcr Anf\u00e4nger als auch f\u00fcr erfahrene Strickerinnen geeignet und kommt in<strong> One Size<\/strong> (mehr zu den Gr\u00f6\u00dfen findest du weiter unten).<\/p>\n<p>Mehr Informationen zu <strong>Nadelst\u00e4rken<\/strong>, <strong>Maschenprobe<\/strong> und <strong>Material<\/strong> findest du weiter unten.<\/p>\n<p>Die Strickanleitung wird dir per E-Mail zugesendet als <strong>PDF Dokument<\/strong>.<\/p>","protected":false},"featured_media":1990,"template":"","meta":{"inline_featured_image":false,"_kadence_starter_templates_imported_post":false,"_kad_post_transparent":"default","_kad_post_title":"","_kad_post_layout":"default","_kad_post_sidebar_id":"","_kad_post_content_style":"default","_kad_post_vertical_padding":"default","_kad_post_feature":"","_kad_post_feature_position":"","_kad_post_header":false,"_kad_post_footer":false,"_kad_post_classname":""},"product_brand":[],"product_cat":[52],"product_tag":[77,92,91,191,192,190,193,187,159,194,188,189,54,154,122],"class_list":{"0":"post-1987","1":"product","2":"type-product","3":"status-publish","4":"has-post-thumbnail","6":"product_cat-accessory-knitting-patterns","7":"product_tag-accessoire","8":"product_tag-beginner","9":"product_tag-beginner-knitting-pattern","10":"product_tag-colorwork","11":"product_tag-colorwork-pattern","12":"product_tag-colourwork","13":"product_tag-colourwork-pattern","14":"product_tag-cowl","15":"product_tag-cowl-knitting-pattern","16":"product_tag-gepard-garn","17":"product_tag-ida","18":"product_tag-ida-neck","19":"product_tag-knitting-pattern","20":"product_tag-neck-knitting-pattern","21":"product_tag-ribbing","23":"first","24":"instock","25":"sold-individually","26":"purchasable","27":"product-type-variable","28":"entry","29":"content-bg","30":"loop-entry"},"yoast_head":"<!-- This site is optimized with the Yoast SEO plugin v27.4 - https:\/\/yoast.com\/product\/yoast-seo-wordpress\/ -->\n<title>IDA NECK - wemadewardrobe- Shawl knitting pattern<\/title>\n<meta name=\"description\" content=\"With the easy colourwork cowl knitting pattern Ida, you can start to learn how ro master colourwork in this cowl knitting pattern.\" \/>\n<meta name=\"robots\" content=\"index, follow, max-snippet:-1, max-image-preview:large, max-video-preview:-1\" \/>\n<link rel=\"canonical\" href=\"https:\/\/wemadewardrobe.com\/de\/produkt\/ida-neck-cowl-knitting-pattern\/\" \/>\n<meta property=\"og:locale\" content=\"de_DE\" \/>\n<meta property=\"og:type\" content=\"article\" \/>\n<meta property=\"og:title\" content=\"IDA NECK - wemadewardrobe- Shawl knitting pattern\" \/>\n<meta property=\"og:description\" content=\"With the easy colourwork cowl knitting pattern Ida, you can start to learn how ro master colourwork in this cowl knitting pattern.\" \/>\n<meta property=\"og:url\" content=\"https:\/\/wemadewardrobe.com\/de\/produkt\/ida-neck-cowl-knitting-pattern\/\" \/>\n<meta property=\"og:site_name\" content=\"wemadewardrobe\" \/>\n<meta property=\"article:modified_time\" content=\"2024-11-15T09:59:50+00:00\" \/>\n<meta property=\"og:image\" content=\"https:\/\/wemadewardrobe.com\/wp-content\/uploads\/2024\/11\/Ida-Neck-1.jpg\" \/>\n\t<meta property=\"og:image:width\" content=\"450\" \/>\n\t<meta property=\"og:image:height\" content=\"630\" \/>\n\t<meta property=\"og:image:type\" content=\"image\/jpeg\" \/>\n<meta name=\"twitter:card\" content=\"summary_large_image\" \/>\n<meta name=\"twitter:label1\" content=\"Gesch\u00e4tzte Lesezeit\" \/>\n\t<meta name=\"twitter:data1\" content=\"2\u00a0Minuten\" \/>\n<script type=\"application\/ld+json\" class=\"yoast-schema-graph\">{\"@context\":\"https:\\\/\\\/schema.org\",\"@graph\":[{\"@type\":[\"WebPage\",\"ItemPage\"],\"@id\":\"https:\\\/\\\/wemadewardrobe.com\\\/en\\\/product\\\/ida-neck-cowl-knitting-pattern\\\/\",\"url\":\"https:\\\/\\\/wemadewardrobe.com\\\/en\\\/product\\\/ida-neck-cowl-knitting-pattern\\\/\",\"name\":\"IDA NECK - wemadewardrobe- Shawl knitting pattern\",\"isPartOf\":{\"@id\":\"https:\\\/\\\/wemadewardrobe.com\\\/#website\"},\"primaryImageOfPage\":{\"@id\":\"https:\\\/\\\/wemadewardrobe.com\\\/en\\\/product\\\/ida-neck-cowl-knitting-pattern\\\/#primaryimage\"},\"image\":{\"@id\":\"https:\\\/\\\/wemadewardrobe.com\\\/en\\\/product\\\/ida-neck-cowl-knitting-pattern\\\/#primaryimage\"},\"thumbnailUrl\":\"https:\\\/\\\/wemadewardrobe.com\\\/wp-content\\\/uploads\\\/2024\\\/11\\\/Ida-Neck-1.jpg\",\"datePublished\":\"2024-11-15T09:33:16+00:00\",\"dateModified\":\"2024-11-15T09:59:50+00:00\",\"description\":\"With the easy colourwork cowl knitting pattern Ida, you can start to learn how ro master colourwork in this cowl knitting pattern.\",\"breadcrumb\":{\"@id\":\"https:\\\/\\\/wemadewardrobe.com\\\/en\\\/product\\\/ida-neck-cowl-knitting-pattern\\\/#breadcrumb\"},\"inLanguage\":\"de\",\"potentialAction\":[{\"@type\":\"ReadAction\",\"target\":[\"https:\\\/\\\/wemadewardrobe.com\\\/en\\\/product\\\/ida-neck-cowl-knitting-pattern\\\/\"]}]},{\"@type\":\"ImageObject\",\"inLanguage\":\"de\",\"@id\":\"https:\\\/\\\/wemadewardrobe.com\\\/en\\\/product\\\/ida-neck-cowl-knitting-pattern\\\/#primaryimage\",\"url\":\"https:\\\/\\\/wemadewardrobe.com\\\/wp-content\\\/uploads\\\/2024\\\/11\\\/Ida-Neck-1.jpg\",\"contentUrl\":\"https:\\\/\\\/wemadewardrobe.com\\\/wp-content\\\/uploads\\\/2024\\\/11\\\/Ida-Neck-1.jpg\",\"width\":450,\"height\":630,\"caption\":\"cowl knitting pattern\"},{\"@type\":\"BreadcrumbList\",\"@id\":\"https:\\\/\\\/wemadewardrobe.com\\\/en\\\/product\\\/ida-neck-cowl-knitting-pattern\\\/#breadcrumb\",\"itemListElement\":[{\"@type\":\"ListItem\",\"position\":1,\"name\":\"Home\",\"item\":\"https:\\\/\\\/wemadewardrobe.com\\\/\"},{\"@type\":\"ListItem\",\"position\":2,\"name\":\"Knitting Patterns\",\"item\":\"https:\\\/\\\/wemadewardrobe.com\\\/de\\\/shop\\\/\"},{\"@type\":\"ListItem\",\"position\":3,\"name\":\"IDA NECK\"}]},{\"@type\":\"WebSite\",\"@id\":\"https:\\\/\\\/wemadewardrobe.com\\\/#website\",\"url\":\"https:\\\/\\\/wemadewardrobe.com\\\/\",\"name\":\"wemadewardrobe\",\"description\":\"modern knitting patterns from Lisa &amp; Bella\",\"publisher\":{\"@id\":\"https:\\\/\\\/wemadewardrobe.com\\\/#organization\"},\"alternateName\":\"modern knitting patterns\",\"potentialAction\":[{\"@type\":\"SearchAction\",\"target\":{\"@type\":\"EntryPoint\",\"urlTemplate\":\"https:\\\/\\\/wemadewardrobe.com\\\/?s={search_term_string}\"},\"query-input\":{\"@type\":\"PropertyValueSpecification\",\"valueRequired\":true,\"valueName\":\"search_term_string\"}}],\"inLanguage\":\"de\"},{\"@type\":\"Organization\",\"@id\":\"https:\\\/\\\/wemadewardrobe.com\\\/#organization\",\"name\":\"wemadewardrobe\",\"url\":\"https:\\\/\\\/wemadewardrobe.com\\\/\",\"logo\":{\"@type\":\"ImageObject\",\"inLanguage\":\"de\",\"@id\":\"https:\\\/\\\/wemadewardrobe.com\\\/#\\\/schema\\\/logo\\\/image\\\/\",\"url\":\"https:\\\/\\\/wemadewardrobe.com\\\/wp-content\\\/uploads\\\/2023\\\/10\\\/cropped-wemadewardrobe_Png-150x150-1.png\",\"contentUrl\":\"https:\\\/\\\/wemadewardrobe.com\\\/wp-content\\\/uploads\\\/2023\\\/10\\\/cropped-wemadewardrobe_Png-150x150-1.png\",\"width\":118,\"height\":84,\"caption\":\"wemadewardrobe\"},\"image\":{\"@id\":\"https:\\\/\\\/wemadewardrobe.com\\\/#\\\/schema\\\/logo\\\/image\\\/\"},\"sameAs\":[\"https:\\\/\\\/www.instagram.com\\\/wemadewardrobe\\\/\"]}]}<\/script>\n<!-- \/ Yoast SEO plugin. -->","yoast_head_json":{"title":"IDA NECK - wemadewardrobe- Shawl knitting pattern","description":"With the easy colourwork cowl knitting pattern Ida, you can start to learn how ro master colourwork in this cowl knitting pattern.","robots":{"index":"index","follow":"follow","max-snippet":"max-snippet:-1","max-image-preview":"max-image-preview:large","max-video-preview":"max-video-preview:-1"},"canonical":"https:\/\/wemadewardrobe.com\/de\/produkt\/ida-neck-cowl-knitting-pattern\/","og_locale":"de_DE","og_type":"article","og_title":"IDA NECK - wemadewardrobe- Shawl knitting pattern","og_description":"With the easy colourwork cowl knitting pattern Ida, you can start to learn how ro master colourwork in this cowl knitting pattern.","og_url":"https:\/\/wemadewardrobe.com\/de\/produkt\/ida-neck-cowl-knitting-pattern\/","og_site_name":"wemadewardrobe","article_modified_time":"2024-11-15T09:59:50+00:00","og_image":[{"width":450,"height":630,"url":"https:\/\/wemadewardrobe.com\/wp-content\/uploads\/2024\/11\/Ida-Neck-1.jpg","type":"image\/jpeg"}],"twitter_card":"summary_large_image","twitter_misc":{"Gesch\u00e4tzte Lesezeit":"2\u00a0Minuten"},"schema":{"@context":"https:\/\/schema.org","@graph":[{"@type":["WebPage","ItemPage"],"@id":"https:\/\/wemadewardrobe.com\/en\/product\/ida-neck-cowl-knitting-pattern\/","url":"https:\/\/wemadewardrobe.com\/en\/product\/ida-neck-cowl-knitting-pattern\/","name":"IDA NECK - wemadewardrobe- Shawl knitting pattern","isPartOf":{"@id":"https:\/\/wemadewardrobe.com\/#website"},"primaryImageOfPage":{"@id":"https:\/\/wemadewardrobe.com\/en\/product\/ida-neck-cowl-knitting-pattern\/#primaryimage"},"image":{"@id":"https:\/\/wemadewardrobe.com\/en\/product\/ida-neck-cowl-knitting-pattern\/#primaryimage"},"thumbnailUrl":"https:\/\/wemadewardrobe.com\/wp-content\/uploads\/2024\/11\/Ida-Neck-1.jpg","datePublished":"2024-11-15T09:33:16+00:00","dateModified":"2024-11-15T09:59:50+00:00","description":"With the easy colourwork cowl knitting pattern Ida, you can start to learn how ro master colourwork in this cowl knitting pattern.","breadcrumb":{"@id":"https:\/\/wemadewardrobe.com\/en\/product\/ida-neck-cowl-knitting-pattern\/#breadcrumb"},"inLanguage":"de","potentialAction":[{"@type":"ReadAction","target":["https:\/\/wemadewardrobe.com\/en\/product\/ida-neck-cowl-knitting-pattern\/"]}]},{"@type":"ImageObject","inLanguage":"de","@id":"https:\/\/wemadewardrobe.com\/en\/product\/ida-neck-cowl-knitting-pattern\/#primaryimage","url":"https:\/\/wemadewardrobe.com\/wp-content\/uploads\/2024\/11\/Ida-Neck-1.jpg","contentUrl":"https:\/\/wemadewardrobe.com\/wp-content\/uploads\/2024\/11\/Ida-Neck-1.jpg","width":450,"height":630,"caption":"cowl knitting pattern"},{"@type":"BreadcrumbList","@id":"https:\/\/wemadewardrobe.com\/en\/product\/ida-neck-cowl-knitting-pattern\/#breadcrumb","itemListElement":[{"@type":"ListItem","position":1,"name":"Home","item":"https:\/\/wemadewardrobe.com\/"},{"@type":"ListItem","position":2,"name":"Knitting Patterns","item":"https:\/\/wemadewardrobe.com\/de\/shop\/"},{"@type":"ListItem","position":3,"name":"IDA NECK"}]},{"@type":"WebSite","@id":"https:\/\/wemadewardrobe.com\/#website","url":"https:\/\/wemadewardrobe.com\/","name":"wemadewardrobe","description":"modern knitting patterns from Lisa &amp; Bella","publisher":{"@id":"https:\/\/wemadewardrobe.com\/#organization"},"alternateName":"modern knitting patterns","potentialAction":[{"@type":"SearchAction","target":{"@type":"EntryPoint","urlTemplate":"https:\/\/wemadewardrobe.com\/?s={search_term_string}"},"query-input":{"@type":"PropertyValueSpecification","valueRequired":true,"valueName":"search_term_string"}}],"inLanguage":"de"},{"@type":"Organization","@id":"https:\/\/wemadewardrobe.com\/#organization","name":"wemadewardrobe","url":"https:\/\/wemadewardrobe.com\/","logo":{"@type":"ImageObject","inLanguage":"de","@id":"https:\/\/wemadewardrobe.com\/#\/schema\/logo\/image\/","url":"https:\/\/wemadewardrobe.com\/wp-content\/uploads\/2023\/10\/cropped-wemadewardrobe_Png-150x150-1.png","contentUrl":"https:\/\/wemadewardrobe.com\/wp-content\/uploads\/2023\/10\/cropped-wemadewardrobe_Png-150x150-1.png","width":118,"height":84,"caption":"wemadewardrobe"},"image":{"@id":"https:\/\/wemadewardrobe.com\/#\/schema\/logo\/image\/"},"sameAs":["https:\/\/www.instagram.com\/wemadewardrobe\/"]}]}},"_links":{"self":[{"href":"https:\/\/wemadewardrobe.com\/de\/wp-json\/wp\/v2\/product\/1987","targetHints":{"allow":["GET"]}}],"collection":[{"href":"https:\/\/wemadewardrobe.com\/de\/wp-json\/wp\/v2\/product"}],"about":[{"href":"https:\/\/wemadewardrobe.com\/de\/wp-json\/wp\/v2\/types\/product"}],"wp:featuredmedia":[{"embeddable":true,"href":"https:\/\/wemadewardrobe.com\/de\/wp-json\/wp\/v2\/media\/1990"}],"wp:attachment":[{"href":"https:\/\/wemadewardrobe.com\/de\/wp-json\/wp\/v2\/media?parent=1987"}],"wp:term":[{"taxonomy":"product_brand","embeddable":true,"href":"https:\/\/wemadewardrobe.com\/de\/wp-json\/wp\/v2\/product_brand?post=1987"},{"taxonomy":"product_cat","embeddable":true,"href":"https:\/\/wemadewardrobe.com\/de\/wp-json\/wp\/v2\/product_cat?post=1987"},{"taxonomy":"product_tag","embeddable":true,"href":"https:\/\/wemadewardrobe.com\/de\/wp-json\/wp\/v2\/product_tag?post=1987"}],"curies":[{"name":"wp","href":"https:\/\/api.w.org\/{rel}","templated":true}]}}