{"id":2253,"date":"2024-12-12T12:13:59","date_gmt":"2024-12-12T11:13:59","guid":{"rendered":"https:\/\/wemadewardrobe.com\/?post_type=product&#038;p=2253"},"modified":"2024-12-12T12:34:57","modified_gmt":"2024-12-12T11:34:57","slug":"tilda-beanie-knitting-pattern","status":"publish","type":"product","link":"https:\/\/wemadewardrobe.com\/de\/produkt\/tilda-beanie-knitting-pattern\/","title":{"rendered":"TILDA BEANIE"},"content":{"rendered":"<p>The Tilda Beanie is our new knitting pattern for a beanie featuring a double-folded brim, designed to keep you warm and cozy on cold winter days. This unique beanie knitting pattern combines a broken rib texture with modern stripes, adding a touch of sophistication to your look. This striped broken rib beanie knitting pattern is not only a stylish accessory but also highly functional: the double brim ensures extra warmth and a perfect fit. With its clear and detailed instructions, this hat knitting pattern for a striped hat is suitable for ambitious beginners looking to expand their skills. It\u2019s the ideal project to create a versatile piece for your wardrobe or to knit a thoughtful, handmade Christmas gift. The Tilda Beanie is a timeless accessory that beautifully blends style and comfort. Get the Tilda Beanie knitting pattern today and knit a beanie that you\u2019ll love to wear or gift!<\/p>\n<p>Begin by making a gauge swatch to check that you have the correct gauge.<\/p>\n<p>&nbsp;<\/p>\n<h4>Sizes<\/h4>\n<p>Women (Men)<\/p>\n<p>&nbsp;<\/p>\n<h4>SIZE GUIDE<\/h4>\n<p>Head circumference:<\/p>\n<p>53 &#8211; 57 cm (57 &#8211; 60 cm)<\/p>\n<p>&nbsp;<\/p>\n<h4>RECOMMENDED Needle SIZE<\/h4>\n<p>Circular knitting needle 3.5 mm [US4] (40 cm) [16 inches]<\/p>\n<p><i>and<\/i><\/p>\n<p>DPNs 3.5 mm <b>or<\/b> circular knitting needle 3.5 mm [US4] (80 oder 100 cm) [40 inches] for the Magic Loop method<\/p>\n<p>&nbsp;<\/p>\n<h4>Gauge<\/h4>\n<p>In broken rib on needle size 3.5 mm:<\/p>\n<p>18 M x 32 R = 10 x 10 cm<\/p>\n<p>&nbsp;<\/p>\n<h4>Materials<\/h4>\n<p>100 g \u201cPeruvian Highland Wool\u201d from Filcolana (50 g = 100 m)<\/p>\n<p>+<\/p>\n<p>50 g \u201cPeruvian Highland Wool\u201d from Filcolana (50 g = 100 m) for the stripes.<\/p>\n<p><i>together with<\/i><\/p>\n<p>&nbsp;<\/p>\n<p>25 g \u201cTilia\u201d from Filcolana (25 g = approx. 210 m)<\/p>\n<p>+<\/p>\n<p>25 g \u201cTilia\u201d from Filcolana (25 g = approx. 210 m) for the stripes.<\/p>\n<p>&nbsp;<\/p>\n<p>Note that you knit with two strands of yarn held together. One thread of the thicker yarn, together with one thread of the thinner yarn.<\/p>\n<p><i>Tip: you can also use leftover yarn for the stripes &#8211; you do not need a lot of yarn and not a full skein of yarn.<\/i><\/p>\n<p>Note that you will need more yarn if you want to knit the beanie longer.<\/p>\n<p>&nbsp;<\/p>\n<h4>Yarn alternatives<\/h4>\n<p>100 g \u201cNaturwollgarn\u201d from Seehawer (100 g = approx. 200 m)<\/p>\n<p>+<\/p>\n<p>100 g \u201cNaturwollgarn\u201d from Seehawer (100 g = approx. 200 m) for the stripes.<\/p>\n<p><i>together with<\/i><\/p>\n<p>20 g \u201cSensai\u201d from Ito (20 g = approx. 240 m)<\/p>\n<p>+<\/p>\n<p>20 g \u201cSensai\u201d from Ito (20 g = approx. 240 m) for the stripes.<\/p>\n<p>&nbsp;<\/p>\n<p>Note that you knit with two strands of yarn held together. One thread of the thicker yarn, together with one thread of the thinner yarn.<\/p>\n<p>&nbsp;<\/p>\n<p><i>\u2014<\/i><\/p>\n<p>100 g \u201cLima\u201d from Drops (50 g = approx. 100 m)<\/p>\n<p><i>together with<\/i><\/p>\n<p>25 g \u201cKid Silk\u201d from Drops (25 g = approx. 210 m)<\/p>\n<p>&nbsp;<\/p>\n<p>Note that you knit with two strands of yarn held together. This variation is knit without stripes.<\/p>\n<p>&nbsp;<\/p>\n<p>&#8211;<\/p>\n<p>&nbsp;<\/p>\n<p>Our beige\/blue Tilda Beanie was knit in: \u201cLima\u201d from Drops (col. 9025 and 9016) together with \u201cKid Silk\u201d from Drops (Fb. 20 and 28).<\/p>\n<p>Our grey Tilda Beanie was knit in: \u201cNaturwollgarn\u201d from Seehawer (col. 37 and 38) and \u201cSensai\u201d from Ito (col. 320 and 321).<\/p>\n<p>&nbsp;<\/p>\n<h4><a href=\"https:\/\/wemadewardrobe.com\/en\/difficulties\/\">DIFFICULTY<\/a><\/h4>\n<p>\u25cf\u25cf\u25cb\u25cb\u25cb (2 out of 5)<\/p>\n<p>&nbsp;<\/p>\n","protected":false},"excerpt":{"rendered":"<p><span style=\"font-weight: 400;\">Die Tilda Beanie Strickanleitung f\u00fcr eine M\u00fctze im gebrochenen Rippenmuster ist die perfekte gestreifte Beanie f\u00fcr die Winterzeit. Mit dem Strickmuster f\u00fcr eine Beanie strickst du eine M\u00fctze im Struckturmuster und mit einer doppelt gefalteten Krempe, die dich besonders warm h\u00e4lt.<br \/>\n<\/span><\/p>\n<p>Die Strickanleitung f\u00fcr eine M\u00fctze ist sowohl f\u00fcr Anf\u00e4nger als auch f\u00fcr erfahrene Strickerinnen geeignet und kommt in<strong> zwei Gr\u00f6\u00dfen<\/strong> (mehr zu den Gr\u00f6\u00dfen findest du weiter unten).<\/p>\n<p>Mehr Informationen zu <strong>Nadelst\u00e4rken<\/strong>, <strong>Maschenprobe<\/strong> und <strong>Material<\/strong> findest du weiter unten.<\/p>\n<p>Die Strickanleitung wird dir per E-Mail zugesendet als <strong>PDF Dokument<\/strong>.<\/p>","protected":false},"featured_media":2256,"template":"","meta":{"inline_featured_image":false,"_kadence_starter_templates_imported_post":false,"_kad_post_transparent":"default","_kad_post_title":"","_kad_post_layout":"default","_kad_post_sidebar_id":"","_kad_post_content_style":"default","_kad_post_vertical_padding":"default","_kad_post_feature":"","_kad_post_feature_position":"","_kad_post_header":false,"_kad_post_footer":false,"_kad_post_classname":""},"product_brand":[],"product_cat":[52],"product_tag":[77,211,75,222,92,91,214,215,220,65,64,205,216,122,210,221,217,219,218],"class_list":{"0":"post-2253","1":"product","2":"type-product","3":"status-publish","4":"has-post-thumbnail","6":"product_cat-accessory-knitting-patterns","7":"product_tag-accessoire","8":"product_tag-basic-hat","9":"product_tag-beanie","10":"product_tag-beanie-strickanleitung","11":"product_tag-beginner","12":"product_tag-beginner-knitting-pattern","13":"product_tag-broken-rib","14":"product_tag-broken-rib-knitting","15":"product_tag-broken-rib-knitting-pattern","16":"product_tag-hat","17":"product_tag-hat-knitting-pattern","18":"product_tag-hat-pattern","19":"product_tag-knit-broken-rib","20":"product_tag-ribbing","21":"product_tag-simple-hat","22":"product_tag-strickanleitung-mutze","23":"product_tag-tilda","24":"product_tag-tilda-beanie","25":"product_tag-tilda-hat","27":"first","28":"instock","29":"sold-individually","30":"purchasable","31":"product-type-variable","32":"entry","33":"content-bg","34":"loop-entry"},"yoast_head":"<!-- This site is optimized with the Yoast SEO plugin v27.4 - https:\/\/yoast.com\/product\/yoast-seo-wordpress\/ -->\n<title>TILDA BEANIE - wemadewardrobe- beanie knitting pattern<\/title>\n<meta name=\"description\" content=\"With the broken rib beanie knitting pattern tilda, you can knit yourself a beanie with cute stripes and a warm double folded brim.\" \/>\n<meta name=\"robots\" content=\"index, follow, max-snippet:-1, max-image-preview:large, max-video-preview:-1\" \/>\n<link rel=\"canonical\" href=\"https:\/\/wemadewardrobe.com\/de\/produkt\/tilda-beanie-knitting-pattern\/\" \/>\n<meta property=\"og:locale\" content=\"de_DE\" \/>\n<meta property=\"og:type\" content=\"article\" \/>\n<meta property=\"og:title\" content=\"TILDA BEANIE - wemadewardrobe- beanie knitting pattern\" \/>\n<meta property=\"og:description\" content=\"With the broken rib beanie knitting pattern tilda, you can knit yourself a beanie with cute stripes and a warm double folded brim.\" \/>\n<meta property=\"og:url\" content=\"https:\/\/wemadewardrobe.com\/de\/produkt\/tilda-beanie-knitting-pattern\/\" \/>\n<meta property=\"og:site_name\" content=\"wemadewardrobe\" \/>\n<meta property=\"article:modified_time\" content=\"2024-12-12T11:34:57+00:00\" \/>\n<meta property=\"og:image\" content=\"https:\/\/wemadewardrobe.com\/wp-content\/uploads\/2024\/12\/Tilda-Beanie_1.webp\" \/>\n\t<meta property=\"og:image:width\" content=\"450\" \/>\n\t<meta property=\"og:image:height\" content=\"630\" \/>\n\t<meta property=\"og:image:type\" content=\"image\/jpeg\" \/>\n<meta name=\"twitter:card\" content=\"summary_large_image\" \/>\n<meta name=\"twitter:label1\" content=\"Gesch\u00e4tzte Lesezeit\" \/>\n\t<meta name=\"twitter:data1\" content=\"3\u00a0Minuten\" \/>\n<script type=\"application\/ld+json\" class=\"yoast-schema-graph\">{\"@context\":\"https:\\\/\\\/schema.org\",\"@graph\":[{\"@type\":[\"WebPage\",\"ItemPage\"],\"@id\":\"https:\\\/\\\/wemadewardrobe.com\\\/de\\\/produkt\\\/tilda-beanie-knitting-pattern\\\/\",\"url\":\"https:\\\/\\\/wemadewardrobe.com\\\/de\\\/produkt\\\/tilda-beanie-knitting-pattern\\\/\",\"name\":\"TILDA BEANIE - wemadewardrobe- beanie knitting pattern\",\"isPartOf\":{\"@id\":\"https:\\\/\\\/wemadewardrobe.com\\\/#website\"},\"primaryImageOfPage\":{\"@id\":\"https:\\\/\\\/wemadewardrobe.com\\\/de\\\/produkt\\\/tilda-beanie-knitting-pattern\\\/#primaryimage\"},\"image\":{\"@id\":\"https:\\\/\\\/wemadewardrobe.com\\\/de\\\/produkt\\\/tilda-beanie-knitting-pattern\\\/#primaryimage\"},\"thumbnailUrl\":\"https:\\\/\\\/wemadewardrobe.com\\\/wp-content\\\/uploads\\\/2024\\\/12\\\/Tilda-Beanie_1.webp\",\"datePublished\":\"2024-12-12T11:13:59+00:00\",\"dateModified\":\"2024-12-12T11:34:57+00:00\",\"description\":\"With the broken rib beanie knitting pattern tilda, you can knit yourself a beanie with cute stripes and a warm double folded brim.\",\"breadcrumb\":{\"@id\":\"https:\\\/\\\/wemadewardrobe.com\\\/de\\\/produkt\\\/tilda-beanie-knitting-pattern\\\/#breadcrumb\"},\"inLanguage\":\"de\",\"potentialAction\":[{\"@type\":\"ReadAction\",\"target\":[\"https:\\\/\\\/wemadewardrobe.com\\\/de\\\/produkt\\\/tilda-beanie-knitting-pattern\\\/\"]}]},{\"@type\":\"ImageObject\",\"inLanguage\":\"de\",\"@id\":\"https:\\\/\\\/wemadewardrobe.com\\\/de\\\/produkt\\\/tilda-beanie-knitting-pattern\\\/#primaryimage\",\"url\":\"https:\\\/\\\/wemadewardrobe.com\\\/wp-content\\\/uploads\\\/2024\\\/12\\\/Tilda-Beanie_1.webp\",\"contentUrl\":\"https:\\\/\\\/wemadewardrobe.com\\\/wp-content\\\/uploads\\\/2024\\\/12\\\/Tilda-Beanie_1.webp\",\"width\":450,\"height\":630,\"caption\":\"beanie knitting pattern\"},{\"@type\":\"BreadcrumbList\",\"@id\":\"https:\\\/\\\/wemadewardrobe.com\\\/de\\\/produkt\\\/tilda-beanie-knitting-pattern\\\/#breadcrumb\",\"itemListElement\":[{\"@type\":\"ListItem\",\"position\":1,\"name\":\"Home\",\"item\":\"https:\\\/\\\/wemadewardrobe.com\\\/\"},{\"@type\":\"ListItem\",\"position\":2,\"name\":\"Knitting Patterns\",\"item\":\"https:\\\/\\\/wemadewardrobe.com\\\/de\\\/shop\\\/\"},{\"@type\":\"ListItem\",\"position\":3,\"name\":\"TILDA BEANIE\"}]},{\"@type\":\"WebSite\",\"@id\":\"https:\\\/\\\/wemadewardrobe.com\\\/#website\",\"url\":\"https:\\\/\\\/wemadewardrobe.com\\\/\",\"name\":\"wemadewardrobe\",\"description\":\"modern knitting patterns from Lisa &amp; Bella\",\"publisher\":{\"@id\":\"https:\\\/\\\/wemadewardrobe.com\\\/#organization\"},\"alternateName\":\"modern knitting patterns\",\"potentialAction\":[{\"@type\":\"SearchAction\",\"target\":{\"@type\":\"EntryPoint\",\"urlTemplate\":\"https:\\\/\\\/wemadewardrobe.com\\\/?s={search_term_string}\"},\"query-input\":{\"@type\":\"PropertyValueSpecification\",\"valueRequired\":true,\"valueName\":\"search_term_string\"}}],\"inLanguage\":\"de\"},{\"@type\":\"Organization\",\"@id\":\"https:\\\/\\\/wemadewardrobe.com\\\/#organization\",\"name\":\"wemadewardrobe\",\"url\":\"https:\\\/\\\/wemadewardrobe.com\\\/\",\"logo\":{\"@type\":\"ImageObject\",\"inLanguage\":\"de\",\"@id\":\"https:\\\/\\\/wemadewardrobe.com\\\/#\\\/schema\\\/logo\\\/image\\\/\",\"url\":\"https:\\\/\\\/wemadewardrobe.com\\\/wp-content\\\/uploads\\\/2023\\\/10\\\/cropped-wemadewardrobe_Png-150x150-1.png\",\"contentUrl\":\"https:\\\/\\\/wemadewardrobe.com\\\/wp-content\\\/uploads\\\/2023\\\/10\\\/cropped-wemadewardrobe_Png-150x150-1.png\",\"width\":118,\"height\":84,\"caption\":\"wemadewardrobe\"},\"image\":{\"@id\":\"https:\\\/\\\/wemadewardrobe.com\\\/#\\\/schema\\\/logo\\\/image\\\/\"},\"sameAs\":[\"https:\\\/\\\/www.instagram.com\\\/wemadewardrobe\\\/\"]}]}<\/script>\n<!-- \/ Yoast SEO plugin. -->","yoast_head_json":{"title":"TILDA BEANIE - wemadewardrobe- beanie knitting pattern","description":"With the broken rib beanie knitting pattern tilda, you can knit yourself a beanie with cute stripes and a warm double folded brim.","robots":{"index":"index","follow":"follow","max-snippet":"max-snippet:-1","max-image-preview":"max-image-preview:large","max-video-preview":"max-video-preview:-1"},"canonical":"https:\/\/wemadewardrobe.com\/de\/produkt\/tilda-beanie-knitting-pattern\/","og_locale":"de_DE","og_type":"article","og_title":"TILDA BEANIE - wemadewardrobe- beanie knitting pattern","og_description":"With the broken rib beanie knitting pattern tilda, you can knit yourself a beanie with cute stripes and a warm double folded brim.","og_url":"https:\/\/wemadewardrobe.com\/de\/produkt\/tilda-beanie-knitting-pattern\/","og_site_name":"wemadewardrobe","article_modified_time":"2024-12-12T11:34:57+00:00","og_image":[{"width":450,"height":630,"url":"https:\/\/wemadewardrobe.com\/wp-content\/uploads\/2024\/12\/Tilda-Beanie_1.webp","type":"image\/jpeg"}],"twitter_card":"summary_large_image","twitter_misc":{"Gesch\u00e4tzte Lesezeit":"3\u00a0Minuten"},"schema":{"@context":"https:\/\/schema.org","@graph":[{"@type":["WebPage","ItemPage"],"@id":"https:\/\/wemadewardrobe.com\/de\/produkt\/tilda-beanie-knitting-pattern\/","url":"https:\/\/wemadewardrobe.com\/de\/produkt\/tilda-beanie-knitting-pattern\/","name":"TILDA BEANIE - wemadewardrobe- beanie knitting pattern","isPartOf":{"@id":"https:\/\/wemadewardrobe.com\/#website"},"primaryImageOfPage":{"@id":"https:\/\/wemadewardrobe.com\/de\/produkt\/tilda-beanie-knitting-pattern\/#primaryimage"},"image":{"@id":"https:\/\/wemadewardrobe.com\/de\/produkt\/tilda-beanie-knitting-pattern\/#primaryimage"},"thumbnailUrl":"https:\/\/wemadewardrobe.com\/wp-content\/uploads\/2024\/12\/Tilda-Beanie_1.webp","datePublished":"2024-12-12T11:13:59+00:00","dateModified":"2024-12-12T11:34:57+00:00","description":"With the broken rib beanie knitting pattern tilda, you can knit yourself a beanie with cute stripes and a warm double folded brim.","breadcrumb":{"@id":"https:\/\/wemadewardrobe.com\/de\/produkt\/tilda-beanie-knitting-pattern\/#breadcrumb"},"inLanguage":"de","potentialAction":[{"@type":"ReadAction","target":["https:\/\/wemadewardrobe.com\/de\/produkt\/tilda-beanie-knitting-pattern\/"]}]},{"@type":"ImageObject","inLanguage":"de","@id":"https:\/\/wemadewardrobe.com\/de\/produkt\/tilda-beanie-knitting-pattern\/#primaryimage","url":"https:\/\/wemadewardrobe.com\/wp-content\/uploads\/2024\/12\/Tilda-Beanie_1.webp","contentUrl":"https:\/\/wemadewardrobe.com\/wp-content\/uploads\/2024\/12\/Tilda-Beanie_1.webp","width":450,"height":630,"caption":"beanie knitting pattern"},{"@type":"BreadcrumbList","@id":"https:\/\/wemadewardrobe.com\/de\/produkt\/tilda-beanie-knitting-pattern\/#breadcrumb","itemListElement":[{"@type":"ListItem","position":1,"name":"Home","item":"https:\/\/wemadewardrobe.com\/"},{"@type":"ListItem","position":2,"name":"Knitting Patterns","item":"https:\/\/wemadewardrobe.com\/de\/shop\/"},{"@type":"ListItem","position":3,"name":"TILDA BEANIE"}]},{"@type":"WebSite","@id":"https:\/\/wemadewardrobe.com\/#website","url":"https:\/\/wemadewardrobe.com\/","name":"wemadewardrobe","description":"modern knitting patterns from Lisa &amp; Bella","publisher":{"@id":"https:\/\/wemadewardrobe.com\/#organization"},"alternateName":"modern knitting patterns","potentialAction":[{"@type":"SearchAction","target":{"@type":"EntryPoint","urlTemplate":"https:\/\/wemadewardrobe.com\/?s={search_term_string}"},"query-input":{"@type":"PropertyValueSpecification","valueRequired":true,"valueName":"search_term_string"}}],"inLanguage":"de"},{"@type":"Organization","@id":"https:\/\/wemadewardrobe.com\/#organization","name":"wemadewardrobe","url":"https:\/\/wemadewardrobe.com\/","logo":{"@type":"ImageObject","inLanguage":"de","@id":"https:\/\/wemadewardrobe.com\/#\/schema\/logo\/image\/","url":"https:\/\/wemadewardrobe.com\/wp-content\/uploads\/2023\/10\/cropped-wemadewardrobe_Png-150x150-1.png","contentUrl":"https:\/\/wemadewardrobe.com\/wp-content\/uploads\/2023\/10\/cropped-wemadewardrobe_Png-150x150-1.png","width":118,"height":84,"caption":"wemadewardrobe"},"image":{"@id":"https:\/\/wemadewardrobe.com\/#\/schema\/logo\/image\/"},"sameAs":["https:\/\/www.instagram.com\/wemadewardrobe\/"]}]}},"_links":{"self":[{"href":"https:\/\/wemadewardrobe.com\/de\/wp-json\/wp\/v2\/product\/2253","targetHints":{"allow":["GET"]}}],"collection":[{"href":"https:\/\/wemadewardrobe.com\/de\/wp-json\/wp\/v2\/product"}],"about":[{"href":"https:\/\/wemadewardrobe.com\/de\/wp-json\/wp\/v2\/types\/product"}],"wp:featuredmedia":[{"embeddable":true,"href":"https:\/\/wemadewardrobe.com\/de\/wp-json\/wp\/v2\/media\/2256"}],"wp:attachment":[{"href":"https:\/\/wemadewardrobe.com\/de\/wp-json\/wp\/v2\/media?parent=2253"}],"wp:term":[{"taxonomy":"product_brand","embeddable":true,"href":"https:\/\/wemadewardrobe.com\/de\/wp-json\/wp\/v2\/product_brand?post=2253"},{"taxonomy":"product_cat","embeddable":true,"href":"https:\/\/wemadewardrobe.com\/de\/wp-json\/wp\/v2\/product_cat?post=2253"},{"taxonomy":"product_tag","embeddable":true,"href":"https:\/\/wemadewardrobe.com\/de\/wp-json\/wp\/v2\/product_tag?post=2253"}],"curies":[{"name":"wp","href":"https:\/\/api.w.org\/{rel}","templated":true}]}}