{"id":2339,"date":"2025-01-10T10:21:29","date_gmt":"2025-01-10T09:21:29","guid":{"rendered":"https:\/\/wemadewardrobe.com\/?post_type=product&#038;p=2339"},"modified":"2025-01-10T10:54:48","modified_gmt":"2025-01-10T09:54:48","slug":"mathilde-hat-knitting-pattern","status":"publish","type":"product","link":"https:\/\/wemadewardrobe.com\/de\/produkt\/mathilde-hat-knitting-pattern\/","title":{"rendered":"MATHILDE HAT"},"content":{"rendered":"<p>The perfect knitting pattern for a brioche hat: This new, fluffy, and lightweight beanie is an ideal project for both beginners and experienced knitters. With its simple brioche stitch and quick-to-knit 6 mm needles, this hat is both fun and fast to create.<\/p>\n<p>The easy brioche hat pattern stands out with its soft texture and timeless design, making it the perfect addition to any winter wardrobe. Whether as a gift or for yourself, this easy brioche hat knitting pattern is versatile and guaranteed to be a success. Grab the hat knitting pattern for this easy brioche hat and create an accessory that combines warmth and style and helps you learn a new technique.<\/p>\n<p>Begin by making a gauge swatch to check that you have the correct gauge.<\/p>\n<p>&nbsp;<\/p>\n<h4>Sizes<\/h4>\n<p>Women (Men)<\/p>\n<p>&nbsp;<\/p>\n<h4>SIZE GUIDE<\/h4>\n<p>Head circumference:<\/p>\n<p>53 &#8211; 57 cm (57 &#8211; 60 cm)<\/p>\n<p>&nbsp;<\/p>\n<h4>RECOMMENDED Needle SIZE<\/h4>\n<p>Circular knitting needle 6.0 mm [US10] (40 cm) [16 inches]<\/p>\n<p><i>and<\/i><\/p>\n<p>DPNs 6.0 mm [US10] <b>or<\/b> circular knitting needle 6.0 mm [US10] (80 oder 100 cm) [40 inches] for the Magic Loop method<\/p>\n<p>&nbsp;<\/p>\n<h4>Gauge<\/h4>\n<p>In brioche stitch on needle size 6.0 mm:<\/p>\n<p>10 M x 32 R = 10 x 10 cm<\/p>\n<p>&nbsp;<\/p>\n<h4>Materials<\/h4>\n<p>100 g \u201cFat Mohair\u201d from Sysleriget (100 g = approx. 200 m)<\/p>\n<p><i>together with<\/i><\/p>\n<p>25 g \u201cCreative Crazy Paillettes&#8221; from Rico Design (25 g = approx. 110 m)<\/p>\n<p>Note that you knit with two strands of yarn held together. One thread of the thicker yarn, together with one thread of the thinner yarn.<\/p>\n<p>Note that you will need more yarn if you want to knit the beanie longer.<\/p>\n<p>&nbsp;<\/p>\n<h4>Yarn alternatives<\/h4>\n<p>100 g \u201cFluffy DK\u201d from El Robledal de la Santa (100 g = approx. 200 m)<\/p>\n<p>Note that you knit single stranded.<\/p>\n<p>&#8211;<\/p>\n<p>100 g \u201cKid Silk\u201d from Drops (25 g = approx. 210 m)<\/p>\n<p>Note that you knit with 4 strands of yarn held together.<\/p>\n<p>&#8211;<\/p>\n<p>Our bright red Mathilde Hat was knit in: \u201cFat Mohair\u201d from Sysleriget (col. Our Favourites No. 4)<\/p>\n<p>Our dark red Mathilde Hat was knit in: \u201cFat Mohair\u201d from Sysleriget (col. Autumn Red).<\/p>\n<p>Our light purple Mathilde Hat was knit in: \u201cFluffy DK\u201d from El Robledal de la Santa (col. Dusk) held together with \u201cCreative Crazy Paillettes&#8221; from Rico.<\/p>\n<p>&nbsp;<\/p>\n<h4><a href=\"https:\/\/wemadewardrobe.com\/en\/difficulties\/\">DIFFICULTY<\/a><\/h4>\n<p>\u25cf\u25cf\u25cb\u25cb\u25cb (2 out of 5)<\/p>\n<p>&nbsp;<\/p>\n","protected":false},"excerpt":{"rendered":"<p><span style=\"font-weight: 400;\">Die Strickanleitung f\u00fcr die M\u00fctze Mathilde ist eine einfache Strickanleitung mit Patentmuster, f\u00fcr das di deine Fat Mohair Einzelstr\u00e4nge verwenden kannst, die du evtl. noch herumliegen hast. Mit der Strickanleitung f\u00fcr eine M\u00fctze strickst du eine Patent M\u00fctze, auch wenn du diese Technik zum ersten Mal ausprobierst - und du haben im Handumdrehen eine neue s\u00fc\u00dfe M\u00fctze die kuschelig weich ist.<br \/>\n<\/span><\/p>\n<p>Die Strickanleitung f\u00fcr eine M\u00fctze ist sowohl f\u00fcr Anf\u00e4nger als auch f\u00fcr erfahrene Strickerinnen geeignet und kommt in<strong> zwei Gr\u00f6\u00dfen<\/strong> (mehr zu den Gr\u00f6\u00dfen findest du weiter unten).<\/p>\n<p>Mehr Informationen zu <strong>Nadelst\u00e4rken<\/strong>, <strong>Maschenprobe<\/strong> und <strong>Material<\/strong> findest du weiter unten.<\/p>\n<p>Die Strickanleitung wird dir per E-Mail zugesendet als <strong>PDF Dokument<\/strong>.<\/p>","protected":false},"featured_media":2351,"template":"","meta":{"inline_featured_image":false,"_kadence_starter_templates_imported_post":false,"_kad_post_transparent":"default","_kad_post_title":"","_kad_post_layout":"default","_kad_post_sidebar_id":"","_kad_post_content_style":"default","_kad_post_vertical_padding":"default","_kad_post_feature":"","_kad_post_feature_position":"","_kad_post_header":false,"_kad_post_footer":false,"_kad_post_classname":""},"product_brand":[],"product_cat":[52],"product_tag":[77,211,75,222,92,91,234,235,65,64,205,233,238,239,236,237,122,210,221],"class_list":{"0":"post-2339","1":"product","2":"type-product","3":"status-publish","4":"has-post-thumbnail","6":"product_cat-accessory-knitting-patterns","7":"product_tag-accessoire","8":"product_tag-basic-hat","9":"product_tag-beanie","10":"product_tag-beanie-strickanleitung","11":"product_tag-beginner","12":"product_tag-beginner-knitting-pattern","13":"product_tag-brioche","14":"product_tag-brioche-knitting","15":"product_tag-hat","16":"product_tag-hat-knitting-pattern","17":"product_tag-hat-pattern","18":"product_tag-mathilde","19":"product_tag-mathilde-hat","20":"product_tag-mutze","21":"product_tag-patentmuster","22":"product_tag-patentmuster-strickanleitung","23":"product_tag-ribbing","24":"product_tag-simple-hat","25":"product_tag-strickanleitung-mutze","27":"first","28":"instock","29":"sold-individually","30":"purchasable","31":"product-type-variable","32":"entry","33":"content-bg","34":"loop-entry"},"yoast_head":"<!-- This site is optimized with the Yoast SEO plugin v27.4 - https:\/\/yoast.com\/product\/yoast-seo-wordpress\/ -->\n<title>MATHILDE HAT - wemadewardrobe- beanie knitting pattern<\/title>\n<meta name=\"description\" content=\"With the easy brioche knitting pattern mathilde, you can knit yourself a easy brioche hat in no time and make use of that fat mohair singe skein!\" \/>\n<meta name=\"robots\" content=\"index, follow, max-snippet:-1, max-image-preview:large, max-video-preview:-1\" \/>\n<link rel=\"canonical\" href=\"https:\/\/wemadewardrobe.com\/de\/produkt\/mathilde-hat-knitting-pattern\/\" \/>\n<meta property=\"og:locale\" content=\"de_DE\" \/>\n<meta property=\"og:type\" content=\"article\" \/>\n<meta property=\"og:title\" content=\"MATHILDE HAT - wemadewardrobe- beanie knitting pattern\" \/>\n<meta property=\"og:description\" content=\"With the easy brioche knitting pattern mathilde, you can knit yourself a easy brioche hat in no time and make use of that fat mohair singe skein!\" \/>\n<meta property=\"og:url\" content=\"https:\/\/wemadewardrobe.com\/de\/produkt\/mathilde-hat-knitting-pattern\/\" \/>\n<meta property=\"og:site_name\" content=\"wemadewardrobe\" \/>\n<meta property=\"article:modified_time\" content=\"2025-01-10T09:54:48+00:00\" \/>\n<meta property=\"og:image\" content=\"https:\/\/wemadewardrobe.com\/wp-content\/uploads\/2025\/01\/Mathilde_4-1.webp\" \/>\n\t<meta property=\"og:image:width\" content=\"450\" \/>\n\t<meta property=\"og:image:height\" content=\"630\" \/>\n\t<meta property=\"og:image:type\" content=\"image\/jpeg\" \/>\n<meta name=\"twitter:card\" content=\"summary_large_image\" \/>\n<meta name=\"twitter:label1\" content=\"Gesch\u00e4tzte Lesezeit\" \/>\n\t<meta name=\"twitter:data1\" content=\"2\u00a0Minuten\" \/>\n<script type=\"application\/ld+json\" class=\"yoast-schema-graph\">{\"@context\":\"https:\\\/\\\/schema.org\",\"@graph\":[{\"@type\":[\"WebPage\",\"ItemPage\"],\"@id\":\"https:\\\/\\\/wemadewardrobe.com\\\/product\\\/mathilde-hat-knitting-pattern\\\/\",\"url\":\"https:\\\/\\\/wemadewardrobe.com\\\/product\\\/mathilde-hat-knitting-pattern\\\/\",\"name\":\"MATHILDE HAT - wemadewardrobe- beanie knitting pattern\",\"isPartOf\":{\"@id\":\"https:\\\/\\\/wemadewardrobe.com\\\/#website\"},\"primaryImageOfPage\":{\"@id\":\"https:\\\/\\\/wemadewardrobe.com\\\/product\\\/mathilde-hat-knitting-pattern\\\/#primaryimage\"},\"image\":{\"@id\":\"https:\\\/\\\/wemadewardrobe.com\\\/product\\\/mathilde-hat-knitting-pattern\\\/#primaryimage\"},\"thumbnailUrl\":\"https:\\\/\\\/wemadewardrobe.com\\\/wp-content\\\/uploads\\\/2025\\\/01\\\/Mathilde_4-1.webp\",\"datePublished\":\"2025-01-10T09:21:29+00:00\",\"dateModified\":\"2025-01-10T09:54:48+00:00\",\"description\":\"With the easy brioche knitting pattern mathilde, you can knit yourself a easy brioche hat in no time and make use of that fat mohair singe skein!\",\"breadcrumb\":{\"@id\":\"https:\\\/\\\/wemadewardrobe.com\\\/product\\\/mathilde-hat-knitting-pattern\\\/#breadcrumb\"},\"inLanguage\":\"de\",\"potentialAction\":[{\"@type\":\"ReadAction\",\"target\":[\"https:\\\/\\\/wemadewardrobe.com\\\/product\\\/mathilde-hat-knitting-pattern\\\/\"]}]},{\"@type\":\"ImageObject\",\"inLanguage\":\"de\",\"@id\":\"https:\\\/\\\/wemadewardrobe.com\\\/product\\\/mathilde-hat-knitting-pattern\\\/#primaryimage\",\"url\":\"https:\\\/\\\/wemadewardrobe.com\\\/wp-content\\\/uploads\\\/2025\\\/01\\\/Mathilde_4-1.webp\",\"contentUrl\":\"https:\\\/\\\/wemadewardrobe.com\\\/wp-content\\\/uploads\\\/2025\\\/01\\\/Mathilde_4-1.webp\",\"width\":450,\"height\":630,\"caption\":\"easy brioche hat pattern\"},{\"@type\":\"BreadcrumbList\",\"@id\":\"https:\\\/\\\/wemadewardrobe.com\\\/product\\\/mathilde-hat-knitting-pattern\\\/#breadcrumb\",\"itemListElement\":[{\"@type\":\"ListItem\",\"position\":1,\"name\":\"Home\",\"item\":\"https:\\\/\\\/wemadewardrobe.com\\\/\"},{\"@type\":\"ListItem\",\"position\":2,\"name\":\"Knitting Patterns\",\"item\":\"https:\\\/\\\/wemadewardrobe.com\\\/de\\\/shop\\\/\"},{\"@type\":\"ListItem\",\"position\":3,\"name\":\"MATHILDE HAT\"}]},{\"@type\":\"WebSite\",\"@id\":\"https:\\\/\\\/wemadewardrobe.com\\\/#website\",\"url\":\"https:\\\/\\\/wemadewardrobe.com\\\/\",\"name\":\"wemadewardrobe\",\"description\":\"modern knitting patterns from Lisa &amp; Bella\",\"publisher\":{\"@id\":\"https:\\\/\\\/wemadewardrobe.com\\\/#organization\"},\"alternateName\":\"modern knitting patterns\",\"potentialAction\":[{\"@type\":\"SearchAction\",\"target\":{\"@type\":\"EntryPoint\",\"urlTemplate\":\"https:\\\/\\\/wemadewardrobe.com\\\/?s={search_term_string}\"},\"query-input\":{\"@type\":\"PropertyValueSpecification\",\"valueRequired\":true,\"valueName\":\"search_term_string\"}}],\"inLanguage\":\"de\"},{\"@type\":\"Organization\",\"@id\":\"https:\\\/\\\/wemadewardrobe.com\\\/#organization\",\"name\":\"wemadewardrobe\",\"url\":\"https:\\\/\\\/wemadewardrobe.com\\\/\",\"logo\":{\"@type\":\"ImageObject\",\"inLanguage\":\"de\",\"@id\":\"https:\\\/\\\/wemadewardrobe.com\\\/#\\\/schema\\\/logo\\\/image\\\/\",\"url\":\"https:\\\/\\\/wemadewardrobe.com\\\/wp-content\\\/uploads\\\/2023\\\/10\\\/cropped-wemadewardrobe_Png-150x150-1.png\",\"contentUrl\":\"https:\\\/\\\/wemadewardrobe.com\\\/wp-content\\\/uploads\\\/2023\\\/10\\\/cropped-wemadewardrobe_Png-150x150-1.png\",\"width\":118,\"height\":84,\"caption\":\"wemadewardrobe\"},\"image\":{\"@id\":\"https:\\\/\\\/wemadewardrobe.com\\\/#\\\/schema\\\/logo\\\/image\\\/\"},\"sameAs\":[\"https:\\\/\\\/www.instagram.com\\\/wemadewardrobe\\\/\"]}]}<\/script>\n<!-- \/ Yoast SEO plugin. -->","yoast_head_json":{"title":"MATHILDE HAT - wemadewardrobe- beanie knitting pattern","description":"With the easy brioche knitting pattern mathilde, you can knit yourself a easy brioche hat in no time and make use of that fat mohair singe skein!","robots":{"index":"index","follow":"follow","max-snippet":"max-snippet:-1","max-image-preview":"max-image-preview:large","max-video-preview":"max-video-preview:-1"},"canonical":"https:\/\/wemadewardrobe.com\/de\/produkt\/mathilde-hat-knitting-pattern\/","og_locale":"de_DE","og_type":"article","og_title":"MATHILDE HAT - wemadewardrobe- beanie knitting pattern","og_description":"With the easy brioche knitting pattern mathilde, you can knit yourself a easy brioche hat in no time and make use of that fat mohair singe skein!","og_url":"https:\/\/wemadewardrobe.com\/de\/produkt\/mathilde-hat-knitting-pattern\/","og_site_name":"wemadewardrobe","article_modified_time":"2025-01-10T09:54:48+00:00","og_image":[{"width":450,"height":630,"url":"https:\/\/wemadewardrobe.com\/wp-content\/uploads\/2025\/01\/Mathilde_4-1.webp","type":"image\/jpeg"}],"twitter_card":"summary_large_image","twitter_misc":{"Gesch\u00e4tzte Lesezeit":"2\u00a0Minuten"},"schema":{"@context":"https:\/\/schema.org","@graph":[{"@type":["WebPage","ItemPage"],"@id":"https:\/\/wemadewardrobe.com\/product\/mathilde-hat-knitting-pattern\/","url":"https:\/\/wemadewardrobe.com\/product\/mathilde-hat-knitting-pattern\/","name":"MATHILDE HAT - wemadewardrobe- beanie knitting pattern","isPartOf":{"@id":"https:\/\/wemadewardrobe.com\/#website"},"primaryImageOfPage":{"@id":"https:\/\/wemadewardrobe.com\/product\/mathilde-hat-knitting-pattern\/#primaryimage"},"image":{"@id":"https:\/\/wemadewardrobe.com\/product\/mathilde-hat-knitting-pattern\/#primaryimage"},"thumbnailUrl":"https:\/\/wemadewardrobe.com\/wp-content\/uploads\/2025\/01\/Mathilde_4-1.webp","datePublished":"2025-01-10T09:21:29+00:00","dateModified":"2025-01-10T09:54:48+00:00","description":"With the easy brioche knitting pattern mathilde, you can knit yourself a easy brioche hat in no time and make use of that fat mohair singe skein!","breadcrumb":{"@id":"https:\/\/wemadewardrobe.com\/product\/mathilde-hat-knitting-pattern\/#breadcrumb"},"inLanguage":"de","potentialAction":[{"@type":"ReadAction","target":["https:\/\/wemadewardrobe.com\/product\/mathilde-hat-knitting-pattern\/"]}]},{"@type":"ImageObject","inLanguage":"de","@id":"https:\/\/wemadewardrobe.com\/product\/mathilde-hat-knitting-pattern\/#primaryimage","url":"https:\/\/wemadewardrobe.com\/wp-content\/uploads\/2025\/01\/Mathilde_4-1.webp","contentUrl":"https:\/\/wemadewardrobe.com\/wp-content\/uploads\/2025\/01\/Mathilde_4-1.webp","width":450,"height":630,"caption":"easy brioche hat pattern"},{"@type":"BreadcrumbList","@id":"https:\/\/wemadewardrobe.com\/product\/mathilde-hat-knitting-pattern\/#breadcrumb","itemListElement":[{"@type":"ListItem","position":1,"name":"Home","item":"https:\/\/wemadewardrobe.com\/"},{"@type":"ListItem","position":2,"name":"Knitting Patterns","item":"https:\/\/wemadewardrobe.com\/de\/shop\/"},{"@type":"ListItem","position":3,"name":"MATHILDE HAT"}]},{"@type":"WebSite","@id":"https:\/\/wemadewardrobe.com\/#website","url":"https:\/\/wemadewardrobe.com\/","name":"wemadewardrobe","description":"modern knitting patterns from Lisa &amp; Bella","publisher":{"@id":"https:\/\/wemadewardrobe.com\/#organization"},"alternateName":"modern knitting patterns","potentialAction":[{"@type":"SearchAction","target":{"@type":"EntryPoint","urlTemplate":"https:\/\/wemadewardrobe.com\/?s={search_term_string}"},"query-input":{"@type":"PropertyValueSpecification","valueRequired":true,"valueName":"search_term_string"}}],"inLanguage":"de"},{"@type":"Organization","@id":"https:\/\/wemadewardrobe.com\/#organization","name":"wemadewardrobe","url":"https:\/\/wemadewardrobe.com\/","logo":{"@type":"ImageObject","inLanguage":"de","@id":"https:\/\/wemadewardrobe.com\/#\/schema\/logo\/image\/","url":"https:\/\/wemadewardrobe.com\/wp-content\/uploads\/2023\/10\/cropped-wemadewardrobe_Png-150x150-1.png","contentUrl":"https:\/\/wemadewardrobe.com\/wp-content\/uploads\/2023\/10\/cropped-wemadewardrobe_Png-150x150-1.png","width":118,"height":84,"caption":"wemadewardrobe"},"image":{"@id":"https:\/\/wemadewardrobe.com\/#\/schema\/logo\/image\/"},"sameAs":["https:\/\/www.instagram.com\/wemadewardrobe\/"]}]}},"_links":{"self":[{"href":"https:\/\/wemadewardrobe.com\/de\/wp-json\/wp\/v2\/product\/2339","targetHints":{"allow":["GET"]}}],"collection":[{"href":"https:\/\/wemadewardrobe.com\/de\/wp-json\/wp\/v2\/product"}],"about":[{"href":"https:\/\/wemadewardrobe.com\/de\/wp-json\/wp\/v2\/types\/product"}],"wp:featuredmedia":[{"embeddable":true,"href":"https:\/\/wemadewardrobe.com\/de\/wp-json\/wp\/v2\/media\/2351"}],"wp:attachment":[{"href":"https:\/\/wemadewardrobe.com\/de\/wp-json\/wp\/v2\/media?parent=2339"}],"wp:term":[{"taxonomy":"product_brand","embeddable":true,"href":"https:\/\/wemadewardrobe.com\/de\/wp-json\/wp\/v2\/product_brand?post=2339"},{"taxonomy":"product_cat","embeddable":true,"href":"https:\/\/wemadewardrobe.com\/de\/wp-json\/wp\/v2\/product_cat?post=2339"},{"taxonomy":"product_tag","embeddable":true,"href":"https:\/\/wemadewardrobe.com\/de\/wp-json\/wp\/v2\/product_tag?post=2339"}],"curies":[{"name":"wp","href":"https:\/\/api.w.org\/{rel}","templated":true}]}}