{"id":2469,"date":"2025-01-17T10:21:52","date_gmt":"2025-01-17T09:21:52","guid":{"rendered":"https:\/\/wemadewardrobe.com\/?post_type=product&#038;p=2469"},"modified":"2025-01-20T11:13:12","modified_gmt":"2025-01-20T10:13:12","slug":"selma-slipover-chunky-knitting-pattern","status":"publish","type":"product","link":"https:\/\/wemadewardrobe.com\/de\/produkt\/selma-slipover-chunky-knitting-pattern\/","title":{"rendered":"SELMA SLIPOVER O-NECK"},"content":{"rendered":"<p>The Selma round neck slipover knitting pattern is an easy knitting project perfect for beginner knitters or for anyone looking for a chunky slipover pattern! The sister to the <a href=\"https:\/\/wemadewardrobe.com\/product\/selma-slipover-knitting-pattern\/\">Selma Slipover V-Neck<\/a> is all about casual comfort and the fluffiest yarn makes it the perfect cozy layering slipover! The oversized fit brings a laid-back and modern feel to the garment and the classic round neck and high slit on each side provide some interesting details to an otherwise simple and timeless slipover. The round neck Slipover knitting pattern is knitted top down with chunky knitting needles which makes it a super fast knit and therefore a perfect quick gift knit for someone special! After completing your Selma Slipover knitting pattern you\u2019ll have the perfect piece to wear over top of dresses, longsleeves or blouses &#8211; also it\u2019s perfect for fall and spring weather for a little bit of extra warmth!<\/p>\n<p>Begin by making a gauge swatch to check that you have the correct gauge.<\/p>\n<p>&nbsp;<\/p>\n<h4>SizeS<\/h4>\n<p><b>XS (S) M (L) XL (2XL) 3XL<\/b><\/p>\n<p>The Selma Slipover should have a positive ease of approx. 20 cm in relation to your chest circumference. The sizes XS (S) M (L) XL (2XL) 3XL fit an actual chest circumference of 78-84 (85-90) 91-98 (99-109) 110-120 (121-130) 131-140 cm. Take your own measurements before you start knitting to make sure you have chosen the right size for you.<\/p>\n<p>The finished sizes of the Selma Slipover will appr. be 101 (106) 115 (123) 135 (145) 155 cm.<\/p>\n<p>&nbsp;<\/p>\n<h4>Needles<\/h4>\n<p>Circular knitting needle 7.0 mm (60, 80 or 100 cm) [16 and 40 inches]<\/p>\n<p>Circular knitting needle 6.0 mm [US10] (40, 80 or 100 cm f\u00fcr Magic Loop) [16 and 40 inches] for the ribbing on the body<\/p>\n<p>Circular knitting needle 5.0 mm [US8] (40 cm)\u00a0 [16 inches] for the ribbing at the armholes and neck<\/p>\n<p>&nbsp;<\/p>\n<h4>Gauge<\/h4>\n<p>Stockinette stitch on 7.0 mm needles:<\/p>\n<p>10 sts x 19 R = 10 x 10 cm<\/p>\n<p>Note that both the number of stitches and the number of rows must be correct.<\/p>\n<p>&nbsp;<\/p>\n<h4>Materials<\/h4>\n<p>300 (300) 300 (350) 350 (400) 400 g<\/p>\n<p>&#8220;Melody&#8221; from Drops (50 g = 140 m)<\/p>\n<p><i>together with<\/i><\/p>\n<p>50 (50) 50 (75) 75 (75) 75 g<\/p>\n<p>&#8220;Kid Silk&#8221; from Drops (25 g = 210 m)<\/p>\n<p>&nbsp;<\/p>\n<p>The slipover is knitted with three strands held together, two strands of &#8220;Melody&#8221; and one strand of &#8220;Kid Silk&#8221;.<\/p>\n<p>Note that you will need more yarn if you want to knit the slipover longer or make other changes to the pattern.<\/p>\n<p>&nbsp;<\/p>\n<h4>Yarn alternatives<\/h4>\n<p>300 (300) 300 (350) 350 (400) 400 g<\/p>\n<p>&#8220;Fashion Light Luxury&#8221; from Rico Design (50 g = 130 m)<\/p>\n<p><i>together with<\/i><\/p>\n<p>50 (50) 50 (75) 75 (75) 75 g<\/p>\n<p>&#8220;Essential Super Kid Mohair&#8221; from Rico Design (25 g = 200 m)<\/p>\n<p>\u2014<\/p>\n<p>The pink slipover in the photos is knit using &#8220;Melody&#8221; (col.06) and &#8220;Drops Kid Silk&#8221; (col. 03) &#8211; both from Drops.<\/p>\n<p>The green slipover in the photos is knit using &#8220;Rico Fashion Light Luxury&#8221; (col. 24) from Rico Design and &#8220;Drops Kid Silk&#8221; (col. 47) from Drops.<\/p>\n<p>&nbsp;<\/p>\n<h4><a href=\"https:\/\/wemadewardrobe.com\/en\/difficulties\/\">DIFFICULTY<\/a><\/h4>\n<p>\u25cf\u25cf\u25cb\u25cb\u25cb (2 out of 5)<\/p>\n<p>&nbsp;<\/p>\n","protected":false},"excerpt":{"rendered":"<p><span style=\"font-weight: 400;\">Die Selma Slipover rundhals Strickanleitung ist ein \u00fcbergro\u00dfer, locker sitzender Pullunder mit Rundhalsausschnitt und Seitenschlitzen.<br \/>\n<\/span><\/p>\n<p>Das Strickmuster f\u00fcr einen Pullunder ist Anf\u00e4nger geeignet, sowie f\u00fcr erfahrenere StrickerInnen, die nach einem einfachen Strickprojekt suchen. Das Pullunder Strickmuster kommt iin den<strong> Gr\u00f6\u00dfen XS-3XL<\/strong> (mehr zu den Gr\u00f6\u00dfen findest du weiter unten).<\/p>\n<p>Mehr Informationen zu <strong>Nadelst\u00e4rken<\/strong>, <strong>Maschenprobe<\/strong> und <strong>Material<\/strong> findest du weiter unten.<\/p>\n<p>Die Strickanleitung wird dir per E-Mail zugesendet als <strong>PDF Dokument<\/strong>.<\/p>","protected":false},"featured_media":2477,"template":"","meta":{"inline_featured_image":false,"_kadence_starter_templates_imported_post":false,"_kad_post_transparent":"default","_kad_post_title":"","_kad_post_layout":"default","_kad_post_sidebar_id":"","_kad_post_content_style":"default","_kad_post_vertical_padding":"default","_kad_post_feature":"","_kad_post_feature_position":"","_kad_post_header":false,"_kad_post_footer":false,"_kad_post_classname":""},"product_brand":[],"product_cat":[95],"product_tag":[61,92,91,179,246,54,245,182,90,93],"class_list":{"0":"post-2469","1":"product","2":"type-product","3":"status-publish","4":"has-post-thumbnail","6":"product_cat-slipover-knitting-patterns","7":"product_tag-1x1-ribbing","8":"product_tag-beginner","9":"product_tag-beginner-knitting-pattern","10":"product_tag-chunky-knit","11":"product_tag-chunky-slipover","12":"product_tag-knitting-pattern","13":"product_tag-o-neck","14":"product_tag-round-neck","15":"product_tag-selma-slipover","16":"product_tag-slipover","18":"first","19":"instock","20":"sold-individually","21":"purchasable","22":"product-type-variable","23":"entry","24":"content-bg","25":"loop-entry"},"yoast_head":"<!-- This site is optimized with the Yoast SEO plugin v27.4 - https:\/\/yoast.com\/product\/yoast-seo-wordpress\/ -->\n<title>SELMA SLIPOVER O-NECK - wemadewardrobe<\/title>\n<meta name=\"description\" content=\"The Selma O-Neck chunky slipover knitting pattern is the beginner knitting project for everyone wanting a cozy slipover. It&#039;s quick knit for chunky yarn .\" \/>\n<meta name=\"robots\" content=\"index, follow, max-snippet:-1, max-image-preview:large, max-video-preview:-1\" \/>\n<link rel=\"canonical\" href=\"https:\/\/wemadewardrobe.com\/de\/produkt\/selma-slipover-chunky-knitting-pattern\/\" \/>\n<meta property=\"og:locale\" content=\"de_DE\" \/>\n<meta property=\"og:type\" content=\"article\" \/>\n<meta property=\"og:title\" content=\"SELMA SLIPOVER O-NECK - wemadewardrobe\" \/>\n<meta property=\"og:description\" content=\"The Selma O-Neck chunky slipover knitting pattern is the beginner knitting project for everyone wanting a cozy slipover. It&#039;s quick knit for chunky yarn .\" \/>\n<meta property=\"og:url\" content=\"https:\/\/wemadewardrobe.com\/de\/produkt\/selma-slipover-chunky-knitting-pattern\/\" \/>\n<meta property=\"og:site_name\" content=\"wemadewardrobe\" \/>\n<meta property=\"article:modified_time\" content=\"2025-01-20T10:13:12+00:00\" \/>\n<meta property=\"og:image\" content=\"https:\/\/wemadewardrobe.com\/wp-content\/uploads\/2025\/01\/SelmaO_6.webp\" \/>\n\t<meta property=\"og:image:width\" content=\"450\" \/>\n\t<meta property=\"og:image:height\" content=\"630\" \/>\n\t<meta property=\"og:image:type\" content=\"image\/jpeg\" \/>\n<meta name=\"twitter:card\" content=\"summary_large_image\" \/>\n<meta name=\"twitter:label1\" content=\"Gesch\u00e4tzte Lesezeit\" \/>\n\t<meta name=\"twitter:data1\" content=\"3\u00a0Minuten\" \/>\n<script type=\"application\/ld+json\" class=\"yoast-schema-graph\">{\"@context\":\"https:\\\/\\\/schema.org\",\"@graph\":[{\"@type\":[\"WebPage\",\"ItemPage\"],\"@id\":\"https:\\\/\\\/wemadewardrobe.com\\\/product\\\/selma-slipover-chunky-knitting-pattern\\\/\",\"url\":\"https:\\\/\\\/wemadewardrobe.com\\\/product\\\/selma-slipover-chunky-knitting-pattern\\\/\",\"name\":\"SELMA SLIPOVER O-NECK - wemadewardrobe\",\"isPartOf\":{\"@id\":\"https:\\\/\\\/wemadewardrobe.com\\\/#website\"},\"primaryImageOfPage\":{\"@id\":\"https:\\\/\\\/wemadewardrobe.com\\\/product\\\/selma-slipover-chunky-knitting-pattern\\\/#primaryimage\"},\"image\":{\"@id\":\"https:\\\/\\\/wemadewardrobe.com\\\/product\\\/selma-slipover-chunky-knitting-pattern\\\/#primaryimage\"},\"thumbnailUrl\":\"https:\\\/\\\/wemadewardrobe.com\\\/wp-content\\\/uploads\\\/2025\\\/01\\\/SelmaO_6.webp\",\"datePublished\":\"2025-01-17T09:21:52+00:00\",\"dateModified\":\"2025-01-20T10:13:12+00:00\",\"description\":\"The Selma O-Neck chunky slipover knitting pattern is the beginner knitting project for everyone wanting a cozy slipover. It's quick knit for chunky yarn .\",\"breadcrumb\":{\"@id\":\"https:\\\/\\\/wemadewardrobe.com\\\/product\\\/selma-slipover-chunky-knitting-pattern\\\/#breadcrumb\"},\"inLanguage\":\"de\",\"potentialAction\":[{\"@type\":\"ReadAction\",\"target\":[\"https:\\\/\\\/wemadewardrobe.com\\\/product\\\/selma-slipover-chunky-knitting-pattern\\\/\"]}]},{\"@type\":\"ImageObject\",\"inLanguage\":\"de\",\"@id\":\"https:\\\/\\\/wemadewardrobe.com\\\/product\\\/selma-slipover-chunky-knitting-pattern\\\/#primaryimage\",\"url\":\"https:\\\/\\\/wemadewardrobe.com\\\/wp-content\\\/uploads\\\/2025\\\/01\\\/SelmaO_6.webp\",\"contentUrl\":\"https:\\\/\\\/wemadewardrobe.com\\\/wp-content\\\/uploads\\\/2025\\\/01\\\/SelmaO_6.webp\",\"width\":450,\"height\":630,\"caption\":\"Round Neck slipover knitting pattern\"},{\"@type\":\"BreadcrumbList\",\"@id\":\"https:\\\/\\\/wemadewardrobe.com\\\/product\\\/selma-slipover-chunky-knitting-pattern\\\/#breadcrumb\",\"itemListElement\":[{\"@type\":\"ListItem\",\"position\":1,\"name\":\"Home\",\"item\":\"https:\\\/\\\/wemadewardrobe.com\\\/\"},{\"@type\":\"ListItem\",\"position\":2,\"name\":\"Knitting Patterns\",\"item\":\"https:\\\/\\\/wemadewardrobe.com\\\/de\\\/shop\\\/\"},{\"@type\":\"ListItem\",\"position\":3,\"name\":\"SELMA SLIPOVER O-NECK\"}]},{\"@type\":\"WebSite\",\"@id\":\"https:\\\/\\\/wemadewardrobe.com\\\/#website\",\"url\":\"https:\\\/\\\/wemadewardrobe.com\\\/\",\"name\":\"wemadewardrobe\",\"description\":\"modern knitting patterns from Lisa &amp; Bella\",\"publisher\":{\"@id\":\"https:\\\/\\\/wemadewardrobe.com\\\/#organization\"},\"alternateName\":\"modern knitting patterns\",\"potentialAction\":[{\"@type\":\"SearchAction\",\"target\":{\"@type\":\"EntryPoint\",\"urlTemplate\":\"https:\\\/\\\/wemadewardrobe.com\\\/?s={search_term_string}\"},\"query-input\":{\"@type\":\"PropertyValueSpecification\",\"valueRequired\":true,\"valueName\":\"search_term_string\"}}],\"inLanguage\":\"de\"},{\"@type\":\"Organization\",\"@id\":\"https:\\\/\\\/wemadewardrobe.com\\\/#organization\",\"name\":\"wemadewardrobe\",\"url\":\"https:\\\/\\\/wemadewardrobe.com\\\/\",\"logo\":{\"@type\":\"ImageObject\",\"inLanguage\":\"de\",\"@id\":\"https:\\\/\\\/wemadewardrobe.com\\\/#\\\/schema\\\/logo\\\/image\\\/\",\"url\":\"https:\\\/\\\/wemadewardrobe.com\\\/wp-content\\\/uploads\\\/2023\\\/10\\\/cropped-wemadewardrobe_Png-150x150-1.png\",\"contentUrl\":\"https:\\\/\\\/wemadewardrobe.com\\\/wp-content\\\/uploads\\\/2023\\\/10\\\/cropped-wemadewardrobe_Png-150x150-1.png\",\"width\":118,\"height\":84,\"caption\":\"wemadewardrobe\"},\"image\":{\"@id\":\"https:\\\/\\\/wemadewardrobe.com\\\/#\\\/schema\\\/logo\\\/image\\\/\"},\"sameAs\":[\"https:\\\/\\\/www.instagram.com\\\/wemadewardrobe\\\/\"]}]}<\/script>\n<!-- \/ Yoast SEO plugin. -->","yoast_head_json":{"title":"SELMA SLIPOVER O-NECK - wemadewardrobe","description":"The Selma O-Neck chunky slipover knitting pattern is the beginner knitting project for everyone wanting a cozy slipover. It's quick knit for chunky yarn .","robots":{"index":"index","follow":"follow","max-snippet":"max-snippet:-1","max-image-preview":"max-image-preview:large","max-video-preview":"max-video-preview:-1"},"canonical":"https:\/\/wemadewardrobe.com\/de\/produkt\/selma-slipover-chunky-knitting-pattern\/","og_locale":"de_DE","og_type":"article","og_title":"SELMA SLIPOVER O-NECK - wemadewardrobe","og_description":"The Selma O-Neck chunky slipover knitting pattern is the beginner knitting project for everyone wanting a cozy slipover. It's quick knit for chunky yarn .","og_url":"https:\/\/wemadewardrobe.com\/de\/produkt\/selma-slipover-chunky-knitting-pattern\/","og_site_name":"wemadewardrobe","article_modified_time":"2025-01-20T10:13:12+00:00","og_image":[{"width":450,"height":630,"url":"https:\/\/wemadewardrobe.com\/wp-content\/uploads\/2025\/01\/SelmaO_6.webp","type":"image\/jpeg"}],"twitter_card":"summary_large_image","twitter_misc":{"Gesch\u00e4tzte Lesezeit":"3\u00a0Minuten"},"schema":{"@context":"https:\/\/schema.org","@graph":[{"@type":["WebPage","ItemPage"],"@id":"https:\/\/wemadewardrobe.com\/product\/selma-slipover-chunky-knitting-pattern\/","url":"https:\/\/wemadewardrobe.com\/product\/selma-slipover-chunky-knitting-pattern\/","name":"SELMA SLIPOVER O-NECK - wemadewardrobe","isPartOf":{"@id":"https:\/\/wemadewardrobe.com\/#website"},"primaryImageOfPage":{"@id":"https:\/\/wemadewardrobe.com\/product\/selma-slipover-chunky-knitting-pattern\/#primaryimage"},"image":{"@id":"https:\/\/wemadewardrobe.com\/product\/selma-slipover-chunky-knitting-pattern\/#primaryimage"},"thumbnailUrl":"https:\/\/wemadewardrobe.com\/wp-content\/uploads\/2025\/01\/SelmaO_6.webp","datePublished":"2025-01-17T09:21:52+00:00","dateModified":"2025-01-20T10:13:12+00:00","description":"The Selma O-Neck chunky slipover knitting pattern is the beginner knitting project for everyone wanting a cozy slipover. It's quick knit for chunky yarn .","breadcrumb":{"@id":"https:\/\/wemadewardrobe.com\/product\/selma-slipover-chunky-knitting-pattern\/#breadcrumb"},"inLanguage":"de","potentialAction":[{"@type":"ReadAction","target":["https:\/\/wemadewardrobe.com\/product\/selma-slipover-chunky-knitting-pattern\/"]}]},{"@type":"ImageObject","inLanguage":"de","@id":"https:\/\/wemadewardrobe.com\/product\/selma-slipover-chunky-knitting-pattern\/#primaryimage","url":"https:\/\/wemadewardrobe.com\/wp-content\/uploads\/2025\/01\/SelmaO_6.webp","contentUrl":"https:\/\/wemadewardrobe.com\/wp-content\/uploads\/2025\/01\/SelmaO_6.webp","width":450,"height":630,"caption":"Round Neck slipover knitting pattern"},{"@type":"BreadcrumbList","@id":"https:\/\/wemadewardrobe.com\/product\/selma-slipover-chunky-knitting-pattern\/#breadcrumb","itemListElement":[{"@type":"ListItem","position":1,"name":"Home","item":"https:\/\/wemadewardrobe.com\/"},{"@type":"ListItem","position":2,"name":"Knitting Patterns","item":"https:\/\/wemadewardrobe.com\/de\/shop\/"},{"@type":"ListItem","position":3,"name":"SELMA SLIPOVER O-NECK"}]},{"@type":"WebSite","@id":"https:\/\/wemadewardrobe.com\/#website","url":"https:\/\/wemadewardrobe.com\/","name":"wemadewardrobe","description":"modern knitting patterns from Lisa &amp; Bella","publisher":{"@id":"https:\/\/wemadewardrobe.com\/#organization"},"alternateName":"modern knitting patterns","potentialAction":[{"@type":"SearchAction","target":{"@type":"EntryPoint","urlTemplate":"https:\/\/wemadewardrobe.com\/?s={search_term_string}"},"query-input":{"@type":"PropertyValueSpecification","valueRequired":true,"valueName":"search_term_string"}}],"inLanguage":"de"},{"@type":"Organization","@id":"https:\/\/wemadewardrobe.com\/#organization","name":"wemadewardrobe","url":"https:\/\/wemadewardrobe.com\/","logo":{"@type":"ImageObject","inLanguage":"de","@id":"https:\/\/wemadewardrobe.com\/#\/schema\/logo\/image\/","url":"https:\/\/wemadewardrobe.com\/wp-content\/uploads\/2023\/10\/cropped-wemadewardrobe_Png-150x150-1.png","contentUrl":"https:\/\/wemadewardrobe.com\/wp-content\/uploads\/2023\/10\/cropped-wemadewardrobe_Png-150x150-1.png","width":118,"height":84,"caption":"wemadewardrobe"},"image":{"@id":"https:\/\/wemadewardrobe.com\/#\/schema\/logo\/image\/"},"sameAs":["https:\/\/www.instagram.com\/wemadewardrobe\/"]}]}},"_links":{"self":[{"href":"https:\/\/wemadewardrobe.com\/de\/wp-json\/wp\/v2\/product\/2469","targetHints":{"allow":["GET"]}}],"collection":[{"href":"https:\/\/wemadewardrobe.com\/de\/wp-json\/wp\/v2\/product"}],"about":[{"href":"https:\/\/wemadewardrobe.com\/de\/wp-json\/wp\/v2\/types\/product"}],"wp:featuredmedia":[{"embeddable":true,"href":"https:\/\/wemadewardrobe.com\/de\/wp-json\/wp\/v2\/media\/2477"}],"wp:attachment":[{"href":"https:\/\/wemadewardrobe.com\/de\/wp-json\/wp\/v2\/media?parent=2469"}],"wp:term":[{"taxonomy":"product_brand","embeddable":true,"href":"https:\/\/wemadewardrobe.com\/de\/wp-json\/wp\/v2\/product_brand?post=2469"},{"taxonomy":"product_cat","embeddable":true,"href":"https:\/\/wemadewardrobe.com\/de\/wp-json\/wp\/v2\/product_cat?post=2469"},{"taxonomy":"product_tag","embeddable":true,"href":"https:\/\/wemadewardrobe.com\/de\/wp-json\/wp\/v2\/product_tag?post=2469"}],"curies":[{"name":"wp","href":"https:\/\/api.w.org\/{rel}","templated":true}]}}