{"id":2549,"date":"2025-02-18T13:24:51","date_gmt":"2025-02-18T12:24:51","guid":{"rendered":"https:\/\/wemadewardrobe.com\/?post_type=product&#038;p=2549"},"modified":"2025-02-18T16:32:02","modified_gmt":"2025-02-18T15:32:02","slug":"lotta-hat-ribbed-hat-knitting-pattern","status":"publish","type":"product","link":"https:\/\/wemadewardrobe.com\/de\/produkt\/lotta-hat-ribbed-hat-knitting-pattern\/","title":{"rendered":"LOTTA HAT"},"content":{"rendered":"<p>The Lotta ribbed hat knitting pattern is a knitting pattern for a hat that is cozy, soft and stylish and with which you can knit a hat in a 2&#215;2 rib pattern. The Lotta hat is knitted from the bottom up. First, the hat is knitted in a 2&#215;2 rib pattern after which decorative decreases are made at the top of the ribbed hat knitting pattern by knitting stitches together. The I-cord edge ends the 2&#215;2 hat knitting pattern and gives it a beautiful finish.<\/p>\n<p>The ribbed hat knitting pattern for a 2&#215;2 beanie comes in three sizes and is the perfect addition to your <a href=\"https:\/\/wemadewardrobe.com\/en\/product\/lotta-scarf-knitting-pattern\/\">Lotta Scarf<\/a> or <a href=\"https:\/\/wemadewardrobe.com\/en\/product\/lotta-shawl-knitting-pattern\/\">Lotta Shawl<\/a>!<\/p>\n<p>Begin by making a gauge swatch to check that you have the correct gauge.<\/p>\n<p>&nbsp;<\/p>\n<h4>Sizes<\/h4>\n<p>Small (Medium) Large<\/p>\n<p>&nbsp;<\/p>\n<h4>SIZE GUIDE<\/h4>\n<p>Head circumference:<\/p>\n<p>50 &#8211; 53 cm (54 &#8211; 57 cm) 57 &#8211; 60 cm<\/p>\n<p>&nbsp;<\/p>\n<h4>RECOMMENDED Needle SIZE<\/h4>\n<p>Circular knitting needle 6.0 mm [US10] (40 cm) [16 inches]<\/p>\n<p><i>and<\/i><\/p>\n<p>DPNs 6.0 mm [US10] <b>or<\/b> circular knitting needle 6.0 mm [US10] (80 oder 100 cm) [40 inches] for the Magic Loop method<\/p>\n<p>&nbsp;<\/p>\n<h4>Gauge<\/h4>\n<p>In rib pattern (k2, p2) on 6.0 mm:<\/p>\n<p>20 sts x 30 rows = 10 x 10 cm<\/p>\n<p>&nbsp;<\/p>\n<h4>Materials<\/h4>\n<p>50 (50) 75 g \u201cCashmere Light\u201d from Lang Yarns (25 g = approx. 85 m)<\/p>\n<p>Note that you will need more yarn if you want to knit the beanie longer.<\/p>\n<p>&nbsp;<\/p>\n<h4>Yarn alternatives<\/h4>\n<p>100 (100) 100 g \u201cHonesty\u201d from Wooladdicts by Lang Yarns (50 g = approx. 115 m)<\/p>\n<p><b>&#8211;<\/b><\/p>\n<p>100 (100) 100 g \u201cAlta Moda Cashmere 16\u201d by Lana Grossa (50 g = approx. 110 m)<\/p>\n<p><i>\u2014<\/i><\/p>\n<p>Our beige Lotta hat was knit in \u201cCashmere Light\u201c\u00a0 (col. 950.0039) from Lang Yarns.<\/p>\n<p>Our navy Lotta hat was knit in \u201cCashmere Light\u201d (col. 950.0035) from Lang Yarns.<\/p>\n<p>&nbsp;<\/p>\n<h4><a href=\"https:\/\/wemadewardrobe.com\/en\/difficulties\/\">DIFFICULTY<\/a><\/h4>\n<p>\u25cf\u25cf\u25cb\u25cb\u25cb (2 out of 5)<\/p>\n<p>&nbsp;<\/p>\n","protected":false},"excerpt":{"rendered":"<p><span style=\"font-weight: 400;\">Die Lotta M\u00fctzen Strickableitung f\u00fcr eine einfache gerippte M\u00fctze ist eine klassische kurze Beanie mit einem sch\u00f6nen i-cord Abschluss. Mit der Strickanleitung f\u00fcr eine M\u00fctze strickst du dir eine gerippte M\u00fctze und die perfekte Erg\u00e4nzung zum <a href=\"https:\/\/wemadewardrobe.com\/de\/produkt\/lotta-scarf-knitting-pattern\/\">Lotta Scarf<\/a> oder <a href=\"https:\/\/wemadewardrobe.com\/de\/produkt\/lotta-shawl-knitting-pattern\/\">Shawl<\/a> um ein komplettes Set zu stricken.<br \/>\n<\/span><\/p>\n<p>Die Strickanleitung f\u00fcr eine M\u00fctze ist sowohl f\u00fcr Anf\u00e4nger als auch f\u00fcr erfahrene Strickerinnen geeignet und kommt in<strong> drei Gr\u00f6\u00dfen<\/strong> (mehr zu den Gr\u00f6\u00dfen findest du weiter unten).<\/p>\n<p>Mehr Informationen zu <strong>Nadelst\u00e4rken<\/strong>, <strong>Maschenprobe<\/strong> und <strong>Material<\/strong> findest du weiter unten.<\/p>\n<p>Die Strickanleitung wird dir per E-Mail zugesendet als <strong>PDF Dokument<\/strong>.<\/p>","protected":false},"featured_media":2552,"template":"","meta":{"inline_featured_image":false,"_kadence_starter_templates_imported_post":false,"_kad_post_transparent":"default","_kad_post_title":"","_kad_post_layout":"default","_kad_post_sidebar_id":"","_kad_post_content_style":"default","_kad_post_vertical_padding":"default","_kad_post_feature":"","_kad_post_feature_position":"","_kad_post_header":false,"_kad_post_footer":false,"_kad_post_classname":""},"product_brand":[],"product_cat":[52],"product_tag":[250,59,77,211,75,222,92,91,65,64,205,118,249,239,122,210,221],"class_list":{"0":"post-2549","1":"product","2":"type-product","3":"status-publish","4":"has-post-thumbnail","6":"product_cat-accessory-knitting-patterns","7":"product_tag-2x2-rib","8":"product_tag-2x2-ribbing","9":"product_tag-accessoire","10":"product_tag-basic-hat","11":"product_tag-beanie","12":"product_tag-beanie-strickanleitung","13":"product_tag-beginner","14":"product_tag-beginner-knitting-pattern","15":"product_tag-hat","16":"product_tag-hat-knitting-pattern","17":"product_tag-hat-pattern","18":"product_tag-lotta","19":"product_tag-lotta-hat","20":"product_tag-mutze","21":"product_tag-ribbing","22":"product_tag-simple-hat","23":"product_tag-strickanleitung-mutze","25":"first","26":"instock","27":"sold-individually","28":"purchasable","29":"product-type-variable","30":"entry","31":"content-bg","32":"loop-entry"},"yoast_head":"<!-- This site is optimized with the Yoast SEO plugin v27.4 - https:\/\/yoast.com\/product\/yoast-seo-wordpress\/ -->\n<title>LOTTA HAT - wemadewardrobe- beanie knitting pattern<\/title>\n<meta name=\"description\" content=\"With the ribbed hat knitting pattern lotta, you can knit yourself an easy, 2x2 ribbed hat with an folded uo brim and elegant i-cord finish!\" \/>\n<meta name=\"robots\" content=\"index, follow, max-snippet:-1, max-image-preview:large, max-video-preview:-1\" \/>\n<link rel=\"canonical\" href=\"https:\/\/wemadewardrobe.com\/de\/produkt\/lotta-hat-ribbed-hat-knitting-pattern\/\" \/>\n<meta property=\"og:locale\" content=\"de_DE\" \/>\n<meta property=\"og:type\" content=\"article\" \/>\n<meta property=\"og:title\" content=\"LOTTA HAT - wemadewardrobe- beanie knitting pattern\" \/>\n<meta property=\"og:description\" content=\"With the ribbed hat knitting pattern lotta, you can knit yourself an easy, 2x2 ribbed hat with an folded uo brim and elegant i-cord finish!\" \/>\n<meta property=\"og:url\" content=\"https:\/\/wemadewardrobe.com\/de\/produkt\/lotta-hat-ribbed-hat-knitting-pattern\/\" \/>\n<meta property=\"og:site_name\" content=\"wemadewardrobe\" \/>\n<meta property=\"article:modified_time\" content=\"2025-02-18T15:32:02+00:00\" \/>\n<meta property=\"og:image\" content=\"https:\/\/wemadewardrobe.com\/wp-content\/uploads\/2025\/02\/Lotta-Hat_2_web.webp\" \/>\n\t<meta property=\"og:image:width\" content=\"450\" \/>\n\t<meta property=\"og:image:height\" content=\"630\" \/>\n\t<meta property=\"og:image:type\" content=\"image\/jpeg\" \/>\n<meta name=\"twitter:card\" content=\"summary_large_image\" \/>\n<meta name=\"twitter:label1\" content=\"Gesch\u00e4tzte Lesezeit\" \/>\n\t<meta name=\"twitter:data1\" content=\"2\u00a0Minuten\" \/>\n<script type=\"application\/ld+json\" class=\"yoast-schema-graph\">{\"@context\":\"https:\\\/\\\/schema.org\",\"@graph\":[{\"@type\":[\"WebPage\",\"ItemPage\"],\"@id\":\"https:\\\/\\\/wemadewardrobe.com\\\/product\\\/lotta-hat-ribbed-hat-knitting-pattern\\\/\",\"url\":\"https:\\\/\\\/wemadewardrobe.com\\\/product\\\/lotta-hat-ribbed-hat-knitting-pattern\\\/\",\"name\":\"LOTTA HAT - wemadewardrobe- beanie knitting pattern\",\"isPartOf\":{\"@id\":\"https:\\\/\\\/wemadewardrobe.com\\\/#website\"},\"primaryImageOfPage\":{\"@id\":\"https:\\\/\\\/wemadewardrobe.com\\\/product\\\/lotta-hat-ribbed-hat-knitting-pattern\\\/#primaryimage\"},\"image\":{\"@id\":\"https:\\\/\\\/wemadewardrobe.com\\\/product\\\/lotta-hat-ribbed-hat-knitting-pattern\\\/#primaryimage\"},\"thumbnailUrl\":\"https:\\\/\\\/wemadewardrobe.com\\\/wp-content\\\/uploads\\\/2025\\\/02\\\/Lotta-Hat_2_web.webp\",\"datePublished\":\"2025-02-18T12:24:51+00:00\",\"dateModified\":\"2025-02-18T15:32:02+00:00\",\"description\":\"With the ribbed hat knitting pattern lotta, you can knit yourself an easy, 2x2 ribbed hat with an folded uo brim and elegant i-cord finish!\",\"breadcrumb\":{\"@id\":\"https:\\\/\\\/wemadewardrobe.com\\\/product\\\/lotta-hat-ribbed-hat-knitting-pattern\\\/#breadcrumb\"},\"inLanguage\":\"de\",\"potentialAction\":[{\"@type\":\"ReadAction\",\"target\":[\"https:\\\/\\\/wemadewardrobe.com\\\/product\\\/lotta-hat-ribbed-hat-knitting-pattern\\\/\"]}]},{\"@type\":\"ImageObject\",\"inLanguage\":\"de\",\"@id\":\"https:\\\/\\\/wemadewardrobe.com\\\/product\\\/lotta-hat-ribbed-hat-knitting-pattern\\\/#primaryimage\",\"url\":\"https:\\\/\\\/wemadewardrobe.com\\\/wp-content\\\/uploads\\\/2025\\\/02\\\/Lotta-Hat_2_web.webp\",\"contentUrl\":\"https:\\\/\\\/wemadewardrobe.com\\\/wp-content\\\/uploads\\\/2025\\\/02\\\/Lotta-Hat_2_web.webp\",\"width\":450,\"height\":630,\"caption\":\"2x2 rib beanie knitting pattern\"},{\"@type\":\"BreadcrumbList\",\"@id\":\"https:\\\/\\\/wemadewardrobe.com\\\/product\\\/lotta-hat-ribbed-hat-knitting-pattern\\\/#breadcrumb\",\"itemListElement\":[{\"@type\":\"ListItem\",\"position\":1,\"name\":\"Home\",\"item\":\"https:\\\/\\\/wemadewardrobe.com\\\/\"},{\"@type\":\"ListItem\",\"position\":2,\"name\":\"Knitting Patterns\",\"item\":\"https:\\\/\\\/wemadewardrobe.com\\\/de\\\/shop\\\/\"},{\"@type\":\"ListItem\",\"position\":3,\"name\":\"LOTTA HAT\"}]},{\"@type\":\"WebSite\",\"@id\":\"https:\\\/\\\/wemadewardrobe.com\\\/#website\",\"url\":\"https:\\\/\\\/wemadewardrobe.com\\\/\",\"name\":\"wemadewardrobe\",\"description\":\"modern knitting patterns from Lisa &amp; Bella\",\"publisher\":{\"@id\":\"https:\\\/\\\/wemadewardrobe.com\\\/#organization\"},\"alternateName\":\"modern knitting patterns\",\"potentialAction\":[{\"@type\":\"SearchAction\",\"target\":{\"@type\":\"EntryPoint\",\"urlTemplate\":\"https:\\\/\\\/wemadewardrobe.com\\\/?s={search_term_string}\"},\"query-input\":{\"@type\":\"PropertyValueSpecification\",\"valueRequired\":true,\"valueName\":\"search_term_string\"}}],\"inLanguage\":\"de\"},{\"@type\":\"Organization\",\"@id\":\"https:\\\/\\\/wemadewardrobe.com\\\/#organization\",\"name\":\"wemadewardrobe\",\"url\":\"https:\\\/\\\/wemadewardrobe.com\\\/\",\"logo\":{\"@type\":\"ImageObject\",\"inLanguage\":\"de\",\"@id\":\"https:\\\/\\\/wemadewardrobe.com\\\/#\\\/schema\\\/logo\\\/image\\\/\",\"url\":\"https:\\\/\\\/wemadewardrobe.com\\\/wp-content\\\/uploads\\\/2023\\\/10\\\/cropped-wemadewardrobe_Png-150x150-1.png\",\"contentUrl\":\"https:\\\/\\\/wemadewardrobe.com\\\/wp-content\\\/uploads\\\/2023\\\/10\\\/cropped-wemadewardrobe_Png-150x150-1.png\",\"width\":118,\"height\":84,\"caption\":\"wemadewardrobe\"},\"image\":{\"@id\":\"https:\\\/\\\/wemadewardrobe.com\\\/#\\\/schema\\\/logo\\\/image\\\/\"},\"sameAs\":[\"https:\\\/\\\/www.instagram.com\\\/wemadewardrobe\\\/\"]}]}<\/script>\n<!-- \/ Yoast SEO plugin. -->","yoast_head_json":{"title":"LOTTA HAT - wemadewardrobe- beanie knitting pattern","description":"With the ribbed hat knitting pattern lotta, you can knit yourself an easy, 2x2 ribbed hat with an folded uo brim and elegant i-cord finish!","robots":{"index":"index","follow":"follow","max-snippet":"max-snippet:-1","max-image-preview":"max-image-preview:large","max-video-preview":"max-video-preview:-1"},"canonical":"https:\/\/wemadewardrobe.com\/de\/produkt\/lotta-hat-ribbed-hat-knitting-pattern\/","og_locale":"de_DE","og_type":"article","og_title":"LOTTA HAT - wemadewardrobe- beanie knitting pattern","og_description":"With the ribbed hat knitting pattern lotta, you can knit yourself an easy, 2x2 ribbed hat with an folded uo brim and elegant i-cord finish!","og_url":"https:\/\/wemadewardrobe.com\/de\/produkt\/lotta-hat-ribbed-hat-knitting-pattern\/","og_site_name":"wemadewardrobe","article_modified_time":"2025-02-18T15:32:02+00:00","og_image":[{"width":450,"height":630,"url":"https:\/\/wemadewardrobe.com\/wp-content\/uploads\/2025\/02\/Lotta-Hat_2_web.webp","type":"image\/jpeg"}],"twitter_card":"summary_large_image","twitter_misc":{"Gesch\u00e4tzte Lesezeit":"2\u00a0Minuten"},"schema":{"@context":"https:\/\/schema.org","@graph":[{"@type":["WebPage","ItemPage"],"@id":"https:\/\/wemadewardrobe.com\/product\/lotta-hat-ribbed-hat-knitting-pattern\/","url":"https:\/\/wemadewardrobe.com\/product\/lotta-hat-ribbed-hat-knitting-pattern\/","name":"LOTTA HAT - wemadewardrobe- beanie knitting pattern","isPartOf":{"@id":"https:\/\/wemadewardrobe.com\/#website"},"primaryImageOfPage":{"@id":"https:\/\/wemadewardrobe.com\/product\/lotta-hat-ribbed-hat-knitting-pattern\/#primaryimage"},"image":{"@id":"https:\/\/wemadewardrobe.com\/product\/lotta-hat-ribbed-hat-knitting-pattern\/#primaryimage"},"thumbnailUrl":"https:\/\/wemadewardrobe.com\/wp-content\/uploads\/2025\/02\/Lotta-Hat_2_web.webp","datePublished":"2025-02-18T12:24:51+00:00","dateModified":"2025-02-18T15:32:02+00:00","description":"With the ribbed hat knitting pattern lotta, you can knit yourself an easy, 2x2 ribbed hat with an folded uo brim and elegant i-cord finish!","breadcrumb":{"@id":"https:\/\/wemadewardrobe.com\/product\/lotta-hat-ribbed-hat-knitting-pattern\/#breadcrumb"},"inLanguage":"de","potentialAction":[{"@type":"ReadAction","target":["https:\/\/wemadewardrobe.com\/product\/lotta-hat-ribbed-hat-knitting-pattern\/"]}]},{"@type":"ImageObject","inLanguage":"de","@id":"https:\/\/wemadewardrobe.com\/product\/lotta-hat-ribbed-hat-knitting-pattern\/#primaryimage","url":"https:\/\/wemadewardrobe.com\/wp-content\/uploads\/2025\/02\/Lotta-Hat_2_web.webp","contentUrl":"https:\/\/wemadewardrobe.com\/wp-content\/uploads\/2025\/02\/Lotta-Hat_2_web.webp","width":450,"height":630,"caption":"2x2 rib beanie knitting pattern"},{"@type":"BreadcrumbList","@id":"https:\/\/wemadewardrobe.com\/product\/lotta-hat-ribbed-hat-knitting-pattern\/#breadcrumb","itemListElement":[{"@type":"ListItem","position":1,"name":"Home","item":"https:\/\/wemadewardrobe.com\/"},{"@type":"ListItem","position":2,"name":"Knitting Patterns","item":"https:\/\/wemadewardrobe.com\/de\/shop\/"},{"@type":"ListItem","position":3,"name":"LOTTA HAT"}]},{"@type":"WebSite","@id":"https:\/\/wemadewardrobe.com\/#website","url":"https:\/\/wemadewardrobe.com\/","name":"wemadewardrobe","description":"modern knitting patterns from Lisa &amp; Bella","publisher":{"@id":"https:\/\/wemadewardrobe.com\/#organization"},"alternateName":"modern knitting patterns","potentialAction":[{"@type":"SearchAction","target":{"@type":"EntryPoint","urlTemplate":"https:\/\/wemadewardrobe.com\/?s={search_term_string}"},"query-input":{"@type":"PropertyValueSpecification","valueRequired":true,"valueName":"search_term_string"}}],"inLanguage":"de"},{"@type":"Organization","@id":"https:\/\/wemadewardrobe.com\/#organization","name":"wemadewardrobe","url":"https:\/\/wemadewardrobe.com\/","logo":{"@type":"ImageObject","inLanguage":"de","@id":"https:\/\/wemadewardrobe.com\/#\/schema\/logo\/image\/","url":"https:\/\/wemadewardrobe.com\/wp-content\/uploads\/2023\/10\/cropped-wemadewardrobe_Png-150x150-1.png","contentUrl":"https:\/\/wemadewardrobe.com\/wp-content\/uploads\/2023\/10\/cropped-wemadewardrobe_Png-150x150-1.png","width":118,"height":84,"caption":"wemadewardrobe"},"image":{"@id":"https:\/\/wemadewardrobe.com\/#\/schema\/logo\/image\/"},"sameAs":["https:\/\/www.instagram.com\/wemadewardrobe\/"]}]}},"_links":{"self":[{"href":"https:\/\/wemadewardrobe.com\/de\/wp-json\/wp\/v2\/product\/2549","targetHints":{"allow":["GET"]}}],"collection":[{"href":"https:\/\/wemadewardrobe.com\/de\/wp-json\/wp\/v2\/product"}],"about":[{"href":"https:\/\/wemadewardrobe.com\/de\/wp-json\/wp\/v2\/types\/product"}],"wp:featuredmedia":[{"embeddable":true,"href":"https:\/\/wemadewardrobe.com\/de\/wp-json\/wp\/v2\/media\/2552"}],"wp:attachment":[{"href":"https:\/\/wemadewardrobe.com\/de\/wp-json\/wp\/v2\/media?parent=2549"}],"wp:term":[{"taxonomy":"product_brand","embeddable":true,"href":"https:\/\/wemadewardrobe.com\/de\/wp-json\/wp\/v2\/product_brand?post=2549"},{"taxonomy":"product_cat","embeddable":true,"href":"https:\/\/wemadewardrobe.com\/de\/wp-json\/wp\/v2\/product_cat?post=2549"},{"taxonomy":"product_tag","embeddable":true,"href":"https:\/\/wemadewardrobe.com\/de\/wp-json\/wp\/v2\/product_tag?post=2549"}],"curies":[{"name":"wp","href":"https:\/\/api.w.org\/{rel}","templated":true}]}}