{"id":2656,"date":"2025-03-21T14:44:44","date_gmt":"2025-03-21T13:44:44","guid":{"rendered":"https:\/\/wemadewardrobe.com\/?post_type=product&#038;p=2656"},"modified":"2025-03-21T14:58:40","modified_gmt":"2025-03-21T13:58:40","slug":"roundneck-slipover-knitting-pattern","status":"publish","type":"product","link":"https:\/\/wemadewardrobe.com\/de\/produkt\/roundneck-slipover-knitting-pattern\/","title":{"rendered":"MAJA SLIPOVER"},"content":{"rendered":"<p>The Maja Slipover roundneck slipover knitting pattern is a basic slipover knitting pattern with a modern twist, perfect for knitters of all levels. The clean, minimalist design of this knitting pattern for a slipover is elevated by a special horizontal stitch detail at the ribbing sections, giving it a subtle yet interesting finish. This easy slipover knitting pattern is versatile, making it a great layering piece for any season.<\/p>\n<p>Designed with a comfortable, relaxed fit, the roundneck slipover knitting pattern is the perfect project for anyone looking to knit a timeless, wearable piece. Whether styled over a blouse, shirt, or dress, this slipover knitting pattern is a wardrobe essential that combines simplicity and elegance. The horizontal stitch detail adds a handcrafted touch, setting it apart from other basic slipover knitting patterns. The slipover pattern is knitted seamlessly top down and can be made with a variety of different yarn combinations &#8211; you might already have something in your stash for this slipover knitting pattern!<\/p>\n<p>Begin by making a gauge swatch to check that you have the correct gauge.<\/p>\n<p>&nbsp;<\/p>\n<h4>SizeS<\/h4>\n<p><b>XS (S) M (L) XL (2XL) 3XL<\/b><\/p>\n<p>The Maja Slipover should have a range of movement (positive ease) of approx. 15-20 cm in relation to your chest circumference. The sizes XS (S) M (L) XL (2XL) 3XL fit a chest measurement of 78-84 (85-90) 91-98 (99-109) 110-120 (121-130) 131-140 cm. Measure yourself before you start knitting to make sure you have chosen the correct size for you.<\/p>\n<p>The finished chest measurements of the Slipover are approx. 96 (101) 111 (120) 133 (144) 155 cm.<\/p>\n<p>&nbsp;<\/p>\n<h4>Needles<\/h4>\n<p>Circular knitting needle 4.0 mm [US6] (40 cm) [16 inches]<\/p>\n<p>Circular knitting needle 4.5 mm [US7] (40, 80 or 100 cm for Magic Loop) [16 or 40 inches]<\/p>\n<p>Circular knitting needle 6.0 mm [US10] (40 &amp; 80 or 100 cm) [16 and 40 inches]<\/p>\n<p>&nbsp;<\/p>\n<h4>Gauge<\/h4>\n<p>Stockinette stitch on 6.0 mm needles:<\/p>\n<p>16 sts \/ 24 rows = 10 x 10 cm<\/p>\n<p>&nbsp;<\/p>\n<h4>Materials<\/h4>\n<p>150 (150) 150 (150) 200 (200) 200 g<\/p>\n<p>\u201cMerino\u201d from Knitting for Olive (50 g = approx. 250 m)<\/p>\n<p>&nbsp;<\/p>\n<p><i>together with<\/i><\/p>\n<p>&nbsp;<\/p>\n<p>150 (150) 150 (200) 200 (250) 250g<\/p>\n<p>\u201cSoft Silk Mohair\u201d from Knitting for Olive (25 g = approx. 225 m)<\/p>\n<p>&nbsp;<\/p>\n<p>The Maja Slipover is knitted with three strands of yarn. One thread of the thicker yarn, together with two threads of the Silk Mohair.<\/p>\n<p>Note that you will need more yarn if you want to knit the Slipover longer.<\/p>\n<p>&nbsp;<\/p>\n<h4>Yarn alternatives<\/h4>\n<p>150 (150) 150 (200) 200 (250) 250 g<\/p>\n<p>\u201cTynn Peer Gynt\u201d from Sandnes Garn (50 g = approx. 205 m)<\/p>\n<p>&nbsp;<\/p>\n<p><i>together with<\/i><\/p>\n<p>&nbsp;<\/p>\n<p>150 (150) 150 (200) 200 (250) 250 g<\/p>\n<p>\u201cTynn Silk Mohair\u201d from Sandnes Garn (25 g = approx. 210 m)<\/p>\n<p>&nbsp;<\/p>\n<p>Note that in this variation you knit with three strands of yarn held together. One thread of the thicker yarn, together with two threads of the thinner yarn.<\/p>\n<p>\u2014<\/p>\n<p>150 (150) 150 (200) 200 (250) 250 g<\/p>\n<p>\u201cFlora\u201d from Drops (50 g = approx. 210 m)<\/p>\n<p>&nbsp;<\/p>\n<p><i>together with<\/i><\/p>\n<p>&nbsp;<\/p>\n<p>125 (125) 125 (150) 150 (200) 200 g<\/p>\n<p>\u201cBrushed Alpaca Silk\u201d from Drops (25 g = approx. 140 m)<\/p>\n<p>&nbsp;<\/p>\n<p>Note that in this variation you knit with two strands of yarn held together. One thread of the thicker yarn, together with one thread of the thinner yarn.<\/p>\n<p>&#8211;<\/p>\n<p>Our grey Maja Slipover was knit in: \u201cTynn Peer Gynt\u201d (col. 1021) &amp; 2 threads \u201cTynn Silk Mohair Tweed\u201d (col. 1199), both from Sandnes Garn.<\/p>\n<p>Our yellow Maja Slipover was knit in: \u201cMerino\u201d (col. Dusty Banana) from Knitting for Olive and one thread of \u201cBrushed Alpaca Silk\u201d (handdyed) from Drops.<\/p>\n<p>Our white\/stripey Maja Slipover was knit in: \u201cPicasso\u201d (col. 10) and \u201cSilkhair\u201d (col. 18), both from Lana Grossa.<\/p>\n<p>&nbsp;<\/p>\n<h4><a href=\"https:\/\/wemadewardrobe.com\/en\/difficulties\/\">DIFFICULTY<\/a><\/h4>\n<p>\u25cf\u25cf\u25cb\u25cb\u25cb (2 out of 5)<\/p>\n<p>&nbsp;<\/p>\n","protected":false},"excerpt":{"rendered":"<p><span style=\"font-weight: 400;\">Das Strickmuster f\u00fcr den Rundhalspullover Maja ist f\u00fcr einen locker sitzenden Pullunder mit Rundhalsausschnitt und einem h\u00fcbschen horizontalen Maschendetail vor dem B\u00fcndchen.<br \/>\n<\/span><\/p>\n<p>Die Strickanleitung f\u00fcr einen Pullunder eignet sich sowohl f\u00fcr selbstbewusste Strickanf\u00e4nger als auch f\u00fcr erfahrene Strickerinnen, die ein einfaches Strickprojekt suchen, und es kommt in den<strong> Gr\u00f6\u00dfen XS-3XL<\/strong> (mehr zu den Gr\u00f6\u00dfen findest du weiter unten).<\/p>\n<p>Mehr Informationen zu <strong>Nadelst\u00e4rken<\/strong>, <strong>Maschenprobe<\/strong> und <strong>Material<\/strong> findest du weiter unten.<\/p>\n<p>Die Strickanleitung wird dir per E-Mail zugesendet als <strong>PDF Dokument<\/strong>.<\/p>","protected":false},"featured_media":2659,"template":"","meta":{"inline_featured_image":false,"_kadence_starter_templates_imported_post":false,"_kad_post_transparent":"default","_kad_post_title":"","_kad_post_layout":"default","_kad_post_sidebar_id":"","_kad_post_content_style":"default","_kad_post_vertical_padding":"default","_kad_post_feature":"","_kad_post_feature_position":"","_kad_post_header":false,"_kad_post_footer":false,"_kad_post_classname":""},"product_brand":[],"product_cat":[95],"product_tag":[61,262,54,171,245,263,182,265,264,90,93,153],"class_list":{"0":"post-2656","1":"product","2":"type-product","3":"status-publish","4":"has-post-thumbnail","6":"product_cat-slipover-knitting-patterns","7":"product_tag-1x1-ribbing","8":"product_tag-basic-slipover","9":"product_tag-knitting-pattern","10":"product_tag-maja","11":"product_tag-o-neck","12":"product_tag-pullunder","13":"product_tag-round-neck","14":"product_tag-rundhals","15":"product_tag-rundhalspullunder","16":"product_tag-selma-slipover","17":"product_tag-slipover","18":"product_tag-strickanleitung","20":"first","21":"instock","22":"sold-individually","23":"purchasable","24":"product-type-variable","25":"entry","26":"content-bg","27":"loop-entry"},"yoast_head":"<!-- This site is optimized with the Yoast SEO plugin v27.4 - https:\/\/yoast.com\/product\/yoast-seo-wordpress\/ -->\n<title>MAJA SLIPOVER - wemadewardrobe<\/title>\n<meta name=\"description\" content=\"The roundneck slipover knitting pattern is basic slipover project for everyone looking for a quick and classic knit. The details make this pattern shine.\" \/>\n<meta name=\"robots\" content=\"index, follow, max-snippet:-1, max-image-preview:large, max-video-preview:-1\" \/>\n<link rel=\"canonical\" href=\"https:\/\/wemadewardrobe.com\/de\/produkt\/roundneck-slipover-knitting-pattern\/\" \/>\n<meta property=\"og:locale\" content=\"de_DE\" \/>\n<meta property=\"og:type\" content=\"article\" \/>\n<meta property=\"og:title\" content=\"MAJA SLIPOVER - wemadewardrobe\" \/>\n<meta property=\"og:description\" content=\"The roundneck slipover knitting pattern is basic slipover project for everyone looking for a quick and classic knit. The details make this pattern shine.\" \/>\n<meta property=\"og:url\" content=\"https:\/\/wemadewardrobe.com\/de\/produkt\/roundneck-slipover-knitting-pattern\/\" \/>\n<meta property=\"og:site_name\" content=\"wemadewardrobe\" \/>\n<meta property=\"article:modified_time\" content=\"2025-03-21T13:58:40+00:00\" \/>\n<meta property=\"og:image\" content=\"https:\/\/wemadewardrobe.com\/wp-content\/uploads\/2025\/03\/Maja-Slipover-6.webp\" \/>\n\t<meta property=\"og:image:width\" content=\"450\" \/>\n\t<meta property=\"og:image:height\" content=\"630\" \/>\n\t<meta property=\"og:image:type\" content=\"image\/jpeg\" \/>\n<meta name=\"twitter:card\" content=\"summary_large_image\" \/>\n<meta name=\"twitter:label1\" content=\"Gesch\u00e4tzte Lesezeit\" \/>\n\t<meta name=\"twitter:data1\" content=\"3\u00a0Minuten\" \/>\n<script type=\"application\/ld+json\" class=\"yoast-schema-graph\">{\"@context\":\"https:\\\/\\\/schema.org\",\"@graph\":[{\"@type\":[\"WebPage\",\"ItemPage\"],\"@id\":\"https:\\\/\\\/wemadewardrobe.com\\\/product\\\/roundneck-slipover-knitting-pattern\\\/\",\"url\":\"https:\\\/\\\/wemadewardrobe.com\\\/product\\\/roundneck-slipover-knitting-pattern\\\/\",\"name\":\"MAJA SLIPOVER - wemadewardrobe\",\"isPartOf\":{\"@id\":\"https:\\\/\\\/wemadewardrobe.com\\\/#website\"},\"primaryImageOfPage\":{\"@id\":\"https:\\\/\\\/wemadewardrobe.com\\\/product\\\/roundneck-slipover-knitting-pattern\\\/#primaryimage\"},\"image\":{\"@id\":\"https:\\\/\\\/wemadewardrobe.com\\\/product\\\/roundneck-slipover-knitting-pattern\\\/#primaryimage\"},\"thumbnailUrl\":\"https:\\\/\\\/wemadewardrobe.com\\\/wp-content\\\/uploads\\\/2025\\\/03\\\/Maja-Slipover-6.webp\",\"datePublished\":\"2025-03-21T13:44:44+00:00\",\"dateModified\":\"2025-03-21T13:58:40+00:00\",\"description\":\"The roundneck slipover knitting pattern is basic slipover project for everyone looking for a quick and classic knit. The details make this pattern shine.\",\"breadcrumb\":{\"@id\":\"https:\\\/\\\/wemadewardrobe.com\\\/product\\\/roundneck-slipover-knitting-pattern\\\/#breadcrumb\"},\"inLanguage\":\"de\",\"potentialAction\":[{\"@type\":\"ReadAction\",\"target\":[\"https:\\\/\\\/wemadewardrobe.com\\\/product\\\/roundneck-slipover-knitting-pattern\\\/\"]}]},{\"@type\":\"ImageObject\",\"inLanguage\":\"de\",\"@id\":\"https:\\\/\\\/wemadewardrobe.com\\\/product\\\/roundneck-slipover-knitting-pattern\\\/#primaryimage\",\"url\":\"https:\\\/\\\/wemadewardrobe.com\\\/wp-content\\\/uploads\\\/2025\\\/03\\\/Maja-Slipover-6.webp\",\"contentUrl\":\"https:\\\/\\\/wemadewardrobe.com\\\/wp-content\\\/uploads\\\/2025\\\/03\\\/Maja-Slipover-6.webp\",\"width\":450,\"height\":630,\"caption\":\"roundneck slipover knitting pattern\"},{\"@type\":\"BreadcrumbList\",\"@id\":\"https:\\\/\\\/wemadewardrobe.com\\\/product\\\/roundneck-slipover-knitting-pattern\\\/#breadcrumb\",\"itemListElement\":[{\"@type\":\"ListItem\",\"position\":1,\"name\":\"Home\",\"item\":\"https:\\\/\\\/wemadewardrobe.com\\\/\"},{\"@type\":\"ListItem\",\"position\":2,\"name\":\"Knitting Patterns\",\"item\":\"https:\\\/\\\/wemadewardrobe.com\\\/de\\\/shop\\\/\"},{\"@type\":\"ListItem\",\"position\":3,\"name\":\"MAJA SLIPOVER\"}]},{\"@type\":\"WebSite\",\"@id\":\"https:\\\/\\\/wemadewardrobe.com\\\/#website\",\"url\":\"https:\\\/\\\/wemadewardrobe.com\\\/\",\"name\":\"wemadewardrobe\",\"description\":\"modern knitting patterns from Lisa &amp; Bella\",\"publisher\":{\"@id\":\"https:\\\/\\\/wemadewardrobe.com\\\/#organization\"},\"alternateName\":\"modern knitting patterns\",\"potentialAction\":[{\"@type\":\"SearchAction\",\"target\":{\"@type\":\"EntryPoint\",\"urlTemplate\":\"https:\\\/\\\/wemadewardrobe.com\\\/?s={search_term_string}\"},\"query-input\":{\"@type\":\"PropertyValueSpecification\",\"valueRequired\":true,\"valueName\":\"search_term_string\"}}],\"inLanguage\":\"de\"},{\"@type\":\"Organization\",\"@id\":\"https:\\\/\\\/wemadewardrobe.com\\\/#organization\",\"name\":\"wemadewardrobe\",\"url\":\"https:\\\/\\\/wemadewardrobe.com\\\/\",\"logo\":{\"@type\":\"ImageObject\",\"inLanguage\":\"de\",\"@id\":\"https:\\\/\\\/wemadewardrobe.com\\\/#\\\/schema\\\/logo\\\/image\\\/\",\"url\":\"https:\\\/\\\/wemadewardrobe.com\\\/wp-content\\\/uploads\\\/2023\\\/10\\\/cropped-wemadewardrobe_Png-150x150-1.png\",\"contentUrl\":\"https:\\\/\\\/wemadewardrobe.com\\\/wp-content\\\/uploads\\\/2023\\\/10\\\/cropped-wemadewardrobe_Png-150x150-1.png\",\"width\":118,\"height\":84,\"caption\":\"wemadewardrobe\"},\"image\":{\"@id\":\"https:\\\/\\\/wemadewardrobe.com\\\/#\\\/schema\\\/logo\\\/image\\\/\"},\"sameAs\":[\"https:\\\/\\\/www.instagram.com\\\/wemadewardrobe\\\/\"]}]}<\/script>\n<!-- \/ Yoast SEO plugin. -->","yoast_head_json":{"title":"MAJA SLIPOVER - wemadewardrobe","description":"The roundneck slipover knitting pattern is basic slipover project for everyone looking for a quick and classic knit. The details make this pattern shine.","robots":{"index":"index","follow":"follow","max-snippet":"max-snippet:-1","max-image-preview":"max-image-preview:large","max-video-preview":"max-video-preview:-1"},"canonical":"https:\/\/wemadewardrobe.com\/de\/produkt\/roundneck-slipover-knitting-pattern\/","og_locale":"de_DE","og_type":"article","og_title":"MAJA SLIPOVER - wemadewardrobe","og_description":"The roundneck slipover knitting pattern is basic slipover project for everyone looking for a quick and classic knit. The details make this pattern shine.","og_url":"https:\/\/wemadewardrobe.com\/de\/produkt\/roundneck-slipover-knitting-pattern\/","og_site_name":"wemadewardrobe","article_modified_time":"2025-03-21T13:58:40+00:00","og_image":[{"width":450,"height":630,"url":"https:\/\/wemadewardrobe.com\/wp-content\/uploads\/2025\/03\/Maja-Slipover-6.webp","type":"image\/jpeg"}],"twitter_card":"summary_large_image","twitter_misc":{"Gesch\u00e4tzte Lesezeit":"3\u00a0Minuten"},"schema":{"@context":"https:\/\/schema.org","@graph":[{"@type":["WebPage","ItemPage"],"@id":"https:\/\/wemadewardrobe.com\/product\/roundneck-slipover-knitting-pattern\/","url":"https:\/\/wemadewardrobe.com\/product\/roundneck-slipover-knitting-pattern\/","name":"MAJA SLIPOVER - wemadewardrobe","isPartOf":{"@id":"https:\/\/wemadewardrobe.com\/#website"},"primaryImageOfPage":{"@id":"https:\/\/wemadewardrobe.com\/product\/roundneck-slipover-knitting-pattern\/#primaryimage"},"image":{"@id":"https:\/\/wemadewardrobe.com\/product\/roundneck-slipover-knitting-pattern\/#primaryimage"},"thumbnailUrl":"https:\/\/wemadewardrobe.com\/wp-content\/uploads\/2025\/03\/Maja-Slipover-6.webp","datePublished":"2025-03-21T13:44:44+00:00","dateModified":"2025-03-21T13:58:40+00:00","description":"The roundneck slipover knitting pattern is basic slipover project for everyone looking for a quick and classic knit. The details make this pattern shine.","breadcrumb":{"@id":"https:\/\/wemadewardrobe.com\/product\/roundneck-slipover-knitting-pattern\/#breadcrumb"},"inLanguage":"de","potentialAction":[{"@type":"ReadAction","target":["https:\/\/wemadewardrobe.com\/product\/roundneck-slipover-knitting-pattern\/"]}]},{"@type":"ImageObject","inLanguage":"de","@id":"https:\/\/wemadewardrobe.com\/product\/roundneck-slipover-knitting-pattern\/#primaryimage","url":"https:\/\/wemadewardrobe.com\/wp-content\/uploads\/2025\/03\/Maja-Slipover-6.webp","contentUrl":"https:\/\/wemadewardrobe.com\/wp-content\/uploads\/2025\/03\/Maja-Slipover-6.webp","width":450,"height":630,"caption":"roundneck slipover knitting pattern"},{"@type":"BreadcrumbList","@id":"https:\/\/wemadewardrobe.com\/product\/roundneck-slipover-knitting-pattern\/#breadcrumb","itemListElement":[{"@type":"ListItem","position":1,"name":"Home","item":"https:\/\/wemadewardrobe.com\/"},{"@type":"ListItem","position":2,"name":"Knitting Patterns","item":"https:\/\/wemadewardrobe.com\/de\/shop\/"},{"@type":"ListItem","position":3,"name":"MAJA SLIPOVER"}]},{"@type":"WebSite","@id":"https:\/\/wemadewardrobe.com\/#website","url":"https:\/\/wemadewardrobe.com\/","name":"wemadewardrobe","description":"modern knitting patterns from Lisa &amp; Bella","publisher":{"@id":"https:\/\/wemadewardrobe.com\/#organization"},"alternateName":"modern knitting patterns","potentialAction":[{"@type":"SearchAction","target":{"@type":"EntryPoint","urlTemplate":"https:\/\/wemadewardrobe.com\/?s={search_term_string}"},"query-input":{"@type":"PropertyValueSpecification","valueRequired":true,"valueName":"search_term_string"}}],"inLanguage":"de"},{"@type":"Organization","@id":"https:\/\/wemadewardrobe.com\/#organization","name":"wemadewardrobe","url":"https:\/\/wemadewardrobe.com\/","logo":{"@type":"ImageObject","inLanguage":"de","@id":"https:\/\/wemadewardrobe.com\/#\/schema\/logo\/image\/","url":"https:\/\/wemadewardrobe.com\/wp-content\/uploads\/2023\/10\/cropped-wemadewardrobe_Png-150x150-1.png","contentUrl":"https:\/\/wemadewardrobe.com\/wp-content\/uploads\/2023\/10\/cropped-wemadewardrobe_Png-150x150-1.png","width":118,"height":84,"caption":"wemadewardrobe"},"image":{"@id":"https:\/\/wemadewardrobe.com\/#\/schema\/logo\/image\/"},"sameAs":["https:\/\/www.instagram.com\/wemadewardrobe\/"]}]}},"_links":{"self":[{"href":"https:\/\/wemadewardrobe.com\/de\/wp-json\/wp\/v2\/product\/2656","targetHints":{"allow":["GET"]}}],"collection":[{"href":"https:\/\/wemadewardrobe.com\/de\/wp-json\/wp\/v2\/product"}],"about":[{"href":"https:\/\/wemadewardrobe.com\/de\/wp-json\/wp\/v2\/types\/product"}],"wp:featuredmedia":[{"embeddable":true,"href":"https:\/\/wemadewardrobe.com\/de\/wp-json\/wp\/v2\/media\/2659"}],"wp:attachment":[{"href":"https:\/\/wemadewardrobe.com\/de\/wp-json\/wp\/v2\/media?parent=2656"}],"wp:term":[{"taxonomy":"product_brand","embeddable":true,"href":"https:\/\/wemadewardrobe.com\/de\/wp-json\/wp\/v2\/product_brand?post=2656"},{"taxonomy":"product_cat","embeddable":true,"href":"https:\/\/wemadewardrobe.com\/de\/wp-json\/wp\/v2\/product_cat?post=2656"},{"taxonomy":"product_tag","embeddable":true,"href":"https:\/\/wemadewardrobe.com\/de\/wp-json\/wp\/v2\/product_tag?post=2656"}],"curies":[{"name":"wp","href":"https:\/\/api.w.org\/{rel}","templated":true}]}}