{"id":2700,"date":"2025-04-02T14:55:43","date_gmt":"2025-04-02T13:55:43","guid":{"rendered":"https:\/\/wemadewardrobe.com\/?post_type=product&#038;p=2700"},"modified":"2025-04-02T15:08:41","modified_gmt":"2025-04-02T14:08:41","slug":"small-scarf-knitting-pattern-eve-scarf","status":"publish","type":"product","link":"https:\/\/wemadewardrobe.com\/de\/produkt\/small-scarf-knitting-pattern-eve-scarf\/","title":{"rendered":"EVE SCARF"},"content":{"rendered":"<p>Der Eve Scarf ist ein einfaches, in Reihen gestricktes Halstuch mit bunten Streifen, die durch ein luftiges Lochmuster von wei\u00dfen, glatt rechts gestrickten Abschnitten getrennt sind. Die spitz zulaufenden Enden verleihen ihm eine sch\u00f6ne Form, perfekt als kleiner Schal f\u00fcr den Fr\u00fchling. Diese Strickanleitung f\u00fcr ein Tuch eignet sich ideal f\u00fcr ein schnelles Projekt und zum Stricken mit Garnresten. Dank der einfachen Technik ist das Modell auch f\u00fcr Anf\u00e4nger geeignet \u2013 ein farbenfrohes Accessoire, das im Handumdrehen fertig ist! Egal ob einfarbig oder kunterbunt, der Eve Scarf l\u00e4sst sich individuell gestalten und wird schnell zum Lieblingsst\u00fcck.<\/p>\n<p>&nbsp;<\/p>\n<h4>Gr\u00f6\u00dfen<\/h4>\n<p>Einheitsgr\u00f6\u00dfe<\/p>\n<p>&nbsp;<\/p>\n<h4>EMPFOHLENE NADELst\u00e4rke<\/h4>\n<p>Rundstricknadel 4.5 mm (40 cm)<\/p>\n<p>&nbsp;<\/p>\n<h4>Maschenprobe<\/h4>\n<p>Im Strukturmuster auf 4.5 mm Nadeln:<\/p>\n<p>22 M \/ 29 R = 10 x 10 cm<\/p>\n<p>Beachte, dass die Maschenprobe bei diesem Projekt nicht perfekt eingehalten werden muss und du die Nadelst\u00e4rke je nach Wollwahl anpassen kannst.<\/p>\n<p>&nbsp;<\/p>\n<h4>Material<\/h4>\n<p>50 g<\/p>\n<p>\u201cAll Day Organic\u201d von Gepard Garn (50g = ca. 175 m)<\/p>\n<p>&nbsp;<\/p>\n<p><i>zusammen mit<\/i><\/p>\n<p>&nbsp;<\/p>\n<p>25 g<\/p>\n<p>\u201cKid Seta\u201d von Gepard (25g = ca. 210 m)<\/p>\n<p>&nbsp;<\/p>\n<p><i>und<\/i><\/p>\n<p>&nbsp;<\/p>\n<p>10 x 3 g\u00a0 (20 g = ca. 72 m)<\/p>\n<p>&nbsp;<\/p>\n<p><i>oder<\/i><\/p>\n<p>&nbsp;<\/p>\n<p>ca. 20 g (100g = ca. 425m)<\/p>\n<p>\u201cMerino Sock\u201d von Kiezgarn \u2013 f\u00fcr die Streifen.<\/p>\n<p>&nbsp;<\/p>\n<p>Der Eve Scarf wird mit zwei F\u00e4den Garn zusammen gestrickt. Einem Faden des dickeren Garns, zusammen mit einem Faden des Silk Mohairs. Das Mohair wird auch bei den Streifen in dem anderen Garn dazugehalten.<\/p>\n<p>&nbsp;<\/p>\n<h4>Garnalternativen<\/h4>\n<p>ca. 50 g \u201cNord\u201d von Drops (50g = ca. 170m)<\/p>\n<p>&nbsp;<\/p>\n<p><i>zusammen mit <\/i><\/p>\n<p>&nbsp;<\/p>\n<p>ca. 25 g \u201cKid Silk\u201d von Drops (50g = ca. 210m)<\/p>\n<p>Diese Version ist einfarbig angegeben. Beachte, dass du eine vielzahl an Wolle benutzen kannst und je nach Dicke und Laufl\u00e4nge sich das Ergbnis unterscheiden kann - f\u00fcr die Streifen wird nur ganz wenig Wolle gebraucht deshalb empfehlen wir hier deine Garnreste zu verwenden.<\/p>\n<p>&#8211;<\/p>\n<p>Unser Eve Scarf wurde gestrickt in: \u201cAll Day Organic\u201d (Fb. 101) &amp; 1 strang \u201cKid Seta\u201d (Fb. 406), beide von Gepard Garn und mit hangef\u00e4rbte Minis von Kiezgarn.<\/p>\n<p><i>\u2014<\/i><\/p>\n<p>&nbsp;<\/p>\n<h4><a href=\"https:\/\/wemadewardrobe.com\/de\/difficulties\/\">Schwierigkeitsgrad<\/a><\/h4>\n<p>\u25cf\u25cf\u25cb\u25cb\u25cb (2 von 5)<\/p>\n<p>&nbsp;<\/p>","protected":false},"excerpt":{"rendered":"<p><span style=\"font-weight: 400;\">Die Eve Scarf Strickanleitung f\u00fcr den sch\u00f6nsten Resteschal ist das perfekte Accessoire, um Streifen in deinen Look zu bringen. Die Strickanleitung f\u00fcr einen kleinen gestrickten Schal ist ein perfektes Projekt, um es aus Garnresten oder Resten von gr\u00f6\u00dferen Projekten herzustellen.<br \/>\n<\/span><\/p>\n<p>Die Strickanleitung f\u00fcr ein kleines Halstuch ist sowohl f\u00fcr Anf\u00e4nger als auch f\u00fcr erfahrene Strickerinnen geeignet und kommt in<strong> Einheitsgr\u00f6\u00dfe<\/strong> (mehr zu den Gr\u00f6\u00dfen findest du weiter unten).<\/p>\n<p>Mehr Informationen zu <strong>Nadelst\u00e4rken<\/strong>, <strong>Maschenprobe<\/strong> und <strong>Material<\/strong> findest du weiter unten.<\/p>\n<p>Die Strickanleitung wird dir per E-Mail zugesendet als <strong>PDF Dokument<\/strong>.<\/p>","protected":false},"featured_media":2705,"template":"","meta":{"inline_featured_image":false,"_kadence_starter_templates_imported_post":false,"_kad_post_transparent":"default","_kad_post_title":"","_kad_post_layout":"default","_kad_post_sidebar_id":"","_kad_post_content_style":"default","_kad_post_vertical_padding":"default","_kad_post_feature":"","_kad_post_feature_position":"","_kad_post_header":false,"_kad_post_footer":false,"_kad_post_classname":""},"product_brand":[],"product_cat":[52],"product_tag":[59,77,120,119,92,91,54,117,118,116,122,74,73,112,113,121],"class_list":{"0":"post-2700","1":"product","2":"type-product","3":"status-publish","4":"has-post-thumbnail","6":"product_cat-accessory-knitting-patterns","7":"product_tag-2x2-ribbing","8":"product_tag-accessoire","9":"product_tag-bandana","10":"product_tag-bandana-knitting-pattern","11":"product_tag-beginner","12":"product_tag-beginner-knitting-pattern","13":"product_tag-knitting-pattern","14":"product_tag-light","15":"product_tag-lotta","16":"product_tag-lotta-scarf-light","17":"product_tag-ribbing","18":"product_tag-scarf","19":"product_tag-scarf-knitting-pattern","20":"product_tag-scrap-yarn-project","21":"product_tag-single-skein-project","22":"product_tag-small-scarf","24":"first","25":"instock","26":"sold-individually","27":"purchasable","28":"product-type-variable","29":"entry","30":"content-bg","31":"loop-entry"},"yoast_head":"<!-- This site is optimized with the Yoast SEO plugin v27.5 - https:\/\/yoast.com\/product\/yoast-seo-wordpress\/ -->\n<title>EVE SCARF - wemadewardrobe<\/title>\n<meta name=\"description\" content=\"Easy knitting pattern for a small scarf, a fast knit perfect for your scap yarn or special letfovers. With the knitting pattern you can knit the eve scarf.\" \/>\n<meta name=\"robots\" content=\"index, follow, max-snippet:-1, max-image-preview:large, max-video-preview:-1\" \/>\n<link rel=\"canonical\" href=\"https:\/\/wemadewardrobe.com\/de\/produkt\/small-scarf-knitting-pattern-eve-scarf\/\" \/>\n<meta property=\"og:locale\" content=\"de_DE\" \/>\n<meta property=\"og:type\" content=\"article\" \/>\n<meta property=\"og:title\" content=\"EVE SCARF - wemadewardrobe\" \/>\n<meta property=\"og:description\" content=\"Easy knitting pattern for a small scarf, a fast knit perfect for your scap yarn or special letfovers. With the knitting pattern you can knit the eve scarf.\" \/>\n<meta property=\"og:url\" content=\"https:\/\/wemadewardrobe.com\/de\/produkt\/small-scarf-knitting-pattern-eve-scarf\/\" \/>\n<meta property=\"og:site_name\" content=\"wemadewardrobe\" \/>\n<meta property=\"article:modified_time\" content=\"2025-04-02T14:08:41+00:00\" \/>\n<meta property=\"og:image\" content=\"https:\/\/wemadewardrobe.com\/wp-content\/uploads\/2025\/04\/Eve-Scarf_1.webp\" \/>\n\t<meta property=\"og:image:width\" content=\"450\" \/>\n\t<meta property=\"og:image:height\" content=\"630\" \/>\n\t<meta property=\"og:image:type\" content=\"image\/jpeg\" \/>\n<meta name=\"twitter:card\" content=\"summary_large_image\" \/>\n<meta name=\"twitter:label1\" content=\"Gesch\u00e4tzte Lesezeit\" \/>\n\t<meta name=\"twitter:data1\" content=\"2\u00a0Minuten\" \/>\n<script type=\"application\/ld+json\" class=\"yoast-schema-graph\">{\"@context\":\"https:\\\/\\\/schema.org\",\"@graph\":[{\"@type\":[\"WebPage\",\"ItemPage\"],\"@id\":\"https:\\\/\\\/wemadewardrobe.com\\\/en\\\/product\\\/small-scarf-knitting-pattern-eve-scarf\\\/\",\"url\":\"https:\\\/\\\/wemadewardrobe.com\\\/en\\\/product\\\/small-scarf-knitting-pattern-eve-scarf\\\/\",\"name\":\"EVE SCARF - wemadewardrobe\",\"isPartOf\":{\"@id\":\"https:\\\/\\\/wemadewardrobe.com\\\/#website\"},\"primaryImageOfPage\":{\"@id\":\"https:\\\/\\\/wemadewardrobe.com\\\/en\\\/product\\\/small-scarf-knitting-pattern-eve-scarf\\\/#primaryimage\"},\"image\":{\"@id\":\"https:\\\/\\\/wemadewardrobe.com\\\/en\\\/product\\\/small-scarf-knitting-pattern-eve-scarf\\\/#primaryimage\"},\"thumbnailUrl\":\"https:\\\/\\\/wemadewardrobe.com\\\/wp-content\\\/uploads\\\/2025\\\/04\\\/Eve-Scarf_1.webp\",\"datePublished\":\"2025-04-02T13:55:43+00:00\",\"dateModified\":\"2025-04-02T14:08:41+00:00\",\"description\":\"Easy knitting pattern for a small scarf, a fast knit perfect for your scap yarn or special letfovers. With the knitting pattern you can knit the eve scarf.\",\"breadcrumb\":{\"@id\":\"https:\\\/\\\/wemadewardrobe.com\\\/en\\\/product\\\/small-scarf-knitting-pattern-eve-scarf\\\/#breadcrumb\"},\"inLanguage\":\"de\",\"potentialAction\":[{\"@type\":\"ReadAction\",\"target\":[\"https:\\\/\\\/wemadewardrobe.com\\\/en\\\/product\\\/small-scarf-knitting-pattern-eve-scarf\\\/\"]}]},{\"@type\":\"ImageObject\",\"inLanguage\":\"de\",\"@id\":\"https:\\\/\\\/wemadewardrobe.com\\\/en\\\/product\\\/small-scarf-knitting-pattern-eve-scarf\\\/#primaryimage\",\"url\":\"https:\\\/\\\/wemadewardrobe.com\\\/wp-content\\\/uploads\\\/2025\\\/04\\\/Eve-Scarf_1.webp\",\"contentUrl\":\"https:\\\/\\\/wemadewardrobe.com\\\/wp-content\\\/uploads\\\/2025\\\/04\\\/Eve-Scarf_1.webp\",\"width\":450,\"height\":630,\"caption\":\"small scarf knitting pattern\"},{\"@type\":\"BreadcrumbList\",\"@id\":\"https:\\\/\\\/wemadewardrobe.com\\\/en\\\/product\\\/small-scarf-knitting-pattern-eve-scarf\\\/#breadcrumb\",\"itemListElement\":[{\"@type\":\"ListItem\",\"position\":1,\"name\":\"Home\",\"item\":\"https:\\\/\\\/wemadewardrobe.com\\\/\"},{\"@type\":\"ListItem\",\"position\":2,\"name\":\"Knitting Patterns\",\"item\":\"https:\\\/\\\/wemadewardrobe.com\\\/de\\\/shop\\\/\"},{\"@type\":\"ListItem\",\"position\":3,\"name\":\"EVE SCARF\"}]},{\"@type\":\"WebSite\",\"@id\":\"https:\\\/\\\/wemadewardrobe.com\\\/#website\",\"url\":\"https:\\\/\\\/wemadewardrobe.com\\\/\",\"name\":\"wemadewardrobe\",\"description\":\"modern knitting patterns from Lisa &amp; Bella\",\"publisher\":{\"@id\":\"https:\\\/\\\/wemadewardrobe.com\\\/#organization\"},\"alternateName\":\"modern knitting patterns\",\"potentialAction\":[{\"@type\":\"SearchAction\",\"target\":{\"@type\":\"EntryPoint\",\"urlTemplate\":\"https:\\\/\\\/wemadewardrobe.com\\\/?s={search_term_string}\"},\"query-input\":{\"@type\":\"PropertyValueSpecification\",\"valueRequired\":true,\"valueName\":\"search_term_string\"}}],\"inLanguage\":\"de\"},{\"@type\":\"Organization\",\"@id\":\"https:\\\/\\\/wemadewardrobe.com\\\/#organization\",\"name\":\"wemadewardrobe\",\"url\":\"https:\\\/\\\/wemadewardrobe.com\\\/\",\"logo\":{\"@type\":\"ImageObject\",\"inLanguage\":\"de\",\"@id\":\"https:\\\/\\\/wemadewardrobe.com\\\/#\\\/schema\\\/logo\\\/image\\\/\",\"url\":\"https:\\\/\\\/wemadewardrobe.com\\\/wp-content\\\/uploads\\\/2023\\\/10\\\/cropped-wemadewardrobe_Png-150x150-1.png\",\"contentUrl\":\"https:\\\/\\\/wemadewardrobe.com\\\/wp-content\\\/uploads\\\/2023\\\/10\\\/cropped-wemadewardrobe_Png-150x150-1.png\",\"width\":118,\"height\":84,\"caption\":\"wemadewardrobe\"},\"image\":{\"@id\":\"https:\\\/\\\/wemadewardrobe.com\\\/#\\\/schema\\\/logo\\\/image\\\/\"},\"sameAs\":[\"https:\\\/\\\/www.instagram.com\\\/wemadewardrobe\\\/\"]}]}<\/script>\n<!-- \/ Yoast SEO plugin. -->","yoast_head_json":{"title":"EVE SCARF - wemadewardrobe","description":"Easy knitting pattern for a small scarf, a fast knit perfect for your scap yarn or special letfovers. With the knitting pattern you can knit the eve scarf.","robots":{"index":"index","follow":"follow","max-snippet":"max-snippet:-1","max-image-preview":"max-image-preview:large","max-video-preview":"max-video-preview:-1"},"canonical":"https:\/\/wemadewardrobe.com\/de\/produkt\/small-scarf-knitting-pattern-eve-scarf\/","og_locale":"de_DE","og_type":"article","og_title":"EVE SCARF - wemadewardrobe","og_description":"Easy knitting pattern for a small scarf, a fast knit perfect for your scap yarn or special letfovers. With the knitting pattern you can knit the eve scarf.","og_url":"https:\/\/wemadewardrobe.com\/de\/produkt\/small-scarf-knitting-pattern-eve-scarf\/","og_site_name":"wemadewardrobe","article_modified_time":"2025-04-02T14:08:41+00:00","og_image":[{"width":450,"height":630,"url":"https:\/\/wemadewardrobe.com\/wp-content\/uploads\/2025\/04\/Eve-Scarf_1.webp","type":"image\/jpeg"}],"twitter_card":"summary_large_image","twitter_misc":{"Gesch\u00e4tzte Lesezeit":"2\u00a0Minuten"},"schema":{"@context":"https:\/\/schema.org","@graph":[{"@type":["WebPage","ItemPage"],"@id":"https:\/\/wemadewardrobe.com\/en\/product\/small-scarf-knitting-pattern-eve-scarf\/","url":"https:\/\/wemadewardrobe.com\/en\/product\/small-scarf-knitting-pattern-eve-scarf\/","name":"EVE SCARF - wemadewardrobe","isPartOf":{"@id":"https:\/\/wemadewardrobe.com\/#website"},"primaryImageOfPage":{"@id":"https:\/\/wemadewardrobe.com\/en\/product\/small-scarf-knitting-pattern-eve-scarf\/#primaryimage"},"image":{"@id":"https:\/\/wemadewardrobe.com\/en\/product\/small-scarf-knitting-pattern-eve-scarf\/#primaryimage"},"thumbnailUrl":"https:\/\/wemadewardrobe.com\/wp-content\/uploads\/2025\/04\/Eve-Scarf_1.webp","datePublished":"2025-04-02T13:55:43+00:00","dateModified":"2025-04-02T14:08:41+00:00","description":"Easy knitting pattern for a small scarf, a fast knit perfect for your scap yarn or special letfovers. With the knitting pattern you can knit the eve scarf.","breadcrumb":{"@id":"https:\/\/wemadewardrobe.com\/en\/product\/small-scarf-knitting-pattern-eve-scarf\/#breadcrumb"},"inLanguage":"de","potentialAction":[{"@type":"ReadAction","target":["https:\/\/wemadewardrobe.com\/en\/product\/small-scarf-knitting-pattern-eve-scarf\/"]}]},{"@type":"ImageObject","inLanguage":"de","@id":"https:\/\/wemadewardrobe.com\/en\/product\/small-scarf-knitting-pattern-eve-scarf\/#primaryimage","url":"https:\/\/wemadewardrobe.com\/wp-content\/uploads\/2025\/04\/Eve-Scarf_1.webp","contentUrl":"https:\/\/wemadewardrobe.com\/wp-content\/uploads\/2025\/04\/Eve-Scarf_1.webp","width":450,"height":630,"caption":"small scarf knitting pattern"},{"@type":"BreadcrumbList","@id":"https:\/\/wemadewardrobe.com\/en\/product\/small-scarf-knitting-pattern-eve-scarf\/#breadcrumb","itemListElement":[{"@type":"ListItem","position":1,"name":"Home","item":"https:\/\/wemadewardrobe.com\/"},{"@type":"ListItem","position":2,"name":"Knitting Patterns","item":"https:\/\/wemadewardrobe.com\/de\/shop\/"},{"@type":"ListItem","position":3,"name":"EVE SCARF"}]},{"@type":"WebSite","@id":"https:\/\/wemadewardrobe.com\/#website","url":"https:\/\/wemadewardrobe.com\/","name":"wemadewardrobe","description":"modern knitting patterns from Lisa &amp; Bella","publisher":{"@id":"https:\/\/wemadewardrobe.com\/#organization"},"alternateName":"modern knitting patterns","potentialAction":[{"@type":"SearchAction","target":{"@type":"EntryPoint","urlTemplate":"https:\/\/wemadewardrobe.com\/?s={search_term_string}"},"query-input":{"@type":"PropertyValueSpecification","valueRequired":true,"valueName":"search_term_string"}}],"inLanguage":"de"},{"@type":"Organization","@id":"https:\/\/wemadewardrobe.com\/#organization","name":"wemadewardrobe","url":"https:\/\/wemadewardrobe.com\/","logo":{"@type":"ImageObject","inLanguage":"de","@id":"https:\/\/wemadewardrobe.com\/#\/schema\/logo\/image\/","url":"https:\/\/wemadewardrobe.com\/wp-content\/uploads\/2023\/10\/cropped-wemadewardrobe_Png-150x150-1.png","contentUrl":"https:\/\/wemadewardrobe.com\/wp-content\/uploads\/2023\/10\/cropped-wemadewardrobe_Png-150x150-1.png","width":118,"height":84,"caption":"wemadewardrobe"},"image":{"@id":"https:\/\/wemadewardrobe.com\/#\/schema\/logo\/image\/"},"sameAs":["https:\/\/www.instagram.com\/wemadewardrobe\/"]}]}},"_links":{"self":[{"href":"https:\/\/wemadewardrobe.com\/de\/wp-json\/wp\/v2\/product\/2700","targetHints":{"allow":["GET"]}}],"collection":[{"href":"https:\/\/wemadewardrobe.com\/de\/wp-json\/wp\/v2\/product"}],"about":[{"href":"https:\/\/wemadewardrobe.com\/de\/wp-json\/wp\/v2\/types\/product"}],"wp:featuredmedia":[{"embeddable":true,"href":"https:\/\/wemadewardrobe.com\/de\/wp-json\/wp\/v2\/media\/2705"}],"wp:attachment":[{"href":"https:\/\/wemadewardrobe.com\/de\/wp-json\/wp\/v2\/media?parent=2700"}],"wp:term":[{"taxonomy":"product_brand","embeddable":true,"href":"https:\/\/wemadewardrobe.com\/de\/wp-json\/wp\/v2\/product_brand?post=2700"},{"taxonomy":"product_cat","embeddable":true,"href":"https:\/\/wemadewardrobe.com\/de\/wp-json\/wp\/v2\/product_cat?post=2700"},{"taxonomy":"product_tag","embeddable":true,"href":"https:\/\/wemadewardrobe.com\/de\/wp-json\/wp\/v2\/product_tag?post=2700"}],"curies":[{"name":"wp","href":"https:\/\/api.w.org\/{rel}","templated":true}]}}