{"id":2718,"date":"2025-04-03T14:09:24","date_gmt":"2025-04-03T13:09:24","guid":{"rendered":"https:\/\/wemadewardrobe.com\/?post_type=product&#038;p=2718"},"modified":"2025-05-23T15:21:20","modified_gmt":"2025-05-23T14:21:20","slug":"striped-blouse-knitting-pattern-mollie-blouse","status":"publish","type":"product","link":"https:\/\/wemadewardrobe.com\/de\/produkt\/striped-blouse-knitting-pattern-mollie-blouse\/","title":{"rendered":"MOLLIE BLOUSE"},"content":{"rendered":"<p>The Mollie Blouse is an elegant and airy striped blouse knitting pattern, perfect for those who love light and delicate knitwear. Made with soft mohair, this blouse is incredibly lightweight and has a slightly sheer texture. The striped blouse knitting pattern adds a modern and playful touch, making it a stylish choice for any season and is a great layering knitwear piece. Thanks to its loose and effortless fit, the Mohair Blouse is a versatile layering piece that can be dressed up or down. The fine mohair knit blouse pattern creates a sophisticated yet cozy and fun look, perfect for knitters who want to explore delicate textures while working on a fun and engaging project. The Mollie Blouse is a top down knitting pattern.<\/p>\n<p>Begin by making a gauge swatch to check that you have the correct gauge.<\/p>\n<p>&nbsp;<\/p>\n<h4>SizeS<\/h4>\n<p><b>XS (S) M (L) XL (2XL) 3XL<\/b><\/p>\n<p>The Mollie Blouse should have a range of movement (positive ease) of approx. 10-15 cm in relation to your chest circumference. The sizes XS (S) M (L) XL (2XL) 3XL fit a chest measurement of 78-84 (85-90) 91-98 (99-109) 110-120 (121-130) 131-140 cm. Measure yourself before you start knitting to make sure you have chosen the correct size for you.<\/p>\n<p>The finished garment measures: 91 (96,6) 106,7 (115,7) 129,2 (140,4) 151,6 cm.<\/p>\n<p>&nbsp;<\/p>\n<h4>Needles<\/h4>\n<p>Circular knitting needle 4.5 mm [US7] (40, 80 or 100 cm for Magic Loop) [16 or 40 inches]<\/p>\n<p>Circular knitting needle 4.0 mm [US6] (40 cm) [16 inches]<\/p>\n<p>Circular knitting needle 3.5 mm [US4] (40 cm) [16 inches]<\/p>\n<p>&nbsp;<\/p>\n<h4>Gauge<\/h4>\n<p>Stockinette stitch on 4.5 mm needles:<\/p>\n<p>20 sts \/ 30 rows = 10 x 10 cm<\/p>\n<p>&nbsp;<\/p>\n<h4>Materials<\/h4>\n<p>125 (125) 125 (150) 150 (175) 175 g<\/p>\n<p>\u201cTilia\u201d by Filcolana (25 g = approx. 210 m) in col. 1<\/p>\n<p>&nbsp;<\/p>\n<p><i>and<\/i><\/p>\n<p>&nbsp;<\/p>\n<p>125 (125) 125 (150) 150 (175) 175 g<\/p>\n<p>\u201cTilia\u201d by Filcolana (25 g = approx. 210 m) in col. 2<\/p>\n<p>&nbsp;<\/p>\n<p>The Mollie Blouse is knitted with two strands held together. Two threads of the Silk Mohair. You also need two colors for the stripes.<\/p>\n<p>Note that you will need more yarn if you want to knit the sweater longer.<\/p>\n<p>&nbsp;<\/p>\n<h4>Yarn alternatives<\/h4>\n<p>125 (125) 125 (150) 150 (175) 175 g<\/p>\n<p>\u201cSoft Silk Mohair\u201d by Knitting for Olive (25 g = approx. 225 m) in col. 1<\/p>\n<p>&nbsp;<\/p>\n<p><i>and<\/i><\/p>\n<p>&nbsp;<\/p>\n<p>125 (125) 125 (150) 150 (175) 175 g<\/p>\n<p>\u201cSoft Silk Mohair\u201d by Knitting for Olive (25 g = approx. 225 m) in col. 2<\/p>\n<p>&nbsp;<\/p>\n<p>\u2014<\/p>\n<p>125 (125) 125 (150) 150 (175) 175 g<\/p>\n<p>\u201cKid Silk\u201d by Drops (25 g = approx. 210 m) in col. 1<\/p>\n<p>&nbsp;<\/p>\n<p><i>and<\/i><\/p>\n<p>&nbsp;<\/p>\n<p>125 (125) 125 (150) 150 (175) 175 g<\/p>\n<p>\u201cKid Silk\u201d by Drops (25 g = approx. 210 m) in col. 2<\/p>\n<p>&#8211;<\/p>\n<p>Our green Mollie Blouse is knit in: \u201cTilia\u201d (col. 347 Deep Pine and col. 326 Meadow) by Filcolana.<\/p>\n<p>Our blue and pink Mollie Blouse is knit in: \u201cTilia\u201d (col. 322 Begonie Pink and col. 337 Bright Cobalt) by Filcolana.<\/p>\n<p>&nbsp;<\/p>\n<h4><a href=\"https:\/\/wemadewardrobe.com\/en\/difficulties\/\">DIFFICULTY<\/a><\/h4>\n<p>\u25cf\u25cf\u25cb\u25cb\u25cb (2 out of 5)<\/p>\n<p>&nbsp;<\/p>\n","protected":false},"excerpt":{"rendered":"<p><span style=\"font-weight: 400;\">Das gestreifte Blusenstrickmuster Mollie Blouse ist eine leichte, gestreifte Bluse mit Rundhalsausschnitt. Die Bluse ist eine Raglan-Konstruktion mit Zunahmen, um den Hals und den R\u00fccken zu formen.<\/span><\/p>\n<p>Die Strickanleitung f\u00fcr eine Streifenbluse eignet sich sowohl f\u00fcr selbstbewusste Strickanf\u00e4nger als auch f\u00fcr erfahrene Strickerinnen, die ein einfaches Strickprojekt suchen, und es kommt in den<strong> Gr\u00f6\u00dfen XS-3XL<\/strong> (mehr zu den Gr\u00f6\u00dfen findest du weiter unten).<\/p>\n<p>Mehr Informationen zu <strong>Nadelst\u00e4rken<\/strong>, <strong>Maschenprobe<\/strong> und <strong>Material<\/strong> findest du weiter unten.<\/p>\n<p>Die Strickanleitung wird dir per E-Mail zugesendet als <strong>PDF Dokument<\/strong>.<\/p>","protected":false},"featured_media":2721,"template":"","meta":{"inline_featured_image":false,"_kadence_starter_templates_imported_post":false,"_kad_post_transparent":"default","_kad_post_title":"","_kad_post_layout":"default","_kad_post_sidebar_id":"","_kad_post_content_style":"default","_kad_post_vertical_padding":"default","_kad_post_feature":"","_kad_post_feature_position":"","_kad_post_header":false,"_kad_post_footer":false,"_kad_post_classname":""},"product_brand":[],"product_cat":[271],"product_tag":[61,279,278,272,54,280,281,277,245,182,265,273,274,153,275,276,88],"class_list":{"0":"post-2718","1":"product","2":"type-product","3":"status-publish","4":"has-post-thumbnail","6":"product_cat-blouse-knitting-patterns","7":"product_tag-1x1-ribbing","8":"product_tag-blouse","9":"product_tag-blouse-knitting-pattern","10":"product_tag-bluse","11":"product_tag-knitting-pattern","12":"product_tag-mohair","13":"product_tag-mohair-blouse","14":"product_tag-mollie","15":"product_tag-o-neck","16":"product_tag-round-neck","17":"product_tag-rundhals","18":"product_tag-streifen","19":"product_tag-streifenbluse","20":"product_tag-strickanleitung","21":"product_tag-strickanleitung-streifen","22":"product_tag-stripe","23":"product_tag-stripes","25":"first","26":"instock","27":"sold-individually","28":"purchasable","29":"product-type-variable","30":"entry","31":"content-bg","32":"loop-entry"},"yoast_head":"<!-- This site is optimized with the Yoast SEO plugin v27.4 - https:\/\/yoast.com\/product\/yoast-seo-wordpress\/ -->\n<title>MOLLIE BLOUSE - wemadewardrobe<\/title>\n<meta name=\"description\" content=\"The roundneck striped blouse knitting pattern is a raglan construction with increases to shape the neck and back. Knit in mohair it&#039;s a lightweight sweater.\" \/>\n<meta name=\"robots\" content=\"index, follow, max-snippet:-1, max-image-preview:large, max-video-preview:-1\" \/>\n<link rel=\"canonical\" href=\"https:\/\/wemadewardrobe.com\/de\/produkt\/striped-blouse-knitting-pattern-mollie-blouse\/\" \/>\n<meta property=\"og:locale\" content=\"de_DE\" \/>\n<meta property=\"og:type\" content=\"article\" \/>\n<meta property=\"og:title\" content=\"MOLLIE BLOUSE - wemadewardrobe\" \/>\n<meta property=\"og:description\" content=\"The roundneck striped blouse knitting pattern is a raglan construction with increases to shape the neck and back. Knit in mohair it&#039;s a lightweight sweater.\" \/>\n<meta property=\"og:url\" content=\"https:\/\/wemadewardrobe.com\/de\/produkt\/striped-blouse-knitting-pattern-mollie-blouse\/\" \/>\n<meta property=\"og:site_name\" content=\"wemadewardrobe\" \/>\n<meta property=\"article:modified_time\" content=\"2025-05-23T14:21:20+00:00\" \/>\n<meta property=\"og:image\" content=\"https:\/\/wemadewardrobe.com\/wp-content\/uploads\/2025\/04\/Mollie-Blouse_1.webp\" \/>\n\t<meta property=\"og:image:width\" content=\"450\" \/>\n\t<meta property=\"og:image:height\" content=\"630\" \/>\n\t<meta property=\"og:image:type\" content=\"image\/jpeg\" \/>\n<meta name=\"twitter:card\" content=\"summary_large_image\" \/>\n<meta name=\"twitter:label1\" content=\"Gesch\u00e4tzte Lesezeit\" \/>\n\t<meta name=\"twitter:data1\" content=\"3\u00a0Minuten\" \/>\n<script type=\"application\/ld+json\" class=\"yoast-schema-graph\">{\"@context\":\"https:\\\/\\\/schema.org\",\"@graph\":[{\"@type\":[\"WebPage\",\"ItemPage\"],\"@id\":\"https:\\\/\\\/wemadewardrobe.com\\\/en\\\/product\\\/striped-blouse-knitting-pattern-mollie-blouse\\\/\",\"url\":\"https:\\\/\\\/wemadewardrobe.com\\\/en\\\/product\\\/striped-blouse-knitting-pattern-mollie-blouse\\\/\",\"name\":\"MOLLIE BLOUSE - wemadewardrobe\",\"isPartOf\":{\"@id\":\"https:\\\/\\\/wemadewardrobe.com\\\/#website\"},\"primaryImageOfPage\":{\"@id\":\"https:\\\/\\\/wemadewardrobe.com\\\/en\\\/product\\\/striped-blouse-knitting-pattern-mollie-blouse\\\/#primaryimage\"},\"image\":{\"@id\":\"https:\\\/\\\/wemadewardrobe.com\\\/en\\\/product\\\/striped-blouse-knitting-pattern-mollie-blouse\\\/#primaryimage\"},\"thumbnailUrl\":\"https:\\\/\\\/wemadewardrobe.com\\\/wp-content\\\/uploads\\\/2025\\\/04\\\/Mollie-Blouse_1.webp\",\"datePublished\":\"2025-04-03T13:09:24+00:00\",\"dateModified\":\"2025-05-23T14:21:20+00:00\",\"description\":\"The roundneck striped blouse knitting pattern is a raglan construction with increases to shape the neck and back. Knit in mohair it's a lightweight sweater.\",\"breadcrumb\":{\"@id\":\"https:\\\/\\\/wemadewardrobe.com\\\/en\\\/product\\\/striped-blouse-knitting-pattern-mollie-blouse\\\/#breadcrumb\"},\"inLanguage\":\"de\",\"potentialAction\":[{\"@type\":\"ReadAction\",\"target\":[\"https:\\\/\\\/wemadewardrobe.com\\\/en\\\/product\\\/striped-blouse-knitting-pattern-mollie-blouse\\\/\"]}]},{\"@type\":\"ImageObject\",\"inLanguage\":\"de\",\"@id\":\"https:\\\/\\\/wemadewardrobe.com\\\/en\\\/product\\\/striped-blouse-knitting-pattern-mollie-blouse\\\/#primaryimage\",\"url\":\"https:\\\/\\\/wemadewardrobe.com\\\/wp-content\\\/uploads\\\/2025\\\/04\\\/Mollie-Blouse_1.webp\",\"contentUrl\":\"https:\\\/\\\/wemadewardrobe.com\\\/wp-content\\\/uploads\\\/2025\\\/04\\\/Mollie-Blouse_1.webp\",\"width\":450,\"height\":630,\"caption\":\"Streifenbluse Strickanleitung\"},{\"@type\":\"BreadcrumbList\",\"@id\":\"https:\\\/\\\/wemadewardrobe.com\\\/en\\\/product\\\/striped-blouse-knitting-pattern-mollie-blouse\\\/#breadcrumb\",\"itemListElement\":[{\"@type\":\"ListItem\",\"position\":1,\"name\":\"Home\",\"item\":\"https:\\\/\\\/wemadewardrobe.com\\\/\"},{\"@type\":\"ListItem\",\"position\":2,\"name\":\"Knitting Patterns\",\"item\":\"https:\\\/\\\/wemadewardrobe.com\\\/de\\\/shop\\\/\"},{\"@type\":\"ListItem\",\"position\":3,\"name\":\"MOLLIE BLOUSE\"}]},{\"@type\":\"WebSite\",\"@id\":\"https:\\\/\\\/wemadewardrobe.com\\\/#website\",\"url\":\"https:\\\/\\\/wemadewardrobe.com\\\/\",\"name\":\"wemadewardrobe\",\"description\":\"modern knitting patterns from Lisa &amp; Bella\",\"publisher\":{\"@id\":\"https:\\\/\\\/wemadewardrobe.com\\\/#organization\"},\"alternateName\":\"modern knitting patterns\",\"potentialAction\":[{\"@type\":\"SearchAction\",\"target\":{\"@type\":\"EntryPoint\",\"urlTemplate\":\"https:\\\/\\\/wemadewardrobe.com\\\/?s={search_term_string}\"},\"query-input\":{\"@type\":\"PropertyValueSpecification\",\"valueRequired\":true,\"valueName\":\"search_term_string\"}}],\"inLanguage\":\"de\"},{\"@type\":\"Organization\",\"@id\":\"https:\\\/\\\/wemadewardrobe.com\\\/#organization\",\"name\":\"wemadewardrobe\",\"url\":\"https:\\\/\\\/wemadewardrobe.com\\\/\",\"logo\":{\"@type\":\"ImageObject\",\"inLanguage\":\"de\",\"@id\":\"https:\\\/\\\/wemadewardrobe.com\\\/#\\\/schema\\\/logo\\\/image\\\/\",\"url\":\"https:\\\/\\\/wemadewardrobe.com\\\/wp-content\\\/uploads\\\/2023\\\/10\\\/cropped-wemadewardrobe_Png-150x150-1.png\",\"contentUrl\":\"https:\\\/\\\/wemadewardrobe.com\\\/wp-content\\\/uploads\\\/2023\\\/10\\\/cropped-wemadewardrobe_Png-150x150-1.png\",\"width\":118,\"height\":84,\"caption\":\"wemadewardrobe\"},\"image\":{\"@id\":\"https:\\\/\\\/wemadewardrobe.com\\\/#\\\/schema\\\/logo\\\/image\\\/\"},\"sameAs\":[\"https:\\\/\\\/www.instagram.com\\\/wemadewardrobe\\\/\"]}]}<\/script>\n<!-- \/ Yoast SEO plugin. -->","yoast_head_json":{"title":"MOLLIE BLOUSE - wemadewardrobe","description":"The roundneck striped blouse knitting pattern is a raglan construction with increases to shape the neck and back. Knit in mohair it's a lightweight sweater.","robots":{"index":"index","follow":"follow","max-snippet":"max-snippet:-1","max-image-preview":"max-image-preview:large","max-video-preview":"max-video-preview:-1"},"canonical":"https:\/\/wemadewardrobe.com\/de\/produkt\/striped-blouse-knitting-pattern-mollie-blouse\/","og_locale":"de_DE","og_type":"article","og_title":"MOLLIE BLOUSE - wemadewardrobe","og_description":"The roundneck striped blouse knitting pattern is a raglan construction with increases to shape the neck and back. Knit in mohair it's a lightweight sweater.","og_url":"https:\/\/wemadewardrobe.com\/de\/produkt\/striped-blouse-knitting-pattern-mollie-blouse\/","og_site_name":"wemadewardrobe","article_modified_time":"2025-05-23T14:21:20+00:00","og_image":[{"width":450,"height":630,"url":"https:\/\/wemadewardrobe.com\/wp-content\/uploads\/2025\/04\/Mollie-Blouse_1.webp","type":"image\/jpeg"}],"twitter_card":"summary_large_image","twitter_misc":{"Gesch\u00e4tzte Lesezeit":"3\u00a0Minuten"},"schema":{"@context":"https:\/\/schema.org","@graph":[{"@type":["WebPage","ItemPage"],"@id":"https:\/\/wemadewardrobe.com\/en\/product\/striped-blouse-knitting-pattern-mollie-blouse\/","url":"https:\/\/wemadewardrobe.com\/en\/product\/striped-blouse-knitting-pattern-mollie-blouse\/","name":"MOLLIE BLOUSE - wemadewardrobe","isPartOf":{"@id":"https:\/\/wemadewardrobe.com\/#website"},"primaryImageOfPage":{"@id":"https:\/\/wemadewardrobe.com\/en\/product\/striped-blouse-knitting-pattern-mollie-blouse\/#primaryimage"},"image":{"@id":"https:\/\/wemadewardrobe.com\/en\/product\/striped-blouse-knitting-pattern-mollie-blouse\/#primaryimage"},"thumbnailUrl":"https:\/\/wemadewardrobe.com\/wp-content\/uploads\/2025\/04\/Mollie-Blouse_1.webp","datePublished":"2025-04-03T13:09:24+00:00","dateModified":"2025-05-23T14:21:20+00:00","description":"The roundneck striped blouse knitting pattern is a raglan construction with increases to shape the neck and back. Knit in mohair it's a lightweight sweater.","breadcrumb":{"@id":"https:\/\/wemadewardrobe.com\/en\/product\/striped-blouse-knitting-pattern-mollie-blouse\/#breadcrumb"},"inLanguage":"de","potentialAction":[{"@type":"ReadAction","target":["https:\/\/wemadewardrobe.com\/en\/product\/striped-blouse-knitting-pattern-mollie-blouse\/"]}]},{"@type":"ImageObject","inLanguage":"de","@id":"https:\/\/wemadewardrobe.com\/en\/product\/striped-blouse-knitting-pattern-mollie-blouse\/#primaryimage","url":"https:\/\/wemadewardrobe.com\/wp-content\/uploads\/2025\/04\/Mollie-Blouse_1.webp","contentUrl":"https:\/\/wemadewardrobe.com\/wp-content\/uploads\/2025\/04\/Mollie-Blouse_1.webp","width":450,"height":630,"caption":"Streifenbluse Strickanleitung"},{"@type":"BreadcrumbList","@id":"https:\/\/wemadewardrobe.com\/en\/product\/striped-blouse-knitting-pattern-mollie-blouse\/#breadcrumb","itemListElement":[{"@type":"ListItem","position":1,"name":"Home","item":"https:\/\/wemadewardrobe.com\/"},{"@type":"ListItem","position":2,"name":"Knitting Patterns","item":"https:\/\/wemadewardrobe.com\/de\/shop\/"},{"@type":"ListItem","position":3,"name":"MOLLIE BLOUSE"}]},{"@type":"WebSite","@id":"https:\/\/wemadewardrobe.com\/#website","url":"https:\/\/wemadewardrobe.com\/","name":"wemadewardrobe","description":"modern knitting patterns from Lisa &amp; Bella","publisher":{"@id":"https:\/\/wemadewardrobe.com\/#organization"},"alternateName":"modern knitting patterns","potentialAction":[{"@type":"SearchAction","target":{"@type":"EntryPoint","urlTemplate":"https:\/\/wemadewardrobe.com\/?s={search_term_string}"},"query-input":{"@type":"PropertyValueSpecification","valueRequired":true,"valueName":"search_term_string"}}],"inLanguage":"de"},{"@type":"Organization","@id":"https:\/\/wemadewardrobe.com\/#organization","name":"wemadewardrobe","url":"https:\/\/wemadewardrobe.com\/","logo":{"@type":"ImageObject","inLanguage":"de","@id":"https:\/\/wemadewardrobe.com\/#\/schema\/logo\/image\/","url":"https:\/\/wemadewardrobe.com\/wp-content\/uploads\/2023\/10\/cropped-wemadewardrobe_Png-150x150-1.png","contentUrl":"https:\/\/wemadewardrobe.com\/wp-content\/uploads\/2023\/10\/cropped-wemadewardrobe_Png-150x150-1.png","width":118,"height":84,"caption":"wemadewardrobe"},"image":{"@id":"https:\/\/wemadewardrobe.com\/#\/schema\/logo\/image\/"},"sameAs":["https:\/\/www.instagram.com\/wemadewardrobe\/"]}]}},"_links":{"self":[{"href":"https:\/\/wemadewardrobe.com\/de\/wp-json\/wp\/v2\/product\/2718","targetHints":{"allow":["GET"]}}],"collection":[{"href":"https:\/\/wemadewardrobe.com\/de\/wp-json\/wp\/v2\/product"}],"about":[{"href":"https:\/\/wemadewardrobe.com\/de\/wp-json\/wp\/v2\/types\/product"}],"wp:featuredmedia":[{"embeddable":true,"href":"https:\/\/wemadewardrobe.com\/de\/wp-json\/wp\/v2\/media\/2721"}],"wp:attachment":[{"href":"https:\/\/wemadewardrobe.com\/de\/wp-json\/wp\/v2\/media?parent=2718"}],"wp:term":[{"taxonomy":"product_brand","embeddable":true,"href":"https:\/\/wemadewardrobe.com\/de\/wp-json\/wp\/v2\/product_brand?post=2718"},{"taxonomy":"product_cat","embeddable":true,"href":"https:\/\/wemadewardrobe.com\/de\/wp-json\/wp\/v2\/product_cat?post=2718"},{"taxonomy":"product_tag","embeddable":true,"href":"https:\/\/wemadewardrobe.com\/de\/wp-json\/wp\/v2\/product_tag?post=2718"}],"curies":[{"name":"wp","href":"https:\/\/api.w.org\/{rel}","templated":true}]}}