{"id":2800,"date":"2025-04-26T11:46:54","date_gmt":"2025-04-26T10:46:54","guid":{"rendered":"https:\/\/wemadewardrobe.com\/?post_type=product&#038;p=2800"},"modified":"2025-04-26T13:40:04","modified_gmt":"2025-04-26T12:40:04","slug":"summertop-knitting-knitting-pattern","status":"publish","type":"product","link":"https:\/\/wemadewardrobe.com\/de\/produkt\/summertop-knitting-knitting-pattern\/","title":{"rendered":"ALVA TOP"},"content":{"rendered":"<p>This summer top knitting pattern is perfect for warm days! Designed to be lightweight and airy, it offers ultimate comfort \u2013 an ideal choice for hot summer weather. The thoughtful cut ensures that it is a bra-friendly top knitting pattern, keeping straps hidden while the deep armholes create a stylish and relaxed silhouette.<\/p>\n<p>With shaping decreases at the ribbed edges, this summer top knitting pattern fits beautifully to the body without feeling tight. Whether paired with jeans for a casual look or styled with a skirt for an elegant outfit, this tank top knitting pattern is a versatile must-have for your wardrobe.<\/p>\n<p>Begin by making a gauge swatch to check that you have the correct gauge.<\/p>\n<p>&nbsp;<\/p>\n<h4>SizeS<\/h4>\n<p><b>XS (S) M (L) XL (2XL) 3XL<\/b><\/p>\n<p>The Alva Top should have a range of movement (positive ease) of approx. 8 -10 cm in relation to your chest circumference. The sizes XS (S) M (L) XL (2XL) 3XL fit a chest measurement of 78-84 (85-90) 91-98 (99-109) 110-120 (121-130) 131-140 cm. Measure yourself before you start knitting to make sure you have chosen the correct size for you.<\/p>\n<p>The finished chest measurements of the Top are approx. 89 (95) 105 (113) 123 (137) 149 cm.<\/p>\n<p>&nbsp;<\/p>\n<h4>Needles<\/h4>\n<p>Circular knitting needle 4.5 mm [US7] (60, 80 or 100 cm) [40 inches]<\/p>\n<p>Circular knitting needle 4.0 mm [US6] (60, 80 or 100 cm) [40 inches]<\/p>\n<p>Circular knitting needle 3.5 mm [US4] (40, 80 or 100 cm for the Magic Loop method) for the armhole ribbing [16 and 40 inches]<\/p>\n<p>Circular knitting needle 3.0 mm (40, 80 or 100 cm for the Magic Loop method) for the neck ribbing [16 and 40 inches]<\/p>\n<p>&nbsp;<\/p>\n<h4>Gauge<\/h4>\n<p>Stockinette stitch on 4.5 mm needles:<\/p>\n<p>22 sts \/ 32 rows = 10 x 10 cm<\/p>\n<p>Please note that the stitch count as well as the row count need to be correct.<\/p>\n<p>&nbsp;<\/p>\n<h4>Materials<\/h4>\n<p>150 (150) 150 (200) 200 (250) 250 g<\/p>\n<p>\u201cCotton Merino\u201d from Knitting for Olive (50 g = approx. 250 m)<\/p>\n<p><i>Note that the fabric created is slightly see-through. If you want to make your top more covering you can simply <\/i><i>double<\/i><i> the amount of yarn and <\/i><i>hold it double<\/i><i>.<\/i><\/p>\n<p>Note that you will need more yarn if you want to knit the top longer.<\/p>\n<p>&nbsp;<\/p>\n<h4>Yarn alternatives<\/h4>\n<p>150 (150) 200 (200) 250 (250) 300 g<\/p>\n<p>\u201cAlpakka Silke\u201d von Sandnes Garn (50 g = approx. 200 m)<\/p>\n<p><i>together with<\/i><\/p>\n<p>50 (50) 50 (50) 75 (75) 100 g<\/p>\n<p>\u201cMake it Bl\u00fcmchen\u201d von Rico Design (25 g = approx. 375 m)<\/p>\n<p>Note that in this variation you knit with two strands of yarn held together. One thread of the thicker yarn, together with one thread of the thinner yarn and the needle size might has to be adapted since the yarn is thicker than the original yarn choice.<\/p>\n<p>&#8211;<\/p>\n<p>Our pink Alva Top was knit in: \u201cCotton Merino\u201d (col. Japanese Anemone) from Knitting for Olive.<\/p>\n<p>Our grey Alva Top was knit in: \u201cAlpakka Silke\u201d (col. 3821) from Sandnes Garn and one thread of \u201cMake it Bl\u00fcmchen\u201d (col. 004 Creme) from Rico Design.<\/p>\n<p>&nbsp;<\/p>\n<h4><a href=\"https:\/\/wemadewardrobe.com\/en\/difficulties\/\">DIFFICULTY<\/a><\/h4>\n<p>\u25cf\u25cf\u25cf\u25cb\u25cb (3 out of 5)<\/p>\n<p>&nbsp;<\/p>\n","protected":false},"excerpt":{"rendered":"<p><span style=\"font-weight: 400;\">Das Summertop-Strickmuster Alva ist ein einfaches, locker sitzendes Top mit Rundhalsausschnitt und s\u00fc\u00dfen Details unter dem Arm. Dieses BH-freundliche Top-Strickmuster ist die perfekte Erg\u00e4nzung f\u00fcr deine Sommergarderobe.<\/span><\/p>\n<p>Das Strickmuster f\u00fcr ein Oberteil eignet sich sowohl f\u00fcr selbstbewusste Strickanf\u00e4ngerinnen als auch f\u00fcr erfahrene Strickerinnen, die ein einfaches Strickprojekt suchen, und es kommt in den<strong> Gr\u00f6\u00dfen XS-3XL<\/strong> (mehr zu den Gr\u00f6\u00dfen findest du weiter unten).<\/p>\n<p>Mehr Informationen zu <strong>Nadelst\u00e4rken<\/strong>, <strong>Maschenprobe<\/strong> und <strong>Material<\/strong> findest du weiter unten.<\/p>\n<p>Die Strickanleitung wird dir per E-Mail zugesendet als <strong>PDF Dokument<\/strong>.<\/p>","protected":false},"featured_media":2803,"template":"","meta":{"inline_featured_image":false,"_kadence_starter_templates_imported_post":false,"_kad_post_transparent":"default","_kad_post_title":"","_kad_post_layout":"default","_kad_post_sidebar_id":"","_kad_post_content_style":"default","_kad_post_vertical_padding":"default","_kad_post_feature":"","_kad_post_feature_position":"","_kad_post_header":false,"_kad_post_footer":false,"_kad_post_classname":""},"product_brand":[],"product_cat":[283],"product_tag":[61,286,285,284,290,54,182,265,93,153,287,288,289],"class_list":{"0":"post-2800","1":"product","2":"type-product","3":"status-publish","4":"has-post-thumbnail","6":"product_cat-top-knitting-patterns","7":"product_tag-1x1-ribbing","8":"product_tag-alva","9":"product_tag-alva-top","10":"product_tag-basic-top","11":"product_tag-bra-friendly","12":"product_tag-knitting-pattern","13":"product_tag-round-neck","14":"product_tag-rundhals","15":"product_tag-slipover","16":"product_tag-strickanleitung","17":"product_tag-top","18":"product_tag-top-pattern","19":"product_tag-top-stickanleitung","21":"first","22":"instock","23":"sold-individually","24":"purchasable","25":"product-type-variable","26":"entry","27":"content-bg","28":"loop-entry"},"yoast_head":"<!-- This site is optimized with the Yoast SEO plugin v27.4 - https:\/\/yoast.com\/product\/yoast-seo-wordpress\/ -->\n<title>ALVA TOP - wemadewardrobe<\/title>\n<meta name=\"description\" content=\"The roundneck top knitting pattern is a basic bra-friendly top knitting pattern perfect for summer. The details make this pattern shine.\" \/>\n<meta name=\"robots\" content=\"index, follow, max-snippet:-1, max-image-preview:large, max-video-preview:-1\" \/>\n<link rel=\"canonical\" href=\"https:\/\/wemadewardrobe.com\/de\/produkt\/summertop-knitting-knitting-pattern\/\" \/>\n<meta property=\"og:locale\" content=\"de_DE\" \/>\n<meta property=\"og:type\" content=\"article\" \/>\n<meta property=\"og:title\" content=\"ALVA TOP - wemadewardrobe\" \/>\n<meta property=\"og:description\" content=\"The roundneck top knitting pattern is a basic bra-friendly top knitting pattern perfect for summer. The details make this pattern shine.\" \/>\n<meta property=\"og:url\" content=\"https:\/\/wemadewardrobe.com\/de\/produkt\/summertop-knitting-knitting-pattern\/\" \/>\n<meta property=\"og:site_name\" content=\"wemadewardrobe\" \/>\n<meta property=\"article:modified_time\" content=\"2025-04-26T12:40:04+00:00\" \/>\n<meta property=\"og:image\" content=\"https:\/\/wemadewardrobe.com\/wp-content\/uploads\/2025\/04\/Alva-Top_1_wmw.webp\" \/>\n\t<meta property=\"og:image:width\" content=\"450\" \/>\n\t<meta property=\"og:image:height\" content=\"630\" \/>\n\t<meta property=\"og:image:type\" content=\"image\/jpeg\" \/>\n<meta name=\"twitter:card\" content=\"summary_large_image\" \/>\n<meta name=\"twitter:label1\" content=\"Gesch\u00e4tzte Lesezeit\" \/>\n\t<meta name=\"twitter:data1\" content=\"3\u00a0Minuten\" \/>\n<script type=\"application\/ld+json\" class=\"yoast-schema-graph\">{\"@context\":\"https:\\\/\\\/schema.org\",\"@graph\":[{\"@type\":[\"WebPage\",\"ItemPage\"],\"@id\":\"https:\\\/\\\/wemadewardrobe.com\\\/product\\\/summertop-knitting-knitting-pattern\\\/\",\"url\":\"https:\\\/\\\/wemadewardrobe.com\\\/product\\\/summertop-knitting-knitting-pattern\\\/\",\"name\":\"ALVA TOP - wemadewardrobe\",\"isPartOf\":{\"@id\":\"https:\\\/\\\/wemadewardrobe.com\\\/#website\"},\"primaryImageOfPage\":{\"@id\":\"https:\\\/\\\/wemadewardrobe.com\\\/product\\\/summertop-knitting-knitting-pattern\\\/#primaryimage\"},\"image\":{\"@id\":\"https:\\\/\\\/wemadewardrobe.com\\\/product\\\/summertop-knitting-knitting-pattern\\\/#primaryimage\"},\"thumbnailUrl\":\"https:\\\/\\\/wemadewardrobe.com\\\/wp-content\\\/uploads\\\/2025\\\/04\\\/Alva-Top_1_wmw.webp\",\"datePublished\":\"2025-04-26T10:46:54+00:00\",\"dateModified\":\"2025-04-26T12:40:04+00:00\",\"description\":\"The roundneck top knitting pattern is a basic bra-friendly top knitting pattern perfect for summer. The details make this pattern shine.\",\"breadcrumb\":{\"@id\":\"https:\\\/\\\/wemadewardrobe.com\\\/product\\\/summertop-knitting-knitting-pattern\\\/#breadcrumb\"},\"inLanguage\":\"de\",\"potentialAction\":[{\"@type\":\"ReadAction\",\"target\":[\"https:\\\/\\\/wemadewardrobe.com\\\/product\\\/summertop-knitting-knitting-pattern\\\/\"]}]},{\"@type\":\"ImageObject\",\"inLanguage\":\"de\",\"@id\":\"https:\\\/\\\/wemadewardrobe.com\\\/product\\\/summertop-knitting-knitting-pattern\\\/#primaryimage\",\"url\":\"https:\\\/\\\/wemadewardrobe.com\\\/wp-content\\\/uploads\\\/2025\\\/04\\\/Alva-Top_1_wmw.webp\",\"contentUrl\":\"https:\\\/\\\/wemadewardrobe.com\\\/wp-content\\\/uploads\\\/2025\\\/04\\\/Alva-Top_1_wmw.webp\",\"width\":450,\"height\":630,\"caption\":\"summer top knitting pattern\"},{\"@type\":\"BreadcrumbList\",\"@id\":\"https:\\\/\\\/wemadewardrobe.com\\\/product\\\/summertop-knitting-knitting-pattern\\\/#breadcrumb\",\"itemListElement\":[{\"@type\":\"ListItem\",\"position\":1,\"name\":\"Home\",\"item\":\"https:\\\/\\\/wemadewardrobe.com\\\/\"},{\"@type\":\"ListItem\",\"position\":2,\"name\":\"Knitting Patterns\",\"item\":\"https:\\\/\\\/wemadewardrobe.com\\\/de\\\/shop\\\/\"},{\"@type\":\"ListItem\",\"position\":3,\"name\":\"ALVA TOP\"}]},{\"@type\":\"WebSite\",\"@id\":\"https:\\\/\\\/wemadewardrobe.com\\\/#website\",\"url\":\"https:\\\/\\\/wemadewardrobe.com\\\/\",\"name\":\"wemadewardrobe\",\"description\":\"modern knitting patterns from Lisa &amp; Bella\",\"publisher\":{\"@id\":\"https:\\\/\\\/wemadewardrobe.com\\\/#organization\"},\"alternateName\":\"modern knitting patterns\",\"potentialAction\":[{\"@type\":\"SearchAction\",\"target\":{\"@type\":\"EntryPoint\",\"urlTemplate\":\"https:\\\/\\\/wemadewardrobe.com\\\/?s={search_term_string}\"},\"query-input\":{\"@type\":\"PropertyValueSpecification\",\"valueRequired\":true,\"valueName\":\"search_term_string\"}}],\"inLanguage\":\"de\"},{\"@type\":\"Organization\",\"@id\":\"https:\\\/\\\/wemadewardrobe.com\\\/#organization\",\"name\":\"wemadewardrobe\",\"url\":\"https:\\\/\\\/wemadewardrobe.com\\\/\",\"logo\":{\"@type\":\"ImageObject\",\"inLanguage\":\"de\",\"@id\":\"https:\\\/\\\/wemadewardrobe.com\\\/#\\\/schema\\\/logo\\\/image\\\/\",\"url\":\"https:\\\/\\\/wemadewardrobe.com\\\/wp-content\\\/uploads\\\/2023\\\/10\\\/cropped-wemadewardrobe_Png-150x150-1.png\",\"contentUrl\":\"https:\\\/\\\/wemadewardrobe.com\\\/wp-content\\\/uploads\\\/2023\\\/10\\\/cropped-wemadewardrobe_Png-150x150-1.png\",\"width\":118,\"height\":84,\"caption\":\"wemadewardrobe\"},\"image\":{\"@id\":\"https:\\\/\\\/wemadewardrobe.com\\\/#\\\/schema\\\/logo\\\/image\\\/\"},\"sameAs\":[\"https:\\\/\\\/www.instagram.com\\\/wemadewardrobe\\\/\"]}]}<\/script>\n<!-- \/ Yoast SEO plugin. -->","yoast_head_json":{"title":"ALVA TOP - wemadewardrobe","description":"The roundneck top knitting pattern is a basic bra-friendly top knitting pattern perfect for summer. The details make this pattern shine.","robots":{"index":"index","follow":"follow","max-snippet":"max-snippet:-1","max-image-preview":"max-image-preview:large","max-video-preview":"max-video-preview:-1"},"canonical":"https:\/\/wemadewardrobe.com\/de\/produkt\/summertop-knitting-knitting-pattern\/","og_locale":"de_DE","og_type":"article","og_title":"ALVA TOP - wemadewardrobe","og_description":"The roundneck top knitting pattern is a basic bra-friendly top knitting pattern perfect for summer. The details make this pattern shine.","og_url":"https:\/\/wemadewardrobe.com\/de\/produkt\/summertop-knitting-knitting-pattern\/","og_site_name":"wemadewardrobe","article_modified_time":"2025-04-26T12:40:04+00:00","og_image":[{"width":450,"height":630,"url":"https:\/\/wemadewardrobe.com\/wp-content\/uploads\/2025\/04\/Alva-Top_1_wmw.webp","type":"image\/jpeg"}],"twitter_card":"summary_large_image","twitter_misc":{"Gesch\u00e4tzte Lesezeit":"3\u00a0Minuten"},"schema":{"@context":"https:\/\/schema.org","@graph":[{"@type":["WebPage","ItemPage"],"@id":"https:\/\/wemadewardrobe.com\/product\/summertop-knitting-knitting-pattern\/","url":"https:\/\/wemadewardrobe.com\/product\/summertop-knitting-knitting-pattern\/","name":"ALVA TOP - wemadewardrobe","isPartOf":{"@id":"https:\/\/wemadewardrobe.com\/#website"},"primaryImageOfPage":{"@id":"https:\/\/wemadewardrobe.com\/product\/summertop-knitting-knitting-pattern\/#primaryimage"},"image":{"@id":"https:\/\/wemadewardrobe.com\/product\/summertop-knitting-knitting-pattern\/#primaryimage"},"thumbnailUrl":"https:\/\/wemadewardrobe.com\/wp-content\/uploads\/2025\/04\/Alva-Top_1_wmw.webp","datePublished":"2025-04-26T10:46:54+00:00","dateModified":"2025-04-26T12:40:04+00:00","description":"The roundneck top knitting pattern is a basic bra-friendly top knitting pattern perfect for summer. The details make this pattern shine.","breadcrumb":{"@id":"https:\/\/wemadewardrobe.com\/product\/summertop-knitting-knitting-pattern\/#breadcrumb"},"inLanguage":"de","potentialAction":[{"@type":"ReadAction","target":["https:\/\/wemadewardrobe.com\/product\/summertop-knitting-knitting-pattern\/"]}]},{"@type":"ImageObject","inLanguage":"de","@id":"https:\/\/wemadewardrobe.com\/product\/summertop-knitting-knitting-pattern\/#primaryimage","url":"https:\/\/wemadewardrobe.com\/wp-content\/uploads\/2025\/04\/Alva-Top_1_wmw.webp","contentUrl":"https:\/\/wemadewardrobe.com\/wp-content\/uploads\/2025\/04\/Alva-Top_1_wmw.webp","width":450,"height":630,"caption":"summer top knitting pattern"},{"@type":"BreadcrumbList","@id":"https:\/\/wemadewardrobe.com\/product\/summertop-knitting-knitting-pattern\/#breadcrumb","itemListElement":[{"@type":"ListItem","position":1,"name":"Home","item":"https:\/\/wemadewardrobe.com\/"},{"@type":"ListItem","position":2,"name":"Knitting Patterns","item":"https:\/\/wemadewardrobe.com\/de\/shop\/"},{"@type":"ListItem","position":3,"name":"ALVA TOP"}]},{"@type":"WebSite","@id":"https:\/\/wemadewardrobe.com\/#website","url":"https:\/\/wemadewardrobe.com\/","name":"wemadewardrobe","description":"modern knitting patterns from Lisa &amp; Bella","publisher":{"@id":"https:\/\/wemadewardrobe.com\/#organization"},"alternateName":"modern knitting patterns","potentialAction":[{"@type":"SearchAction","target":{"@type":"EntryPoint","urlTemplate":"https:\/\/wemadewardrobe.com\/?s={search_term_string}"},"query-input":{"@type":"PropertyValueSpecification","valueRequired":true,"valueName":"search_term_string"}}],"inLanguage":"de"},{"@type":"Organization","@id":"https:\/\/wemadewardrobe.com\/#organization","name":"wemadewardrobe","url":"https:\/\/wemadewardrobe.com\/","logo":{"@type":"ImageObject","inLanguage":"de","@id":"https:\/\/wemadewardrobe.com\/#\/schema\/logo\/image\/","url":"https:\/\/wemadewardrobe.com\/wp-content\/uploads\/2023\/10\/cropped-wemadewardrobe_Png-150x150-1.png","contentUrl":"https:\/\/wemadewardrobe.com\/wp-content\/uploads\/2023\/10\/cropped-wemadewardrobe_Png-150x150-1.png","width":118,"height":84,"caption":"wemadewardrobe"},"image":{"@id":"https:\/\/wemadewardrobe.com\/#\/schema\/logo\/image\/"},"sameAs":["https:\/\/www.instagram.com\/wemadewardrobe\/"]}]}},"_links":{"self":[{"href":"https:\/\/wemadewardrobe.com\/de\/wp-json\/wp\/v2\/product\/2800","targetHints":{"allow":["GET"]}}],"collection":[{"href":"https:\/\/wemadewardrobe.com\/de\/wp-json\/wp\/v2\/product"}],"about":[{"href":"https:\/\/wemadewardrobe.com\/de\/wp-json\/wp\/v2\/types\/product"}],"wp:featuredmedia":[{"embeddable":true,"href":"https:\/\/wemadewardrobe.com\/de\/wp-json\/wp\/v2\/media\/2803"}],"wp:attachment":[{"href":"https:\/\/wemadewardrobe.com\/de\/wp-json\/wp\/v2\/media?parent=2800"}],"wp:term":[{"taxonomy":"product_brand","embeddable":true,"href":"https:\/\/wemadewardrobe.com\/de\/wp-json\/wp\/v2\/product_brand?post=2800"},{"taxonomy":"product_cat","embeddable":true,"href":"https:\/\/wemadewardrobe.com\/de\/wp-json\/wp\/v2\/product_cat?post=2800"},{"taxonomy":"product_tag","embeddable":true,"href":"https:\/\/wemadewardrobe.com\/de\/wp-json\/wp\/v2\/product_tag?post=2800"}],"curies":[{"name":"wp","href":"https:\/\/api.w.org\/{rel}","templated":true}]}}