{"id":2828,"date":"2025-05-01T16:31:47","date_gmt":"2025-05-01T15:31:47","guid":{"rendered":"https:\/\/wemadewardrobe.com\/?post_type=product&#038;p=2828"},"modified":"2025-05-03T18:33:44","modified_gmt":"2025-05-03T17:33:44","slug":"cabled-blouse-knitting-pattern-louise","status":"publish","type":"product","link":"https:\/\/wemadewardrobe.com\/de\/produkt\/cabled-blouse-knitting-pattern-louise\/","title":{"rendered":"LOUISE BLOUSE"},"content":{"rendered":"<p>With the knitting pattern for an oversized blouse, you can knit yourself a light, loose mohair sweater. The cable pattern makes the blouse knitting pattern interesting and captivating to knit, so you won&#8217;t want to stop. The cabled blouse knitting pattern is simple and suitable for people who have never knitted cables before. The oversized, airy silhouette of the blouse is perfect for layering over a top or undershirt and adds elegance and sophistication to any outfit. The cabled blouse knitting pattern will add a sophisticated piece to your wardrobe that you will not want to take off!<\/p>\n<p>Begin by making a gauge swatch to check that you have the correct gauge.<\/p>\n<p>&nbsp;<\/p>\n<h4>SizeS<\/h4>\n<p><b>XS (S) M (L) XL (2XL) 3XL<\/b><\/p>\n<p>The Louise Blouse should have a range of movement (<i>positive ease) <\/i>of approx. 25-30 cm in relation to your bust measurement. The sizes XS (S) M (L) XL (2XL) 3XL correspond to a chest measurement of 78-84 (85-90) 91-98 (99-109) 110-120 (121-130) 131-140 cm. Measure yourself before you start knitting to make sure you have chosen the correct size for you.<\/p>\n<p>The finished Louise Blouse has a final chest measurement of 108,5 (115) 120 (138) 149 (167,5) 178 cm after blocking.<\/p>\n<p>&nbsp;<\/p>\n<h4>Needles<\/h4>\n<p>Circular knitting needle 4.0 mm [US6] (40, 80 or 100 cm for Magic Loop) [16 and 40 inches]<\/p>\n<p>Circular knitting needle 5.0 mm [US8] (40 &amp; 80 or 100 cm for Magic Loop) [16 or 40 inches]<\/p>\n<p>&nbsp;<\/p>\n<h4>Gauge<\/h4>\n<p>Cable pattern on 5.0 mm needles:<\/p>\n<p>After blocking: 22 sts \/ 25 rows = 10 x 10 cm<\/p>\n<p>&nbsp;<\/p>\n<h4>Materials<\/h4>\n<p>250 (250) 275 (300) 325 (350) 350 g<\/p>\n<p>\u201cMohair Luxe\u201d by Lang Yarns (25 g = approx. 175 m)<\/p>\n<p>&nbsp;<\/p>\n<p>The Louise Blouse is knit with two strands of mohair held together.<\/p>\n<p>Note that you will need more yarn if you want to knit the blouse longer.<\/p>\n<p>&nbsp;<\/p>\n<h4>Yarn alternatives<\/h4>\n<p>225 (250) 250 (275) 300 (325) 325 g<\/p>\n<p>\u201cZen\u201d by Lang Yarns (25 g = approx. 200 m)<\/p>\n<p>&#8211;<\/p>\n<p>225 (225) 250 (250) 300 (325) 325 g<\/p>\n<p>\u201cSoft Silk Mohair\u201d by Knitting for Olive (25 g = approx. 225 m)<\/p>\n<p>&#8211;<\/p>\n<p>225 (225) 250 (275) 300 (325) 325 g<\/p>\n<p>\u201cKid Silk\u201d by Drops (25 g = approx. 210 m)<\/p>\n<p>&#8211;<\/p>\n<p>Our cream Louise Blouse was knitted in: \u201cMohair Luxe\u201d (Col. 698.0094 and Col. 698.0022) by Lang Yarns.<\/p>\n<p>Our dark blue Louise Blouse was knit in \u201cMohair Luxe\u201d (Col. 698.0025) by Lang Yarns.<\/p>\n<p>&nbsp;<\/p>\n<h4><a href=\"https:\/\/wemadewardrobe.com\/en\/difficulties\/\">DIFFICULTY<\/a><\/h4>\n<p>\u25cf\u25cf\u25cf\u25cf\u25cf (5 out of 5)<\/p>\n<p>&nbsp;<\/p>\n","protected":false},"excerpt":{"rendered":"<p><span style=\"font-weight: 400;\">Das Zopfblusen-Strickmuster Louise Blouse ist eine luftige Zopfbluse mit Rundhalsausschnitt. Die Bluse ist sehr gro\u00df und wird idealerweise mit Mohair gestrickt, um einen weichen und luftigen Stoff zu erhalten.<\/span><\/p>\n<p>Das Strickmuster f\u00fcr eine Zopfbluse ist sowohl f\u00fcr fortgeschrittene Strickerinnen als auch f\u00fcr Expertinnen geeignet, die ein einfaches Strickprojekt suchen, und es kommt in den<strong> Gr\u00f6\u00dfen XS-3XL<\/strong> (mehr zu den Gr\u00f6\u00dfen findest du weiter unten).<\/p>\n<p>Mehr Informationen zu <strong>Nadelst\u00e4rken<\/strong>, <strong>Maschenprobe<\/strong> und <strong>Material<\/strong> findest du weiter unten.<\/p>\n<p>Die Strickanleitung wird dir per E-Mail zugesendet als <strong>PDF Dokument<\/strong>.<\/p>","protected":false},"featured_media":2831,"template":"","meta":{"inline_featured_image":false,"_kadence_starter_templates_imported_post":false,"_kad_post_transparent":"default","_kad_post_title":"","_kad_post_layout":"default","_kad_post_sidebar_id":"","_kad_post_content_style":"default","_kad_post_vertical_padding":"default","_kad_post_feature":"","_kad_post_feature_position":"","_kad_post_header":false,"_kad_post_footer":false,"_kad_post_classname":""},"product_brand":[],"product_cat":[271],"product_tag":[61,279,278,272,293,294,292,54,280,281,295,245,182,265,153,291],"class_list":{"0":"post-2828","1":"product","2":"type-product","3":"status-publish","4":"has-post-thumbnail","6":"product_cat-blouse-knitting-patterns","7":"product_tag-1x1-ribbing","8":"product_tag-blouse","9":"product_tag-blouse-knitting-pattern","10":"product_tag-bluse","11":"product_tag-cable-knitting-pattern","12":"product_tag-cabled-blouse-knitting-pattern","13":"product_tag-cables","14":"product_tag-knitting-pattern","15":"product_tag-mohair","16":"product_tag-mohair-blouse","17":"product_tag-mohair-pattern","18":"product_tag-o-neck","19":"product_tag-round-neck","20":"product_tag-rundhals","21":"product_tag-strickanleitung","22":"product_tag-zopfe","24":"first","25":"instock","26":"sold-individually","27":"purchasable","28":"product-type-variable","29":"entry","30":"content-bg","31":"loop-entry"},"yoast_head":"<!-- This site is optimized with the Yoast SEO plugin v27.5 - https:\/\/yoast.com\/product\/yoast-seo-wordpress\/ -->\n<title>LOUISE BLOUSE - wemadewardrobe<\/title>\n<meta name=\"description\" content=\"The cabled blouse knitting pattern is an oversized blouse made ideally with mohair for a loose and airy look. The cable blouse is engaging and fun.\" \/>\n<meta name=\"robots\" content=\"index, follow, max-snippet:-1, max-image-preview:large, max-video-preview:-1\" \/>\n<link rel=\"canonical\" href=\"https:\/\/wemadewardrobe.com\/de\/produkt\/cabled-blouse-knitting-pattern-louise\/\" \/>\n<meta property=\"og:locale\" content=\"de_DE\" \/>\n<meta property=\"og:type\" content=\"article\" \/>\n<meta property=\"og:title\" content=\"LOUISE BLOUSE - wemadewardrobe\" \/>\n<meta property=\"og:description\" content=\"The cabled blouse knitting pattern is an oversized blouse made ideally with mohair for a loose and airy look. The cable blouse is engaging and fun.\" \/>\n<meta property=\"og:url\" content=\"https:\/\/wemadewardrobe.com\/de\/produkt\/cabled-blouse-knitting-pattern-louise\/\" \/>\n<meta property=\"og:site_name\" content=\"wemadewardrobe\" \/>\n<meta property=\"article:modified_time\" content=\"2025-05-03T17:33:44+00:00\" \/>\n<meta property=\"og:image\" content=\"https:\/\/wemadewardrobe.com\/wp-content\/uploads\/2025\/05\/Louise-Blouse_8_wmw.webp\" \/>\n\t<meta property=\"og:image:width\" content=\"450\" \/>\n\t<meta property=\"og:image:height\" content=\"630\" \/>\n\t<meta property=\"og:image:type\" content=\"image\/jpeg\" \/>\n<meta name=\"twitter:card\" content=\"summary_large_image\" \/>\n<meta name=\"twitter:label1\" content=\"Gesch\u00e4tzte Lesezeit\" \/>\n\t<meta name=\"twitter:data1\" content=\"2\u00a0Minuten\" \/>\n<script type=\"application\/ld+json\" class=\"yoast-schema-graph\">{\"@context\":\"https:\\\/\\\/schema.org\",\"@graph\":[{\"@type\":[\"WebPage\",\"ItemPage\"],\"@id\":\"https:\\\/\\\/wemadewardrobe.com\\\/de\\\/produkt\\\/cabled-blouse-knitting-pattern-louise\\\/\",\"url\":\"https:\\\/\\\/wemadewardrobe.com\\\/de\\\/produkt\\\/cabled-blouse-knitting-pattern-louise\\\/\",\"name\":\"LOUISE BLOUSE - wemadewardrobe\",\"isPartOf\":{\"@id\":\"https:\\\/\\\/wemadewardrobe.com\\\/#website\"},\"primaryImageOfPage\":{\"@id\":\"https:\\\/\\\/wemadewardrobe.com\\\/de\\\/produkt\\\/cabled-blouse-knitting-pattern-louise\\\/#primaryimage\"},\"image\":{\"@id\":\"https:\\\/\\\/wemadewardrobe.com\\\/de\\\/produkt\\\/cabled-blouse-knitting-pattern-louise\\\/#primaryimage\"},\"thumbnailUrl\":\"https:\\\/\\\/wemadewardrobe.com\\\/wp-content\\\/uploads\\\/2025\\\/05\\\/Louise-Blouse_8_wmw.webp\",\"datePublished\":\"2025-05-01T15:31:47+00:00\",\"dateModified\":\"2025-05-03T17:33:44+00:00\",\"description\":\"The cabled blouse knitting pattern is an oversized blouse made ideally with mohair for a loose and airy look. The cable blouse is engaging and fun.\",\"breadcrumb\":{\"@id\":\"https:\\\/\\\/wemadewardrobe.com\\\/de\\\/produkt\\\/cabled-blouse-knitting-pattern-louise\\\/#breadcrumb\"},\"inLanguage\":\"de\",\"potentialAction\":[{\"@type\":\"ReadAction\",\"target\":[\"https:\\\/\\\/wemadewardrobe.com\\\/de\\\/produkt\\\/cabled-blouse-knitting-pattern-louise\\\/\"]}]},{\"@type\":\"ImageObject\",\"inLanguage\":\"de\",\"@id\":\"https:\\\/\\\/wemadewardrobe.com\\\/de\\\/produkt\\\/cabled-blouse-knitting-pattern-louise\\\/#primaryimage\",\"url\":\"https:\\\/\\\/wemadewardrobe.com\\\/wp-content\\\/uploads\\\/2025\\\/05\\\/Louise-Blouse_8_wmw.webp\",\"contentUrl\":\"https:\\\/\\\/wemadewardrobe.com\\\/wp-content\\\/uploads\\\/2025\\\/05\\\/Louise-Blouse_8_wmw.webp\",\"width\":450,\"height\":630,\"caption\":\"cabled blouse knitting pattern\"},{\"@type\":\"BreadcrumbList\",\"@id\":\"https:\\\/\\\/wemadewardrobe.com\\\/de\\\/produkt\\\/cabled-blouse-knitting-pattern-louise\\\/#breadcrumb\",\"itemListElement\":[{\"@type\":\"ListItem\",\"position\":1,\"name\":\"Home\",\"item\":\"https:\\\/\\\/wemadewardrobe.com\\\/\"},{\"@type\":\"ListItem\",\"position\":2,\"name\":\"Knitting Patterns\",\"item\":\"https:\\\/\\\/wemadewardrobe.com\\\/de\\\/shop\\\/\"},{\"@type\":\"ListItem\",\"position\":3,\"name\":\"LOUISE BLOUSE\"}]},{\"@type\":\"WebSite\",\"@id\":\"https:\\\/\\\/wemadewardrobe.com\\\/#website\",\"url\":\"https:\\\/\\\/wemadewardrobe.com\\\/\",\"name\":\"wemadewardrobe\",\"description\":\"modern knitting patterns from Lisa &amp; Bella\",\"publisher\":{\"@id\":\"https:\\\/\\\/wemadewardrobe.com\\\/#organization\"},\"alternateName\":\"modern knitting patterns\",\"potentialAction\":[{\"@type\":\"SearchAction\",\"target\":{\"@type\":\"EntryPoint\",\"urlTemplate\":\"https:\\\/\\\/wemadewardrobe.com\\\/?s={search_term_string}\"},\"query-input\":{\"@type\":\"PropertyValueSpecification\",\"valueRequired\":true,\"valueName\":\"search_term_string\"}}],\"inLanguage\":\"de\"},{\"@type\":\"Organization\",\"@id\":\"https:\\\/\\\/wemadewardrobe.com\\\/#organization\",\"name\":\"wemadewardrobe\",\"url\":\"https:\\\/\\\/wemadewardrobe.com\\\/\",\"logo\":{\"@type\":\"ImageObject\",\"inLanguage\":\"de\",\"@id\":\"https:\\\/\\\/wemadewardrobe.com\\\/#\\\/schema\\\/logo\\\/image\\\/\",\"url\":\"https:\\\/\\\/wemadewardrobe.com\\\/wp-content\\\/uploads\\\/2023\\\/10\\\/cropped-wemadewardrobe_Png-150x150-1.png\",\"contentUrl\":\"https:\\\/\\\/wemadewardrobe.com\\\/wp-content\\\/uploads\\\/2023\\\/10\\\/cropped-wemadewardrobe_Png-150x150-1.png\",\"width\":118,\"height\":84,\"caption\":\"wemadewardrobe\"},\"image\":{\"@id\":\"https:\\\/\\\/wemadewardrobe.com\\\/#\\\/schema\\\/logo\\\/image\\\/\"},\"sameAs\":[\"https:\\\/\\\/www.instagram.com\\\/wemadewardrobe\\\/\"]}]}<\/script>\n<!-- \/ Yoast SEO plugin. -->","yoast_head_json":{"title":"LOUISE BLOUSE - wemadewardrobe","description":"The cabled blouse knitting pattern is an oversized blouse made ideally with mohair for a loose and airy look. The cable blouse is engaging and fun.","robots":{"index":"index","follow":"follow","max-snippet":"max-snippet:-1","max-image-preview":"max-image-preview:large","max-video-preview":"max-video-preview:-1"},"canonical":"https:\/\/wemadewardrobe.com\/de\/produkt\/cabled-blouse-knitting-pattern-louise\/","og_locale":"de_DE","og_type":"article","og_title":"LOUISE BLOUSE - wemadewardrobe","og_description":"The cabled blouse knitting pattern is an oversized blouse made ideally with mohair for a loose and airy look. The cable blouse is engaging and fun.","og_url":"https:\/\/wemadewardrobe.com\/de\/produkt\/cabled-blouse-knitting-pattern-louise\/","og_site_name":"wemadewardrobe","article_modified_time":"2025-05-03T17:33:44+00:00","og_image":[{"width":450,"height":630,"url":"https:\/\/wemadewardrobe.com\/wp-content\/uploads\/2025\/05\/Louise-Blouse_8_wmw.webp","type":"image\/jpeg"}],"twitter_card":"summary_large_image","twitter_misc":{"Gesch\u00e4tzte Lesezeit":"2\u00a0Minuten"},"schema":{"@context":"https:\/\/schema.org","@graph":[{"@type":["WebPage","ItemPage"],"@id":"https:\/\/wemadewardrobe.com\/de\/produkt\/cabled-blouse-knitting-pattern-louise\/","url":"https:\/\/wemadewardrobe.com\/de\/produkt\/cabled-blouse-knitting-pattern-louise\/","name":"LOUISE BLOUSE - wemadewardrobe","isPartOf":{"@id":"https:\/\/wemadewardrobe.com\/#website"},"primaryImageOfPage":{"@id":"https:\/\/wemadewardrobe.com\/de\/produkt\/cabled-blouse-knitting-pattern-louise\/#primaryimage"},"image":{"@id":"https:\/\/wemadewardrobe.com\/de\/produkt\/cabled-blouse-knitting-pattern-louise\/#primaryimage"},"thumbnailUrl":"https:\/\/wemadewardrobe.com\/wp-content\/uploads\/2025\/05\/Louise-Blouse_8_wmw.webp","datePublished":"2025-05-01T15:31:47+00:00","dateModified":"2025-05-03T17:33:44+00:00","description":"The cabled blouse knitting pattern is an oversized blouse made ideally with mohair for a loose and airy look. The cable blouse is engaging and fun.","breadcrumb":{"@id":"https:\/\/wemadewardrobe.com\/de\/produkt\/cabled-blouse-knitting-pattern-louise\/#breadcrumb"},"inLanguage":"de","potentialAction":[{"@type":"ReadAction","target":["https:\/\/wemadewardrobe.com\/de\/produkt\/cabled-blouse-knitting-pattern-louise\/"]}]},{"@type":"ImageObject","inLanguage":"de","@id":"https:\/\/wemadewardrobe.com\/de\/produkt\/cabled-blouse-knitting-pattern-louise\/#primaryimage","url":"https:\/\/wemadewardrobe.com\/wp-content\/uploads\/2025\/05\/Louise-Blouse_8_wmw.webp","contentUrl":"https:\/\/wemadewardrobe.com\/wp-content\/uploads\/2025\/05\/Louise-Blouse_8_wmw.webp","width":450,"height":630,"caption":"cabled blouse knitting pattern"},{"@type":"BreadcrumbList","@id":"https:\/\/wemadewardrobe.com\/de\/produkt\/cabled-blouse-knitting-pattern-louise\/#breadcrumb","itemListElement":[{"@type":"ListItem","position":1,"name":"Home","item":"https:\/\/wemadewardrobe.com\/"},{"@type":"ListItem","position":2,"name":"Knitting Patterns","item":"https:\/\/wemadewardrobe.com\/de\/shop\/"},{"@type":"ListItem","position":3,"name":"LOUISE BLOUSE"}]},{"@type":"WebSite","@id":"https:\/\/wemadewardrobe.com\/#website","url":"https:\/\/wemadewardrobe.com\/","name":"wemadewardrobe","description":"modern knitting patterns from Lisa &amp; Bella","publisher":{"@id":"https:\/\/wemadewardrobe.com\/#organization"},"alternateName":"modern knitting patterns","potentialAction":[{"@type":"SearchAction","target":{"@type":"EntryPoint","urlTemplate":"https:\/\/wemadewardrobe.com\/?s={search_term_string}"},"query-input":{"@type":"PropertyValueSpecification","valueRequired":true,"valueName":"search_term_string"}}],"inLanguage":"de"},{"@type":"Organization","@id":"https:\/\/wemadewardrobe.com\/#organization","name":"wemadewardrobe","url":"https:\/\/wemadewardrobe.com\/","logo":{"@type":"ImageObject","inLanguage":"de","@id":"https:\/\/wemadewardrobe.com\/#\/schema\/logo\/image\/","url":"https:\/\/wemadewardrobe.com\/wp-content\/uploads\/2023\/10\/cropped-wemadewardrobe_Png-150x150-1.png","contentUrl":"https:\/\/wemadewardrobe.com\/wp-content\/uploads\/2023\/10\/cropped-wemadewardrobe_Png-150x150-1.png","width":118,"height":84,"caption":"wemadewardrobe"},"image":{"@id":"https:\/\/wemadewardrobe.com\/#\/schema\/logo\/image\/"},"sameAs":["https:\/\/www.instagram.com\/wemadewardrobe\/"]}]}},"_links":{"self":[{"href":"https:\/\/wemadewardrobe.com\/de\/wp-json\/wp\/v2\/product\/2828","targetHints":{"allow":["GET"]}}],"collection":[{"href":"https:\/\/wemadewardrobe.com\/de\/wp-json\/wp\/v2\/product"}],"about":[{"href":"https:\/\/wemadewardrobe.com\/de\/wp-json\/wp\/v2\/types\/product"}],"wp:featuredmedia":[{"embeddable":true,"href":"https:\/\/wemadewardrobe.com\/de\/wp-json\/wp\/v2\/media\/2831"}],"wp:attachment":[{"href":"https:\/\/wemadewardrobe.com\/de\/wp-json\/wp\/v2\/media?parent=2828"}],"wp:term":[{"taxonomy":"product_brand","embeddable":true,"href":"https:\/\/wemadewardrobe.com\/de\/wp-json\/wp\/v2\/product_brand?post=2828"},{"taxonomy":"product_cat","embeddable":true,"href":"https:\/\/wemadewardrobe.com\/de\/wp-json\/wp\/v2\/product_cat?post=2828"},{"taxonomy":"product_tag","embeddable":true,"href":"https:\/\/wemadewardrobe.com\/de\/wp-json\/wp\/v2\/product_tag?post=2828"}],"curies":[{"name":"wp","href":"https:\/\/api.w.org\/{rel}","templated":true}]}}