{"id":2950,"date":"2025-06-06T17:03:23","date_gmt":"2025-06-06T16:03:23","guid":{"rendered":"https:\/\/wemadewardrobe.com\/?post_type=product&#038;p=2950"},"modified":"2025-06-06T17:38:05","modified_gmt":"2025-06-06T16:38:05","slug":"maja-cardigan-knitting-pattern-v-neck","status":"publish","type":"product","link":"https:\/\/wemadewardrobe.com\/de\/produkt\/maja-cardigan-knitting-pattern-v-neck\/","title":{"rendered":"MAJA CARDIGAN V-NECK"},"content":{"rendered":"<p>The Maja Cardigan knitting pattern in the V-Neck version is the perfect choice for anyone looking to knit a timeless yet modern piece for their handmade wardrobe. This fresh take on our bestselling <a href=\"https:\/\/wemadewardrobe.com\/en\/product\/maja-cardigan-knitting-pattern\/\">Maja Cardigan<\/a> features a flattering V-neckline that adds an elegant touch to the relaxed, oversized silhouette. Designed for layering, the cardigan knitting pattern is ideal for throwing over dresses, tees, or sweaters &#8211; making it a versatile piece for every season.<\/p>\n<p>With its dropped shoulders and clean lines, the Maja Cardigan V-neck knitting pattern has a laid-back look, while the 1&#215;1 ribbed cuffs and hem create a neat, classic finish. Subtle shaping details, like the highlighted decreases along the sleeves and horizontal lines, bring depth and a refined structure to the otherwise casual design.<\/p>\n<p>Knit with 6 mm needles, this cardigan pattern works up quickly and is especially suited for showcasing beautiful yarns. Whether you\u2019re working with a luxurious blend or a rustic, hand-dyed wool, the Maja Cardigan V-neck will let your yarn shine and become a true staple in your handmade collection.<\/p>\n<p>Begin by making a gauge swatch to check that you have the correct gauge.<\/p>\n<p>&nbsp;<\/p>\n<h4>SizeS<\/h4>\n<p><b>XS (S) M (L) XL (2XL) 3XL<\/b><\/p>\n<p>The Maja Cardigan V-Neck should have a range of movement (positive ease) of approx. 25-30 cm in relation to your chest circumference. The sizes XS (S) M (L) XL (2XL) 3XL fit a chest measurement of 78-84 (85-90) 91-98 (99-109) 110-120 (121-130) 131-140 cm. Measure yourself before you start knitting to make sure you have chosen the correct size for you.<\/p>\n<p>The finished chest measurements of the Cardigan are approx. 111 (116) 125 (133) 145 (155) 165 cm.<\/p>\n<p>&nbsp;<\/p>\n<h4>Needles<\/h4>\n<p>Circular knitting needle 4.0 mm [US6] (40, 80 or 100 cm for Magic Loop) [16 and 40 inches] and one DPN 4.0 mm [US6]<\/p>\n<p>Circular knitting needle 4.5 mm [US7] (40 &amp; 80 or 100 cm for Magic Loop) [16 and 40 inches]<\/p>\n<p>Circular knitting needle 6.0 mm [US10] (40 &amp; 80 or 100 cm) [16 and 40 inches]<\/p>\n<p>&nbsp;<\/p>\n<h4>Gauge<\/h4>\n<p>Stockinette stitch on 6.0 mm needles:<\/p>\n<p>16 sts \/ 24 rows = 10 x 10 cm<\/p>\n<p>&nbsp;<\/p>\n<h4>Materials<\/h4>\n<p>200 (250) 250 (300) 300 (350) 400 g<\/p>\n<p>\u201cEcopuno\u201d from Lana Grossa (50 g = approx. 215 m)<\/p>\n<p>&nbsp;<\/p>\n<p><i>together with<\/i><\/p>\n<p>&nbsp;<\/p>\n<p>200 (225) 225 (250) 250 (275) 300 g<\/p>\n<p>\u201cSilkhair\u201d from Lana Grossa (25 g = approx. 210 m)<\/p>\n<p>&nbsp;<\/p>\n<p>The Maja Cardigan V-Neck is knitted with three strands of yarn. One thread of the thicker yarn, together with two threads of the Silk Mohair.<\/p>\n<p>Note that you will need more yarn if you want to knit the Cardigan longer.<\/p>\n<p>&nbsp;<\/p>\n<p>You will also need 3 buttons \u230020mm.<\/p>\n<p>&nbsp;<\/p>\n<h4>Yarn alternatives<\/h4>\n<p>200 (250) 250 (300) 300 (350) 400 g<\/p>\n<p>\u201cArwetta\u201d from Filcolana (50 g = approx. 210 m)<\/p>\n<p><i>together with<\/i><\/p>\n<p>200 (225) 225 (250) 250 (275) 300 g<\/p>\n<p>\u201cTilia\u201d from Filcolana (25 g = approx. 210 m)<\/p>\n<p>&nbsp;<\/p>\n<p>\u2014<\/p>\n<p>250 (300) 300 (300) 400 (400) 450 g<\/p>\n<p>\u201cNord\u201d from Drops (50g = approx. 170 m)<\/p>\n<p>&nbsp;<\/p>\n<p><i>or<\/i><\/p>\n<p>&nbsp;<\/p>\n<p>200 (300) 300 (300) 400 (400) 450 g<\/p>\n<p>\u201cAlpaca\u201d from Drops (50 g = approx.. 167 m) <i>Note, that this option will give you a different drape\/look<\/i><\/p>\n<p>&nbsp;<\/p>\n<p><i>together with<\/i><\/p>\n<p>&nbsp;<\/p>\n<p>200 (225) 225 (225) 250 (250) 275 g<\/p>\n<p>\u201cKid Silk\u201d from Drops (25 g = approx. 210 m)<\/p>\n<p>&nbsp;<\/p>\n<p>Note that in this variation you also knit with three strands of yarn held together. One thread of the thicker yarn, together with two threads of the thinner yarn.<\/p>\n<p>\u2014<\/p>\n<p><em>Our blue Maja Cardigan V-Neck was knit in: \u201cEcopuno\u201d (col. 13) &amp; two threads \u201cSilkhair\u201d (col. 92) from Lana Grossa.<\/em><\/p>\n<p><em>Our cream Maja Cardigan V-Neck was knit in: \u201cEcopuno\u201d (col. 26) &amp; two threads \u201cSilkhair\u201d (col. 18) from Lana Grossa.<\/em><\/p>\n<p>&nbsp;<\/p>\n<h4><a href=\"https:\/\/wemadewardrobe.com\/en\/difficulties\/\">DIFFICULTY<\/a><\/h4>\n<p>\u25cf\u25cf\u25cf\u25cf\u25cb (4 out of 5)<\/p>\n<h4>YOUTUBE TUTORIALS<\/h4>\n<p><iframe loading=\"lazy\" title=\"YouTube video player\" src=\"https:\/\/www.youtube.com\/embed\/ocI9Y_ejHQE?si=uqmlulXlP9LS_kEt\" width=\"560\" height=\"315\" frameborder=\"0\" allowfullscreen=\"allowfullscreen\"><\/iframe><\/p>\n<p><iframe loading=\"lazy\" title=\"YouTube video player\" src=\"https:\/\/www.youtube.com\/embed\/_Qqg1yhO3F8?si=nzw_8sKwL3haoTjd\" width=\"560\" height=\"315\" frameborder=\"0\" allowfullscreen=\"allowfullscreen\"><\/iframe><\/p>\n","protected":false},"excerpt":{"rendered":"<p><span style=\"font-weight: 400;\">Das Strickmuster f\u00fcr den Maja Cardigan V-Neck ist ein Strickanleitung f\u00fcr einen Cardigan mit \u00fcbergro\u00dfen mit \u00fcberschnittenen Schultern, interessanten Details und einer doppelt gestrickten Knopfleiste.<br \/>\n<\/span><\/p>\n<p>Die Strickanleitung f\u00fcr eine Strickjacke ist f\u00fcr sichere Anf\u00e4nger und Fortgeschrittene geeignet und kommt in<strong> Gr\u00f6\u00dfen XS-3XL<\/strong> (mehr zu den Gr\u00f6\u00dfen findest du weiter unten).<\/p>\n<p>Mehr Informationen zu <strong>Nadelst\u00e4rken<\/strong>, <strong>Maschenprobe<\/strong> und <strong>Material<\/strong> findest du weiter unten.<\/p>\n<p>Die Strickanleitung wird dir per E-Mail zugesendet als <strong>PDF Dokument<\/strong>.<\/p>","protected":false},"featured_media":2954,"template":"","meta":{"inline_featured_image":false,"_kadence_starter_templates_imported_post":false,"_kad_post_transparent":"default","_kad_post_title":"","_kad_post_layout":"default","_kad_post_sidebar_id":"","_kad_post_content_style":"default","_kad_post_vertical_padding":"default","_kad_post_feature":"","_kad_post_feature_position":"","_kad_post_header":false,"_kad_post_footer":false,"_kad_post_classname":""},"product_brand":[],"product_cat":[212],"product_tag":[226,232,225,230,228,224,229,227,164,171,223,122,231,94],"class_list":{"0":"post-2950","1":"product","2":"type-product","3":"status-publish","4":"has-post-thumbnail","6":"product_cat-cardigan-knitting-patterns","7":"product_tag-1x1-rib","8":"product_tag-basic","9":"product_tag-basic-cardigan","10":"product_tag-basic-cardigan-knitingpattern","11":"product_tag-cardi","12":"product_tag-cardigan","13":"product_tag-cardigan-knitting-pattern","14":"product_tag-double-knit","15":"product_tag-dropped-shoulder","16":"product_tag-maja","17":"product_tag-maja-cardigan","18":"product_tag-ribbing","19":"product_tag-strickjacke","20":"product_tag-v-neck","22":"first","23":"instock","24":"featured","25":"sold-individually","26":"purchasable","27":"product-type-variable","28":"entry","29":"content-bg","30":"loop-entry"},"yoast_head":"<!-- This site is optimized with the Yoast SEO plugin v27.4 - https:\/\/yoast.com\/product\/yoast-seo-wordpress\/ -->\n<title>MAJA CARDIGAN V-NECK - wemadewardrobe - Cardigan Knitting Pattern<\/title>\n<meta name=\"description\" content=\"The Maja Cardigan V-Neck knitting pattern with a relaxed fit and a cute horizontal stitch detail will be a perfect everyday piece in your wardrobe.\" \/>\n<meta name=\"robots\" content=\"index, follow, max-snippet:-1, max-image-preview:large, max-video-preview:-1\" \/>\n<link rel=\"canonical\" href=\"https:\/\/wemadewardrobe.com\/de\/produkt\/maja-cardigan-knitting-pattern-v-neck\/\" \/>\n<meta property=\"og:locale\" content=\"de_DE\" \/>\n<meta property=\"og:type\" content=\"article\" \/>\n<meta property=\"og:title\" content=\"MAJA CARDIGAN V-NECK - wemadewardrobe - Cardigan Knitting Pattern\" \/>\n<meta property=\"og:description\" content=\"The Maja Cardigan V-Neck knitting pattern with a relaxed fit and a cute horizontal stitch detail will be a perfect everyday piece in your wardrobe.\" \/>\n<meta property=\"og:url\" content=\"https:\/\/wemadewardrobe.com\/de\/produkt\/maja-cardigan-knitting-pattern-v-neck\/\" \/>\n<meta property=\"og:site_name\" content=\"wemadewardrobe\" \/>\n<meta property=\"article:modified_time\" content=\"2025-06-06T16:38:05+00:00\" \/>\n<meta property=\"og:image\" content=\"https:\/\/wemadewardrobe.com\/wp-content\/uploads\/2025\/06\/Maja-Cardigan-vneck_7_wmw.webp\" \/>\n\t<meta property=\"og:image:width\" content=\"450\" \/>\n\t<meta property=\"og:image:height\" content=\"630\" \/>\n\t<meta property=\"og:image:type\" content=\"image\/jpeg\" \/>\n<meta name=\"twitter:card\" content=\"summary_large_image\" \/>\n<meta name=\"twitter:label1\" content=\"Gesch\u00e4tzte Lesezeit\" \/>\n\t<meta name=\"twitter:data1\" content=\"3\u00a0Minuten\" \/>\n<script type=\"application\/ld+json\" class=\"yoast-schema-graph\">{\"@context\":\"https:\\\/\\\/schema.org\",\"@graph\":[{\"@type\":[\"WebPage\",\"ItemPage\"],\"@id\":\"https:\\\/\\\/wemadewardrobe.com\\\/en\\\/product\\\/maja-cardigan-knitting-pattern-v-neck\\\/\",\"url\":\"https:\\\/\\\/wemadewardrobe.com\\\/en\\\/product\\\/maja-cardigan-knitting-pattern-v-neck\\\/\",\"name\":\"MAJA CARDIGAN V-NECK - wemadewardrobe - Cardigan Knitting Pattern\",\"isPartOf\":{\"@id\":\"https:\\\/\\\/wemadewardrobe.com\\\/#website\"},\"primaryImageOfPage\":{\"@id\":\"https:\\\/\\\/wemadewardrobe.com\\\/en\\\/product\\\/maja-cardigan-knitting-pattern-v-neck\\\/#primaryimage\"},\"image\":{\"@id\":\"https:\\\/\\\/wemadewardrobe.com\\\/en\\\/product\\\/maja-cardigan-knitting-pattern-v-neck\\\/#primaryimage\"},\"thumbnailUrl\":\"https:\\\/\\\/wemadewardrobe.com\\\/wp-content\\\/uploads\\\/2025\\\/06\\\/Maja-Cardigan-vneck_7_wmw.webp\",\"datePublished\":\"2025-06-06T16:03:23+00:00\",\"dateModified\":\"2025-06-06T16:38:05+00:00\",\"description\":\"The Maja Cardigan V-Neck knitting pattern with a relaxed fit and a cute horizontal stitch detail will be a perfect everyday piece in your wardrobe.\",\"breadcrumb\":{\"@id\":\"https:\\\/\\\/wemadewardrobe.com\\\/en\\\/product\\\/maja-cardigan-knitting-pattern-v-neck\\\/#breadcrumb\"},\"inLanguage\":\"de\",\"potentialAction\":[{\"@type\":\"ReadAction\",\"target\":[\"https:\\\/\\\/wemadewardrobe.com\\\/en\\\/product\\\/maja-cardigan-knitting-pattern-v-neck\\\/\"]}]},{\"@type\":\"ImageObject\",\"inLanguage\":\"de\",\"@id\":\"https:\\\/\\\/wemadewardrobe.com\\\/en\\\/product\\\/maja-cardigan-knitting-pattern-v-neck\\\/#primaryimage\",\"url\":\"https:\\\/\\\/wemadewardrobe.com\\\/wp-content\\\/uploads\\\/2025\\\/06\\\/Maja-Cardigan-vneck_7_wmw.webp\",\"contentUrl\":\"https:\\\/\\\/wemadewardrobe.com\\\/wp-content\\\/uploads\\\/2025\\\/06\\\/Maja-Cardigan-vneck_7_wmw.webp\",\"width\":450,\"height\":630,\"caption\":\"v neck cardigan knitting pattern\"},{\"@type\":\"BreadcrumbList\",\"@id\":\"https:\\\/\\\/wemadewardrobe.com\\\/en\\\/product\\\/maja-cardigan-knitting-pattern-v-neck\\\/#breadcrumb\",\"itemListElement\":[{\"@type\":\"ListItem\",\"position\":1,\"name\":\"Home\",\"item\":\"https:\\\/\\\/wemadewardrobe.com\\\/\"},{\"@type\":\"ListItem\",\"position\":2,\"name\":\"Knitting Patterns\",\"item\":\"https:\\\/\\\/wemadewardrobe.com\\\/de\\\/shop\\\/\"},{\"@type\":\"ListItem\",\"position\":3,\"name\":\"MAJA CARDIGAN V-NECK\"}]},{\"@type\":\"WebSite\",\"@id\":\"https:\\\/\\\/wemadewardrobe.com\\\/#website\",\"url\":\"https:\\\/\\\/wemadewardrobe.com\\\/\",\"name\":\"wemadewardrobe\",\"description\":\"modern knitting patterns from Lisa &amp; Bella\",\"publisher\":{\"@id\":\"https:\\\/\\\/wemadewardrobe.com\\\/#organization\"},\"alternateName\":\"modern knitting patterns\",\"potentialAction\":[{\"@type\":\"SearchAction\",\"target\":{\"@type\":\"EntryPoint\",\"urlTemplate\":\"https:\\\/\\\/wemadewardrobe.com\\\/?s={search_term_string}\"},\"query-input\":{\"@type\":\"PropertyValueSpecification\",\"valueRequired\":true,\"valueName\":\"search_term_string\"}}],\"inLanguage\":\"de\"},{\"@type\":\"Organization\",\"@id\":\"https:\\\/\\\/wemadewardrobe.com\\\/#organization\",\"name\":\"wemadewardrobe\",\"url\":\"https:\\\/\\\/wemadewardrobe.com\\\/\",\"logo\":{\"@type\":\"ImageObject\",\"inLanguage\":\"de\",\"@id\":\"https:\\\/\\\/wemadewardrobe.com\\\/#\\\/schema\\\/logo\\\/image\\\/\",\"url\":\"https:\\\/\\\/wemadewardrobe.com\\\/wp-content\\\/uploads\\\/2023\\\/10\\\/cropped-wemadewardrobe_Png-150x150-1.png\",\"contentUrl\":\"https:\\\/\\\/wemadewardrobe.com\\\/wp-content\\\/uploads\\\/2023\\\/10\\\/cropped-wemadewardrobe_Png-150x150-1.png\",\"width\":118,\"height\":84,\"caption\":\"wemadewardrobe\"},\"image\":{\"@id\":\"https:\\\/\\\/wemadewardrobe.com\\\/#\\\/schema\\\/logo\\\/image\\\/\"},\"sameAs\":[\"https:\\\/\\\/www.instagram.com\\\/wemadewardrobe\\\/\"]}]}<\/script>\n<!-- \/ Yoast SEO plugin. -->","yoast_head_json":{"title":"MAJA CARDIGAN V-NECK - wemadewardrobe - Cardigan Knitting Pattern","description":"The Maja Cardigan V-Neck knitting pattern with a relaxed fit and a cute horizontal stitch detail will be a perfect everyday piece in your wardrobe.","robots":{"index":"index","follow":"follow","max-snippet":"max-snippet:-1","max-image-preview":"max-image-preview:large","max-video-preview":"max-video-preview:-1"},"canonical":"https:\/\/wemadewardrobe.com\/de\/produkt\/maja-cardigan-knitting-pattern-v-neck\/","og_locale":"de_DE","og_type":"article","og_title":"MAJA CARDIGAN V-NECK - wemadewardrobe - Cardigan Knitting Pattern","og_description":"The Maja Cardigan V-Neck knitting pattern with a relaxed fit and a cute horizontal stitch detail will be a perfect everyday piece in your wardrobe.","og_url":"https:\/\/wemadewardrobe.com\/de\/produkt\/maja-cardigan-knitting-pattern-v-neck\/","og_site_name":"wemadewardrobe","article_modified_time":"2025-06-06T16:38:05+00:00","og_image":[{"width":450,"height":630,"url":"https:\/\/wemadewardrobe.com\/wp-content\/uploads\/2025\/06\/Maja-Cardigan-vneck_7_wmw.webp","type":"image\/jpeg"}],"twitter_card":"summary_large_image","twitter_misc":{"Gesch\u00e4tzte Lesezeit":"3\u00a0Minuten"},"schema":{"@context":"https:\/\/schema.org","@graph":[{"@type":["WebPage","ItemPage"],"@id":"https:\/\/wemadewardrobe.com\/en\/product\/maja-cardigan-knitting-pattern-v-neck\/","url":"https:\/\/wemadewardrobe.com\/en\/product\/maja-cardigan-knitting-pattern-v-neck\/","name":"MAJA CARDIGAN V-NECK - wemadewardrobe - Cardigan Knitting Pattern","isPartOf":{"@id":"https:\/\/wemadewardrobe.com\/#website"},"primaryImageOfPage":{"@id":"https:\/\/wemadewardrobe.com\/en\/product\/maja-cardigan-knitting-pattern-v-neck\/#primaryimage"},"image":{"@id":"https:\/\/wemadewardrobe.com\/en\/product\/maja-cardigan-knitting-pattern-v-neck\/#primaryimage"},"thumbnailUrl":"https:\/\/wemadewardrobe.com\/wp-content\/uploads\/2025\/06\/Maja-Cardigan-vneck_7_wmw.webp","datePublished":"2025-06-06T16:03:23+00:00","dateModified":"2025-06-06T16:38:05+00:00","description":"The Maja Cardigan V-Neck knitting pattern with a relaxed fit and a cute horizontal stitch detail will be a perfect everyday piece in your wardrobe.","breadcrumb":{"@id":"https:\/\/wemadewardrobe.com\/en\/product\/maja-cardigan-knitting-pattern-v-neck\/#breadcrumb"},"inLanguage":"de","potentialAction":[{"@type":"ReadAction","target":["https:\/\/wemadewardrobe.com\/en\/product\/maja-cardigan-knitting-pattern-v-neck\/"]}]},{"@type":"ImageObject","inLanguage":"de","@id":"https:\/\/wemadewardrobe.com\/en\/product\/maja-cardigan-knitting-pattern-v-neck\/#primaryimage","url":"https:\/\/wemadewardrobe.com\/wp-content\/uploads\/2025\/06\/Maja-Cardigan-vneck_7_wmw.webp","contentUrl":"https:\/\/wemadewardrobe.com\/wp-content\/uploads\/2025\/06\/Maja-Cardigan-vneck_7_wmw.webp","width":450,"height":630,"caption":"v neck cardigan knitting pattern"},{"@type":"BreadcrumbList","@id":"https:\/\/wemadewardrobe.com\/en\/product\/maja-cardigan-knitting-pattern-v-neck\/#breadcrumb","itemListElement":[{"@type":"ListItem","position":1,"name":"Home","item":"https:\/\/wemadewardrobe.com\/"},{"@type":"ListItem","position":2,"name":"Knitting Patterns","item":"https:\/\/wemadewardrobe.com\/de\/shop\/"},{"@type":"ListItem","position":3,"name":"MAJA CARDIGAN V-NECK"}]},{"@type":"WebSite","@id":"https:\/\/wemadewardrobe.com\/#website","url":"https:\/\/wemadewardrobe.com\/","name":"wemadewardrobe","description":"modern knitting patterns from Lisa &amp; Bella","publisher":{"@id":"https:\/\/wemadewardrobe.com\/#organization"},"alternateName":"modern knitting patterns","potentialAction":[{"@type":"SearchAction","target":{"@type":"EntryPoint","urlTemplate":"https:\/\/wemadewardrobe.com\/?s={search_term_string}"},"query-input":{"@type":"PropertyValueSpecification","valueRequired":true,"valueName":"search_term_string"}}],"inLanguage":"de"},{"@type":"Organization","@id":"https:\/\/wemadewardrobe.com\/#organization","name":"wemadewardrobe","url":"https:\/\/wemadewardrobe.com\/","logo":{"@type":"ImageObject","inLanguage":"de","@id":"https:\/\/wemadewardrobe.com\/#\/schema\/logo\/image\/","url":"https:\/\/wemadewardrobe.com\/wp-content\/uploads\/2023\/10\/cropped-wemadewardrobe_Png-150x150-1.png","contentUrl":"https:\/\/wemadewardrobe.com\/wp-content\/uploads\/2023\/10\/cropped-wemadewardrobe_Png-150x150-1.png","width":118,"height":84,"caption":"wemadewardrobe"},"image":{"@id":"https:\/\/wemadewardrobe.com\/#\/schema\/logo\/image\/"},"sameAs":["https:\/\/www.instagram.com\/wemadewardrobe\/"]}]}},"_links":{"self":[{"href":"https:\/\/wemadewardrobe.com\/de\/wp-json\/wp\/v2\/product\/2950","targetHints":{"allow":["GET"]}}],"collection":[{"href":"https:\/\/wemadewardrobe.com\/de\/wp-json\/wp\/v2\/product"}],"about":[{"href":"https:\/\/wemadewardrobe.com\/de\/wp-json\/wp\/v2\/types\/product"}],"wp:featuredmedia":[{"embeddable":true,"href":"https:\/\/wemadewardrobe.com\/de\/wp-json\/wp\/v2\/media\/2954"}],"wp:attachment":[{"href":"https:\/\/wemadewardrobe.com\/de\/wp-json\/wp\/v2\/media?parent=2950"}],"wp:term":[{"taxonomy":"product_brand","embeddable":true,"href":"https:\/\/wemadewardrobe.com\/de\/wp-json\/wp\/v2\/product_brand?post=2950"},{"taxonomy":"product_cat","embeddable":true,"href":"https:\/\/wemadewardrobe.com\/de\/wp-json\/wp\/v2\/product_cat?post=2950"},{"taxonomy":"product_tag","embeddable":true,"href":"https:\/\/wemadewardrobe.com\/de\/wp-json\/wp\/v2\/product_tag?post=2950"}],"curies":[{"name":"wp","href":"https:\/\/api.w.org\/{rel}","templated":true}]}}