{"id":2980,"date":"2025-06-15T13:21:28","date_gmt":"2025-06-15T12:21:28","guid":{"rendered":"https:\/\/wemadewardrobe.com\/?post_type=product&#038;p=2980"},"modified":"2026-02-04T10:00:18","modified_gmt":"2026-02-04T09:00:18","slug":"beginner-cardigan-knitting-pattern-foolproof-cardigan","status":"publish","type":"product","link":"https:\/\/wemadewardrobe.com\/de\/produkt\/beginner-cardigan-knitting-pattern-foolproof-cardigan\/","title":{"rendered":"FOOLPROOF CARDIGAN"},"content":{"rendered":"<p><b>Note, that this is a written knitting pattern, which features video tutorials for techniques and parts of the pattern &#8211; there is no step-by-step video tutorial.<\/b><\/p>\n<p>The Foolproof Cardigan is the perfect beginner-friendly knitting project for anyone ready to knit their first cardigan. This easy and quick cardigan knitting pattern is pure fun &#8211; especially when you use the colorful Cloud yarn from Lang Yarns, which adds stunning color effects and a feather-light feel to your finished piece.<\/p>\n<p>Worked seamlessly from the top down using a classic raglan construction, this cardigan requires no sewing at all. The button band is knitted on as you go, saving time and effort. Thanks to its boxy, oversized shape, the Foolproof Cardigan has a modern, relaxed fit that\u2019s perfect for layering over tees, blouses, or dresses.<\/p>\n<p>Knitted with 8 mm needles, it\u2019s a fast project where you\u2019ll see progress in no time. Video tutorials cover all important techniques and steps, making this cardigan pattern truly foolproof &#8211; even for absolute beginners.<\/p>\n<p>Whether you\u2019re looking for a cozy everyday piece or a colorful statement cardigan, the Foolproof Cardigan is bound to become a favorite in your handmade wardrobe.<\/p>\n<p>Begin by making a gauge swatch to check that you have the correct gauge.<\/p>\n<p>&nbsp;<\/p>\n<h4>SizeS<\/h4>\n<p><b>XS (S) M (L) XL (2XL) 3XL<\/b><\/p>\n<p>The Foolproof Cardigan should have a range of movement (positive ease) of approx. 15-22 cm in relation to your chest circumference. The sizes XS (S) M (L) XL (2XL) 3XL fit a chest measurement of 78-84 (85-90) 91-98 (99-109) 110-120 (121-130) 131-140 cm. Measure yourself before you start knitting to make sure you have chosen the correct size for you.<\/p>\n<p>The finished bust circumference of the garment measures: 96 (102) 112 (121) 134 (145) 157 cm.<\/p>\n<p>&nbsp;<\/p>\n<h4>Needles<\/h4>\n<p>Circular knitting needle 8.0 mm [US11] (40 &amp; 80 or 100 cm) [16 and 40 inches]<\/p>\n<p>Circular knitting needle 7.0 mm (80 or 100 cm) [40 inches]<\/p>\n<p>Circular knitting needle 6.0 mm [US10] (40, 80 or 100 cm) [16 or 40 inches]<\/p>\n<p>&nbsp;<\/p>\n<h4>Gauge<\/h4>\n<p>Stockinette stitch on 8.0 mm needles:<\/p>\n<p>12 sts \/\u00a0 20 r = 10 x 10 cm<\/p>\n<p>&nbsp;<\/p>\n<p>&nbsp;<\/p>\n<h4>Materials<\/h4>\n<p>300 (300) 300 (400) 400 (500) 500 g<\/p>\n<p>\u201cCloud\u201d from Lang Yarns (100 g = approx. 260 m)<\/p>\n<p>&nbsp;<\/p>\n<p><i>together with<\/i><\/p>\n<p>&nbsp;<\/p>\n<p>100 (100) 125 (150) 150 (175) 175 g<\/p>\n<p>\u201cZen\u201d from Lang Yarns (25 g = approx. 200 m)<\/p>\n<p>The Foolproof Cardigan is knit with two strands of yarn held together. One strand of the thicker yarn, held together with one strand of the thinner yarn.<\/p>\n<p>Note that you will need more yarn if you want to knit the cardigan longer.<\/p>\n<p>&nbsp;<\/p>\n<h4>Yarn alternatives<\/h4>\n<p>&nbsp;<\/p>\n<p>300 (300) 300 (400) 400 (500) 500 g<\/p>\n<p>\u201cPromise\u201d from Wooladdicts by Lang Yarns (100 g = approx. 260 m)<\/p>\n<p>&nbsp;<\/p>\n<p><i>together with<\/i><\/p>\n<p>&nbsp;<\/p>\n<p>125 (125) 125 (150) 150 (175) 200 g<\/p>\n<p>\u201cMohair Luxe\u201d from Lang Yarns (25 g = approx. 175 m)<\/p>\n<p>\u2014<\/p>\n<p>250 (300) 300 (350) 350 (400) 450 g<\/p>\n<p>\u201cAir\u201d from Drops (50 g = approx. 150 m)<\/p>\n<p>&nbsp;<\/p>\n<p><i>together with<\/i><\/p>\n<p>&nbsp;<\/p>\n<p>125 (150) 150 (175) 175 (200) 225 g<\/p>\n<p>\u201cBrushed Alpaca Silk\u201d from Drops (25 g = approx. 140 m)<\/p>\n<p>\u2014<\/p>\n<p>You will also need 4 buttons \u230020-25 mm.<\/p>\n<p>&#8211;<\/p>\n<p>Our colorful Foolproof Cardigan was knit in: \u201cCloud\u201d (008) and \u201cZen\u201d (Fb. 009) from Lang Yarns.<\/p>\n<p>Our red Foolproof Cardigan was knit in: \u201cPromise\u201d (Fb. 059) and \u201cZen\u201d (Fb. 059) from Lang Yarns.<\/p>\n<p>&nbsp;<\/p>\n<h4><a href=\"https:\/\/wemadewardrobe.com\/en\/difficulties\/\">DIFFICULTY<\/a><\/h4>\n<p>\u25cf\u25cb\u25cb\u25cb\u25cb (1 out of 5)<\/p>\n<p>&nbsp;<\/p>\n","protected":false},"excerpt":{"rendered":"<p><span style=\"font-weight: 400;\">Die Foolproof Cardigan Strickanleitung f\u00fcr Anf\u00e4nger ist eine einfache, \u00fcbergro\u00dfe Strickjacke mit Rundhalsausschnitt. Die Strickjacke wird mit einer Raglan-Konstruktion gestrickt und mit Zunahmen, um den Hals und den R\u00fccken zu formen.<\/span><\/p>\n<p>Die einfache Strickanleitung f\u00fcr eine s\u00fc\u00dfe Strickjacke ist sowohl f\u00fcr Strickanf\u00e4nger als auch f\u00fcr erfahrene Strickerinnen geeignet, die ein einfaches Strickprojekt suchen, und es kommt in den<strong> Gr\u00f6\u00dfen XS-3XL<\/strong> (mehr zu den Gr\u00f6\u00dfen findest du weiter unten).<\/p>\n<p>Mehr Informationen zu <strong>Nadelst\u00e4rken<\/strong>, <strong>Maschenprobe<\/strong> und <strong>Material<\/strong> findest du weiter unten.<\/p>\n<p>Die Strickanleitung wird dir per E-Mail zugesendet als <strong>PDF Dokument<\/strong>.<\/p>","protected":false},"featured_media":3207,"template":"","meta":{"inline_featured_image":false,"_kadence_starter_templates_imported_post":false,"_kad_post_transparent":"default","_kad_post_title":"","_kad_post_layout":"default","_kad_post_sidebar_id":"","_kad_post_content_style":"default","_kad_post_vertical_padding":"default","_kad_post_feature":"","_kad_post_feature_position":"","_kad_post_header":false,"_kad_post_footer":false,"_kad_post_classname":""},"product_brand":[],"product_cat":[212],"product_tag":[61,307,308,92,313,224,166,309,312,310,311,147,314,315],"class_list":{"0":"post-2980","1":"product","2":"type-product","3":"status-publish","4":"has-post-thumbnail","6":"product_cat-cardigan-knitting-patterns","7":"product_tag-1x1-ribbing","8":"product_tag-anfanger","9":"product_tag-anfanger-strickanleitung","10":"product_tag-beginner","11":"product_tag-beginner-cardigan","12":"product_tag-cardigan","13":"product_tag-easy","14":"product_tag-foolproof","15":"product_tag-foolproof-cardigan","16":"product_tag-knitting-pattern-easy","17":"product_tag-pattern","18":"product_tag-raglan","19":"product_tag-raglan-cardigan","20":"product_tag-raglan-cardigan-knitting-pattern","22":"first","23":"instock","24":"sold-individually","25":"purchasable","26":"product-type-variable","27":"entry","28":"content-bg","29":"loop-entry"},"yoast_head":"<!-- This site is optimized with the Yoast SEO plugin v27.4 - https:\/\/yoast.com\/product\/yoast-seo-wordpress\/ -->\n<title>FOOLPROOF CARDIGAN - wemadewardrobe<\/title>\n<meta name=\"description\" content=\"The Foolproof Cardigan is the perfect easy beginner cardigan knitting pattern for anyone ready to knit their first cardigan.\" \/>\n<meta name=\"robots\" content=\"index, follow, max-snippet:-1, max-image-preview:large, max-video-preview:-1\" \/>\n<link rel=\"canonical\" href=\"https:\/\/wemadewardrobe.com\/de\/produkt\/beginner-cardigan-knitting-pattern-foolproof-cardigan\/\" \/>\n<meta property=\"og:locale\" content=\"de_DE\" \/>\n<meta property=\"og:type\" content=\"article\" \/>\n<meta property=\"og:title\" content=\"FOOLPROOF CARDIGAN - wemadewardrobe\" \/>\n<meta property=\"og:description\" content=\"The Foolproof Cardigan is the perfect easy beginner cardigan knitting pattern for anyone ready to knit their first cardigan.\" \/>\n<meta property=\"og:url\" content=\"https:\/\/wemadewardrobe.com\/de\/produkt\/beginner-cardigan-knitting-pattern-foolproof-cardigan\/\" \/>\n<meta property=\"og:site_name\" content=\"wemadewardrobe\" \/>\n<meta property=\"article:modified_time\" content=\"2026-02-04T09:00:18+00:00\" \/>\n<meta property=\"og:image\" content=\"https:\/\/wemadewardrobe.com\/wp-content\/uploads\/2025\/06\/Foolproof-Cardi_1.webp\" \/>\n\t<meta property=\"og:image:width\" content=\"450\" \/>\n\t<meta property=\"og:image:height\" content=\"630\" \/>\n\t<meta property=\"og:image:type\" content=\"image\/jpeg\" \/>\n<meta name=\"twitter:card\" content=\"summary_large_image\" \/>\n<meta name=\"twitter:label1\" content=\"Gesch\u00e4tzte Lesezeit\" \/>\n\t<meta name=\"twitter:data1\" content=\"3\u00a0Minuten\" \/>\n<script type=\"application\/ld+json\" class=\"yoast-schema-graph\">{\"@context\":\"https:\\\/\\\/schema.org\",\"@graph\":[{\"@type\":[\"WebPage\",\"ItemPage\"],\"@id\":\"https:\\\/\\\/wemadewardrobe.com\\\/de\\\/produkt\\\/beginner-cardigan-knitting-pattern-foolproof-cardigan\\\/\",\"url\":\"https:\\\/\\\/wemadewardrobe.com\\\/de\\\/produkt\\\/beginner-cardigan-knitting-pattern-foolproof-cardigan\\\/\",\"name\":\"FOOLPROOF CARDIGAN - wemadewardrobe\",\"isPartOf\":{\"@id\":\"https:\\\/\\\/wemadewardrobe.com\\\/#website\"},\"primaryImageOfPage\":{\"@id\":\"https:\\\/\\\/wemadewardrobe.com\\\/de\\\/produkt\\\/beginner-cardigan-knitting-pattern-foolproof-cardigan\\\/#primaryimage\"},\"image\":{\"@id\":\"https:\\\/\\\/wemadewardrobe.com\\\/de\\\/produkt\\\/beginner-cardigan-knitting-pattern-foolproof-cardigan\\\/#primaryimage\"},\"thumbnailUrl\":\"https:\\\/\\\/wemadewardrobe.com\\\/wp-content\\\/uploads\\\/2025\\\/06\\\/Foolproof-Cardi_1.webp\",\"datePublished\":\"2025-06-15T12:21:28+00:00\",\"dateModified\":\"2026-02-04T09:00:18+00:00\",\"description\":\"The Foolproof Cardigan is the perfect easy beginner cardigan knitting pattern for anyone ready to knit their first cardigan.\",\"breadcrumb\":{\"@id\":\"https:\\\/\\\/wemadewardrobe.com\\\/de\\\/produkt\\\/beginner-cardigan-knitting-pattern-foolproof-cardigan\\\/#breadcrumb\"},\"inLanguage\":\"de\",\"potentialAction\":[{\"@type\":\"ReadAction\",\"target\":[\"https:\\\/\\\/wemadewardrobe.com\\\/de\\\/produkt\\\/beginner-cardigan-knitting-pattern-foolproof-cardigan\\\/\"]}]},{\"@type\":\"ImageObject\",\"inLanguage\":\"de\",\"@id\":\"https:\\\/\\\/wemadewardrobe.com\\\/de\\\/produkt\\\/beginner-cardigan-knitting-pattern-foolproof-cardigan\\\/#primaryimage\",\"url\":\"https:\\\/\\\/wemadewardrobe.com\\\/wp-content\\\/uploads\\\/2025\\\/06\\\/Foolproof-Cardi_1.webp\",\"contentUrl\":\"https:\\\/\\\/wemadewardrobe.com\\\/wp-content\\\/uploads\\\/2025\\\/06\\\/Foolproof-Cardi_1.webp\",\"width\":450,\"height\":630,\"caption\":\"beginner cardigan knitting pattern\"},{\"@type\":\"BreadcrumbList\",\"@id\":\"https:\\\/\\\/wemadewardrobe.com\\\/de\\\/produkt\\\/beginner-cardigan-knitting-pattern-foolproof-cardigan\\\/#breadcrumb\",\"itemListElement\":[{\"@type\":\"ListItem\",\"position\":1,\"name\":\"Home\",\"item\":\"https:\\\/\\\/wemadewardrobe.com\\\/\"},{\"@type\":\"ListItem\",\"position\":2,\"name\":\"Knitting Patterns\",\"item\":\"https:\\\/\\\/wemadewardrobe.com\\\/de\\\/shop\\\/\"},{\"@type\":\"ListItem\",\"position\":3,\"name\":\"FOOLPROOF CARDIGAN\"}]},{\"@type\":\"WebSite\",\"@id\":\"https:\\\/\\\/wemadewardrobe.com\\\/#website\",\"url\":\"https:\\\/\\\/wemadewardrobe.com\\\/\",\"name\":\"wemadewardrobe\",\"description\":\"modern knitting patterns from Lisa &amp; Bella\",\"publisher\":{\"@id\":\"https:\\\/\\\/wemadewardrobe.com\\\/#organization\"},\"alternateName\":\"modern knitting patterns\",\"potentialAction\":[{\"@type\":\"SearchAction\",\"target\":{\"@type\":\"EntryPoint\",\"urlTemplate\":\"https:\\\/\\\/wemadewardrobe.com\\\/?s={search_term_string}\"},\"query-input\":{\"@type\":\"PropertyValueSpecification\",\"valueRequired\":true,\"valueName\":\"search_term_string\"}}],\"inLanguage\":\"de\"},{\"@type\":\"Organization\",\"@id\":\"https:\\\/\\\/wemadewardrobe.com\\\/#organization\",\"name\":\"wemadewardrobe\",\"url\":\"https:\\\/\\\/wemadewardrobe.com\\\/\",\"logo\":{\"@type\":\"ImageObject\",\"inLanguage\":\"de\",\"@id\":\"https:\\\/\\\/wemadewardrobe.com\\\/#\\\/schema\\\/logo\\\/image\\\/\",\"url\":\"https:\\\/\\\/wemadewardrobe.com\\\/wp-content\\\/uploads\\\/2023\\\/10\\\/cropped-wemadewardrobe_Png-150x150-1.png\",\"contentUrl\":\"https:\\\/\\\/wemadewardrobe.com\\\/wp-content\\\/uploads\\\/2023\\\/10\\\/cropped-wemadewardrobe_Png-150x150-1.png\",\"width\":118,\"height\":84,\"caption\":\"wemadewardrobe\"},\"image\":{\"@id\":\"https:\\\/\\\/wemadewardrobe.com\\\/#\\\/schema\\\/logo\\\/image\\\/\"},\"sameAs\":[\"https:\\\/\\\/www.instagram.com\\\/wemadewardrobe\\\/\"]}]}<\/script>\n<!-- \/ Yoast SEO plugin. -->","yoast_head_json":{"title":"FOOLPROOF CARDIGAN - wemadewardrobe","description":"The Foolproof Cardigan is the perfect easy beginner cardigan knitting pattern for anyone ready to knit their first cardigan.","robots":{"index":"index","follow":"follow","max-snippet":"max-snippet:-1","max-image-preview":"max-image-preview:large","max-video-preview":"max-video-preview:-1"},"canonical":"https:\/\/wemadewardrobe.com\/de\/produkt\/beginner-cardigan-knitting-pattern-foolproof-cardigan\/","og_locale":"de_DE","og_type":"article","og_title":"FOOLPROOF CARDIGAN - wemadewardrobe","og_description":"The Foolproof Cardigan is the perfect easy beginner cardigan knitting pattern for anyone ready to knit their first cardigan.","og_url":"https:\/\/wemadewardrobe.com\/de\/produkt\/beginner-cardigan-knitting-pattern-foolproof-cardigan\/","og_site_name":"wemadewardrobe","article_modified_time":"2026-02-04T09:00:18+00:00","og_image":[{"width":450,"height":630,"url":"https:\/\/wemadewardrobe.com\/wp-content\/uploads\/2025\/06\/Foolproof-Cardi_1.webp","type":"image\/jpeg"}],"twitter_card":"summary_large_image","twitter_misc":{"Gesch\u00e4tzte Lesezeit":"3\u00a0Minuten"},"schema":{"@context":"https:\/\/schema.org","@graph":[{"@type":["WebPage","ItemPage"],"@id":"https:\/\/wemadewardrobe.com\/de\/produkt\/beginner-cardigan-knitting-pattern-foolproof-cardigan\/","url":"https:\/\/wemadewardrobe.com\/de\/produkt\/beginner-cardigan-knitting-pattern-foolproof-cardigan\/","name":"FOOLPROOF CARDIGAN - wemadewardrobe","isPartOf":{"@id":"https:\/\/wemadewardrobe.com\/#website"},"primaryImageOfPage":{"@id":"https:\/\/wemadewardrobe.com\/de\/produkt\/beginner-cardigan-knitting-pattern-foolproof-cardigan\/#primaryimage"},"image":{"@id":"https:\/\/wemadewardrobe.com\/de\/produkt\/beginner-cardigan-knitting-pattern-foolproof-cardigan\/#primaryimage"},"thumbnailUrl":"https:\/\/wemadewardrobe.com\/wp-content\/uploads\/2025\/06\/Foolproof-Cardi_1.webp","datePublished":"2025-06-15T12:21:28+00:00","dateModified":"2026-02-04T09:00:18+00:00","description":"The Foolproof Cardigan is the perfect easy beginner cardigan knitting pattern for anyone ready to knit their first cardigan.","breadcrumb":{"@id":"https:\/\/wemadewardrobe.com\/de\/produkt\/beginner-cardigan-knitting-pattern-foolproof-cardigan\/#breadcrumb"},"inLanguage":"de","potentialAction":[{"@type":"ReadAction","target":["https:\/\/wemadewardrobe.com\/de\/produkt\/beginner-cardigan-knitting-pattern-foolproof-cardigan\/"]}]},{"@type":"ImageObject","inLanguage":"de","@id":"https:\/\/wemadewardrobe.com\/de\/produkt\/beginner-cardigan-knitting-pattern-foolproof-cardigan\/#primaryimage","url":"https:\/\/wemadewardrobe.com\/wp-content\/uploads\/2025\/06\/Foolproof-Cardi_1.webp","contentUrl":"https:\/\/wemadewardrobe.com\/wp-content\/uploads\/2025\/06\/Foolproof-Cardi_1.webp","width":450,"height":630,"caption":"beginner cardigan knitting pattern"},{"@type":"BreadcrumbList","@id":"https:\/\/wemadewardrobe.com\/de\/produkt\/beginner-cardigan-knitting-pattern-foolproof-cardigan\/#breadcrumb","itemListElement":[{"@type":"ListItem","position":1,"name":"Home","item":"https:\/\/wemadewardrobe.com\/"},{"@type":"ListItem","position":2,"name":"Knitting Patterns","item":"https:\/\/wemadewardrobe.com\/de\/shop\/"},{"@type":"ListItem","position":3,"name":"FOOLPROOF CARDIGAN"}]},{"@type":"WebSite","@id":"https:\/\/wemadewardrobe.com\/#website","url":"https:\/\/wemadewardrobe.com\/","name":"wemadewardrobe","description":"modern knitting patterns from Lisa &amp; Bella","publisher":{"@id":"https:\/\/wemadewardrobe.com\/#organization"},"alternateName":"modern knitting patterns","potentialAction":[{"@type":"SearchAction","target":{"@type":"EntryPoint","urlTemplate":"https:\/\/wemadewardrobe.com\/?s={search_term_string}"},"query-input":{"@type":"PropertyValueSpecification","valueRequired":true,"valueName":"search_term_string"}}],"inLanguage":"de"},{"@type":"Organization","@id":"https:\/\/wemadewardrobe.com\/#organization","name":"wemadewardrobe","url":"https:\/\/wemadewardrobe.com\/","logo":{"@type":"ImageObject","inLanguage":"de","@id":"https:\/\/wemadewardrobe.com\/#\/schema\/logo\/image\/","url":"https:\/\/wemadewardrobe.com\/wp-content\/uploads\/2023\/10\/cropped-wemadewardrobe_Png-150x150-1.png","contentUrl":"https:\/\/wemadewardrobe.com\/wp-content\/uploads\/2023\/10\/cropped-wemadewardrobe_Png-150x150-1.png","width":118,"height":84,"caption":"wemadewardrobe"},"image":{"@id":"https:\/\/wemadewardrobe.com\/#\/schema\/logo\/image\/"},"sameAs":["https:\/\/www.instagram.com\/wemadewardrobe\/"]}]}},"_links":{"self":[{"href":"https:\/\/wemadewardrobe.com\/de\/wp-json\/wp\/v2\/product\/2980","targetHints":{"allow":["GET"]}}],"collection":[{"href":"https:\/\/wemadewardrobe.com\/de\/wp-json\/wp\/v2\/product"}],"about":[{"href":"https:\/\/wemadewardrobe.com\/de\/wp-json\/wp\/v2\/types\/product"}],"wp:featuredmedia":[{"embeddable":true,"href":"https:\/\/wemadewardrobe.com\/de\/wp-json\/wp\/v2\/media\/3207"}],"wp:attachment":[{"href":"https:\/\/wemadewardrobe.com\/de\/wp-json\/wp\/v2\/media?parent=2980"}],"wp:term":[{"taxonomy":"product_brand","embeddable":true,"href":"https:\/\/wemadewardrobe.com\/de\/wp-json\/wp\/v2\/product_brand?post=2980"},{"taxonomy":"product_cat","embeddable":true,"href":"https:\/\/wemadewardrobe.com\/de\/wp-json\/wp\/v2\/product_cat?post=2980"},{"taxonomy":"product_tag","embeddable":true,"href":"https:\/\/wemadewardrobe.com\/de\/wp-json\/wp\/v2\/product_tag?post=2980"}],"curies":[{"name":"wp","href":"https:\/\/api.w.org\/{rel}","templated":true}]}}