{"id":3083,"date":"2025-07-25T17:20:53","date_gmt":"2025-07-25T16:20:53","guid":{"rendered":"https:\/\/wemadewardrobe.com\/?post_type=product&#038;p=3083"},"modified":"2025-07-27T10:41:40","modified_gmt":"2025-07-27T09:41:40","slug":"knitted-diy-bag-charm-knitknot-bagcharm","status":"publish","type":"product","link":"https:\/\/wemadewardrobe.com\/de\/produkt\/knitted-diy-bag-charm-knitknot-bagcharm\/","title":{"rendered":"KNITKNOT BAGCHARM"},"content":{"rendered":"<p>Dieser gestrickte Bag Charm ist das perfekte Mini-Strickprojekt f\u00fcr zwischendurch - super schnell gemacht, trendy und ideal als kleines Geschenk. Du strickst zuerst eine einfache i-Cord Schnur, die anschlie\u00dfend zu einem dekorativen Knoten gebunden wird. Durch das moderne, minimalistische Design ist der Bag Charm ein stilvolles Accessoire, das deiner Tasche das gewisse Etwas verleiht.<\/p>\n<p>Gerade auf Social Media sind Bag Charms und Taschenanh\u00e4nger extrem beliebt - mit diesem DIY-Strickmuster bringst du den Trend in die Strickwelt! Egal ob du ihn als Schl\u00fcsselanh\u00e4nger, Taschen-Accessoire oder Deko verwendest: Der gestrickte Knoten zieht garantiert alle Blicke auf sich.<\/p>\n<p>Das Projekt eignet sich hervorragend f\u00fcr Anf\u00e4nger und ist perfekt, um Garnreste kreativ zu verwerten. Dank des Video-Tutorials zum Knotenbinden ist das Nachmachen ganz einfach - und macht richtig Spa\u00df!<\/p>\n<p>&nbsp;<\/p>\n<h4>Gr\u00f6\u00dfe<\/h4>\n<p>Einheitsgr\u00f6\u00dfe<\/p>\n<p>&nbsp;<\/p>\n<h4>EMPFOHLENE NADELN<\/h4>\n<p>2 Nadeln eines Nadelspiels 7.0 mm<\/p>\n<p>&nbsp;<\/p>\n<h4>Maschenprobe<\/h4>\n<p>Beachte, dass die Maschenprobe bei diesem Projekt nicht perfekt eingehalten werden muss und du die Nadelst\u00e4rke je nach Wollwahl anpassen kannst. Je nachdem, f\u00fcr welche Wolle\/Nadelst\u00e4rke du dich entscheidest, ver\u00e4ndert sich der Look &amp; die Gr\u00f6\u00dfe des Bag Charms.<\/p>\n<p>&nbsp;<\/p>\n<h4>Material<\/h4>\n<p>ca. 29 g \u201cThe Tube\u201d von Lana Grossa (200 g = ca. 114 m)<\/p>\n<p>&nbsp;<\/p>\n<h4>Garnalternativen<\/h4>\n<p>ca. 29 g \u201cHome\u201d von Woolly Hugs (100 g = ca. 57 m)<\/p>\n<p>&nbsp;<\/p>\n<p>\u2014<\/p>\n<p>&nbsp;<\/p>\n<p>ca. 29 g \u201cCotton Jersey\u201d von Schachenmayr (100 g = ca. 74 m)<\/p>\n<p>&nbsp;<\/p>\n<h4><a href=\"https:\/\/wemadewardrobe.com\/de\/difficulties\/\">Schwierigkeitsgrad<\/a><\/h4>\n<p>\u25cf\u25cf\u25cb\u25cb\u25cb (2 von 5)<\/p>\n<p>&nbsp;<\/p>","protected":false},"excerpt":{"rendered":"<p><span style=\"font-weight: 400;\">Die Strickanleitung f\u00fcr einen Taschenaccessoire Knitknotist das trendigste Accessoire aus Garnresten und der perfekte Weg, um deine Tasche aufzupeppen. Das Strickmuster f\u00fcr einen gestrickten Taschenanh\u00e4nger ist ein super Projekt, um es aus einem einzelnen Garnstrang oder aus Resten von gr\u00f6\u00dferen Projekten zu stricken.<br \/>\n<\/span><\/p>\n<p>Die Strickanleitung f\u00fcr einen gestrickten Taschenanh\u00e4nger ist sowohl f\u00fcr Anf\u00e4nger als auch f\u00fcr erfahrene Strickerinnen geeignet und kommt in<strong> Einheitsgr\u00f6\u00dfe<\/strong> (mehr zu den Gr\u00f6\u00dfen findest du weiter unten).<\/p>\n<p>Mehr Informationen zu <strong>Nadelst\u00e4rken<\/strong>, <strong>Maschenprobe<\/strong> und <strong>Material<\/strong> findest du weiter unten.<\/p>\n<p>Die Strickanleitung wird dir per E-Mail zugesendet als <strong>PDF Dokument<\/strong>.<\/p>","protected":false},"featured_media":3086,"template":"","meta":{"inline_featured_image":false,"_kadence_starter_templates_imported_post":false,"_kad_post_transparent":"default","_kad_post_title":"","_kad_post_layout":"default","_kad_post_sidebar_id":"","_kad_post_content_style":"default","_kad_post_vertical_padding":"default","_kad_post_feature":"","_kad_post_feature_position":"","_kad_post_header":false,"_kad_post_footer":false,"_kad_post_classname":""},"product_brand":[],"product_cat":[52],"product_tag":[77,303,304,92,91,306,305,54,112,113],"class_list":{"0":"post-3083","1":"product","2":"type-product","3":"status-publish","4":"has-post-thumbnail","6":"product_cat-accessory-knitting-patterns","7":"product_tag-accessoire","8":"product_tag-bagcharm","9":"product_tag-bagcharm-knitting-pattern","10":"product_tag-beginner","11":"product_tag-beginner-knitting-pattern","12":"product_tag-keychain","13":"product_tag-knitted-diy-bagcharm","14":"product_tag-knitting-pattern","15":"product_tag-scrap-yarn-project","16":"product_tag-single-skein-project","18":"first","19":"instock","20":"sold-individually","21":"purchasable","22":"product-type-variable","23":"entry","24":"content-bg","25":"loop-entry"},"yoast_head":"<!-- This site is optimized with the Yoast SEO plugin v27.4 - https:\/\/yoast.com\/product\/yoast-seo-wordpress\/ -->\n<title>KNITKNOT BAGCHARM - wemadewardrobe<\/title>\n<meta name=\"description\" content=\"This knitted DIY bagcharm will spice up your bag like no other! Classy, elegant and made by you it will add a cute little accessory to your bags.\" \/>\n<meta name=\"robots\" content=\"index, follow, max-snippet:-1, max-image-preview:large, max-video-preview:-1\" \/>\n<link rel=\"canonical\" href=\"https:\/\/wemadewardrobe.com\/de\/produkt\/knitted-diy-bag-charm-knitknot-bagcharm\/\" \/>\n<meta property=\"og:locale\" content=\"de_DE\" \/>\n<meta property=\"og:type\" content=\"article\" \/>\n<meta property=\"og:title\" content=\"KNITKNOT BAGCHARM - wemadewardrobe\" \/>\n<meta property=\"og:description\" content=\"This knitted DIY bagcharm will spice up your bag like no other! Classy, elegant and made by you it will add a cute little accessory to your bags.\" \/>\n<meta property=\"og:url\" content=\"https:\/\/wemadewardrobe.com\/de\/produkt\/knitted-diy-bag-charm-knitknot-bagcharm\/\" \/>\n<meta property=\"og:site_name\" content=\"wemadewardrobe\" \/>\n<meta property=\"article:modified_time\" content=\"2025-07-27T09:41:40+00:00\" \/>\n<meta property=\"og:image\" content=\"https:\/\/wemadewardrobe.com\/wp-content\/uploads\/2025\/07\/Knitted-Bagcharm-9.webp\" \/>\n\t<meta property=\"og:image:width\" content=\"450\" \/>\n\t<meta property=\"og:image:height\" content=\"630\" \/>\n\t<meta property=\"og:image:type\" content=\"image\/jpeg\" \/>\n<meta name=\"twitter:card\" content=\"summary_large_image\" \/>\n<meta name=\"twitter:label1\" content=\"Gesch\u00e4tzte Lesezeit\" \/>\n\t<meta name=\"twitter:data1\" content=\"2\u00a0Minuten\" \/>\n<script type=\"application\/ld+json\" class=\"yoast-schema-graph\">{\"@context\":\"https:\\\/\\\/schema.org\",\"@graph\":[{\"@type\":[\"WebPage\",\"ItemPage\"],\"@id\":\"https:\\\/\\\/wemadewardrobe.com\\\/en\\\/product\\\/knitted-diy-bag-charm-knitknot-bagcharm\\\/\",\"url\":\"https:\\\/\\\/wemadewardrobe.com\\\/en\\\/product\\\/knitted-diy-bag-charm-knitknot-bagcharm\\\/\",\"name\":\"KNITKNOT BAGCHARM - wemadewardrobe\",\"isPartOf\":{\"@id\":\"https:\\\/\\\/wemadewardrobe.com\\\/#website\"},\"primaryImageOfPage\":{\"@id\":\"https:\\\/\\\/wemadewardrobe.com\\\/en\\\/product\\\/knitted-diy-bag-charm-knitknot-bagcharm\\\/#primaryimage\"},\"image\":{\"@id\":\"https:\\\/\\\/wemadewardrobe.com\\\/en\\\/product\\\/knitted-diy-bag-charm-knitknot-bagcharm\\\/#primaryimage\"},\"thumbnailUrl\":\"https:\\\/\\\/wemadewardrobe.com\\\/wp-content\\\/uploads\\\/2025\\\/07\\\/Knitted-Bagcharm-9.webp\",\"datePublished\":\"2025-07-25T16:20:53+00:00\",\"dateModified\":\"2025-07-27T09:41:40+00:00\",\"description\":\"This knitted DIY bagcharm will spice up your bag like no other! Classy, elegant and made by you it will add a cute little accessory to your bags.\",\"breadcrumb\":{\"@id\":\"https:\\\/\\\/wemadewardrobe.com\\\/en\\\/product\\\/knitted-diy-bag-charm-knitknot-bagcharm\\\/#breadcrumb\"},\"inLanguage\":\"de\",\"potentialAction\":[{\"@type\":\"ReadAction\",\"target\":[\"https:\\\/\\\/wemadewardrobe.com\\\/en\\\/product\\\/knitted-diy-bag-charm-knitknot-bagcharm\\\/\"]}]},{\"@type\":\"ImageObject\",\"inLanguage\":\"de\",\"@id\":\"https:\\\/\\\/wemadewardrobe.com\\\/en\\\/product\\\/knitted-diy-bag-charm-knitknot-bagcharm\\\/#primaryimage\",\"url\":\"https:\\\/\\\/wemadewardrobe.com\\\/wp-content\\\/uploads\\\/2025\\\/07\\\/Knitted-Bagcharm-9.webp\",\"contentUrl\":\"https:\\\/\\\/wemadewardrobe.com\\\/wp-content\\\/uploads\\\/2025\\\/07\\\/Knitted-Bagcharm-9.webp\",\"width\":450,\"height\":630,\"caption\":\"knitted diy bagcharm\"},{\"@type\":\"BreadcrumbList\",\"@id\":\"https:\\\/\\\/wemadewardrobe.com\\\/en\\\/product\\\/knitted-diy-bag-charm-knitknot-bagcharm\\\/#breadcrumb\",\"itemListElement\":[{\"@type\":\"ListItem\",\"position\":1,\"name\":\"Home\",\"item\":\"https:\\\/\\\/wemadewardrobe.com\\\/\"},{\"@type\":\"ListItem\",\"position\":2,\"name\":\"Knitting Patterns\",\"item\":\"https:\\\/\\\/wemadewardrobe.com\\\/de\\\/shop\\\/\"},{\"@type\":\"ListItem\",\"position\":3,\"name\":\"KNITKNOT BAGCHARM\"}]},{\"@type\":\"WebSite\",\"@id\":\"https:\\\/\\\/wemadewardrobe.com\\\/#website\",\"url\":\"https:\\\/\\\/wemadewardrobe.com\\\/\",\"name\":\"wemadewardrobe\",\"description\":\"modern knitting patterns from Lisa &amp; Bella\",\"publisher\":{\"@id\":\"https:\\\/\\\/wemadewardrobe.com\\\/#organization\"},\"alternateName\":\"modern knitting patterns\",\"potentialAction\":[{\"@type\":\"SearchAction\",\"target\":{\"@type\":\"EntryPoint\",\"urlTemplate\":\"https:\\\/\\\/wemadewardrobe.com\\\/?s={search_term_string}\"},\"query-input\":{\"@type\":\"PropertyValueSpecification\",\"valueRequired\":true,\"valueName\":\"search_term_string\"}}],\"inLanguage\":\"de\"},{\"@type\":\"Organization\",\"@id\":\"https:\\\/\\\/wemadewardrobe.com\\\/#organization\",\"name\":\"wemadewardrobe\",\"url\":\"https:\\\/\\\/wemadewardrobe.com\\\/\",\"logo\":{\"@type\":\"ImageObject\",\"inLanguage\":\"de\",\"@id\":\"https:\\\/\\\/wemadewardrobe.com\\\/#\\\/schema\\\/logo\\\/image\\\/\",\"url\":\"https:\\\/\\\/wemadewardrobe.com\\\/wp-content\\\/uploads\\\/2023\\\/10\\\/cropped-wemadewardrobe_Png-150x150-1.png\",\"contentUrl\":\"https:\\\/\\\/wemadewardrobe.com\\\/wp-content\\\/uploads\\\/2023\\\/10\\\/cropped-wemadewardrobe_Png-150x150-1.png\",\"width\":118,\"height\":84,\"caption\":\"wemadewardrobe\"},\"image\":{\"@id\":\"https:\\\/\\\/wemadewardrobe.com\\\/#\\\/schema\\\/logo\\\/image\\\/\"},\"sameAs\":[\"https:\\\/\\\/www.instagram.com\\\/wemadewardrobe\\\/\"]}]}<\/script>\n<!-- \/ Yoast SEO plugin. -->","yoast_head_json":{"title":"KNITKNOT BAGCHARM - wemadewardrobe","description":"This knitted DIY bagcharm will spice up your bag like no other! Classy, elegant and made by you it will add a cute little accessory to your bags.","robots":{"index":"index","follow":"follow","max-snippet":"max-snippet:-1","max-image-preview":"max-image-preview:large","max-video-preview":"max-video-preview:-1"},"canonical":"https:\/\/wemadewardrobe.com\/de\/produkt\/knitted-diy-bag-charm-knitknot-bagcharm\/","og_locale":"de_DE","og_type":"article","og_title":"KNITKNOT BAGCHARM - wemadewardrobe","og_description":"This knitted DIY bagcharm will spice up your bag like no other! Classy, elegant and made by you it will add a cute little accessory to your bags.","og_url":"https:\/\/wemadewardrobe.com\/de\/produkt\/knitted-diy-bag-charm-knitknot-bagcharm\/","og_site_name":"wemadewardrobe","article_modified_time":"2025-07-27T09:41:40+00:00","og_image":[{"width":450,"height":630,"url":"https:\/\/wemadewardrobe.com\/wp-content\/uploads\/2025\/07\/Knitted-Bagcharm-9.webp","type":"image\/jpeg"}],"twitter_card":"summary_large_image","twitter_misc":{"Gesch\u00e4tzte Lesezeit":"2\u00a0Minuten"},"schema":{"@context":"https:\/\/schema.org","@graph":[{"@type":["WebPage","ItemPage"],"@id":"https:\/\/wemadewardrobe.com\/en\/product\/knitted-diy-bag-charm-knitknot-bagcharm\/","url":"https:\/\/wemadewardrobe.com\/en\/product\/knitted-diy-bag-charm-knitknot-bagcharm\/","name":"KNITKNOT BAGCHARM - wemadewardrobe","isPartOf":{"@id":"https:\/\/wemadewardrobe.com\/#website"},"primaryImageOfPage":{"@id":"https:\/\/wemadewardrobe.com\/en\/product\/knitted-diy-bag-charm-knitknot-bagcharm\/#primaryimage"},"image":{"@id":"https:\/\/wemadewardrobe.com\/en\/product\/knitted-diy-bag-charm-knitknot-bagcharm\/#primaryimage"},"thumbnailUrl":"https:\/\/wemadewardrobe.com\/wp-content\/uploads\/2025\/07\/Knitted-Bagcharm-9.webp","datePublished":"2025-07-25T16:20:53+00:00","dateModified":"2025-07-27T09:41:40+00:00","description":"This knitted DIY bagcharm will spice up your bag like no other! Classy, elegant and made by you it will add a cute little accessory to your bags.","breadcrumb":{"@id":"https:\/\/wemadewardrobe.com\/en\/product\/knitted-diy-bag-charm-knitknot-bagcharm\/#breadcrumb"},"inLanguage":"de","potentialAction":[{"@type":"ReadAction","target":["https:\/\/wemadewardrobe.com\/en\/product\/knitted-diy-bag-charm-knitknot-bagcharm\/"]}]},{"@type":"ImageObject","inLanguage":"de","@id":"https:\/\/wemadewardrobe.com\/en\/product\/knitted-diy-bag-charm-knitknot-bagcharm\/#primaryimage","url":"https:\/\/wemadewardrobe.com\/wp-content\/uploads\/2025\/07\/Knitted-Bagcharm-9.webp","contentUrl":"https:\/\/wemadewardrobe.com\/wp-content\/uploads\/2025\/07\/Knitted-Bagcharm-9.webp","width":450,"height":630,"caption":"knitted diy bagcharm"},{"@type":"BreadcrumbList","@id":"https:\/\/wemadewardrobe.com\/en\/product\/knitted-diy-bag-charm-knitknot-bagcharm\/#breadcrumb","itemListElement":[{"@type":"ListItem","position":1,"name":"Home","item":"https:\/\/wemadewardrobe.com\/"},{"@type":"ListItem","position":2,"name":"Knitting Patterns","item":"https:\/\/wemadewardrobe.com\/de\/shop\/"},{"@type":"ListItem","position":3,"name":"KNITKNOT BAGCHARM"}]},{"@type":"WebSite","@id":"https:\/\/wemadewardrobe.com\/#website","url":"https:\/\/wemadewardrobe.com\/","name":"wemadewardrobe","description":"modern knitting patterns from Lisa &amp; Bella","publisher":{"@id":"https:\/\/wemadewardrobe.com\/#organization"},"alternateName":"modern knitting patterns","potentialAction":[{"@type":"SearchAction","target":{"@type":"EntryPoint","urlTemplate":"https:\/\/wemadewardrobe.com\/?s={search_term_string}"},"query-input":{"@type":"PropertyValueSpecification","valueRequired":true,"valueName":"search_term_string"}}],"inLanguage":"de"},{"@type":"Organization","@id":"https:\/\/wemadewardrobe.com\/#organization","name":"wemadewardrobe","url":"https:\/\/wemadewardrobe.com\/","logo":{"@type":"ImageObject","inLanguage":"de","@id":"https:\/\/wemadewardrobe.com\/#\/schema\/logo\/image\/","url":"https:\/\/wemadewardrobe.com\/wp-content\/uploads\/2023\/10\/cropped-wemadewardrobe_Png-150x150-1.png","contentUrl":"https:\/\/wemadewardrobe.com\/wp-content\/uploads\/2023\/10\/cropped-wemadewardrobe_Png-150x150-1.png","width":118,"height":84,"caption":"wemadewardrobe"},"image":{"@id":"https:\/\/wemadewardrobe.com\/#\/schema\/logo\/image\/"},"sameAs":["https:\/\/www.instagram.com\/wemadewardrobe\/"]}]}},"_links":{"self":[{"href":"https:\/\/wemadewardrobe.com\/de\/wp-json\/wp\/v2\/product\/3083","targetHints":{"allow":["GET"]}}],"collection":[{"href":"https:\/\/wemadewardrobe.com\/de\/wp-json\/wp\/v2\/product"}],"about":[{"href":"https:\/\/wemadewardrobe.com\/de\/wp-json\/wp\/v2\/types\/product"}],"wp:featuredmedia":[{"embeddable":true,"href":"https:\/\/wemadewardrobe.com\/de\/wp-json\/wp\/v2\/media\/3086"}],"wp:attachment":[{"href":"https:\/\/wemadewardrobe.com\/de\/wp-json\/wp\/v2\/media?parent=3083"}],"wp:term":[{"taxonomy":"product_brand","embeddable":true,"href":"https:\/\/wemadewardrobe.com\/de\/wp-json\/wp\/v2\/product_brand?post=3083"},{"taxonomy":"product_cat","embeddable":true,"href":"https:\/\/wemadewardrobe.com\/de\/wp-json\/wp\/v2\/product_cat?post=3083"},{"taxonomy":"product_tag","embeddable":true,"href":"https:\/\/wemadewardrobe.com\/de\/wp-json\/wp\/v2\/product_tag?post=3083"}],"curies":[{"name":"wp","href":"https:\/\/api.w.org\/{rel}","templated":true}]}}