{"id":3570,"date":"2025-10-18T16:30:29","date_gmt":"2025-10-18T15:30:29","guid":{"rendered":"https:\/\/wemadewardrobe.com\/?post_type=product&#038;p=3570"},"modified":"2025-11-01T10:36:59","modified_gmt":"2025-11-01T09:36:59","slug":"striped-saddle-shoulder-sweater-knitting-pattern-annika-sweater","status":"publish","type":"product","link":"https:\/\/wemadewardrobe.com\/de\/produkt\/striped-saddle-shoulder-sweater-knitting-pattern-annika-sweater\/","title":{"rendered":"ANNIKA SWEATER"},"content":{"rendered":"<p>The Annika Sweater is a modern striped pullover with elegant saddle shoulders &#8211; a timeless design that pairs perfectly with jeans, skirts, or layered over dresses. It\u2019s knit single-stranded in worsted weight yarn, making it a budget-friendly project and a great way to use up leftover yarn.<\/p>\n<p>Featuring four different colors in a harmonious stripe sequence, this sweater combines a relaxed fit with the refined structure of saddle shoulders for a flattering silhouette.<\/p>\n<p>Whether you choose soft pastels, bold contrasts, or neutral shades, the Annika Sweater can be customized to suit your style. With its straightforward pattern and clear instructions, it\u2019s an enjoyable knit for confident beginners and experienced knitters alike.<\/p>\n<p>Begin by making a gauge swatch to check that you have the correct gauge.<\/p>\n<p>&nbsp;<\/p>\n<h4>SizeS<\/h4>\n<p><b>XS (S) M (L) XL (2XL) 3XL<\/b><\/p>\n<p>The Annika Sweater should have a positive ease of approximately 20 cm in relation to your bust circumference. Sizes XS (S) M (L) XL (2XL) 3XL fit an actual bust circumference of 78-84 (85-90) 91-98 (99-109) 110-120 (121-130) 131-140 cm. Take measurements of yourself before you start knitting to make sure you have chosen the correct size for you.<\/p>\n<p>The finished bust circumference of the garment measures: 102 (107) 114 (124) 135 (145) 154 cm.<\/p>\n<p>&nbsp;<\/p>\n<h4>Needles<\/h4>\n<p>Circular knitting needle 4.5 mm [US7] (40 &amp; 80 or 100 cm) [16 and 40 inches]<\/p>\n<p>Circular knitting needle 3.5 mm [US4] (40, 80 or 100 cm for Magic Loop) [16 or 40 inches for Magic Loop]<\/p>\n<p>Circular knitting needle 4.0 mm [US6] (40 or 100 cm for Magic Loop) [16 or 40 inches for Magic Loop]<\/p>\n<p>&nbsp;<\/p>\n<h4>Gauge<\/h4>\n<p>Stockinette stitch on 4.5 mm needles:<\/p>\n<p>18 sts \/ 28 rows = 10 x 10 cm<\/p>\n<p>&nbsp;<\/p>\n<h4>Materials<\/h4>\n<p>300 (300) 350 (350) 400 (400) 450 g<\/p>\n<p>\u201cFriends Wool \u201d from Hobbii (50 g = approx. 100 m) in col. 1<\/p>\n<p>&nbsp;<\/p>\n<p>150 (150) 150 (150) 150 (200) 200 g<\/p>\n<p>\u201cFriends Wool\u201d from Hobbii (50 g = approx. 100 m) in col. 2<\/p>\n<p>&nbsp;<\/p>\n<p>100 (100) 100 (100) 100 (100) 150 g<\/p>\n<p>\u201cFriends Wool\u201d from Hobbii (50 g = approx. 100 m) in col. 3<\/p>\n<p>&nbsp;<\/p>\n<p>100 (100) 100 (100) 100 (100) 150 g<\/p>\n<p>\u201cFriends Wool\u201d from Hobbii (50 g = approx. 100 m) in col. 4<\/p>\n<p>&nbsp;<\/p>\n<p>You knit with a single strand. Note that you will need more yarn if you want to knit a longer sweater.<\/p>\n<p>&nbsp;<\/p>\n<h4>Yarn alternatives<\/h4>\n<p>300 (300) 350 (350) 400 (400) 450 g<\/p>\n<p>\u201cPeruvian\u201d from Filcolana (50 g = approx. 100 m) in col. 1<\/p>\n<p>&nbsp;<\/p>\n<p>150 (150) 150 (150) 150 (200) 200 g<\/p>\n<p>\u201cPeruvian\u201d from Filcolana (50 g = approx. 100 m) in col. 2<\/p>\n<p>&nbsp;<\/p>\n<p>100 (100) 100 (100) 100 (100) 150 g<\/p>\n<p>\u201cPeruvian\u201d from Filcolana (50 g = approx. 100 m) in col. 3<\/p>\n<p>&nbsp;<\/p>\n<p>100 (100) 100 (100) 100 (100) 150 g<\/p>\n<p>\u201cPeruvian\u201d from Filcolana (50 g = approx. 100 m) in col. 4<\/p>\n<p>&nbsp;<\/p>\n<p>\u2014<\/p>\n<p>&nbsp;<\/p>\n<p>300 (300) 350 (350) 400 (400) 450 g<\/p>\n<p>\u201cKarisma\u201d from Drops (50 g = approx. 100 m) in col. 1<\/p>\n<p>&nbsp;<\/p>\n<p>150 (150) 150 (150) 150 (200) 200 g<\/p>\n<p>\u201cKarisma\u201d from Drops (50 g = approx. 100 m) in col. 2<\/p>\n<p>&nbsp;<\/p>\n<p>100 (100) 100 (100) 100 (100) 150 g<\/p>\n<p>\u201cKarisma\u201d from Drops (50 g = approx. 100 m) in col. 3<\/p>\n<p>&nbsp;<\/p>\n<p>100 (100) 100 (100) 100 (100) 150 g<\/p>\n<p>\u201cKarisma\u201d from Drops (50 g = approx. 100 m) in col. 4<\/p>\n<p>&nbsp;<\/p>\n<p>\u2014<\/p>\n<p>The white\/blue\/red\/pink Annika Sweater was knit in: \u201cFriends Wool\u201d from Hobbii, in col.: 02, 40, 83 &amp; 128.<\/p>\n<p>The beige\/green\/blue\/brown Annika Sweater was knit in: \u201cFriends Wool\u201d from Hobbii, in col.: 05, 20, 77, 109.<\/p>\n<p>&nbsp;<\/p>\n<h4><a href=\"https:\/\/wemadewardrobe.com\/en\/difficulties\/\">DIFFICULTY<\/a><\/h4>\n<p>\u25cf\u25cf\u25cf\u25cf\u25cb (4 out of 5)<\/p>\n<h4>YOUTUBE TUTORIALS<\/h4>\n<p><iframe loading=\"lazy\" title=\"YouTube video player\" src=\"https:\/\/www.youtube.com\/embed\/ocI9Y_ejHQE?si=uqmlulXlP9LS_kEt\" width=\"560\" height=\"315\" frameborder=\"0\" allowfullscreen=\"allowfullscreen\"><\/iframe><\/p>\n<p>&nbsp;<\/p>\n","protected":false},"excerpt":{"rendered":"<p><span style=\"font-weight: 400;\">Die <\/span><span style=\"font-weight: 400;\">Annika<\/span><span style=\"font-weight: 400;\"> streifen Strickanleitung f\u00fcr einen Pullover mit Sattelschultern hat einen Rundhals und gerippte B\u00fcndchen. Das Streifenmuster sorgt f\u00fcr anregenden Strickspa\u00df auch nachdem die Sattelschulterkonstruktion gestrickt ist.<\/span><\/p>\n<p>Das Strickmuster f\u00fcr einen gestreiften Sattelschulterpullover ist f\u00fcr fortgeschrittene Strickerinnen und Stricker geeignet und kommt in<strong> Gr\u00f6\u00dfen XS-3XL<\/strong> (mehr zu den Gr\u00f6\u00dfen findest du weiter unten).<\/p>\n<p>Mehr Informationen zu <strong>Nadelst\u00e4rken<\/strong>, <strong>Maschenprobe<\/strong> und <strong>Material<\/strong> findest du weiter unten.<\/p>\n<p>Die Strickanleitung wird dir per E-Mail zugesendet als <strong>PDF Dokument<\/strong>.<\/p>","protected":false},"featured_media":3592,"template":"","meta":{"inline_featured_image":false,"_kadence_starter_templates_imported_post":false,"_kad_post_transparent":"default","_kad_post_title":"","_kad_post_layout":"default","_kad_post_sidebar_id":"","_kad_post_content_style":"default","_kad_post_vertical_padding":"default","_kad_post_feature":"","_kad_post_feature_position":"","_kad_post_header":false,"_kad_post_footer":false,"_kad_post_classname":""},"product_brand":[],"product_cat":[53],"product_tag":[316,317,54,151,152,122,182,319,320,273,153,318,88,150,55,180],"class_list":{"0":"post-3570","1":"product","2":"type-product","3":"status-publish","4":"has-post-thumbnail","6":"product_cat-sweater-knitting-patterns","7":"product_tag-annika","8":"product_tag-annika-sweater","9":"product_tag-knitting-pattern","10":"product_tag-pullover","11":"product_tag-pullover-strickanleitung","12":"product_tag-ribbing","13":"product_tag-round-neck","14":"product_tag-saddle-shoulder-knitting-pattern","15":"product_tag-sattelschulter","16":"product_tag-streifen","17":"product_tag-strickanleitung","18":"product_tag-striped-saddle-shoulder-sweater-knitting-pattern","19":"product_tag-stripes","20":"product_tag-sweater","21":"product_tag-sweater-knitting-pattern","22":"product_tag-winterpulli","24":"first","25":"instock","26":"featured","27":"sold-individually","28":"purchasable","29":"product-type-variable","30":"entry","31":"content-bg","32":"loop-entry"},"yoast_head":"<!-- This site is optimized with the Yoast SEO plugin v27.4 - https:\/\/yoast.com\/product\/yoast-seo-wordpress\/ -->\n<title>ANNIKA SWEATER - wemadewardrobe<\/title>\n<meta name=\"description\" content=\"The Annika sweater striped saddle shoulder sweater knitting pattern is an engaging knit with special stripes and a boxy fit!\" \/>\n<meta name=\"robots\" content=\"index, follow, max-snippet:-1, max-image-preview:large, max-video-preview:-1\" \/>\n<link rel=\"canonical\" href=\"https:\/\/wemadewardrobe.com\/de\/produkt\/striped-saddle-shoulder-sweater-knitting-pattern-annika-sweater\/\" \/>\n<meta property=\"og:locale\" content=\"de_DE\" \/>\n<meta property=\"og:type\" content=\"article\" \/>\n<meta property=\"og:title\" content=\"ANNIKA SWEATER - wemadewardrobe\" \/>\n<meta property=\"og:description\" content=\"The Annika sweater striped saddle shoulder sweater knitting pattern is an engaging knit with special stripes and a boxy fit!\" \/>\n<meta property=\"og:url\" content=\"https:\/\/wemadewardrobe.com\/de\/produkt\/striped-saddle-shoulder-sweater-knitting-pattern-annika-sweater\/\" \/>\n<meta property=\"og:site_name\" content=\"wemadewardrobe\" \/>\n<meta property=\"article:modified_time\" content=\"2025-11-01T09:36:59+00:00\" \/>\n<meta property=\"og:image\" content=\"https:\/\/wemadewardrobe.com\/wp-content\/uploads\/2025\/10\/Annika-16.webp\" \/>\n\t<meta property=\"og:image:width\" content=\"450\" \/>\n\t<meta property=\"og:image:height\" content=\"630\" \/>\n\t<meta property=\"og:image:type\" content=\"image\/jpeg\" \/>\n<meta name=\"twitter:card\" content=\"summary_large_image\" \/>\n<meta name=\"twitter:label1\" content=\"Gesch\u00e4tzte Lesezeit\" \/>\n\t<meta name=\"twitter:data1\" content=\"3\u00a0Minuten\" \/>\n<script type=\"application\/ld+json\" class=\"yoast-schema-graph\">{\"@context\":\"https:\\\/\\\/schema.org\",\"@graph\":[{\"@type\":[\"WebPage\",\"ItemPage\"],\"@id\":\"https:\\\/\\\/wemadewardrobe.com\\\/product\\\/striped-saddle-shoulder-sweater-knitting-pattern-annika-sweater\\\/\",\"url\":\"https:\\\/\\\/wemadewardrobe.com\\\/product\\\/striped-saddle-shoulder-sweater-knitting-pattern-annika-sweater\\\/\",\"name\":\"ANNIKA SWEATER - wemadewardrobe\",\"isPartOf\":{\"@id\":\"https:\\\/\\\/wemadewardrobe.com\\\/#website\"},\"primaryImageOfPage\":{\"@id\":\"https:\\\/\\\/wemadewardrobe.com\\\/product\\\/striped-saddle-shoulder-sweater-knitting-pattern-annika-sweater\\\/#primaryimage\"},\"image\":{\"@id\":\"https:\\\/\\\/wemadewardrobe.com\\\/product\\\/striped-saddle-shoulder-sweater-knitting-pattern-annika-sweater\\\/#primaryimage\"},\"thumbnailUrl\":\"https:\\\/\\\/wemadewardrobe.com\\\/wp-content\\\/uploads\\\/2025\\\/10\\\/Annika-16.webp\",\"datePublished\":\"2025-10-18T15:30:29+00:00\",\"dateModified\":\"2025-11-01T09:36:59+00:00\",\"description\":\"The Annika sweater striped saddle shoulder sweater knitting pattern is an engaging knit with special stripes and a boxy fit!\",\"breadcrumb\":{\"@id\":\"https:\\\/\\\/wemadewardrobe.com\\\/product\\\/striped-saddle-shoulder-sweater-knitting-pattern-annika-sweater\\\/#breadcrumb\"},\"inLanguage\":\"de\",\"potentialAction\":[{\"@type\":\"ReadAction\",\"target\":[\"https:\\\/\\\/wemadewardrobe.com\\\/product\\\/striped-saddle-shoulder-sweater-knitting-pattern-annika-sweater\\\/\"]}]},{\"@type\":\"ImageObject\",\"inLanguage\":\"de\",\"@id\":\"https:\\\/\\\/wemadewardrobe.com\\\/product\\\/striped-saddle-shoulder-sweater-knitting-pattern-annika-sweater\\\/#primaryimage\",\"url\":\"https:\\\/\\\/wemadewardrobe.com\\\/wp-content\\\/uploads\\\/2025\\\/10\\\/Annika-16.webp\",\"contentUrl\":\"https:\\\/\\\/wemadewardrobe.com\\\/wp-content\\\/uploads\\\/2025\\\/10\\\/Annika-16.webp\",\"width\":450,\"height\":630,\"caption\":\"striped sweater knitting pattern\"},{\"@type\":\"BreadcrumbList\",\"@id\":\"https:\\\/\\\/wemadewardrobe.com\\\/product\\\/striped-saddle-shoulder-sweater-knitting-pattern-annika-sweater\\\/#breadcrumb\",\"itemListElement\":[{\"@type\":\"ListItem\",\"position\":1,\"name\":\"Home\",\"item\":\"https:\\\/\\\/wemadewardrobe.com\\\/\"},{\"@type\":\"ListItem\",\"position\":2,\"name\":\"Knitting Patterns\",\"item\":\"https:\\\/\\\/wemadewardrobe.com\\\/de\\\/shop\\\/\"},{\"@type\":\"ListItem\",\"position\":3,\"name\":\"ANNIKA SWEATER\"}]},{\"@type\":\"WebSite\",\"@id\":\"https:\\\/\\\/wemadewardrobe.com\\\/#website\",\"url\":\"https:\\\/\\\/wemadewardrobe.com\\\/\",\"name\":\"wemadewardrobe\",\"description\":\"modern knitting patterns from Lisa &amp; Bella\",\"publisher\":{\"@id\":\"https:\\\/\\\/wemadewardrobe.com\\\/#organization\"},\"alternateName\":\"modern knitting patterns\",\"potentialAction\":[{\"@type\":\"SearchAction\",\"target\":{\"@type\":\"EntryPoint\",\"urlTemplate\":\"https:\\\/\\\/wemadewardrobe.com\\\/?s={search_term_string}\"},\"query-input\":{\"@type\":\"PropertyValueSpecification\",\"valueRequired\":true,\"valueName\":\"search_term_string\"}}],\"inLanguage\":\"de\"},{\"@type\":\"Organization\",\"@id\":\"https:\\\/\\\/wemadewardrobe.com\\\/#organization\",\"name\":\"wemadewardrobe\",\"url\":\"https:\\\/\\\/wemadewardrobe.com\\\/\",\"logo\":{\"@type\":\"ImageObject\",\"inLanguage\":\"de\",\"@id\":\"https:\\\/\\\/wemadewardrobe.com\\\/#\\\/schema\\\/logo\\\/image\\\/\",\"url\":\"https:\\\/\\\/wemadewardrobe.com\\\/wp-content\\\/uploads\\\/2023\\\/10\\\/cropped-wemadewardrobe_Png-150x150-1.png\",\"contentUrl\":\"https:\\\/\\\/wemadewardrobe.com\\\/wp-content\\\/uploads\\\/2023\\\/10\\\/cropped-wemadewardrobe_Png-150x150-1.png\",\"width\":118,\"height\":84,\"caption\":\"wemadewardrobe\"},\"image\":{\"@id\":\"https:\\\/\\\/wemadewardrobe.com\\\/#\\\/schema\\\/logo\\\/image\\\/\"},\"sameAs\":[\"https:\\\/\\\/www.instagram.com\\\/wemadewardrobe\\\/\"]}]}<\/script>\n<!-- \/ Yoast SEO plugin. -->","yoast_head_json":{"title":"ANNIKA SWEATER - wemadewardrobe","description":"The Annika sweater striped saddle shoulder sweater knitting pattern is an engaging knit with special stripes and a boxy fit!","robots":{"index":"index","follow":"follow","max-snippet":"max-snippet:-1","max-image-preview":"max-image-preview:large","max-video-preview":"max-video-preview:-1"},"canonical":"https:\/\/wemadewardrobe.com\/de\/produkt\/striped-saddle-shoulder-sweater-knitting-pattern-annika-sweater\/","og_locale":"de_DE","og_type":"article","og_title":"ANNIKA SWEATER - wemadewardrobe","og_description":"The Annika sweater striped saddle shoulder sweater knitting pattern is an engaging knit with special stripes and a boxy fit!","og_url":"https:\/\/wemadewardrobe.com\/de\/produkt\/striped-saddle-shoulder-sweater-knitting-pattern-annika-sweater\/","og_site_name":"wemadewardrobe","article_modified_time":"2025-11-01T09:36:59+00:00","og_image":[{"width":450,"height":630,"url":"https:\/\/wemadewardrobe.com\/wp-content\/uploads\/2025\/10\/Annika-16.webp","type":"image\/jpeg"}],"twitter_card":"summary_large_image","twitter_misc":{"Gesch\u00e4tzte Lesezeit":"3\u00a0Minuten"},"schema":{"@context":"https:\/\/schema.org","@graph":[{"@type":["WebPage","ItemPage"],"@id":"https:\/\/wemadewardrobe.com\/product\/striped-saddle-shoulder-sweater-knitting-pattern-annika-sweater\/","url":"https:\/\/wemadewardrobe.com\/product\/striped-saddle-shoulder-sweater-knitting-pattern-annika-sweater\/","name":"ANNIKA SWEATER - wemadewardrobe","isPartOf":{"@id":"https:\/\/wemadewardrobe.com\/#website"},"primaryImageOfPage":{"@id":"https:\/\/wemadewardrobe.com\/product\/striped-saddle-shoulder-sweater-knitting-pattern-annika-sweater\/#primaryimage"},"image":{"@id":"https:\/\/wemadewardrobe.com\/product\/striped-saddle-shoulder-sweater-knitting-pattern-annika-sweater\/#primaryimage"},"thumbnailUrl":"https:\/\/wemadewardrobe.com\/wp-content\/uploads\/2025\/10\/Annika-16.webp","datePublished":"2025-10-18T15:30:29+00:00","dateModified":"2025-11-01T09:36:59+00:00","description":"The Annika sweater striped saddle shoulder sweater knitting pattern is an engaging knit with special stripes and a boxy fit!","breadcrumb":{"@id":"https:\/\/wemadewardrobe.com\/product\/striped-saddle-shoulder-sweater-knitting-pattern-annika-sweater\/#breadcrumb"},"inLanguage":"de","potentialAction":[{"@type":"ReadAction","target":["https:\/\/wemadewardrobe.com\/product\/striped-saddle-shoulder-sweater-knitting-pattern-annika-sweater\/"]}]},{"@type":"ImageObject","inLanguage":"de","@id":"https:\/\/wemadewardrobe.com\/product\/striped-saddle-shoulder-sweater-knitting-pattern-annika-sweater\/#primaryimage","url":"https:\/\/wemadewardrobe.com\/wp-content\/uploads\/2025\/10\/Annika-16.webp","contentUrl":"https:\/\/wemadewardrobe.com\/wp-content\/uploads\/2025\/10\/Annika-16.webp","width":450,"height":630,"caption":"striped sweater knitting pattern"},{"@type":"BreadcrumbList","@id":"https:\/\/wemadewardrobe.com\/product\/striped-saddle-shoulder-sweater-knitting-pattern-annika-sweater\/#breadcrumb","itemListElement":[{"@type":"ListItem","position":1,"name":"Home","item":"https:\/\/wemadewardrobe.com\/"},{"@type":"ListItem","position":2,"name":"Knitting Patterns","item":"https:\/\/wemadewardrobe.com\/de\/shop\/"},{"@type":"ListItem","position":3,"name":"ANNIKA SWEATER"}]},{"@type":"WebSite","@id":"https:\/\/wemadewardrobe.com\/#website","url":"https:\/\/wemadewardrobe.com\/","name":"wemadewardrobe","description":"modern knitting patterns from Lisa &amp; Bella","publisher":{"@id":"https:\/\/wemadewardrobe.com\/#organization"},"alternateName":"modern knitting patterns","potentialAction":[{"@type":"SearchAction","target":{"@type":"EntryPoint","urlTemplate":"https:\/\/wemadewardrobe.com\/?s={search_term_string}"},"query-input":{"@type":"PropertyValueSpecification","valueRequired":true,"valueName":"search_term_string"}}],"inLanguage":"de"},{"@type":"Organization","@id":"https:\/\/wemadewardrobe.com\/#organization","name":"wemadewardrobe","url":"https:\/\/wemadewardrobe.com\/","logo":{"@type":"ImageObject","inLanguage":"de","@id":"https:\/\/wemadewardrobe.com\/#\/schema\/logo\/image\/","url":"https:\/\/wemadewardrobe.com\/wp-content\/uploads\/2023\/10\/cropped-wemadewardrobe_Png-150x150-1.png","contentUrl":"https:\/\/wemadewardrobe.com\/wp-content\/uploads\/2023\/10\/cropped-wemadewardrobe_Png-150x150-1.png","width":118,"height":84,"caption":"wemadewardrobe"},"image":{"@id":"https:\/\/wemadewardrobe.com\/#\/schema\/logo\/image\/"},"sameAs":["https:\/\/www.instagram.com\/wemadewardrobe\/"]}]}},"_links":{"self":[{"href":"https:\/\/wemadewardrobe.com\/de\/wp-json\/wp\/v2\/product\/3570","targetHints":{"allow":["GET"]}}],"collection":[{"href":"https:\/\/wemadewardrobe.com\/de\/wp-json\/wp\/v2\/product"}],"about":[{"href":"https:\/\/wemadewardrobe.com\/de\/wp-json\/wp\/v2\/types\/product"}],"wp:featuredmedia":[{"embeddable":true,"href":"https:\/\/wemadewardrobe.com\/de\/wp-json\/wp\/v2\/media\/3592"}],"wp:attachment":[{"href":"https:\/\/wemadewardrobe.com\/de\/wp-json\/wp\/v2\/media?parent=3570"}],"wp:term":[{"taxonomy":"product_brand","embeddable":true,"href":"https:\/\/wemadewardrobe.com\/de\/wp-json\/wp\/v2\/product_brand?post=3570"},{"taxonomy":"product_cat","embeddable":true,"href":"https:\/\/wemadewardrobe.com\/de\/wp-json\/wp\/v2\/product_cat?post=3570"},{"taxonomy":"product_tag","embeddable":true,"href":"https:\/\/wemadewardrobe.com\/de\/wp-json\/wp\/v2\/product_tag?post=3570"}],"curies":[{"name":"wp","href":"https:\/\/api.w.org\/{rel}","templated":true}]}}