{"id":5091,"date":"2026-04-12T15:32:49","date_gmt":"2026-04-12T14:32:49","guid":{"rendered":"https:\/\/wemadewardrobe.com\/?post_type=product&#038;p=5091"},"modified":"2026-04-12T15:35:49","modified_gmt":"2026-04-12T14:35:49","slug":"favourite-knits-unser-strickbuch","status":"publish","type":"product","link":"https:\/\/wemadewardrobe.com\/en\/product\/favourite-knits-unser-strickbuch\/","title":{"rendered":"Favourite Knits &#8211; Unser Strickbuch!"},"content":{"rendered":"<p>Mit unserem Stricklabel wemadewardrobe haben wir \u00fcber Instagram eine<span class=\"a-text-bold\">\u00a0Community\u00a0<\/span>von Stricker:innen aufgebaut haben, die zeitlose Designs liebt.<br \/>\nDas Strickbuch ist aus unserer eigenen Praxis heraus entstanden und basiert auf unseren Erfahrungen als <span class=\"a-text-bold\">Designerinnen und Strickerinnen<\/span>. Wir haben oft erlebt, gerade am Anfang unserer Strickreise, dass wir sch\u00f6ne Modelle gestrickt haben, die wir dann doch nicht gerne tragen, weil die Farbe, Farbkombination oder Wolle nicht gestimmt haben. Wir wollen dabei helfen, genau die <span class=\"a-text-bold\">richtigen Teile<\/span>\u00a0zu stricken, die man liebt und immer wieder gerne tr\u00e4gt. Daher liegt der Fokus auf\u00a0<span class=\"a-text-bold\">zeitlosen, modernen\u00a0<\/span>Modellen, die zu deinem eigenen Stil passen und sich<span class=\"a-text-bold\">\u00a0langfristig<\/span>\u00a0in den eigenen Kleiderschrank integrieren lassen.<\/p>\n<p>Alle Kleidungsst\u00fccke wie Pullover, Cardigan, Pullunder und Shirt sowie Accessiores wie Socken, Tuch, M\u00fctze und Handschuhe werden in\u00a0<span class=\"a-text-bold\">zwei Varianten\u00a0<\/span>gezeigt, die sich durch die Farbwahl unterscheiden. Die Anleitungen zu den Modellen sind<span class=\"a-text-bold\">\u00a0klar und verst\u00e4ndlich<\/span>, sodass sie auch f\u00fcr erfahrene Anf\u00e4nger:innen\u00a0 geeignet sind.<\/p>\n<p>Das Buch versteht sich nicht nur als Anleitungssammlung, sondern soll motivieren eigene Farbentscheidungen zu treffen und\u00a0<span class=\"a-text-bold\">kreativ\u00a0<\/span>zu werden. So entsteht eine Kollektion an den genau richtigen<span class=\"a-text-bold\">\u00a0Lieblingsteilen<\/span>.<\/p>\n<p><span class=\"a-text-bold\">Das erwartet dich:<\/span><\/p>\n<ul class=\"a-unordered-list a-vertical\">\n<li><span class=\"a-list-item\"><span class=\"a-text-bold\">Designs von Lisa und Bella, den Influencerinnen hinter wemadewardrobe<\/span><\/span><\/li>\n<li><span class=\"a-list-item\"><span class=\"a-text-bold\">zeitlose Kleidung und Accessoires, die sich perfekt in deinen Kleiderschrank einf\u00fcgen<\/span><\/span><\/li>\n<li><span class=\"a-list-item\"><span class=\"a-text-bold\">jedes Modell in zwei Farbvarianten<\/span><\/span><\/li>\n<li>13 Anleitungen f\u00fcr Modelle in Gr\u00f6\u00dfen XS-XXXL<\/li>\n<li><span class=\"a-list-item\"><span class=\"a-text-bold\">Hilfestellung zum Kombinieren von Farben<\/span><\/span><\/li>\n<li><span class=\"a-list-item\"><span class=\"a-text-bold\">Infos zu Materialien und Pflege<\/span><\/span><\/li>\n<li><span class=\"a-list-item\"><span class=\"a-text-bold\">Hilfe beim Herausfinden des f\u00fcr dich genau richtigen Modells<\/span><\/span><\/li>\n<li><span class=\"a-list-item\"><span class=\"a-text-bold\">Illustrationen zum Ausmalen als Download<\/span><\/span><\/li>\n<li><span class=\"a-list-item\"><span class=\"a-text-bold\">praktische &#8220;Wickelkarten&#8221; zum Zusammenstellen und Kombinieren von Farbkombinationen<\/span><\/span><\/li>\n<\/ul>\n<p><strong>Modelle im Buch:\u00a0<\/strong><\/p>\n<ul>\n<li><b>RUBY <\/b><strong>HAT<\/strong><\/li>\n<li><b>GIA SCARF<\/b><\/li>\n<li><b>IVORY SWEATER<\/b><\/li>\n<li><b>ROSY T-SHIRT<\/b><\/li>\n<li><b>SABLE SLIPOVER<\/b><\/li>\n<li><b>VIOLET SWEATER<\/b><\/li>\n<li><b>MARINA SWEATER<\/b><\/li>\n<li><b>EBONY MITTENS<\/b><\/li>\n<li><b>CLEMENTINE CARDIGAN<\/b><\/li>\n<li><b>CLOVER SOCKS<\/b><\/li>\n<li><b>IVY CARDIGAN<\/b><\/li>\n<li><b>NILA SWEATER<\/b><\/li>\n<li><b>ALBA SWEAT<\/b><strong>ER<\/strong><\/li>\n<\/ul>\n","protected":false},"excerpt":{"rendered":"<p class=\"font-claude-response-body break-words whitespace-normal leading-[1.7]\">Wir &#8211; Lisa und Bella &#8211; zeigen dir, wie du genau die Teile strickst, die du wirklich liebst und immer wieder tr\u00e4gst. Unser Buch vereint zeitlose Designs f\u00fcr Pullover, Cardigans, Accessoires und mehr \u2013 jedes Modell zeigen wir in zwei Farbvarianten, mit klaren Anleitungen f\u00fcr erfahrene Anf\u00e4nger:innen bis Fortgeschrittene.<\/p>\n<p class=\"font-claude-response-body break-words whitespace-normal leading-[1.7]\">Neben den Strickanleitungen bekommst du Unterst\u00fctzung bei Farbwahl, Materialien und Pflege \u2013 plus praktische Wickelkarten und Illustrationen zum Ausmalen als Download. So entsteht eine pers\u00f6nliche Kollektion, die perfekt zu deinem Stil und in deinen Kleiderschrank passt.<\/p>\n<p>Dieser Artikel ist aktuell vorbestellbar! Der Versand erfolgt mit Erscheinen des Buches fr\u00fchestens am 13. August!<\/p>\n","protected":false},"featured_media":5191,"template":"","meta":{"inline_featured_image":false,"_kadence_starter_templates_imported_post":false,"_kad_post_transparent":"default","_kad_post_title":"","_kad_post_layout":"default","_kad_post_sidebar_id":"","_kad_post_content_style":"default","_kad_post_vertical_padding":"default","_kad_post_feature":"","_kad_post_feature_position":"","_kad_post_header":false,"_kad_post_footer":false,"_kad_post_classname":""},"product_brand":[],"product_cat":[324],"product_tag":[92,91,351,352,122,153,55],"class_list":{"0":"post-5091","1":"product","2":"type-product","3":"status-publish","4":"has-post-thumbnail","6":"product_cat-knitting-book","7":"product_tag-beginner","8":"product_tag-beginner-knitting-pattern","9":"product_tag-book","10":"product_tag-knitting-book","11":"product_tag-ribbing","12":"product_tag-strickanleitung","13":"product_tag-sweater-knitting-pattern","15":"first","16":"instock","17":"sold-individually","18":"shipping-taxable","19":"purchasable","20":"product-type-variable","21":"entry","22":"content-bg","23":"loop-entry"},"yoast_head":"<!-- This site is optimized with the Yoast SEO plugin v27.3 - https:\/\/yoast.com\/product\/yoast-seo-wordpress\/ -->\n<title>Favourite Knits - Unser Strickbuch! - wemadewardrobe<\/title>\n<meta name=\"description\" content=\"Unser Strickbuch! Mit Favourite Knits kannst du dir deine neuen Lieblingsteile stricken! Favourite Knits - Unser Strickbuch! - wemadewardrobe\" \/>\n<meta name=\"robots\" content=\"index, follow, max-snippet:-1, max-image-preview:large, max-video-preview:-1\" \/>\n<link rel=\"canonical\" href=\"https:\/\/wemadewardrobe.com\/en\/product\/favourite-knits-unser-strickbuch\/\" \/>\n<meta property=\"og:locale\" content=\"en_GB\" \/>\n<meta property=\"og:type\" content=\"article\" \/>\n<meta property=\"og:title\" content=\"Favourite Knits - Unser Strickbuch! - wemadewardrobe\" \/>\n<meta property=\"og:description\" content=\"Unser Strickbuch! Mit Favourite Knits kannst du dir deine neuen Lieblingsteile stricken! Favourite Knits - Unser Strickbuch! - wemadewardrobe\" \/>\n<meta property=\"og:url\" content=\"https:\/\/wemadewardrobe.com\/en\/product\/favourite-knits-unser-strickbuch\/\" \/>\n<meta property=\"og:site_name\" content=\"wemadewardrobe\" \/>\n<meta property=\"article:modified_time\" content=\"2026-04-12T14:35:49+00:00\" \/>\n<meta property=\"og:image\" content=\"https:\/\/wemadewardrobe.com\/wp-content\/uploads\/2026\/04\/27243_Cover_RGB-scaled.webp\" \/>\n\t<meta property=\"og:image:width\" content=\"1985\" \/>\n\t<meta property=\"og:image:height\" content=\"2560\" \/>\n\t<meta property=\"og:image:type\" content=\"image\/jpeg\" \/>\n<meta name=\"twitter:card\" content=\"summary_large_image\" \/>\n<meta name=\"twitter:label1\" content=\"Estimated reading time\" \/>\n\t<meta name=\"twitter:data1\" content=\"2 minutes\" \/>\n<script type=\"application\/ld+json\" class=\"yoast-schema-graph\">{\"@context\":\"https:\\\/\\\/schema.org\",\"@graph\":[{\"@type\":[\"WebPage\",\"ItemPage\"],\"@id\":\"https:\\\/\\\/wemadewardrobe.com\\\/product\\\/favourite-knits-unser-strickbuch\\\/\",\"url\":\"https:\\\/\\\/wemadewardrobe.com\\\/product\\\/favourite-knits-unser-strickbuch\\\/\",\"name\":\"Favourite Knits - Unser Strickbuch! - wemadewardrobe\",\"isPartOf\":{\"@id\":\"https:\\\/\\\/wemadewardrobe.com\\\/#website\"},\"primaryImageOfPage\":{\"@id\":\"https:\\\/\\\/wemadewardrobe.com\\\/product\\\/favourite-knits-unser-strickbuch\\\/#primaryimage\"},\"image\":{\"@id\":\"https:\\\/\\\/wemadewardrobe.com\\\/product\\\/favourite-knits-unser-strickbuch\\\/#primaryimage\"},\"thumbnailUrl\":\"https:\\\/\\\/wemadewardrobe.com\\\/wp-content\\\/uploads\\\/2026\\\/04\\\/27243_Cover_RGB-scaled.webp\",\"datePublished\":\"2026-04-12T14:32:49+00:00\",\"dateModified\":\"2026-04-12T14:35:49+00:00\",\"description\":\"Unser Strickbuch! Mit Favourite Knits kannst du dir deine neuen Lieblingsteile stricken! Favourite Knits - Unser Strickbuch! - wemadewardrobe\",\"breadcrumb\":{\"@id\":\"https:\\\/\\\/wemadewardrobe.com\\\/product\\\/favourite-knits-unser-strickbuch\\\/#breadcrumb\"},\"inLanguage\":\"en-GB\",\"potentialAction\":[{\"@type\":\"ReadAction\",\"target\":[\"https:\\\/\\\/wemadewardrobe.com\\\/product\\\/favourite-knits-unser-strickbuch\\\/\"]}]},{\"@type\":\"ImageObject\",\"inLanguage\":\"en-GB\",\"@id\":\"https:\\\/\\\/wemadewardrobe.com\\\/product\\\/favourite-knits-unser-strickbuch\\\/#primaryimage\",\"url\":\"https:\\\/\\\/wemadewardrobe.com\\\/wp-content\\\/uploads\\\/2026\\\/04\\\/27243_Cover_RGB-scaled.webp\",\"contentUrl\":\"https:\\\/\\\/wemadewardrobe.com\\\/wp-content\\\/uploads\\\/2026\\\/04\\\/27243_Cover_RGB-scaled.webp\",\"width\":1985,\"height\":2560,\"caption\":\"Vorl\u00e4ufiges Cover_Favourite Knits\"},{\"@type\":\"BreadcrumbList\",\"@id\":\"https:\\\/\\\/wemadewardrobe.com\\\/product\\\/favourite-knits-unser-strickbuch\\\/#breadcrumb\",\"itemListElement\":[{\"@type\":\"ListItem\",\"position\":1,\"name\":\"Home\",\"item\":\"https:\\\/\\\/wemadewardrobe.com\\\/\"},{\"@type\":\"ListItem\",\"position\":2,\"name\":\"Knitting Patterns\",\"item\":\"https:\\\/\\\/wemadewardrobe.com\\\/de\\\/shop\\\/\"},{\"@type\":\"ListItem\",\"position\":3,\"name\":\"Favourite Knits &#8211; Unser Strickbuch!\"}]},{\"@type\":\"WebSite\",\"@id\":\"https:\\\/\\\/wemadewardrobe.com\\\/#website\",\"url\":\"https:\\\/\\\/wemadewardrobe.com\\\/\",\"name\":\"wemadewardrobe\",\"description\":\"modern knitting patterns from Lisa &amp; Bella\",\"publisher\":{\"@id\":\"https:\\\/\\\/wemadewardrobe.com\\\/#organization\"},\"alternateName\":\"modern knitting patterns\",\"potentialAction\":[{\"@type\":\"SearchAction\",\"target\":{\"@type\":\"EntryPoint\",\"urlTemplate\":\"https:\\\/\\\/wemadewardrobe.com\\\/?s={search_term_string}\"},\"query-input\":{\"@type\":\"PropertyValueSpecification\",\"valueRequired\":true,\"valueName\":\"search_term_string\"}}],\"inLanguage\":\"en-GB\"},{\"@type\":\"Organization\",\"@id\":\"https:\\\/\\\/wemadewardrobe.com\\\/#organization\",\"name\":\"wemadewardrobe\",\"url\":\"https:\\\/\\\/wemadewardrobe.com\\\/\",\"logo\":{\"@type\":\"ImageObject\",\"inLanguage\":\"en-GB\",\"@id\":\"https:\\\/\\\/wemadewardrobe.com\\\/#\\\/schema\\\/logo\\\/image\\\/\",\"url\":\"https:\\\/\\\/wemadewardrobe.com\\\/wp-content\\\/uploads\\\/2023\\\/10\\\/cropped-wemadewardrobe_Png-150x150-1.png\",\"contentUrl\":\"https:\\\/\\\/wemadewardrobe.com\\\/wp-content\\\/uploads\\\/2023\\\/10\\\/cropped-wemadewardrobe_Png-150x150-1.png\",\"width\":118,\"height\":84,\"caption\":\"wemadewardrobe\"},\"image\":{\"@id\":\"https:\\\/\\\/wemadewardrobe.com\\\/#\\\/schema\\\/logo\\\/image\\\/\"},\"sameAs\":[\"https:\\\/\\\/www.instagram.com\\\/wemadewardrobe\\\/\"]}]}<\/script>\n<!-- \/ Yoast SEO plugin. -->","yoast_head_json":{"title":"Favourite Knits - Unser Strickbuch! - wemadewardrobe","description":"Unser Strickbuch! Mit Favourite Knits kannst du dir deine neuen Lieblingsteile stricken! Favourite Knits - Unser Strickbuch! - wemadewardrobe","robots":{"index":"index","follow":"follow","max-snippet":"max-snippet:-1","max-image-preview":"max-image-preview:large","max-video-preview":"max-video-preview:-1"},"canonical":"https:\/\/wemadewardrobe.com\/en\/product\/favourite-knits-unser-strickbuch\/","og_locale":"en_GB","og_type":"article","og_title":"Favourite Knits - Unser Strickbuch! - wemadewardrobe","og_description":"Unser Strickbuch! Mit Favourite Knits kannst du dir deine neuen Lieblingsteile stricken! Favourite Knits - Unser Strickbuch! - wemadewardrobe","og_url":"https:\/\/wemadewardrobe.com\/en\/product\/favourite-knits-unser-strickbuch\/","og_site_name":"wemadewardrobe","article_modified_time":"2026-04-12T14:35:49+00:00","og_image":[{"width":1985,"height":2560,"url":"https:\/\/wemadewardrobe.com\/wp-content\/uploads\/2026\/04\/27243_Cover_RGB-scaled.webp","type":"image\/jpeg"}],"twitter_card":"summary_large_image","twitter_misc":{"Estimated reading time":"2 minutes"},"schema":{"@context":"https:\/\/schema.org","@graph":[{"@type":["WebPage","ItemPage"],"@id":"https:\/\/wemadewardrobe.com\/product\/favourite-knits-unser-strickbuch\/","url":"https:\/\/wemadewardrobe.com\/product\/favourite-knits-unser-strickbuch\/","name":"Favourite Knits - Unser Strickbuch! - wemadewardrobe","isPartOf":{"@id":"https:\/\/wemadewardrobe.com\/#website"},"primaryImageOfPage":{"@id":"https:\/\/wemadewardrobe.com\/product\/favourite-knits-unser-strickbuch\/#primaryimage"},"image":{"@id":"https:\/\/wemadewardrobe.com\/product\/favourite-knits-unser-strickbuch\/#primaryimage"},"thumbnailUrl":"https:\/\/wemadewardrobe.com\/wp-content\/uploads\/2026\/04\/27243_Cover_RGB-scaled.webp","datePublished":"2026-04-12T14:32:49+00:00","dateModified":"2026-04-12T14:35:49+00:00","description":"Unser Strickbuch! Mit Favourite Knits kannst du dir deine neuen Lieblingsteile stricken! Favourite Knits - Unser Strickbuch! - wemadewardrobe","breadcrumb":{"@id":"https:\/\/wemadewardrobe.com\/product\/favourite-knits-unser-strickbuch\/#breadcrumb"},"inLanguage":"en-GB","potentialAction":[{"@type":"ReadAction","target":["https:\/\/wemadewardrobe.com\/product\/favourite-knits-unser-strickbuch\/"]}]},{"@type":"ImageObject","inLanguage":"en-GB","@id":"https:\/\/wemadewardrobe.com\/product\/favourite-knits-unser-strickbuch\/#primaryimage","url":"https:\/\/wemadewardrobe.com\/wp-content\/uploads\/2026\/04\/27243_Cover_RGB-scaled.webp","contentUrl":"https:\/\/wemadewardrobe.com\/wp-content\/uploads\/2026\/04\/27243_Cover_RGB-scaled.webp","width":1985,"height":2560,"caption":"Vorl\u00e4ufiges Cover_Favourite Knits"},{"@type":"BreadcrumbList","@id":"https:\/\/wemadewardrobe.com\/product\/favourite-knits-unser-strickbuch\/#breadcrumb","itemListElement":[{"@type":"ListItem","position":1,"name":"Home","item":"https:\/\/wemadewardrobe.com\/"},{"@type":"ListItem","position":2,"name":"Knitting Patterns","item":"https:\/\/wemadewardrobe.com\/de\/shop\/"},{"@type":"ListItem","position":3,"name":"Favourite Knits &#8211; Unser Strickbuch!"}]},{"@type":"WebSite","@id":"https:\/\/wemadewardrobe.com\/#website","url":"https:\/\/wemadewardrobe.com\/","name":"wemadewardrobe","description":"modern knitting patterns from Lisa &amp; Bella","publisher":{"@id":"https:\/\/wemadewardrobe.com\/#organization"},"alternateName":"modern knitting patterns","potentialAction":[{"@type":"SearchAction","target":{"@type":"EntryPoint","urlTemplate":"https:\/\/wemadewardrobe.com\/?s={search_term_string}"},"query-input":{"@type":"PropertyValueSpecification","valueRequired":true,"valueName":"search_term_string"}}],"inLanguage":"en-GB"},{"@type":"Organization","@id":"https:\/\/wemadewardrobe.com\/#organization","name":"wemadewardrobe","url":"https:\/\/wemadewardrobe.com\/","logo":{"@type":"ImageObject","inLanguage":"en-GB","@id":"https:\/\/wemadewardrobe.com\/#\/schema\/logo\/image\/","url":"https:\/\/wemadewardrobe.com\/wp-content\/uploads\/2023\/10\/cropped-wemadewardrobe_Png-150x150-1.png","contentUrl":"https:\/\/wemadewardrobe.com\/wp-content\/uploads\/2023\/10\/cropped-wemadewardrobe_Png-150x150-1.png","width":118,"height":84,"caption":"wemadewardrobe"},"image":{"@id":"https:\/\/wemadewardrobe.com\/#\/schema\/logo\/image\/"},"sameAs":["https:\/\/www.instagram.com\/wemadewardrobe\/"]}]}},"_links":{"self":[{"href":"https:\/\/wemadewardrobe.com\/en\/wp-json\/wp\/v2\/product\/5091","targetHints":{"allow":["GET"]}}],"collection":[{"href":"https:\/\/wemadewardrobe.com\/en\/wp-json\/wp\/v2\/product"}],"about":[{"href":"https:\/\/wemadewardrobe.com\/en\/wp-json\/wp\/v2\/types\/product"}],"wp:featuredmedia":[{"embeddable":true,"href":"https:\/\/wemadewardrobe.com\/en\/wp-json\/wp\/v2\/media\/5191"}],"wp:attachment":[{"href":"https:\/\/wemadewardrobe.com\/en\/wp-json\/wp\/v2\/media?parent=5091"}],"wp:term":[{"taxonomy":"product_brand","embeddable":true,"href":"https:\/\/wemadewardrobe.com\/en\/wp-json\/wp\/v2\/product_brand?post=5091"},{"taxonomy":"product_cat","embeddable":true,"href":"https:\/\/wemadewardrobe.com\/en\/wp-json\/wp\/v2\/product_cat?post=5091"},{"taxonomy":"product_tag","embeddable":true,"href":"https:\/\/wemadewardrobe.com\/en\/wp-json\/wp\/v2\/product_tag?post=5091"}],"curies":[{"name":"wp","href":"https:\/\/api.w.org\/{rel}","templated":true}]}}